{"id":30659,"date":"2023-03-01T14:48:22","date_gmt":"2023-03-01T07:48:22","guid":{"rendered":"https:\/\/havamall.com\/?post_type=product&#038;p=30659"},"modified":"2025-07-07T10:27:56","modified_gmt":"2025-07-07T03:27:56","slug":"keo-cat-trung-cut-bang-thep-khong-gi","status":"publish","type":"product","link":"https:\/\/havamall.com\/en\/shop\/keo-cat-trung-cut-bang-thep-khong-gi\/","title":{"rendered":"K\u00e9o C\u1eaft Tr\u1ee9ng C\u00fat B\u1eb1ng Th\u00e9p Kh\u00f4ng G\u1ec9"},"content":{"rendered":"<p>Ng\u00e0y c\u00e0ng c\u00f3 nhi\u1ec1u c\u00e1c v\u1eadt d\u1ee5ng ra \u0111\u1eddi nh\u1eb1m \u0111\u00e1p \u1ee9ng nhu c\u1ea7u c\u1ee7a con ng\u01b0\u1eddi. Trong n\u1ea5u \u0103n c\u0169ng v\u1eady, c\u00f3 1001 v\u1eadt d\u1ee5ng m\u00e0 c\u00f3 th\u1ec3 b\u1ea1n ch\u01b0a bi\u1ebft \u0111\u1ebfn.\u00a0K\u00e9o c\u1eaft tr\u1ee9ng c\u00fat\u00a0c\u00f3 l\u1ebd l\u00e0 m\u1ed9t v\u1eadt d\u1ee5ng trong s\u1ed1 \u0111\u00f3.<\/p>\n<p dir=\"ltr\">K\u00e9o c\u1eaft tr\u1ee9ng c\u00fat\u00a0l\u00e0 m\u1ed9t chi\u1ebfc k\u00e9o t\u00e1ch hai ph\u1ea7n v\u1ecf c\u1ee7a qu\u1ea3 tr\u1ee9ng c\u00fat s\u1ed1ng ra. Vi\u1ec7c n\u00e0y gi\u00fap b\u1ea1n t\u00e1ch \u0111\u01b0\u1ee3c v\u1ecf tr\u1ee9ng c\u00fat m\u1ed9t c\u00e1ch d\u1ec5 d\u00e0ng, kh\u00f4ng s\u1ee3 b\u1ea9n tay v\u00e0 ti\u1ebft ki\u1ec7m \u0111\u01b0\u1ee3c nhi\u1ec1u th\u1eddi gian.<\/p>\n<p dir=\"ltr\"><img fetchpriority=\"high\" decoding=\"async\" class=\"wp-image-30660 aligncenter\" src=\"https:\/\/havamall.com\/wp-content\/uploads\/2023\/03\/34acb0616a07175be75b19c9f271f74a-300x300.jpeg\" alt=\"\" width=\"616\" height=\"616\" \/><\/p>\n<p dir=\"ltr\">Tr\u1ee9ng c\u00fat r\u1ea5t nh\u1ecf, n\u00ean vi\u1ec7c t\u00e1ch v\u1ecf tr\u1ee9ng \u0111\u00f4i l\u00fac c\u00f2n kh\u00f3 kh\u0103n, d\u1ec5 l\u00e0m r\u01a1i v\u1ecf tr\u1ee9ng v\u00e0o trong b\u00e1t. Chi\u1ebfc\u00a0k\u00e9o c\u1eaft tr\u1ee9ng c\u00fat\u00a0ra \u0111\u1eddi gi\u00fap cho vi\u1ec7c n\u1ea5u \u0103n \u0111\u01b0\u1ee3c d\u1ec5 d\u00e0ng v\u00e0 s\u1ea1ch s\u1ebd h\u01a1n.<\/p>\n<p dir=\"ltr\"><img decoding=\"async\" class=\"wp-image-30661 aligncenter\" src=\"https:\/\/havamall.com\/wp-content\/uploads\/2023\/03\/cc25df8227936b878db500cff3cb3e5b-300x300.jpeg\" alt=\"\" width=\"567\" height=\"567\" \/><\/p>\n<h2><strong>\u0110\u1eb6C \u0110I\u1ec2M N\u1ed4I B\u1eacT C\u1ee6A S\u1ea2N PH\u1ea8M<\/strong><\/h2>\n<p dir=\"ltr\">&#8211; D\u00f9ng \u0111\u1ec3 c\u1eaft tr\u1ee9ng c\u00fat, gi\u00fap b\u1ea1n m\u1edf tr\u1ee9ng c\u00fat d\u1ec5 d\u00e0ng.<\/p>\n<p dir=\"ltr\">&#8211; Thi\u1ebft k\u1ebf tay c\u1ea7m ti\u1ec7n d\u1ee5ng, tho\u1ea3i m\u00e1i khi c\u1ea7m n\u1eafm.<\/p>\n<p dir=\"ltr\">&#8211; \u0110\u1ea7u b\u1eb1ng th\u00e9p kh\u00f4ng g\u1ec9, \u0111\u1ed9 c\u1ee9ng cao, b\u1ec1n v\u00e0 d\u1ec5 s\u1eed d\u1ee5ng.<\/p>\n<p>&#8211; V\u1eadt li\u1ec7u th\u00e9p kh\u00f4ng g\u1ec9, kh\u00f4ng d\u1ec5 b\u1ecb g\u1ec9, b\u1ea1n c\u00f3 th\u1ec3 c\u1eaft nhi\u1ec1u qu\u1ea3 tr\u1ee9ng kh\u00e1c nhau.<\/p>\n<p>&#8211; Thi\u1ebft k\u1ebf c\u1eaft \u0111\u1ed9c \u0111\u00e1o, d\u1ec5 c\u1eaft m\u1edf, kh\u00f4ng b\u1ecb tr\u01b0\u1ee3t.<\/p>\n<p><img decoding=\"async\" class=\"wp-image-30662 aligncenter\" src=\"https:\/\/havamall.com\/wp-content\/uploads\/2023\/03\/Hbcf7b60c1eaa4dc68c086c4c523777422-300x300.png\" alt=\"\" width=\"579\" height=\"579\" \/><\/p>","protected":false},"excerpt":{"rendered":"<p>Ng\u00e0y c\u00e0ng c\u00f3 nhi\u1ec1u c\u00e1c v\u1eadt d\u1ee5ng ra \u0111\u1eddi nh\u1eb1m \u0111\u00e1p \u1ee9ng nhu c\u1ea7u c\u1ee7a con ng\u01b0\u1eddi. Trong n\u1ea5u \u0103n<\/p>","protected":false},"featured_media":30663,"comment_status":"open","ping_status":"closed","template":"","meta":[],"product_brand":[],"product_cat":[393,35],"product_tag":[],"class_list":{"0":"post-30659","1":"product","2":"type-product","3":"status-publish","4":"has-post-thumbnail","6":"product_cat-bep-phong-an","7":"product_cat-nha-cua-doi-song","9":"first","10":"instock","11":"sale","12":"shipping-taxable","13":"purchasable","14":"product-type-simple"},"_links":{"self":[{"href":"https:\/\/havamall.com\/en\/wp-json\/wp\/v2\/product\/30659","targetHints":{"allow":["GET"]}}],"collection":[{"href":"https:\/\/havamall.com\/en\/wp-json\/wp\/v2\/product"}],"about":[{"href":"https:\/\/havamall.com\/en\/wp-json\/wp\/v2\/types\/product"}],"replies":[{"embeddable":true,"href":"https:\/\/havamall.com\/en\/wp-json\/wp\/v2\/comments?post=30659"}],"version-history":[{"count":0,"href":"https:\/\/havamall.com\/en\/wp-json\/wp\/v2\/product\/30659\/revisions"}],"wp:featuredmedia":[{"embeddable":true,"href":"https:\/\/havamall.com\/en\/wp-json\/wp\/v2\/media\/30663"}],"wp:attachment":[{"href":"https:\/\/havamall.com\/en\/wp-json\/wp\/v2\/media?parent=30659"}],"wp:term":[{"taxonomy":"product_brand","embeddable":true,"href":"https:\/\/havamall.com\/en\/wp-json\/wp\/v2\/product_brand?post=30659"},{"taxonomy":"product_cat","embeddable":true,"href":"https:\/\/havamall.com\/en\/wp-json\/wp\/v2\/product_cat?post=30659"},{"taxonomy":"product_tag","embeddable":true,"href":"https:\/\/havamall.com\/en\/wp-json\/wp\/v2\/product_tag?post=30659"}],"curies":[{"name":"wp","href":"https:\/\/api.w.org\/{rel}","templated":true}]}}