{"id":30690,"date":"2023-03-09T15:11:39","date_gmt":"2023-03-09T08:11:39","guid":{"rendered":"https:\/\/havamall.com\/?post_type=product&#038;p=30690"},"modified":"2023-03-10T13:48:28","modified_gmt":"2023-03-10T06:48:28","slug":"ban-chai-lam-sach-may-pha-ca-phe-espresso-51-53-54-58mm-co-the-thao-roi-dau-nhom","status":"publish","type":"product","link":"https:\/\/havamall.com\/en\/shop\/ban-chai-lam-sach-may-pha-ca-phe-espresso-51-53-54-58mm-co-the-thao-roi-dau-nhom\/","title":{"rendered":"B\u00e0n Ch\u1ea3i L\u00e0m S\u1ea1ch M\u00e1y Pha C\u00e0 Ph\u00ea Espresso 51\/53\/54\/58Mm C\u00f3 Th\u1ec3 Th\u00e1o R\u1eddi \u0110\u1ea7u Nh\u00f3m"},"content":{"rendered":"<p>C\u00f4ng c\u1ee5 n\u00e0y l\u00e0 m\u1ed9t b\u00e0n ch\u1ea3i \u0111\u1eb7c bi\u1ec7t d\u00e0nh cho \u0111\u1ea7u nh\u00f3m m\u00e1y pha c\u00e0 ph\u00ea espresso, d\u00e0nh cho nh\u1eefng b\u1ea1n c\u00f3 m\u00e1y pha c\u00e0 ph\u00ea espresso, b\u1eaft bu\u1ed9c ph\u1ea3i c\u00f3 b\u00e0n ch\u1ea3i \u0111a ch\u1ee9c n\u0103ng n\u00e0y. \u0110\u1ec3 s\u1eed d\u1ee5ng, b\u1ea1n ch\u1ec9 c\u1ea7n gh\u00e9p b\u00e0n ch\u1ea3i n\u00e0y v\u00e0o \u0111\u1ea7u nh\u00f3m \u0111\u1ed9ng c\u01a1, sau \u0111\u00f3 kh\u1edfi \u0111\u1ed9ng m\u00e1y trong khi xoay b\u00e0n ch\u1ea3i b\u00ean ph\u1ea3i b\u00ean tr\u00e1i, cho \u0111\u1ebfn khi b\u1ed9 l\u1ecdc c\u00e1 m\u00fa s\u1ea1ch kh\u1ecfi ph\u1ea7n c\u00f2n l\u1ea1i c\u1ee7a ch\u1ea5t th\u1ea3i c\u00e0 ph\u00ea.<\/p>\n<p>V\u1edbi ch\u1ea5t li\u1ec7u th\u00edch h\u1ee3p v\u00e0 m\u1ec1m m\u1ea1i, s\u1ebd an to\u00e0n h\u01a1n khi l\u00e0m s\u1ea1ch \u0111\u1ea7u nh\u00f3m m\u00e1y pha c\u00e0 ph\u00ea Espresso.<\/p>\n<p><img fetchpriority=\"high\" decoding=\"async\" class=\"wp-image-30692 aligncenter\" src=\"https:\/\/havamall.com\/wp-content\/uploads\/2023\/03\/125535bd8e926b5fd4b400462eaebbf6-300x285.jpeg\" alt=\"\" width=\"633\" height=\"602\" \/><\/p>\n<h2><strong>TH\u00d4NG TIN S\u1ea2N PH\u1ea8M<\/strong><\/h2>\n<p class=\"irIKAp\">&#8211; M\u00e0u s\u1eafc: \u0111en<\/p>\n<p class=\"irIKAp\">&#8211; Ch\u1ea5t li\u1ec7u: Nh\u1ef1a<\/p>\n<p class=\"irIKAp\">&#8211; Th\u00f4ng s\u1ed1 k\u1ef9 thu\u1eadt: 51mm, 58mm<\/p>\n<p><img decoding=\"async\" class=\"wp-image-30693 aligncenter\" src=\"https:\/\/havamall.com\/wp-content\/uploads\/2023\/03\/82f12ac5bca30d805d374a52eed23a6a-300x288.jpeg\" alt=\"\" width=\"631\" height=\"606\" \/><\/p>\n<h2><strong>\u0110\u1eb6C \u0110I\u1ec2M N\u1ed4I B\u1eacT C\u1ee6A S\u1ea2N PH\u1ea8M<\/strong><\/h2>\n<p>&#8211; L\u00f4ng ch\u1ea5t l\u01b0\u1ee3ng: L\u00f4ng c\u1ee9ng v\u00e0 m\u1ec1m, b\u1ec1n, l\u00e0 m\u1ed9t d\u1ee5ng c\u1ee5 t\u1ed1t \u0111\u1ec3 l\u00e0m s\u1ea1ch m\u00e1y pha c\u00e0 ph\u00ea.<\/p>\n<p>&#8211; Tay c\u1ea7m ch\u1ed1ng tr\u01b0\u1ee3t: Tay c\u1ea7m s\u1eed d\u1ee5ng thi\u1ebft k\u1ebf ch\u1ed1ng tr\u01b0\u1ee3t, c\u1ea7m n\u1eafm tho\u1ea3i m\u00e1i, kh\u00f4ng d\u1ec5 r\u01a1i khi l\u00e0m s\u1ea1ch.<\/p>\n<p>&#8211; D\u1ec5 s\u1eed d\u1ee5ng: Ch\u1ed5i qu\u00e9t g\u00f3c r\u1ed9ng, d\u1ec5 v\u1ec7 sinh m\u00e1y pha c\u00e0 ph\u00ea kh\u00f4ng d\u1ec5 v\u1ec7 sinh n\u01a1i \u0111\u00e2y, d\u1ec5 d\u00e0ng s\u1eed d\u1ee5ng.<\/p>\n<p class=\"irIKAp\">&#8211; L\u00f4ng b\u00e0n ch\u1ea3i b\u1eb1ng Nylon, ch\u1ecbu \u0111\u01b0\u1ee3c nhi\u1ec7t \u0111\u1ed9 cao m\u00e0 kh\u00f4ng b\u1ecb bi\u1ebfn d\u1ea1ng.<\/p>\n<p class=\"irIKAp\">&#8211; Tay c\u1ea7m cong ch\u1ed1ng b\u1ecfng.<\/p>\n<p><img decoding=\"async\" class=\"wp-image-30694 aligncenter\" src=\"https:\/\/havamall.com\/wp-content\/uploads\/2023\/03\/a01e0735c408c6988fe9228c9d56935b-300x300.jpeg\" alt=\"\" width=\"616\" height=\"616\" \/><\/p>","protected":false},"excerpt":{"rendered":"<p>C\u00f4ng c\u1ee5 n\u00e0y l\u00e0 m\u1ed9t b\u00e0n ch\u1ea3i \u0111\u1eb7c bi\u1ec7t d\u00e0nh cho \u0111\u1ea7u nh\u00f3m m\u00e1y pha c\u00e0 ph\u00ea espresso, d\u00e0nh cho<\/p>","protected":false},"featured_media":30695,"comment_status":"open","ping_status":"closed","template":"","meta":[],"product_brand":[],"product_cat":[393,35],"product_tag":[],"class_list":{"0":"post-30690","1":"product","2":"type-product","3":"status-publish","4":"has-post-thumbnail","6":"product_cat-bep-phong-an","7":"product_cat-nha-cua-doi-song","9":"first","10":"instock","11":"sale","12":"shipping-taxable","13":"purchasable","14":"product-type-simple"},"_links":{"self":[{"href":"https:\/\/havamall.com\/en\/wp-json\/wp\/v2\/product\/30690","targetHints":{"allow":["GET"]}}],"collection":[{"href":"https:\/\/havamall.com\/en\/wp-json\/wp\/v2\/product"}],"about":[{"href":"https:\/\/havamall.com\/en\/wp-json\/wp\/v2\/types\/product"}],"replies":[{"embeddable":true,"href":"https:\/\/havamall.com\/en\/wp-json\/wp\/v2\/comments?post=30690"}],"version-history":[{"count":0,"href":"https:\/\/havamall.com\/en\/wp-json\/wp\/v2\/product\/30690\/revisions"}],"wp:featuredmedia":[{"embeddable":true,"href":"https:\/\/havamall.com\/en\/wp-json\/wp\/v2\/media\/30695"}],"wp:attachment":[{"href":"https:\/\/havamall.com\/en\/wp-json\/wp\/v2\/media?parent=30690"}],"wp:term":[{"taxonomy":"product_brand","embeddable":true,"href":"https:\/\/havamall.com\/en\/wp-json\/wp\/v2\/product_brand?post=30690"},{"taxonomy":"product_cat","embeddable":true,"href":"https:\/\/havamall.com\/en\/wp-json\/wp\/v2\/product_cat?post=30690"},{"taxonomy":"product_tag","embeddable":true,"href":"https:\/\/havamall.com\/en\/wp-json\/wp\/v2\/product_tag?post=30690"}],"curies":[{"name":"wp","href":"https:\/\/api.w.org\/{rel}","templated":true}]}}