{"id":30702,"date":"2023-03-09T17:08:41","date_gmt":"2023-03-09T10:08:41","guid":{"rendered":"https:\/\/havamall.com\/?post_type=product&#038;p=30702"},"modified":"2023-03-10T14:05:26","modified_gmt":"2023-03-10T07:05:26","slug":"dung-cu-ve-sinh-may-pha-ca-phe-tay-cam-bang-go","status":"publish","type":"product","link":"https:\/\/havamall.com\/en\/shop\/dung-cu-ve-sinh-may-pha-ca-phe-tay-cam-bang-go\/","title":{"rendered":"D\u1ee5ng C\u1ee5 V\u1ec7 Sinh M\u00e1y Pha C\u00e0 Ph\u00ea Tay C\u1ea7m B\u1eb1ng G\u1ed7"},"content":{"rendered":"<p>C\u1ecd v\u1ec7 sinh tay c\u1ea7m m\u00e1y pha c\u00e0 ph\u00ea v\u1edbi tay c\u1ea7m \u0111\u01b0\u1ee3c l\u00e0m b\u1eb1ng g\u1ed7, k\u00edch th\u01b0\u1edbc nh\u1ecf g\u1ecdn 100x60mm gi\u00fap cho vi\u1ec7c v\u1ec7 sinh nhanh ch\u00f3ng, s\u1ea1ch s\u1ebd v\u00e0 thu\u1eadn ti\u1ec7n h\u01a1n. S\u1ea3n ph\u1ea9m \u0111\u00f9ng cho m\u00e1y pha c\u00e0 ph\u00ea chuy\u00ean nghi\u1ec7p.<\/p>\n<p>D\u1ee5ng C\u1ee5 V\u1ec7 Sinh Tay C\u1ea7m M\u00e1y Pha C\u00e0 Ph\u00ea &#8211; C\u1ecd V\u1ec7 Sinh M\u00e1y v\u1ec7 sinh m\u00e1y pha c\u00e0 ph\u00ea m\u1ed9t c\u00e1ch nhanh ch\u00f3ng, thu\u1eadn ti\u1ec7n. Tay c\u1ea7m c\u00e1n g\u1ed7 l\u1ecbch s\u1ef1, s\u1ee3i v\u1ec7 sinh \u0111\u01b0\u1ee3c l\u00e0m t\u1eeb nh\u1ef1a t\u1ed5ng h\u1ee3p.<\/p>\n<p><img fetchpriority=\"high\" decoding=\"async\" class=\"wp-image-30704 aligncenter\" src=\"https:\/\/havamall.com\/wp-content\/uploads\/2023\/03\/014d4c48b4685bf9a765fde8537ad10b-300x300.jpeg\" alt=\"\" width=\"579\" height=\"579\" \/><\/p>\n<h2><strong>C\u00d4NG D\u1ee4NG V\u00c0 H\u01af\u1edaNG D\u1eaaN S\u1eec D\u1ee4NG<\/strong><\/h2>\n<p>&#8211; D\u1ee5ng c\u1ee5 v\u1ec7 sinh tay c\u1ea7m gi\u00fap lo\u1ea1i b\u1ecf b\u00e3 c\u00e0 ph\u00ea trong gi\u1ecf l\u1ecdc (basket) sau khi \u0111\u1eadp b\u00e3 c\u00e0 ph\u00ea. T\u0103ng t\u1ed1c \u0111\u1ed9 thao t\u00e1c khi pha ch\u1ebf.<\/p>\n<p>L\u01b0u \u00fd:<\/p>\n<p>&#8211; Kh\u00f4ng nh\u00fang d\u1ee5ng c\u1ee5 v\u00e0o n\u01b0\u1edbc n\u00f3ng.<\/p>\n<p>&#8211; V\u1ea9y s\u1ea1ch v\u00e0 l\u00e0m r\u00e1o sau khi s\u1eed d\u1ee5ng.<\/p>\n<p><img decoding=\"async\" class=\"wp-image-30705 aligncenter\" src=\"https:\/\/havamall.com\/wp-content\/uploads\/2023\/03\/4-300x300.jpeg\" alt=\"\" width=\"573\" height=\"573\" \/><\/p>\n<h2><strong>C\u00d4NG D\u1ee4NG C\u1ee6A C\u1ecc V\u1ec6 SINH<\/strong><\/h2>\n<p>&#8211; Gi\u00fap v\u1ec7 sinh gi\u1ecf l\u1ecdc d\u1ec5 d\u00e0ng v\u1edbi ch\u1ea5t li\u1ec7u \u0111\u1ea7u c\u1ecd b\u1eb1ng nh\u1ef1a c\u1ee9ng b\u1ec1 b\u1ec9.<\/p>\n<p>&#8211; Thi\u1ebft k\u1ebf t\u1ed1i gi\u1ea3n th\u00e2n thi\u1ec7n, trang nh\u00e3 v\u1edbi tay c\u1ea7m b\u1eb1ng g\u1ed7 \u0111\u01b0\u1ee3c m\u00e0i nh\u1eb5n.<\/p>\n<p>&#8211; \u0110\u1ea7u c\u00f2n l\u1ea1i \u0111\u01b0\u1ee3c v\u00e1c ph\u1eb3ng \u0111\u1ec3 c\u00f3 th\u1ec3 d\u1ef1ng \u0111\u1ee9ng sau khi s\u1eed d\u1ee5ng, gi\u00fap thu g\u1ecdn di\u1ec7n t\u00edch khi c\u1ea5t gi\u1eef, khi\u1ebfn cho b\u00e0n pha ch\u1ebf c\u1ee7a b\u1ea1n g\u1ecdn g\u00e0ng h\u01a1n.<\/p>\n<p><img decoding=\"async\" class=\"wp-image-30706 aligncenter\" src=\"https:\/\/havamall.com\/wp-content\/uploads\/2023\/03\/a5fd76c6e26541841d38f3949dde8802-300x300.jpeg\" alt=\"\" width=\"578\" height=\"578\" \/><\/p>","protected":false},"excerpt":{"rendered":"<p>C\u1ecd v\u1ec7 sinh tay c\u1ea7m m\u00e1y pha c\u00e0 ph\u00ea v\u1edbi tay c\u1ea7m \u0111\u01b0\u1ee3c l\u00e0m b\u1eb1ng g\u1ed7, k\u00edch th\u01b0\u1edbc nh\u1ecf g\u1ecdn<\/p>","protected":false},"featured_media":30707,"comment_status":"open","ping_status":"closed","template":"","meta":[],"product_brand":[],"product_cat":[393,35],"product_tag":[],"class_list":{"0":"post-30702","1":"product","2":"type-product","3":"status-publish","4":"has-post-thumbnail","6":"product_cat-bep-phong-an","7":"product_cat-nha-cua-doi-song","9":"first","10":"instock","11":"sale","12":"shipping-taxable","13":"purchasable","14":"product-type-simple"},"_links":{"self":[{"href":"https:\/\/havamall.com\/en\/wp-json\/wp\/v2\/product\/30702","targetHints":{"allow":["GET"]}}],"collection":[{"href":"https:\/\/havamall.com\/en\/wp-json\/wp\/v2\/product"}],"about":[{"href":"https:\/\/havamall.com\/en\/wp-json\/wp\/v2\/types\/product"}],"replies":[{"embeddable":true,"href":"https:\/\/havamall.com\/en\/wp-json\/wp\/v2\/comments?post=30702"}],"version-history":[{"count":0,"href":"https:\/\/havamall.com\/en\/wp-json\/wp\/v2\/product\/30702\/revisions"}],"wp:featuredmedia":[{"embeddable":true,"href":"https:\/\/havamall.com\/en\/wp-json\/wp\/v2\/media\/30707"}],"wp:attachment":[{"href":"https:\/\/havamall.com\/en\/wp-json\/wp\/v2\/media?parent=30702"}],"wp:term":[{"taxonomy":"product_brand","embeddable":true,"href":"https:\/\/havamall.com\/en\/wp-json\/wp\/v2\/product_brand?post=30702"},{"taxonomy":"product_cat","embeddable":true,"href":"https:\/\/havamall.com\/en\/wp-json\/wp\/v2\/product_cat?post=30702"},{"taxonomy":"product_tag","embeddable":true,"href":"https:\/\/havamall.com\/en\/wp-json\/wp\/v2\/product_tag?post=30702"}],"curies":[{"name":"wp","href":"https:\/\/api.w.org\/{rel}","templated":true}]}}