{"id":30712,"date":"2023-03-10T14:38:04","date_gmt":"2023-03-10T07:38:04","guid":{"rendered":"https:\/\/havamall.com\/?post_type=product&#038;p=30712"},"modified":"2023-03-10T14:46:24","modified_gmt":"2023-03-10T07:46:24","slug":"nap-chan-da-inox-co-lo-xo-strainer","status":"publish","type":"product","link":"https:\/\/havamall.com\/en\/shop\/nap-chan-da-inox-co-lo-xo-strainer\/","title":{"rendered":"N\u1eafp Ch\u1eb7n \u0110\u00e1 Inox C\u00f3 L\u00f2 Xo &#8211; Hawthrone Strainer"},"content":{"rendered":"<p>Ch\u1eb7n \u0111\u00e1 l\u00f2 xo (strainer) l\u00e0 d\u1ee5ng c\u1ee5 chuy\u00ean d\u1ee5ng trong qu\u00e1 tr\u00ecnh pha ch\u1ebf d\u00f9ng \u0111\u1ec3 l\u1ecdc \u0111\u00e1 trong c\u00e1c lo\u1ea1i \u0111\u1ed3 u\u1ed1ng nh\u01b0 mocktail, cocktail,.. Strainer c\u00f3 l\u00f2 xo \u00f4m tr\u1ecdn b\u1ec1 m\u1eb7t v\u00e0 c\u00e1c l\u1ed7 nh\u1ecf tr\u00ean b\u1ec1 m\u1eb7t gi\u00fap cho thao t\u00e1c t\u00e1ch h\u1ea1t, t\u00e1ch \u0111\u00e1 ti\u1ec7n d\u1ee5ng \u0111\u1ea3m b\u1ea3o \u0111\u1ed9 m\u1ec1m m\u1ecbn cho \u0111\u1ed3 u\u1ed1ng.<\/p>\n<p><img fetchpriority=\"high\" decoding=\"async\" class=\"wp-image-30713 aligncenter\" src=\"https:\/\/havamall.com\/wp-content\/uploads\/2023\/03\/z4171068476338_4170c5429bc66451d7c9d254c3d99ad3-300x269.jpg\" alt=\"\" width=\"583\" height=\"522\" \/><\/p>\n<p>Ch\u1eb7n \u0111\u00e1 l\u00f2 xo \u0111\u01b0\u1ee3c thi\u1ebft k\u1ebf b\u1eb1ng inox, c\u00f3 ki\u1ec3u d\u00e1ng tay c\u1ea7m d\u00e0i v\u00e0 t\u1ea5m ch\u1eb7n c\u00f3 h\u00ecnh \u0111\u0129a v\u1edbi \u1ed1ng xo\u1eafn l\u00f2 xo \u0111\u01b0\u1ee3c g\u1eafn b\u00ean tr\u00ean. Ch\u1ea5t li\u1ec7u inox \u0111\u01b0\u1ee3c s\u1eed d\u1ee5ng gi\u00fap n\u00e2ng cao \u0111\u1ed9 b\u1ec1n, kh\u00f4ng g\u1ec9 s\u00e9t trong qu\u00e1 tr\u00ecnh s\u1eed d\u1ee5ng \u0111\u1ea3m b\u1ea3o an to\u00e0n s\u1ee9c kh\u1ecfe.<\/p>\n<p><img decoding=\"async\" class=\"wp-image-30714 aligncenter\" src=\"https:\/\/havamall.com\/wp-content\/uploads\/2023\/03\/z4171068489254_af74283ebd96e2fa9621eaa9d97481f8-300x300.jpg\" alt=\"\" width=\"580\" height=\"580\" \/><\/p>\n<h2><strong>\u01afU \u0110I\u1ec2M C\u1ee6A S\u1ea2N PH\u1ea8M<\/strong><\/h2>\n<p>&#8211; Kh\u1ea3 n\u0103ng l\u1ecdc \u0111\u00e1 v\u00e0 t\u00e1ch h\u1ea1t \u0111\u01a1n gi\u1ea3n ch\u1ec9 v\u1edbi 1 thao t\u00e1c.<\/p>\n<p>&#8211; S\u1eed d\u1ee5ng trong qu\u00e1 tr\u00ecnh l\u1eafc t\u1ea1o \u0111\u1ed9 m\u1ec1m m\u1ecbn cho \u0111\u1ed3 u\u1ed1ng cocktail c\u00f3 l\u00f2ng tr\u1eafng tr\u1ee9ng.<\/p>\n<p>&#8211; S\u1ea3n ph\u1ea9m nh\u1ecf g\u1ecdn ti\u1ec7n d\u1ee5ng h\u1eefu \u00edch cho bartender trong qu\u00e1 tr\u00ecnh l\u00e0m vi\u1ec7c.<\/p>\n<p>&#8211; Thi\u1ebft kh\u1ea3 n\u0103ng l\u1ecdc \u0111\u00e1 v\u00e0 t\u00e1ch h\u1ea1t \u0111\u01a1n gi\u1ea3n ch\u1ec9 v\u1edbi 1 thao t\u00e1c.<\/p>\n<p><img decoding=\"async\" class=\"wp-image-30715 aligncenter\" src=\"https:\/\/havamall.com\/wp-content\/uploads\/2023\/03\/z4171068465773_78905e2ae37cf8df8504845326922adf-300x300.jpg\" alt=\"\" width=\"437\" height=\"437\" \/><\/p>\n<p>&#8211; S\u1eed d\u1ee5ng trong qu\u00e1 tr\u00ecnh l\u1eafc t\u1ea1o \u0111\u1ed9 m\u1ec1m m\u1ecbn cho \u0111\u1ed3 u\u1ed1ng cocktail c\u00f3 l\u00f2ng tr\u1eafng tr\u1ee9ng.<\/p>\n<p>&#8211; S\u1ea3n ph\u1ea9m nh\u1ecf g\u1ecdn ti\u1ec7n d\u1ee5ng h\u1eefu \u00edch cho bartender trong qu\u00e1 tr\u00ecnh l\u00e0m vi\u1ec7c.<\/p>\n<p>&#8211; Thi\u1ebft k\u1ebf \u0111\u01a1n gi\u1ea3n ch\u1eb7n \u0111\u00e1 l\u00f2 xo trong qu\u00e1 tr\u00ecnh v\u1ec7 sinh c\u0169ng c\u1ef1c k\u1ef3 \u0111\u01a1n gi\u1ea3n.<\/p>\n<p><img loading=\"lazy\" decoding=\"async\" class=\"wp-image-30716 aligncenter\" src=\"https:\/\/havamall.com\/wp-content\/uploads\/2023\/03\/z4171068472982_d2e0eedb94b6c49e458e804d6a92af7c-300x267.jpg\" alt=\"\" width=\"571\" height=\"508\" \/><\/p>","protected":false},"excerpt":{"rendered":"<p>Ch\u1eb7n \u0111\u00e1 l\u00f2 xo (strainer) l\u00e0 d\u1ee5ng c\u1ee5 chuy\u00ean d\u1ee5ng trong qu\u00e1 tr\u00ecnh pha ch\u1ebf d\u00f9ng \u0111\u1ec3 l\u1ecdc \u0111\u00e1 trong<\/p>","protected":false},"featured_media":30719,"comment_status":"open","ping_status":"closed","template":"","meta":[],"product_brand":[],"product_cat":[393,35],"product_tag":[],"class_list":{"0":"post-30712","1":"product","2":"type-product","3":"status-publish","4":"has-post-thumbnail","6":"product_cat-bep-phong-an","7":"product_cat-nha-cua-doi-song","9":"first","10":"instock","11":"sale","12":"shipping-taxable","13":"purchasable","14":"product-type-simple"},"_links":{"self":[{"href":"https:\/\/havamall.com\/en\/wp-json\/wp\/v2\/product\/30712","targetHints":{"allow":["GET"]}}],"collection":[{"href":"https:\/\/havamall.com\/en\/wp-json\/wp\/v2\/product"}],"about":[{"href":"https:\/\/havamall.com\/en\/wp-json\/wp\/v2\/types\/product"}],"replies":[{"embeddable":true,"href":"https:\/\/havamall.com\/en\/wp-json\/wp\/v2\/comments?post=30712"}],"version-history":[{"count":0,"href":"https:\/\/havamall.com\/en\/wp-json\/wp\/v2\/product\/30712\/revisions"}],"wp:featuredmedia":[{"embeddable":true,"href":"https:\/\/havamall.com\/en\/wp-json\/wp\/v2\/media\/30719"}],"wp:attachment":[{"href":"https:\/\/havamall.com\/en\/wp-json\/wp\/v2\/media?parent=30712"}],"wp:term":[{"taxonomy":"product_brand","embeddable":true,"href":"https:\/\/havamall.com\/en\/wp-json\/wp\/v2\/product_brand?post=30712"},{"taxonomy":"product_cat","embeddable":true,"href":"https:\/\/havamall.com\/en\/wp-json\/wp\/v2\/product_cat?post=30712"},{"taxonomy":"product_tag","embeddable":true,"href":"https:\/\/havamall.com\/en\/wp-json\/wp\/v2\/product_tag?post=30712"}],"curies":[{"name":"wp","href":"https:\/\/api.w.org\/{rel}","templated":true}]}}