{"id":30856,"date":"2023-03-24T15:48:38","date_gmt":"2023-03-24T08:48:38","guid":{"rendered":"https:\/\/havamall.com\/?post_type=product&#038;p=30856"},"modified":"2023-04-24T14:58:06","modified_gmt":"2023-04-24T07:58:06","slug":"set-10-cai-moc-ao-mong-tre-em-hara-185-inochi-kids-coat-hangers","status":"publish","type":"product","link":"https:\/\/havamall.com\/en\/shop\/set-10-cai-moc-ao-mong-tre-em-hara-185-inochi-kids-coat-hangers\/","title":{"rendered":"Set 10 C\u00e1i M\u00f3c \u00c1o M\u1ecfng Tr\u1ebb Em Hara 185 Inochi &#8211; Kids Coat Hangers"},"content":{"rendered":"<p>Inochi l\u00e0 th\u01b0\u01a1ng hi\u1ec7u gia d\u1ee5ng cao c\u1ea5p Vi\u1ec7t Nam, \u0111\u01b0\u1ee3c thi\u1ebft k\u1ebf v\u00e0 s\u1ea3n xu\u1ea5t theo phong c\u00e1ch v\u00e0 ti\u00eau chu\u1ea9n Nh\u1eadt B\u1ea3n. 100% s\u1ea3n ph\u1ea9m c\u1ee7a Inochi \u0111\u01b0\u1ee3c l\u00e0m t\u1eeb ch\u1ea5t li\u1ec7u nh\u1ef1a nguy\u00ean sinh cao c\u1ea5p theo quy tr\u00ecnh chu\u1ea9n ISO 9001, kh\u00f4ng ch\u1ee9a BPA, \u0111\u1ea1t ch\u1ee9ng nh\u1eadn an to\u00e0n c\u1ee7a b\u1ed9 y t\u1ebf, \u0111\u1ea3m b\u1ea3o \u0111i\u1ec1u ki\u1ec7n xu\u1ea5t kh\u1ea9u sang nh\u1eefng th\u1ecb tr\u01b0\u1eddng kh\u00f3 t\u00ednh nh\u1ea5t nh\u01b0 M\u1ef9, EU, Nh\u1eadt B\u1ea3n\u2026<\/p>\n<p>Th\u01b0\u01a1ng hi\u1ec7u Inochi \u0111\u01b0\u1ee3c ph\u00e1t tri\u1ec3n b\u1edfi C\u00f4ng Ty C\u1ed5 Ph\u1ea7n T\u00e2n Ph\u00fa Vi\u1ec7t Nam v\u1edbi h\u01a1n 40 n\u0103m kinh nghi\u1ec7m trong ng\u00e0nh s\u1ea3n xu\u1ea5t.<\/p>\n<p>C\u00e1c s\u1ea3n ph\u1ea9m c\u1ee7a Inochi r\u1ea5t \u0111a d\u1ea1ng, ph\u1ee5c v\u1ee5 t\u1ed1i \u0111a m\u1ecdi nhu c\u1ea7u trong cu\u1ed9c s\u1ed1ng h\u00e0ng ng\u00e0y nh\u01b0: k\u1ec7 nh\u1ef1a \u2013 gi\u1ecf nh\u1ef1a, th\u00f9ng r\u00e1c, c\u00e1c lo\u1ea1i thau r\u1ed5 \u2013 \u0111\u1ed3 ti\u1ec7n \u00edch, h\u1ed9p \u0111\u1ef1ng th\u1ef1c ph\u1ea9m, m\u00f3c \u00e1o, m\u00e0ng \u2013 t\u00fai, c\u00e1c s\u1ea3n ph\u1ea9m cho m\u1eb9 v\u00e0 b\u00e9, d\u1ee5ng c\u1ee5 v\u1ec7 sinh v\u00e0 c\u00e1c lo\u1ea1i h\u1ed9p c\u01a1m, c\u1ed1c gi\u1eef nhi\u1ec7t nh\u1eadp kh\u1ea9u tr\u1ef1c ti\u1ebfp t\u1eeb th\u01b0\u01a1ng hi\u1ec7u Asvel \u2013 Nh\u1eadt B\u1ea3n.<\/p>\n<p><img fetchpriority=\"high\" decoding=\"async\" class=\"wp-image-27299 aligncenter\" src=\"https:\/\/havamall.com\/wp-content\/uploads\/2022\/06\/278505147-300x300.png\" alt=\"\" width=\"607\" height=\"607\" \/><\/p>\n<p>Qu\u1ea7n \u00e1o em b\u00e9 l\u00e0 nh\u1eefng b\u1ed9 \u0111\u1ed3 nh\u1ecf xinh, v\u1eeba v\u1eb7n v\u1edbi c\u01a1 th\u1ec3 b\u00e9 nh\u1ecf c\u1ee7a b\u00e9 con. V\u00ec v\u1eady, khi ph\u01a1i \u0111\u1ed3 hay treo \u0111\u1ed3 cho con r\u1ea5t kh\u00f3 \u0111\u1ec3 d\u00f9ng chung v\u1edbi m\u00f3c treo ng\u01b0\u1eddi l\u1edbn.\u00a0<strong>M\u00f3c \u00e1o m\u1ecfng tr\u1ebb em Hara <\/strong>\u0111\u01b0\u1ee3c l\u00e0m b\u1eb1ng ch\u1ea5t li\u1ec7u nh\u1ef1a PP cao c\u1ea5p kh\u00f4ng bong tr\u00f3c, b\u1ec1n \u0111\u1eb9p theo th\u1eddi gian, kh\u00f4ng ra m\u00e0u l\u00e0m \u1ea3nh h\u01b0\u1edfng \u0111\u1ebfn qu\u1ea7n \u00e1o.<\/p>\n<p>B\u1ed9 m\u00f3c g\u1ed3m 10 chi\u1ebfc, m\u00f3c c\u00f3 th\u1ec3 d\u00f9ng treo qu\u1ea7n \u00e1o trong t\u1ee7 c\u0169ng c\u00f3 th\u1ec3 ph\u01a1i qu\u1ea7n \u00e1o ngo\u00e0i tr\u1eddi. Ngo\u00e0i ra b\u1ea1n c\u00f2n c\u00f3 th\u1ec3 d\u00f9ng m\u00f3c \u0111\u1ec3 treo t\u00fai x\u00e1ch, kh\u0103n, c\u00e0 v\u1ea1t hay c\u00e1c v\u1eadt d\u1ee5ng nh\u1ecf kh\u00e1c m\u00e0 kh\u00f4ng s\u1ee3 b\u1ecb r\u01a1i, r\u1edbt.<\/p>\n<p><img decoding=\"async\" class=\"wp-image-30857 aligncenter\" src=\"https:\/\/havamall.com\/wp-content\/uploads\/2023\/03\/6fdb3149e87096372558131b81be6d0a-300x300.jpeg\" alt=\"\" width=\"599\" height=\"599\" \/><\/p>\n<h2><strong>\u00a0\u01afU \u0110I\u1ec2M C\u1ee6A S\u1ea2N PH\u1ea8M<\/strong><\/h2>\n<p>&#8211; L\u00e0m t\u1eeb ch\u1ea5t li\u1ec7u nh\u1ef1a cao c\u1ea5p v\u00e0 c\u1ea3i ti\u1ebfn v\u1ec1 ki\u1ec3u d\u00e1ng gi\u00fap ng\u01b0\u1eddi d\u00f9ng ti\u1ec7n l\u1ee3i h\u01a1n r\u1ea5t nhi\u1ec1u.<\/p>\n<p>&#8211; M\u00e0u s\u1eafc, ki\u1ec3u d\u00e1ng, m\u1eabu m\u00e3 \u0111a d\u1ea1ng ph\u00f9 h\u1ee3p v\u1edbi c\u00e1c phong c\u00e1ch trang tr\u00ed c\u1ee7a c\u00e1c ch\u1ee7 ti\u1ec7m nh\u01b0 l\u1ecbch l\u00e3m, tr\u1ebb trung n\u0103ng \u0111\u1ed9ng, th\u1eddi trang b\u00e1nh b\u00e8o hay c\u00f4ng s\u1edf\u2026<\/p>\n<p>&#8211; Kh\u00e1 nh\u1eb9 d\u1ec5 d\u00e0ng mang \u0111i ho\u1eb7c v\u1eadn chuy\u1ec3n.<\/p>\n<p>&#8211; Ch\u1ea5t li\u1ec7u nh\u1ef1a cao c\u1ea5p, c\u00f3 kh\u1ea3 n\u0103ng ch\u1ecbu \u0111\u01b0\u1ee3c s\u1ef1 t\u00e1c \u0111\u1ed9ng c\u1ee7a th\u1eddi ti\u1ebft kh\u00f4ng b\u1ecb cong v\u00eanh trong qu\u00e1 tr\u00ecnh s\u1eed d\u1ee5ng.<\/p>\n<p><img decoding=\"async\" class=\"wp-image-30858 aligncenter\" src=\"https:\/\/havamall.com\/wp-content\/uploads\/2023\/03\/328241985_1336400407213857_7529191735314508475_n-300x300.jpeg\" alt=\"\" width=\"582\" height=\"582\" \/><\/p>\n<h2><strong>H\u01af\u1edaNG D\u1eaaN B\u1ea2O QU\u1ea2N<\/strong><\/h2>\n<p>&#8211; B\u1ea3o qu\u1ea3n n\u01a1i kh\u00f4 r\u00e1o, tho\u00e1ng m\u00e1t.<\/p>\n<p>&#8211; Th\u00f4ng tin c\u1ea3nh b\u00e1o: Tr\u00e1nh xa ngu\u1ed3n nhi\u1ec7t.<\/p>\n<h2><strong>\u00a0TH\u00d4NG TIN S\u1ea2N PH\u1ea8M<\/strong><\/h2>\n<p>&#8211; K\u00edch th\u01b0\u1edbc: 302 x 4 x 153mm<\/p>\n<p>&#8211; Kh\u1ed1i l\u01b0\u1ee3ng: 26g x 10<\/p>\n<p>&#8211; Quy c\u00e1ch: L\u1ed1c 10 c\u00e1i<\/p>\n<p>&#8211; Ch\u1ea5t li\u1ec7u: Nh\u1ef1a PP (Polypropylen) nguy\u00ean sinh, h\u1ea1t m\u00e0u<\/p>\n<p>&#8211; M\u00e0u s\u1eafc: Tr\u1eafng<img loading=\"lazy\" decoding=\"async\" class=\"wp-image-30859 aligncenter\" src=\"https:\/\/havamall.com\/wp-content\/uploads\/2023\/03\/328433735_1227143754892520_2089239562185838697_n-300x300.jpeg\" alt=\"\" width=\"581\" height=\"581\" \/><\/p>","protected":false},"excerpt":{"rendered":"<p>Inochi l\u00e0 th\u01b0\u01a1ng hi\u1ec7u gia d\u1ee5ng cao c\u1ea5p Vi\u1ec7t Nam, \u0111\u01b0\u1ee3c thi\u1ebft k\u1ebf v\u00e0 s\u1ea3n xu\u1ea5t theo phong c\u00e1ch v\u00e0<\/p>","protected":false},"featured_media":30860,"comment_status":"open","ping_status":"closed","template":"","meta":[],"product_brand":[],"product_cat":[397,35],"product_tag":[],"class_list":{"0":"post-30856","1":"product","2":"type-product","3":"status-publish","4":"has-post-thumbnail","6":"product_cat-hang-me-be-do-choi","7":"product_cat-nha-cua-doi-song","9":"first","10":"instock","11":"sale","12":"shipping-taxable","13":"purchasable","14":"product-type-simple"},"_links":{"self":[{"href":"https:\/\/havamall.com\/en\/wp-json\/wp\/v2\/product\/30856","targetHints":{"allow":["GET"]}}],"collection":[{"href":"https:\/\/havamall.com\/en\/wp-json\/wp\/v2\/product"}],"about":[{"href":"https:\/\/havamall.com\/en\/wp-json\/wp\/v2\/types\/product"}],"replies":[{"embeddable":true,"href":"https:\/\/havamall.com\/en\/wp-json\/wp\/v2\/comments?post=30856"}],"version-history":[{"count":0,"href":"https:\/\/havamall.com\/en\/wp-json\/wp\/v2\/product\/30856\/revisions"}],"wp:featuredmedia":[{"embeddable":true,"href":"https:\/\/havamall.com\/en\/wp-json\/wp\/v2\/media\/30860"}],"wp:attachment":[{"href":"https:\/\/havamall.com\/en\/wp-json\/wp\/v2\/media?parent=30856"}],"wp:term":[{"taxonomy":"product_brand","embeddable":true,"href":"https:\/\/havamall.com\/en\/wp-json\/wp\/v2\/product_brand?post=30856"},{"taxonomy":"product_cat","embeddable":true,"href":"https:\/\/havamall.com\/en\/wp-json\/wp\/v2\/product_cat?post=30856"},{"taxonomy":"product_tag","embeddable":true,"href":"https:\/\/havamall.com\/en\/wp-json\/wp\/v2\/product_tag?post=30856"}],"curies":[{"name":"wp","href":"https:\/\/api.w.org\/{rel}","templated":true}]}}