{"id":30902,"date":"2023-03-30T16:54:16","date_gmt":"2023-03-30T09:54:16","guid":{"rendered":"https:\/\/havamall.com\/?post_type=product&#038;p=30902"},"modified":"2025-09-30T10:06:13","modified_gmt":"2025-09-30T03:06:13","slug":"dau-tam-ngam-nuoc-duong-dong-lon-nif-560g-mulberry-in-light-syrup","status":"publish","type":"product","link":"https:\/\/havamall.com\/en\/shop\/dau-tam-ngam-nuoc-duong-dong-lon-nif-560g-mulberry-in-light-syrup\/","title":{"rendered":"D\u00e2u T\u1eb1m Ng\u00e2m N\u01b0\u1edbc \u0110\u01b0\u1eddng \u0110\u00f3ng Lon NIF 560G &#8211; Mulberry In Light Syrup"},"content":{"rendered":"<p>&nbsp;<\/p>\n<h2><strong>TH\u00d4NG TIN CHUNG<\/strong><\/h2>\n<table>\n<tbody>\n<tr>\n<td>Th\u01b0\u01a1ng hi\u1ec7u<\/td>\n<td>NIF<\/td>\n<\/tr>\n<tr>\n<td>Xu\u1ea5t x\u1ee9<\/td>\n<td>Vi\u1ec7t Nam<\/td>\n<\/tr>\n<tr>\n<td>Th\u00e0nh ph\u1ea7n<\/td>\n<td>D\u00e2u t\u1eb1m, n\u01b0\u1edbc, \u0111\u01b0\u1eddng<\/td>\n<\/tr>\n<tr>\n<td>H\u1ea1n s\u1eed d\u1ee5ng<\/td>\n<td>24 th\u00e1ng k\u1ec3 t\u1eeb ng\u00e0y s\u1ea3n xu\u1ea5t.<\/td>\n<\/tr>\n<tr>\n<td>B\u1ea3o qu\u1ea3n<\/td>\n<td>B\u1ea3o qu\u1ea3n n\u01a1i kh\u00f4 r\u00e1o, tho\u00e1ng m\u00e1t, tr\u00e1nh \u00e1nh n\u1eafng tr\u1ef1c ti\u1ebfp.<\/td>\n<\/tr>\n<tr>\n<td>\u00a0Kh\u1ed1i l\u01b0\u1ee3ng<\/td>\n<td>560g<\/td>\n<\/tr>\n<\/tbody>\n<\/table>\n<p>D\u00e2u t\u1eb1m kh\u00f4ng ch\u1ec9 l\u00e0 m\u1ed9t lo\u1ea1i qu\u1ea3 c\u00f3 v\u1ecb ngon, c\u00f3 nhi\u1ec1u t\u00e1c d\u1ee5ng v\u1edbi s\u1ee9c kh\u1ecfe m\u00e0 r\u01b0\u1ee3u d\u00e2u t\u1eb1m c\u0169ng l\u00e0 m\u1ed9t v\u1ecb thu\u1ed1c ch\u1eefa b\u1ec7nh. \u0110\u1ec3 r\u01b0\u1ee3u d\u00e2u t\u1eb1m ph\u00e1t huy t\u1ed1i \u0111a t\u00e1c d\u1ee5ng th\u00ec \u0111\u00f2i h\u1ecfi ng\u01b0\u1eddi ng\u00e2m ph\u1ea3i bi\u1ebft c\u00e1ch ng\u00e2m r\u01b0\u1ee3u \u0111\u00fang c\u00e1ch v\u00e0 khoa h\u1ecdc. D\u00e2u t\u1eb1m ti\u1ebfng anh l\u00e0\u00a0mulberry, khi ch\u00edn c\u00f3 m\u00e0u t\u00edm s\u1eadm g\u1ea7n nh\u01b0 l\u00e0 m\u00e0u \u0111en, ch\u01b0a ch\u00edn th\u00ec \u0103n c\u00f3 v\u1ecb chua.<\/p>\n<p><img fetchpriority=\"high\" decoding=\"async\" class=\"wp-image-30906 aligncenter\" src=\"https:\/\/havamall.com\/wp-content\/uploads\/2023\/03\/tqbup7f-copy-300x300.png\" alt=\"\" width=\"652\" height=\"652\" \/><\/p>\n<div id=\"inline-related-post\" class=\"mag-box mini-posts-box content-only\">\n<div class=\"container-wrapper\">\n<div class=\"mag-box-container clearfix\"><\/div>\n<\/div>\n<\/div>\n<p>Qu\u1ea3 d\u00e2u t\u1eb1m ch\u1ee9a nhi\u1ec1u ch\u1ea5t x\u01a1 c\u00f3 t\u00e1c d\u1ee5ng c\u1ea3i thi\u1ec7n s\u1ee9c kh\u1ecfe ti\u00eau h\u00f3a \u0111\u1ed3ng th\u1eddi gi\u1ea3m nguy c\u01a1 t\u00e1o b\u00f3n, \u0111\u1ea7y h\u01a1i v\u00e0 qu\u1eb7n th\u1eaft ru\u1ed9t. B\u00ean c\u1ea1nh \u0111\u00f3, ch\u1ea5t x\u01a1 \u1edf lo\u1ea1i qu\u1ea3 n\u00e0y c\u00f2n c\u00f3 kh\u1ea3 n\u0103ng gi\u00fap \u0111i\u1ec1u ch\u1ec9nh n\u1ed3ng \u0111\u1ed9 cholesterol trong m\u00e1u v\u00e0 t\u0103ng c\u01b0\u1eddng s\u1ee9c kh\u1ecfe tim m\u1ea1ch.<\/p>\n<p>D\u00e2u t\u1eb1m n\u01b0\u1edbc \u0111\u01b0\u1eddng NIF 560g l\u00e0 m\u1ed9t s\u1ea3n ph\u1ea9m b\u1ed5 d\u01b0\u1ee1ng v\u00e0 ti\u1ec7n l\u1ee3i. N\u00f3 c\u00f3 th\u1ec3 \u0111\u01b0\u1ee3c s\u1eed d\u1ee5ng ngay l\u1eadp t\u1ee9c v\u00e0 \u0111\u01b0\u1ee3c s\u1ea3n xu\u1ea5t tr\u00ean d\u00e2y chuy\u1ec1n hi\u1ec7n \u0111\u1ea1i.<\/p>\n<p><img decoding=\"async\" class=\"wp-image-30905 aligncenter\" src=\"https:\/\/havamall.com\/wp-content\/uploads\/2023\/03\/Mulberry-Pie-Graphic-800x600-300x225.jpeg\" alt=\"\" width=\"660\" height=\"495\" \/><\/p>\n<h2><strong>H\u01af\u1edaNG D\u1eaaN S\u1eec D\u1ee4NG<\/strong><\/h2>\n<p>\u2013 C\u00f3 th\u1ec3 \u0103n li\u1ec1n (th\u00eam \u0111\u00e1).<\/p>\n<p>\u2013 Ch\u1ebf Bi\u1ebfn c\u00e1c m\u00f3n n\u01b0\u1edbc gi\u1ea3i kh\u00e1t: Tr\u00e0\u00a0 t\u1eb1m, topping c\u00e1c m\u00f3n n\u01b0\u1edbc gi\u1ea3i kh\u00e1t, tr\u00e0 s\u1eefa, s\u1eefa t\u01b0\u01a1i, kem\u2026<\/p>\n<p>\u2013 D\u00f9ng ch\u1ebf bi\u1ebfn th\u1ef1c ph\u1ea9m:\u00a0 B\u00e1nh t\u01b0\u01a1i, n\u01b0\u1edbng\u2026<\/p>\n<p>\u2013 D\u00f9ng l\u00e0m m\u1ee9t, nh\u00e2n b\u00e1nh ng\u1ecdt\u2026<\/p>\n<p><img decoding=\"async\" class=\"wp-image-30904 aligncenter\" src=\"https:\/\/havamall.com\/wp-content\/uploads\/2023\/03\/Mulberry-mead-300x190.jpeg\" alt=\"\" width=\"655\" height=\"415\" \/><\/p>\n<h2><strong>L\u1ee2I \u00cdCH S\u1ee8C KHO\u1eba C\u1ee6A QU\u1ea2 D\u00c2U T\u1eb0M<\/strong><\/h2>\n<p><strong>&gt; Ch\u1ed1ng oxy h\u00f3a:\u00a0<\/strong>Ngu\u1ed3n vitamin C \u2013 m\u1ed9t ch\u1ea5t ch\u1ed1ng oxy h\u00f3a t\u1ef1 nhi\u00ean m\u1ea1nh m\u1ebd, c\u00f3 nhi\u1ec1u trong d\u00e2u t\u1eb1m gi\u00fap t\u0103ng c\u01b0\u1eddng s\u1ee9c \u0111\u1ec1 kh\u00e1ng c\u1ee7a c\u01a1 th\u1ec3, ch\u1ed1ng l\u1ea1i nh\u1eefng t\u1ed5n h\u1ea1i g\u00e2y ra b\u1edfi c\u00e1c g\u1ed1c t\u1ef1 do.<\/p>\n<p><strong>&gt; Ki\u1ec3m so\u00e1t \u0111\u01b0\u1eddng huy\u1ebft:\u00a0<\/strong>M\u1ed9t ch\u1ea5t ch\u1ed1ng oxy h\u00f3a kh\u00e1c \u0111\u01b0\u1ee3c t\u00ecm th\u1ea5y trong qu\u1ea3 d\u00e2u t\u1eb1m l\u00e0 flavonoid, \u0111\u01b0\u1ee3c ch\u1ee9ng minh c\u00f3 t\u00e1c d\u1ee5ng \u0111i\u1ec1u ch\u1ec9nh s\u1ef1 t\u0103ng, gi\u1ea3m l\u01b0\u1ee3ng \u0111\u01b0\u1eddng trong c\u01a1 th\u1ec3. B\u00ean c\u1ea1nh \u0111\u00f3, qu\u1ea3 d\u00e2u t\u1eb1m c\u00f2n ch\u1ee9a c\u00e1c th\u00e0nh ph\u1ea7n h\u1eefu \u00edch kh\u00e1c, c\u00f3 t\u00e1c d\u1ee5ng gi\u00fap ki\u1ec3m so\u00e1t m\u1ee9c \u0111\u01b0\u1eddng huy\u1ebft \u1edf nh\u1eefng b\u1ec7nh nh\u00e2n ti\u1ec3u \u0111\u01b0\u1eddng.<\/p>\n<p><strong>&gt; T\u0103ng c\u01b0\u1eddng \u0111\u1ec1 kh\u00e1ng c\u01a1 th\u1ec3:<\/strong>D\u00e2u t\u1eb1m c\u00f3 h\u00e0m l\u01b0\u1ee3ng cao vitamin C v\u00e0 flavonoid gi\u00fap t\u0103ng c\u01b0\u1eddng h\u1ec7 mi\u1ec5n d\u1ecbch cho c\u01a1 th\u1ec3, ng\u0103n ng\u1eeba c\u1ea3m c\u00fam, ho, c\u1ea3m l\u1ea1nh v\u00e0 nhi\u1ec1u b\u1ec7nh kh\u00e1c. D\u00e2u t\u1eb1m c\u0169ng h\u1ed7 tr\u1ee3 trong vi\u1ec7c \u0111i\u1ec1u tr\u1ecb v\u00e0 ng\u0103n ng\u1eeba vi\u00eam d\u1ea1 d\u00e0y v\u00e0 vi\u00eam gan m\u00e3n t\u00ednh.<\/p>\n<p><strong>&gt; L\u00e0m tr\u1eafng da:\u00a0<\/strong>Theo c\u00e1c nghi\u00ean c\u1ee9u khoa h\u1ecdc, trong n\u01b0\u1edbc d\u00e2u t\u1eb1m ng\u00e2m \u0111\u01b0\u1eddng c\u00f3 ch\u1ee9a th\u00e0nh ph\u1ea7n alpha-hydroxy acid v\u00e0 m\u1ed9t l\u01b0\u1ee3ng l\u1edbn c\u00e1c lo\u1ea1i vitamin kh\u00e1c nhau, nh\u1eefng th\u00e0nh ph\u1ea7n n\u00e0y l\u00e0 m\u1ed9t trong nh\u1eefng c\u00e1ch gi\u00fap lo\u1ea1i b\u1ecf nhanh ch\u00f3ng c\u00e1c t\u1ebf b\u00e0o ch\u1ebft tr\u00ean da, \u0111\u1ed3ng th\u1eddi k\u00edch th\u00edch ch\u1ee9c n\u0103ng t\u00e1i t\u1ea1o t\u1ebf b\u00e0o m\u1edbi, lo\u1ea1i b\u1ecf c\u00e1c h\u1eafc s\u1eafc t\u1ed1 hi\u1ec7u qu\u1ea3, nh\u1edd \u0111\u00f3 mang \u0111\u1ebfn cho b\u1ea1n l\u00e0n da tr\u1eafng h\u1ed3ng,m\u1ecbn m\u00e0ng \u0111\u1ea7y s\u1ee9c s\u1ed1ng.<\/p>\n<p><strong>&gt; Tr\u1ecb m\u1ee5n:\u00a0<\/strong>Theo c\u00e1c ph\u00e2n t\u00edch \u0111\u00e1nh gi\u00e1, trong qu\u1ea3 d\u00e2u t\u1eb1m c\u00f3 ch\u1ee9a nhi\u1ec1u ch\u1ea5t ch\u1ed1ng oxy h\u00f3a hi\u1ec7u qu\u1ea3, \u0111\u1eb7c bi\u1ec7t trong \u0111\u00f3 l\u00e0 2 lo\u1ea1i acid h\u1eefu c\u01a1: acid malic v\u00e0 acid sucinic gi\u00fap h\u1ed7 tr\u1ee3 qu\u00e1 tr\u00ecnh ki\u1ec3m so\u00e1t d\u1ea7u nh\u1eddn tr\u00ean da, nh\u1edd \u0111\u00f3 gi\u00fap h\u1ea1n ch\u1ebf hi\u1ec7u qu\u1ea3 s\u1ef1 xu\u1ea5t hi\u1ec7n c\u1ee7a m\u1ee5n. Kh\u00f4ng nh\u1eefng th\u1ebf, vi\u1ec7c duy tr\u00ec u\u1ed1ng n\u01b0\u1edbc d\u00e2u t\u1eb1m ng\u00e2m \u0111\u01b0\u1eddng m\u1ed7i ng\u00e0y l\u00e0 c\u00e1ch b\u1ed5 sung \u0111\u1ed9 \u1ea9m c\u1ea7n thi\u1ebft cho da hi\u1ec7u qu\u1ea3, \u0111\u1ed3ng th\u1eddi gi\u00fap h\u1ed7 tr\u1ee3 l\u00e0m m\u1edd s\u1eb9o th\u00e2m do m\u1ee5n, mang \u0111\u1ebfn cho b\u1ea1n l\u00e0n da s\u00e1ng m\u1ecbn, s\u1ea1ch m\u1ee5n hi\u1ec7u qu\u1ea3 ch\u1ec9 sau m\u1ed9t th\u1eddi gian ng\u1eafn s\u1eed d\u1ee5ng.<\/p>\n<p><img loading=\"lazy\" decoding=\"async\" class=\"wp-image-30907 aligncenter\" src=\"https:\/\/havamall.com\/wp-content\/uploads\/2023\/03\/pinot-noir-mulberry-ice-cream-06-297x300.jpeg\" alt=\"\" width=\"653\" height=\"660\" \/><\/p>","protected":false},"excerpt":{"rendered":"<p>&nbsp; TH\u00d4NG TIN CHUNG Th\u01b0\u01a1ng hi\u1ec7u NIF Xu\u1ea5t x\u1ee9 Vi\u1ec7t Nam Th\u00e0nh ph\u1ea7n D\u00e2u t\u1eb1m, n\u01b0\u1edbc, \u0111\u01b0\u1eddng H\u1ea1n s\u1eed d\u1ee5ng<\/p>","protected":false},"featured_media":30908,"comment_status":"open","ping_status":"closed","template":"","meta":[],"product_brand":[],"product_cat":[36,143],"product_tag":[],"class_list":{"0":"post-30902","1":"product","2":"type-product","3":"status-publish","4":"has-post-thumbnail","6":"product_cat-thuc-pham-tieu-dung","7":"product_cat-thuc-pham-dong-hop","8":"pa_brand-nif","10":"first","11":"outofstock","12":"sale","13":"shipping-taxable","14":"purchasable","15":"product-type-simple"},"_links":{"self":[{"href":"https:\/\/havamall.com\/en\/wp-json\/wp\/v2\/product\/30902","targetHints":{"allow":["GET"]}}],"collection":[{"href":"https:\/\/havamall.com\/en\/wp-json\/wp\/v2\/product"}],"about":[{"href":"https:\/\/havamall.com\/en\/wp-json\/wp\/v2\/types\/product"}],"replies":[{"embeddable":true,"href":"https:\/\/havamall.com\/en\/wp-json\/wp\/v2\/comments?post=30902"}],"version-history":[{"count":0,"href":"https:\/\/havamall.com\/en\/wp-json\/wp\/v2\/product\/30902\/revisions"}],"wp:featuredmedia":[{"embeddable":true,"href":"https:\/\/havamall.com\/en\/wp-json\/wp\/v2\/media\/30908"}],"wp:attachment":[{"href":"https:\/\/havamall.com\/en\/wp-json\/wp\/v2\/media?parent=30902"}],"wp:term":[{"taxonomy":"product_brand","embeddable":true,"href":"https:\/\/havamall.com\/en\/wp-json\/wp\/v2\/product_brand?post=30902"},{"taxonomy":"product_cat","embeddable":true,"href":"https:\/\/havamall.com\/en\/wp-json\/wp\/v2\/product_cat?post=30902"},{"taxonomy":"product_tag","embeddable":true,"href":"https:\/\/havamall.com\/en\/wp-json\/wp\/v2\/product_tag?post=30902"}],"curies":[{"name":"wp","href":"https:\/\/api.w.org\/{rel}","templated":true}]}}