{"id":30909,"date":"2023-03-30T17:17:41","date_gmt":"2023-03-30T10:17:41","guid":{"rendered":"https:\/\/havamall.com\/?post_type=product&#038;p=30909"},"modified":"2025-09-30T10:06:05","modified_gmt":"2025-09-30T03:06:05","slug":"bup-giam-ngam-nuoc-duong-dong-lon-nif-560g-hibiscus-in-light-syrup","status":"publish","type":"product","link":"https:\/\/havamall.com\/en\/shop\/bup-giam-ngam-nuoc-duong-dong-lon-nif-560g-hibiscus-in-light-syrup\/","title":{"rendered":"B\u1ee5p Gi\u1ea5m Ng\u00e2m N\u01b0\u1edbc \u0110\u01b0\u1eddng \u0110\u00f3ng Lon NIF 560G &#8211; Hibiscus In Light Syrup"},"content":{"rendered":"<p>&nbsp;<\/p>\n<h2><strong>TH\u00d4NG TIN CHUNG<\/strong><\/h2>\n<table>\n<tbody>\n<tr>\n<td>Th\u01b0\u01a1ng hi\u1ec7u<\/td>\n<td>NIF<\/td>\n<\/tr>\n<tr>\n<td>Xu\u1ea5t x\u1ee9<\/td>\n<td>Vi\u1ec7t Nam<\/td>\n<\/tr>\n<tr>\n<td>Th\u00e0nh ph\u1ea7n<\/td>\n<td>Hoa b\u1ee5p gi\u1ea5m (hibiscus), n\u01b0\u1edbc, \u0111\u01b0\u1eddng<\/td>\n<\/tr>\n<tr>\n<td>H\u1ea1n s\u1eed d\u1ee5ng<\/td>\n<td>24 th\u00e1ng k\u1ec3 t\u1eeb ng\u00e0y s\u1ea3n xu\u1ea5t.<\/td>\n<\/tr>\n<tr>\n<td>B\u1ea3o qu\u1ea3n<\/td>\n<td>B\u1ea3o qu\u1ea3n n\u01a1i kh\u00f4 r\u00e1o, tho\u00e1ng m\u00e1t, tr\u00e1nh \u00e1nh n\u1eafng tr\u1ef1c ti\u1ebfp.<\/td>\n<\/tr>\n<tr>\n<td>\u00a0Kh\u1ed1i l\u01b0\u1ee3ng<\/td>\n<td>560g<\/td>\n<\/tr>\n<\/tbody>\n<\/table>\n<p>Hibiscus hay c\u00f2n g\u1ecdi l\u00e0 b\u1ee5p gi\u1ea5m, a ti s\u00f4 \u0111\u1ecf l\u00e0 m\u1ed9t lo\u1ea1i th\u1ea3o d\u01b0\u1ee3c r\u1ea5t t\u1ed1t cho s\u1ee9c kho\u1ebb. C\u00e1c l\u1ee3i \u00edch bao g\u1ed3m kh\u1ea3 n\u0103ng ch\u1ed1ng o xi ho\u00e1 gi\u00fap tr\u1ebb l\u00e2u, \u0111i\u1ec1u ho\u00e0 cholesterol, h\u1ea1 huy\u1ebft \u00e1p, h\u1ed7 tr\u1ee3 ti\u00eau ho\u00e1, gi\u1ea3m c\u00e2n v\u00e0 t\u0103ng c\u01b0\u1eddng mi\u1ec5n d\u1ecbch cho c\u01a1 th\u1ec3.<\/p>\n<p>B\u1ee5p Gi\u1ea5m (Hibiscus) \u0110\u00f3ng Lon NIF 560g l\u00e0 s\u1ea3n ph\u1ea9m c\u00f3 nhi\u1ec1u gi\u00e1 tr\u1ecb dinh d\u01b0\u1ee1ng c\u00f3 \u00edch cho s\u1ee9c kh\u1ecfe con ng\u01b0\u1eddi. Ch\u1ee9a nhi\u1ec1u Vitamin C, Axit h\u1eefu c\u01a1, c\u00e1c Vitamin nh\u00f3m B, c\u00e1c ho\u1ea1t ch\u1ea5t Anthocyanin, Polyphenol.<\/p>\n<p><img fetchpriority=\"high\" decoding=\"async\" class=\"wp-image-30911 aligncenter\" src=\"https:\/\/havamall.com\/wp-content\/uploads\/2023\/03\/cach_lam_atiso_do-300x230.jpeg\" alt=\"\" width=\"651\" height=\"499\" \/><\/p>\n<p>Hibiscus ng\u00e2m n\u01b0\u1edbc \u0111\u01b0\u1eddng NIF l\u00e0 s\u1ea3n ph\u1ea9m b\u1ed5 d\u01b0\u1ee1ng ti\u1ec7n l\u1ee3i, c\u00f3 th\u1ec3 d\u00f9ng ngay. S\u1ea3n ph\u1ea9m \u0111\u01b0\u1ee3c s\u1ea3n xu\u1ea5t tr\u00ean d\u00e2y chuy\u1ec1n hi\u1ec7n \u0111\u1ea1i, \u0111\u1ea1t ti\u00eau chu\u1ea9n ISO 22000:2018.<\/p>\n<p>B\u1ee5p Gi\u1ea5m (Hibiscus) \u0110\u00f3ng Lon NIF 560g \u0111\u01b0\u1ee3c l\u1ef1a ch\u1ecdn t\u1eeb nh\u1eefng b\u00fap hoa atiso \u0111\u1ecf t\u01b0\u01a1i tr\u1ea3i qua qu\u00e1 tr\u00ecnh x\u1eed l\u00fd \u0111\u1ec3 gi\u1eef l\u1ea1i m\u00e0u s\u1eafc t\u1ef1 nhi\u00ean c\u1ee7a hoa, b\u00fap hoa c\u0103ng m\u1ecdng t\u1ea1o th\u00e0nh m\u1ed9t lo\u1ea1i th\u1ee9c u\u1ed1ng th\u01a1m ngon. Hoa atiso ng\u00e2m c\u00f3 t\u00e1c d\u1ee5ng l\u00e0m th\u00f4ng \u0111\u01b0\u1eddng l\u01b0u th\u00f4ng m\u00e1u, ch\u1ed1ng x\u01a1 v\u1eefa \u0111\u1ed9ng m\u1ea1ch, m\u00e1t gan b\u1ed5 th\u1eadn&#8230;, x\u1ee9ng danh l\u00e0 vi\u00ean kim c\u01b0\u01a1ng \u0111\u1ecf trong c\u00e1c lo\u1ea1i th\u1ea3o m\u1ed9c.<\/p>\n<p><img decoding=\"async\" class=\"wp-image-30910 aligncenter\" src=\"https:\/\/havamall.com\/wp-content\/uploads\/2023\/03\/Screen-Shot-2023-03-30-at-5.11.23-PM-300x200.png\" alt=\"\" width=\"650\" height=\"433\" \/><\/p>\n<h2><strong>H\u01af\u1edaNG D\u1eaaN L\u00c0M TR\u00c0 B\u1ee4P GI\u1ea4M (ATISO \u0110\u1ece)<\/strong><\/h2>\n<h5><strong>NGUY\u00caN LI\u1ec6U<\/strong><\/h5>\n<p>&#8211; Puree d\u00e2u t\u00e2y: 20 ml<\/p>\n<p>&#8211; N\u01b0\u1edbc hoa atiso \u0111\u1ecf: 30 ml<\/p>\n<p>&#8211; B\u00f4ng atiso \u0111\u1ecf: 5 gr<\/p>\n<p>&#8211; Tr\u00e0 xanh hoa nh\u00e0i: 80 ml<\/p>\n<p>&#8211; D\u00e2u t\u00e2y t\u01b0\u01a1i: 1 fruit<\/p>\n<p>&#8211; \u0110\u00e1:120 gr<\/p>\n<p>&#8211; L\u00e1 b\u1ea1c h\u00e0: 1<\/p>\n<p><img decoding=\"async\" class=\"wp-image-30912 aligncenter\" src=\"https:\/\/havamall.com\/wp-content\/uploads\/2023\/03\/127811122_138293694744237_5420424578166596985_n-237x300.jpeg\" alt=\"\" width=\"656\" height=\"831\" \/><\/p>\n<h5><strong>C\u00c1CH L\u00c0M <\/strong><\/h5>\n<p>&#8211; Cho tr\u00e0 xanh hoa nh\u00e0i, puree d\u00e2u t\u00e2y, n\u01b0\u1edbc\u00a0hoa atiso \u0111\u1ecf, \u0111\u00e1 v\u00e0o c\u1ed1c shaker v\u00e0 l\u1eafc c\u1ed1c.<\/p>\n<p>&#8211; \u0110\u1ed5 h\u1ed7n h\u1ee3p tr\u00e0 v\u1eeba l\u1eafc ra, th\u00eam d\u00e2u t\u00e2y v\u00e0 hoa atiso \u0111\u1ecf l\u00ean tr\u00ean.<\/p>\n<p>&#8211; Trang tr\u00ed v\u1edbi b\u1ea1c h\u00e0 v\u00e0 th\u01b0\u1edfng th\u1ee9c.<\/p>\n<h2><strong>H\u01af\u1edaNG D\u1eaaN S\u1eec D\u1ee4NG:<\/strong><\/h2>\n<p>&#8211; D\u00f9ng nay sau khi m\u1edf h\u1ed9p, v\u1ecb chua ng\u1ecdt thanh m\u00e1t, b\u1ed5 d\u01b0\u1ee1ng, c\u00f3 th\u1ec3 d\u00f9ng chung v\u1edbi tr\u00e0, n\u01b0\u1edbc tr\u00e1i c\u00e2y. R\u1ea5t th\u00edch h\u1ee3p \u0111\u1ec3 trang tr\u00ed do c\u00f3 m\u00e0u \u0111\u1ecf b\u1eaft m\u1eaft.<\/p>\n<p>&#8211; Ngon h\u01a1n khi d\u00f9ng l\u1ea1nh.<\/p>","protected":false},"excerpt":{"rendered":"<p>&nbsp; TH\u00d4NG TIN CHUNG Th\u01b0\u01a1ng hi\u1ec7u NIF Xu\u1ea5t x\u1ee9 Vi\u1ec7t Nam Th\u00e0nh ph\u1ea7n Hoa b\u1ee5p gi\u1ea5m (hibiscus), n\u01b0\u1edbc, \u0111\u01b0\u1eddng H\u1ea1n<\/p>","protected":false},"featured_media":30913,"comment_status":"open","ping_status":"closed","template":"","meta":[],"product_brand":[],"product_cat":[36,143],"product_tag":[],"class_list":{"0":"post-30909","1":"product","2":"type-product","3":"status-publish","4":"has-post-thumbnail","6":"product_cat-thuc-pham-tieu-dung","7":"product_cat-thuc-pham-dong-hop","8":"pa_brand-nif","10":"first","11":"outofstock","12":"sale","13":"shipping-taxable","14":"purchasable","15":"product-type-simple"},"_links":{"self":[{"href":"https:\/\/havamall.com\/en\/wp-json\/wp\/v2\/product\/30909","targetHints":{"allow":["GET"]}}],"collection":[{"href":"https:\/\/havamall.com\/en\/wp-json\/wp\/v2\/product"}],"about":[{"href":"https:\/\/havamall.com\/en\/wp-json\/wp\/v2\/types\/product"}],"replies":[{"embeddable":true,"href":"https:\/\/havamall.com\/en\/wp-json\/wp\/v2\/comments?post=30909"}],"version-history":[{"count":0,"href":"https:\/\/havamall.com\/en\/wp-json\/wp\/v2\/product\/30909\/revisions"}],"wp:featuredmedia":[{"embeddable":true,"href":"https:\/\/havamall.com\/en\/wp-json\/wp\/v2\/media\/30913"}],"wp:attachment":[{"href":"https:\/\/havamall.com\/en\/wp-json\/wp\/v2\/media?parent=30909"}],"wp:term":[{"taxonomy":"product_brand","embeddable":true,"href":"https:\/\/havamall.com\/en\/wp-json\/wp\/v2\/product_brand?post=30909"},{"taxonomy":"product_cat","embeddable":true,"href":"https:\/\/havamall.com\/en\/wp-json\/wp\/v2\/product_cat?post=30909"},{"taxonomy":"product_tag","embeddable":true,"href":"https:\/\/havamall.com\/en\/wp-json\/wp\/v2\/product_tag?post=30909"}],"curies":[{"name":"wp","href":"https:\/\/api.w.org\/{rel}","templated":true}]}}