{"id":31052,"date":"2023-04-12T15:09:45","date_gmt":"2023-04-12T08:09:45","guid":{"rendered":"https:\/\/havamall.com\/?post_type=product&#038;p=31052"},"modified":"2025-08-20T17:13:37","modified_gmt":"2025-08-20T10:13:37","slug":"nuoc-sot-nhat-ban-teriyaki-cay-%e3%82%b9%e3%83%91%e3%82%a4%e3%82%b7%e3%83%bc%e7%85%a7%e3%82%8a%e7%84%bc%e3%81%8d%e3%81%ae%e3%81%9f%e3%82%8c","status":"publish","type":"product","link":"https:\/\/havamall.com\/en\/shop\/nuoc-sot-nhat-ban-teriyaki-cay-%e3%82%b9%e3%83%91%e3%82%a4%e3%82%b7%e3%83%bc%e7%85%a7%e3%82%8a%e7%84%bc%e3%81%8d%e3%81%ae%e3%81%9f%e3%82%8c\/","title":{"rendered":"N\u01b0\u1edbc s\u1ed1t Nh\u1eadt B\u1ea3n Teriyaki Cay \u30b9\u30d1\u30a4\u30b7\u30fc\u7167\u308a\u713c\u304d\u306e\u305f\u308c"},"content":{"rendered":"<h2><\/h2>\n<h2><strong>TH\u00d4NG TIN CHUNG<\/strong><\/h2>\n<table>\n<tbody>\n<tr>\n<td>Th\u01b0\u01a1ng hi\u1ec7u<\/td>\n<td>Dashi Lab<\/td>\n<\/tr>\n<tr>\n<td>Xu\u1ea5t x\u1ee9<\/td>\n<td>Vi\u1ec7t Nam<\/td>\n<\/tr>\n<tr>\n<td>Th\u00e0nh ph\u1ea7n<\/td>\n<td>\u0110\u01b0\u1eddng, N\u01b0\u1edbc t\u01b0\u01a1ng l\u00ean men t\u1ef1 nhi\u00ean (31%), N\u01b0\u1edbc, Gi\u1ea5m t\u00e1o, Gia v\u1ecb n\u1ea5u \u0103n Hon Mirin Umami, Ch\u1ea5t \u1ed5n \u0111\u1ecbnh (E1422, E415), \u1edat, T\u01b0\u01a1ng Miso \u0111\u1ecf (1%), Mu\u1ed1i I-\u1ed1t, Oleoresin Capsicum, M\u00e0u t\u1ed5ng h\u1ee3p (Caramen nguy\u00ean ch\u1ea5t), G\u1eebng, Chi\u1ebft xu\u1ea5t n\u1ea5m men. S\u1ea3n ph\u1ea9m c\u00f3 ch\u1ee9a \u0111\u1eadu n\u00e0nh, l\u00faa m\u00ec.<\/td>\n<\/tr>\n<tr>\n<td>H\u1ea1n s\u1eed d\u1ee5ng<\/td>\n<td>12 th\u00e1ng k\u1ec3 t\u1eeb ng\u00e0y s\u1ea3n xu\u1ea5t<\/td>\n<\/tr>\n<tr>\n<td>B\u1ea3o qu\u1ea3n<\/td>\n<td>B\u1ea3o qu\u1ea3n n\u01a1i kh\u00f4 r\u00e1o, tho\u00e1ng m\u00e1t, tr\u00e1nh \u00e1nh n\u1eafng tr\u1ef1c ti\u1ebfp. Sau khi m\u1edf bao b\u00ec, \u0111\u00f3ng k\u00edn, b\u1ea3o qu\u1ea3n trong ng\u0103n m\u00e1t t\u1ee7 l\u1ea1nh v\u00e0 s\u1eed d\u1ee5ng trong th\u1eddi gian s\u1edbm nh\u1ea5t.<\/td>\n<\/tr>\n<tr>\n<td>Kh\u1ed1i l\u01b0\u1ee3ng<\/td>\n<td>T\u00fai 80g, chai 340g<\/td>\n<\/tr>\n<\/tbody>\n<\/table>\n<h2><strong>TH\u00d4NG TIN TH\u01af\u01a0NG H\u1ec6U<\/strong><\/h2>\n<p>Dashi Lab Ra \u0111\u1eddi n\u0103m 2018 v\u1edbi s\u1ee9 m\u1ec7nh mang h\u01b0\u01a1ng v\u1ecb Nh\u1eadt B\u1ea3n lan t\u1ecfa tr\u00ean c\u1ea3 th\u1ebf gi\u1edbi.\u00a0Dashi Lab l\u00e0 c\u00f4ng ty ti\u00ean phong trong vi\u1ec7c ph\u00e1t tri\u1ec3n c\u00e1c s\u1ea3n ph\u1ea9m gia v\u1ecb, n\u01b0\u1edbc d\u00f9ng, n\u01b0\u1edbc s\u1ed1t Nh\u1eadt B\u1ea3n t\u1ea1i Vi\u1ec7t Nam.<\/p>\n<p><img fetchpriority=\"high\" decoding=\"async\" class=\"wp-image-31007 aligncenter\" src=\"https:\/\/havamall.com\/wp-content\/uploads\/2023\/04\/sketch-horizontal-photo-300x227.png\" alt=\"\" width=\"681\" height=\"515\" \/><\/p>\n<p>S\u1ea3n ph\u1ea9m c\u1ee7a Dashi Lab \u0111\u01b0\u1ee3c t\u1ea1o ra b\u1edfi \u0111\u1ed9i ng\u0169 R&amp;D bao g\u1ed3m chuy\u00ean gia ng\u01b0\u1eddi Nh\u1eadt, c\u00f9ng vi\u1ec7c ki\u1ec3m so\u00e1t kh\u1eaft khe ch\u1ea5t l\u01b0\u1ee3ng s\u1ea3n ph\u1ea9m trong kh\u00e2u s\u1ea3n xu\u1ea5t. Dashi Lab mang \u0111\u1ebfn cho ng\u01b0\u1eddi ti\u00eau d\u00f9ng Vi\u1ec7t Nam d\u00f2ng s\u1ea3n ph\u1ea9m gia v\u1ecb Nh\u1eadt B\u1ea3n ch\u1ea5t l\u01b0\u1ee3ng cao, \u0111\u1ec1 cao h\u01b0\u01a1ng v\u1ecb nguy\u00ean b\u1ea3n theo ti\u00eau chu\u1ea9n ch\u1ea5t l\u01b0\u1ee3ng Nh\u1eadt B\u1ea3n.<\/p>\n<p>Dashi Lab c\u00f2n nh\u1eadn \u0111\u01b0\u1ee3c s\u1ef1 y\u00eau th\u00edch v\u00e0 tin d\u00f9ng t\u1eeb c\u00e1c \u0111\u1ed1i t\u00e1c kh\u00e1ch h\u00e0ng B2B nh\u01b0 nh\u00e0 m\u00e1y th\u1ef1c ph\u1ea9m, nh\u00e0 h\u00e0ng, th\u1ecb tr\u01b0\u1eddng n\u01b0\u1edbc ngo\u00e0i, v.v cho c\u00e1c s\u1ea3n ph\u1ea9m c\u1ee7a m\u00ecnh.<\/p>\n<p><img decoding=\"async\" class=\"wp-image-31008 aligncenter\" src=\"https:\/\/havamall.com\/wp-content\/uploads\/2023\/04\/337690586_224648323471310_4344584842718903423_n-300x247.jpg\" alt=\"\" width=\"687\" height=\"566\" \/><\/p>\n<h2><strong>N\u01af\u1edaC S\u1ed0T NH\u1eacT B\u1ea2N TERIYAKI CAY\u00a0<\/strong><\/h2>\n<p>N\u01b0\u1edbc s\u1ed1t Nh\u1eadt B\u1ea3n\u00a0Teriyaki Cay\u00a0c\u1ee7a Dashi Lab l\u00e0 m\u1ed9t bi\u1ebfn t\u1ea5u ng\u1eabu h\u1ee9ng tuy\u1ec7t ngon tr\u00ean n\u1ec1n s\u1ed1t Teriyaki truy\u1ec1n th\u1ed1ng n\u1ed5i ti\u1ebfng Nh\u1eadt B\u1ea3n. M\u00f3n \u0103n khi s\u1eed d\u1ee5ng s\u1ed1t Teriyaki Cay v\u1eeba \u0111\u1ea7y \u1eafp v\u1ecb Umami t\u1eeb n\u01b0\u1edbc t\u01b0\u01a1ng l\u00ean men t\u1ef1 nhi\u00ean v\u00e0 t\u01b0\u01a1ng Miso \u0111\u1ecf Nh\u1eadt B\u1ea3n, v\u1eeba c\u00f3 v\u1ecb cay k\u00edch th\u00edch v\u1ecb gi\u00e1c.<\/p>\n<p>\u0110\u1eb7c bi\u1ec7t, s\u1ed1t Teriyaki c\u00f2n gi\u00fap m\u00f3n \u0103n c\u00f2 m\u00e0u n\u00e2u \u0111\u1ecf \u00f3ng \u00e1nh v\u00f4 c\u00f9ng \u0111\u1eb9p m\u1eaft, l\u00e0 gia v\u1ecb ph\u00f9 h\u1ee3p v\u1edbi c\u00e1c m\u00f3n th\u1ecbt (\u0111\u1eb7c bi\u1ec7t l\u00e0 th\u1ecbt g\u00e0, s\u01b0\u1eddn non), h\u1ea3i s\u1ea3n, rau c\u1ee7 t\u00f9y th\u00edch.<\/p>\n<p><img decoding=\"async\" class=\"wp-image-31053 aligncenter\" src=\"https:\/\/havamall.com\/wp-content\/uploads\/2023\/04\/318154966_591729196090940_5328877728688458692_n-300x300.jpeg\" alt=\"\" width=\"691\" height=\"691\" \/><\/p>\n<p>C\u00e1c m\u00f3n \u0103n v\u1edbi x\u1ed1t Teriyaki v\u00f4 c\u00f9ng phong ph\u00fa v\u1edbi nhi\u1ec1u lo\u1ea1i nguy\u00ean li\u1ec7u \u0111a d\u1ea1ng t\u1eeb c\u00e1 thu, c\u00e1 ng\u1eeb, c\u00e1 h\u1ed3i,\u2026 \u0111\u1ebfn c\u00e1c lo\u1ea1i th\u1ecbt g\u00e0, th\u1ecbt b\u00f2, th\u1ecbt heo,\u2026 B\u00ed quy\u1ebft c\u1ee7a nh\u1eefng m\u00f3n n\u00e0y ch\u00ednh l\u00e0 d\u00f9ng\u00a0s\u1ed1t Teriyaki\u00a0gi\u00fap m\u00f3n \u0103n c\u00f3 v\u1ecb th\u01a1m ngon \u0111\u1eadm \u0111\u00e0 chu\u1ea9n Nh\u1eadt B\u1ea3n.<\/p>\n<p><img loading=\"lazy\" decoding=\"async\" class=\"wp-image-31054 aligncenter\" src=\"https:\/\/havamall.com\/wp-content\/uploads\/2023\/04\/50395128_354419955150556_6264898280178581504_n-300x199.jpeg\" alt=\"\" width=\"691\" height=\"458\" \/><\/p>\n<p>Ngu\u1ed3n g\u1ed1c c\u1ee7a t\u00ean lo\u1ea1i s\u1ed1t mang \u00fd ngh\u0129a \u0111\u1eb7c bi\u1ec7t g\u1ee3i nh\u1edb t\u1edbi m\u1ed9t ph\u01b0\u01a1ng ph\u00e1p n\u1ea5u \u0103n &#8211; Teriyaki l\u00e0 m\u1ed9t ph\u01b0\u01a1ng ph\u00e1p n\u1ea5u \u0103n \u1edf Nh\u1eadt B\u1ea3n r\u1ea5t n\u1ed5i ti\u1ebfng kh\u00f4ng ch\u1ec9 \u1edf \u0111\u1ea5t n\u01b0\u1edbc n\u00e0y m\u00e0 c\u00f2n \u1edf nhi\u1ec1u n\u01a1i kh\u00e1c tr\u00ean th\u1ebf gi\u1edbi. T\u1eeb &#8220;teriyaki&#8221; b\u1eaft ngu\u1ed3n t\u1eeb danh t\u1eeb &#8220;teri&#8221; c\u00f3 ngh\u0129a l\u00e0 s\u1ef1 t\u1ecfa s\u00e1ng &#8211; n\u00f3i \u0111\u1ebfn n\u01b0\u1edbc b\u00f3ng tr\u00ean m\u00f3n \u0103n, v\u00e0 &#8220;yaki&#8221; c\u00f3 ngh\u0129a l\u00e0 n\u01b0\u1edbng. Lo\u1ea1i s\u1ed1t \u01b0\u1edbp n\u1ed5i ti\u1ebfng n\u00e0y c\u00f3 v\u1ecb ng\u1ecdt cay d\u1ecbu c\u00f3 th\u1ec3 k\u1ebft h\u1ee3p cho nhi\u1ec1u m\u00f3n \u0103n v\u00e0 nguy\u00ean li\u1ec7u nh\u01b0 th\u1ecbt g\u00e0, th\u1ecbt b\u00f2, c\u1eebu\u2026Ng\u01b0\u1eddi ta d\u00f9ng s\u1ed1t ph\u1ebft l\u00ean nguy\u00ean li\u1ec7u r\u1ed3i n\u01b0\u1edbng ho\u1eb7c \u01b0\u1edbp l\u00e0m m\u00f3n n\u01b0\u1edbng than hoa, b\u1ecf l\u00f2 ho\u1eb7c \u00e1p ch\u1ea3o theo s\u1edf th\u00edch.<\/p>\n<p><img loading=\"lazy\" decoding=\"async\" class=\"wp-image-31055 aligncenter\" src=\"https:\/\/havamall.com\/wp-content\/uploads\/2023\/04\/293023377_1128319657760578_117968365460777133_n-300x300.jpeg\" alt=\"\" width=\"702\" height=\"702\" \/><\/p>\n<p>N\u01b0\u1edbc S\u1ed1t Nh\u1eadt B\u1ea3nTeriyaki Cay\u00a0v\u1edbi\u00a0th\u00e0nh ph\u1ea7n h\u01b0\u01a1ng t\u1ef1 nhi\u00ean v\u1edbi v\u1ecb ng\u1ecdt thanh, \u0111\u1eadm \u0111\u00e0 v\u00e0 \u0111\u1ed9 s\u00e1ch m\u1ecbn \u0111\u1eb7c tr\u01b0ng l\u00e0 tr\u1ee3 th\u1ee7 \u0111\u1eafc l\u1ef1c c\u1ee7a c\u00e1c b\u00e0 n\u1ed9i tr\u1ee3 Nh\u1eadt B\u1ea3n khi ch\u1ebf bi\u1ebfn c\u00e1c m\u00f3n \u0103n nh\u01b0 kho, chi\u00ean hay m\u00f3n n\u01b0\u1edbng.<\/p>\n<p>S\u1ed1t \u01b0\u1edbp Teriyaki gi\u00fap m\u00f3n \u0103n \u0111\u1eadm \u0111\u00e0, ng\u1eady v\u1ecb v\u00e0 tuy\u1ec7t \u0111\u1ed1i an to\u00e0n v\u1edbi s\u1ee9c kh\u1ecfe ng\u01b0\u1eddi d\u00f9ng. Ch\u00ednh v\u00ec th\u1ebf s\u1ed1t \u01b0\u1edbp Teriyaki kh\u00f4ng ch\u1ec9 n\u1ed5i ti\u1ebfng \u1edf Nh\u1eadt B\u1ea3n m\u00e0 c\u00f2n chinh ph\u1ee5c th\u1ef1c kh\u00e1ch t\u1ea1i h\u01a1n 100 qu\u1ed1c gia tr\u00ean to\u00e0n th\u1ebf gi\u1edbi.<\/p>\n<p><img loading=\"lazy\" decoding=\"async\" class=\"wp-image-31056 aligncenter\" src=\"https:\/\/havamall.com\/wp-content\/uploads\/2023\/04\/308647096_536531224944071_4467764095201764148_n-300x300.jpeg\" alt=\"\" width=\"706\" height=\"706\" \/><\/p>\n<h2><strong>\u0110\u1eb6C \u0110I\u1ec2M N\u1ed4I B\u1eacT C\u1ee6A N\u01af\u1edaC S\u1ed0T NH\u1eacT B\u1ea2N TERIYAKI CAY\u00a0<\/strong><\/h2>\n<ul>\n<li>S\u1ea3n ph\u1ea9m ho\u00e0n to\u00e0n KH\u00d4NG s\u1eed d\u1ee5ng ch\u1ea5t b\u1ea3o qu\u1ea3n, KH\u00d4NG th\u00eam b\u1ed9t ng\u1ecdt<\/li>\n<li>An to\u00e0n cho s\u1ee9c kh\u1ecfe c\u1ee7a c\u1ea3 gia \u0111\u00ecnh.<\/li>\n<li>Chay &amp; M\u1eb7n \u0111\u1ec1u d\u00f9ng \u0111\u01b0\u1ee3c.<\/li>\n<li><strong>FUSION JAPANESE TASTE:<\/strong>\u00a0h\u01b0\u01a1ng v\u1ecb th\u01a1m ngon t\u1eeb s\u1ed1t Teriyaki truy\u1ec1n th\u1ed1ng Nh\u1eadt B\u1ea3n th\u00eam ch\u00fat v\u1ecb cay k\u00edch th\u00edch v\u1ecb gi\u00e1c.<\/li>\n<\/ul>\n<h2><img loading=\"lazy\" decoding=\"async\" class=\"wp-image-31057 aligncenter\" src=\"https:\/\/havamall.com\/wp-content\/uploads\/2023\/04\/274693931_1041896299736248_1061263905582287079_n-300x300.jpeg\" alt=\"\" width=\"695\" height=\"695\" \/><\/h2>\n<h2><strong>H\u01af\u1edaNG D\u1eaaN S\u1eec D\u1ee4NG<\/strong><\/h2>\n<p>&#8211; D\u00f9ng \u0111\u1ec3 \u01b0\u1edbp ho\u1eb7c qu\u1ebft l\u00ean th\u1ecbt khi n\u01b0\u1edbng, x\u00e0o, \u00e1p ch\u1ea3o. Th\u00edch h\u1ee3p v\u1edbi nhi\u1ec1u lo\u1ea1i th\u1ecbt, h\u1ea3i s\u1ea3n, rau c\u1ee7. Ngo\u00e0i ra c\u00f2n \u0111\u01b0\u1ee3c d\u00f9ng nh\u01b0 m\u1ed9t lo\u1ea1i n\u01b0\u1edbc ch\u1ea5m.<\/p>\n<p>&#8211; C\u00e1ch d\u00f9ng: \u01af\u1edbp N\u01b0\u1edbc s\u1ed1t Nh\u1eadt B\u1ea3n Teriyaki Cay v\u1edbi th\u1ecbt theo t\u1ef7 l\u1ec7 (1:5) ho\u1eb7c s\u1eed d\u1ee5ng li\u1ec1u l\u01b0\u1ee3ng s\u1ed1t \u0111\u1ebfn khi c\u1ea3m th\u1ea5y v\u1eeba \u0103n. T\u00f9y v\u00e0o nguy\u00ean li\u1ec7u th\u1eddi gian \u01b0\u1edbp s\u1ebd kh\u00e1c nhau, kho\u1ea3ng 10-30 ph\u00fat<\/p>","protected":false},"excerpt":{"rendered":"<p>TH\u00d4NG TIN CHUNG Th\u01b0\u01a1ng hi\u1ec7u Dashi Lab Xu\u1ea5t x\u1ee9 Vi\u1ec7t Nam Th\u00e0nh ph\u1ea7n \u0110\u01b0\u1eddng, N\u01b0\u1edbc t\u01b0\u01a1ng l\u00ean men t\u1ef1 nhi\u00ean<\/p>","protected":false},"featured_media":31101,"comment_status":"open","ping_status":"closed","template":"","meta":[],"product_brand":[],"product_cat":[36],"product_tag":[],"class_list":{"0":"post-31052","1":"product","2":"type-product","3":"status-publish","4":"has-post-thumbnail","6":"product_cat-thuc-pham-tieu-dung","7":"pa_brand-dashi-lad","9":"first","10":"outofstock","11":"sale","12":"shipping-taxable","13":"purchasable","14":"product-type-variable"},"_links":{"self":[{"href":"https:\/\/havamall.com\/en\/wp-json\/wp\/v2\/product\/31052","targetHints":{"allow":["GET"]}}],"collection":[{"href":"https:\/\/havamall.com\/en\/wp-json\/wp\/v2\/product"}],"about":[{"href":"https:\/\/havamall.com\/en\/wp-json\/wp\/v2\/types\/product"}],"replies":[{"embeddable":true,"href":"https:\/\/havamall.com\/en\/wp-json\/wp\/v2\/comments?post=31052"}],"version-history":[{"count":0,"href":"https:\/\/havamall.com\/en\/wp-json\/wp\/v2\/product\/31052\/revisions"}],"wp:featuredmedia":[{"embeddable":true,"href":"https:\/\/havamall.com\/en\/wp-json\/wp\/v2\/media\/31101"}],"wp:attachment":[{"href":"https:\/\/havamall.com\/en\/wp-json\/wp\/v2\/media?parent=31052"}],"wp:term":[{"taxonomy":"product_brand","embeddable":true,"href":"https:\/\/havamall.com\/en\/wp-json\/wp\/v2\/product_brand?post=31052"},{"taxonomy":"product_cat","embeddable":true,"href":"https:\/\/havamall.com\/en\/wp-json\/wp\/v2\/product_cat?post=31052"},{"taxonomy":"product_tag","embeddable":true,"href":"https:\/\/havamall.com\/en\/wp-json\/wp\/v2\/product_tag?post=31052"}],"curies":[{"name":"wp","href":"https:\/\/api.w.org\/{rel}","templated":true}]}}