{"id":31077,"date":"2023-04-12T16:49:29","date_gmt":"2023-04-12T09:49:29","guid":{"rendered":"https:\/\/havamall.com\/?post_type=product&#038;p=31077"},"modified":"2025-12-03T04:09:49","modified_gmt":"2025-12-02T21:09:49","slug":"mi-konjak-soba-nhat-ban-cao-cap-ogawa-seimen-150g-x-3-%e5%b0%8f%e5%b7%9d%e8%a3%bd%e9%ba%ba%e8%92%9f%e8%92%bb%e3%81%9d%e3%81%b0-450g","status":"publish","type":"product","link":"https:\/\/havamall.com\/en\/shop\/mi-konjak-soba-nhat-ban-cao-cap-ogawa-seimen-150g-x-3-%e5%b0%8f%e5%b7%9d%e8%a3%bd%e9%ba%ba%e8%92%9f%e8%92%bb%e3%81%9d%e3%81%b0-450g\/","title":{"rendered":"M\u00ec Konjak Soba Nh\u1eadt B\u1ea3n Cao C\u1ea5p (Ogawa Seimen) 150g x 3 &#8211; \u5c0f\u5ddd\u88fd\u9eba\u849f\u84bb\u305d\u3070 450G"},"content":{"rendered":"<p>&nbsp;<\/p>\n<h2><strong>TH\u00d4NG TIN CHUNG<\/strong><\/h2>\n<table>\n<tbody>\n<tr>\n<td>Th\u01b0\u01a1ng hi\u1ec7u<\/td>\n<td>Dashi Lab<\/td>\n<\/tr>\n<tr>\n<td>Xu\u1ea5t x\u1ee9<\/td>\n<td>Vi\u1ec7t Nam<\/td>\n<\/tr>\n<tr>\n<td>Th\u00e0nh ph\u1ea7n<\/td>\n<td>B\u1ed9t l\u00faa m\u00ec, tinh b\u1ed9t (s\u1eafn, khoai t\u00e2y), b\u1ed9t ki\u1ec1u m\u1ea1ch, \u0111\u1ea1m l\u00faa m\u00ec, b\u1ed9t n\u01b0a, mu\u1ed1i<\/td>\n<\/tr>\n<tr>\n<td>H\u1ea1n s\u1eed d\u1ee5ng<\/td>\n<td>12 th\u00e1ng k\u1ec3 t\u1eeb ng\u00e0y s\u1ea3n xu\u1ea5t<\/td>\n<\/tr>\n<tr>\n<td>B\u1ea3o qu\u1ea3n<\/td>\n<td>B\u1ea3o qu\u1ea3n n\u01a1i kh\u00f4 r\u00e1o, tho\u00e1ng m\u00e1t, tr\u00e1nh \u00e1nh n\u1eafng tr\u1ef1c ti\u1ebfp.<\/td>\n<\/tr>\n<tr>\n<td>Kh\u1ed1i l\u01b0\u1ee3ng<\/td>\n<td>150g x 3 g\u00f3i<\/td>\n<\/tr>\n<\/tbody>\n<\/table>\n<h2><strong>TH\u00d4NG TIN TH\u01af\u01a0NG H\u1ec6U<\/strong><\/h2>\n<p>Dashi Lab Ra \u0111\u1eddi n\u0103m 2018 v\u1edbi s\u1ee9 m\u1ec7nh mang h\u01b0\u01a1ng v\u1ecb Nh\u1eadt B\u1ea3n lan t\u1ecfa tr\u00ean c\u1ea3 th\u1ebf gi\u1edbi.\u00a0Dashi Lab l\u00e0 c\u00f4ng ty ti\u00ean phong trong vi\u1ec7c ph\u00e1t tri\u1ec3n c\u00e1c s\u1ea3n ph\u1ea9m gia v\u1ecb, n\u01b0\u1edbc d\u00f9ng, n\u01b0\u1edbc s\u1ed1t Nh\u1eadt B\u1ea3n t\u1ea1i Vi\u1ec7t Nam.<\/p>\n<p><img fetchpriority=\"high\" decoding=\"async\" class=\"wp-image-31007 aligncenter\" src=\"https:\/\/havamall.com\/wp-content\/uploads\/2023\/04\/sketch-horizontal-photo-300x227.png\" alt=\"\" width=\"719\" height=\"544\" \/><\/p>\n<p>S\u1ea3n ph\u1ea9m c\u1ee7a Dashi Lab \u0111\u01b0\u1ee3c t\u1ea1o ra b\u1edfi \u0111\u1ed9i ng\u0169 R&amp;D bao g\u1ed3m chuy\u00ean gia ng\u01b0\u1eddi Nh\u1eadt, c\u00f9ng vi\u1ec7c ki\u1ec3m so\u00e1t kh\u1eaft khe ch\u1ea5t l\u01b0\u1ee3ng s\u1ea3n ph\u1ea9m trong kh\u00e2u s\u1ea3n xu\u1ea5t. Dashi Lab mang \u0111\u1ebfn cho ng\u01b0\u1eddi ti\u00eau d\u00f9ng Vi\u1ec7t Nam d\u00f2ng s\u1ea3n ph\u1ea9m gia v\u1ecb Nh\u1eadt B\u1ea3n ch\u1ea5t l\u01b0\u1ee3ng cao, \u0111\u1ec1 cao h\u01b0\u01a1ng v\u1ecb nguy\u00ean b\u1ea3n theo ti\u00eau chu\u1ea9n ch\u1ea5t l\u01b0\u1ee3ng Nh\u1eadt B\u1ea3n.<\/p>\n<p>Dashi Lab c\u00f2n nh\u1eadn \u0111\u01b0\u1ee3c s\u1ef1 y\u00eau th\u00edch v\u00e0 tin d\u00f9ng t\u1eeb c\u00e1c \u0111\u1ed1i t\u00e1c kh\u00e1ch h\u00e0ng B2B nh\u01b0 nh\u00e0 m\u00e1y th\u1ef1c ph\u1ea9m, nh\u00e0 h\u00e0ng, th\u1ecb tr\u01b0\u1eddng n\u01b0\u1edbc ngo\u00e0i, v.v cho c\u00e1c s\u1ea3n ph\u1ea9m c\u1ee7a m\u00ecnh.<\/p>\n<p><img decoding=\"async\" class=\"wp-image-31008 aligncenter\" src=\"https:\/\/havamall.com\/wp-content\/uploads\/2023\/04\/337690586_224648323471310_4344584842718903423_n-300x247.jpg\" alt=\"\" width=\"711\" height=\"586\" \/><\/p>\n<h2><strong>M\u00cc SOBA KONJAC NH\u1eacT B\u1ea2N CAO C\u1ea4P OGAWA SEIMEN<\/strong><\/h2>\n<p>S\u1ea3n ph\u1ea9m l\u00e0 l\u1ef1a ch\u1ecdn \u0111\u1ec3 \u0103n ki\u00eang, \u0103n Keto, Low carb khi c\u00f3 th\u00e0nh ph\u1ea7n b\u1ed9t ki\u1ec1u m\u1ea1ch v\u00e0 khoai n\u01b0a gi\u00fap c\u01a1 th\u1ec3 gi\u1ea3m h\u1ea5p th\u1ee5 tinh b\u1ed9t. Ngo\u00e0i ra, Konjac c\u00f2n h\u1ed7 tr\u1ee3 gi\u1ea3m cholesterol, ki\u1ec3m so\u00e1t l\u01b0\u1ee3ng \u0111\u01b0\u1eddng trong m\u00e1u, t\u0103ng s\u1ee9c kh\u1ecfe \u0111\u01b0\u1eddng ru\u1ed9t, h\u1ed7 tr\u1ee3 h\u1ec7 ti\u00eau h\u00f3a. (Tuy nhi\u00ean, s\u1ea3n ph\u1ea9m v\u1eabn ch\u1ee9a m\u1ed9t l\u01b0\u1ee3ng tinh b\u1ed9t nh\u1ea5t \u0111\u1ecbnh t\u1eeb l\u00faa m\u00ec, c\u1ea7n s\u1eed d\u1ee5ng \u1edf m\u1ee9c gi\u1edbi h\u1ea1n &lt;60g\/ng\u00e0y n\u1ebfu \u0103n ki\u00eang theo ph\u01b0\u01a1ng ph\u00e1p Keto.)<\/p>\n<p><img decoding=\"async\" class=\"wp-image-31078 aligncenter\" src=\"https:\/\/havamall.com\/wp-content\/uploads\/2023\/04\/279034785_1076781702914374_6088800722375384132_n-300x300.jpeg\" alt=\"\" width=\"715\" height=\"715\" \/><\/p>\n<p>Ngo\u00e0i ra, m\u00ec Soba Konjac c\u0169ng c\u00f3 th\u1eddi gian n\u1ea5u nhanh h\u01a1n c\u00e1c lo\u1ea1i m\u00ec c\u00f2n l\u1ea1i, gi\u00fap b\u1ea1n chu\u1ea9n b\u1ecb b\u1eefa \u0103n m\u1ed9t c\u00e1ch nhanh ch\u00f3ng v\u00e0 ti\u1ec7n l\u1ee3i trong m\u1ed9t ng\u00e0y b\u1eadn r\u1ed9n.<\/p>\n<p><img loading=\"lazy\" decoding=\"async\" class=\"wp-image-31079 aligncenter\" src=\"https:\/\/havamall.com\/wp-content\/uploads\/2023\/04\/299081125_1149122925680251_704635500159275720_n-300x300.jpeg\" alt=\"\" width=\"708\" height=\"708\" \/><\/p>\n<h2><strong>\u0110\u1eb6C \u0110I\u1ec2M N\u1ed4I B\u1eacT C\u1ee6A\u00a0M\u00cc SOBA KONJAC NH\u1eacT B\u1ea2N CAO C\u1ea4P OGAWA SEIMEN<\/strong><\/h2>\n<ul>\n<li><b>TH\u01af\u01a0NG HI\u1ec6U OGAWA<\/b><strong>\u00a0SEIMEN<\/strong>\u00a0<strong>Since 1887:<\/strong>\u00a0H\u01a1n 130 n\u0103m trong l\u1ecbch s\u1eed ng\u00e0nh s\u1ea3n xu\u1ea5t m\u00ec t\u1ea1i Nh\u1eadt B\u1ea3n. C\u00f4ng th\u1ee9c l\u00e0m m\u00ec truy\u1ec1n th\u1ed1ng \u0111\u01b0\u1ee3c th\u1ef1c hi\u1ec7n trong d\u00e2y chuy\u1ec1n hi\u1ec7n \u0111\u1ea1i, v\u00e0 \u0111\u01b0\u1ee3c ki\u1ec3m so\u00e1t ch\u1eb7t ch\u1ebd b\u1edfi nh\u1eefng ngh\u1ec7 nh\u00e2n l\u00e0nh ngh\u1ec1.<\/li>\n<li>S\u1eed d\u1ee5ng b\u1ed9t m\u00ec ch\u1ea5t l\u01b0\u1ee3ng h\u00e0ng \u0111\u1ea7u t\u1eeb c\u00e1c n\u01b0\u1edbc (M\u1ef9, Canada, \u00dac) \u0111\u1ec3 \u0111em \u0111\u1ebfn nh\u1eefng s\u1ee3i m\u00ec ngon nh\u1ea5t v\u1edbi ch\u1ea5t l\u01b0\u1ee3ng v\u01b0\u1ee3t tr\u1ed9i.<\/li>\n<li>Ch\u1ec9 s\u1eed d\u1ee5ng b\u1ed9t ki\u1ec1u m\u1ea1ch v\u00e0 b\u1ed9t khoai n\u01b0a ngu\u1ed3n g\u1ed1c Nh\u1eadt B\u1ea3n.<\/li>\n<li>S\u1ea3n ph\u1ea9m ho\u00e0n to\u00e0n KH\u00d4NG s\u1eed d\u1ee5ng ch\u1ea5t b\u1ea3o qu\u1ea3n, KH\u00d4NG ph\u1ea9m m\u00e0u t\u1ed5ng h\u1ee3p, KH\u00d4NG h\u01b0\u01a1ng li\u1ec7u nh\u00e2n t\u1ea1o.<\/li>\n<li>An to\u00e0n cho s\u1ee9c kh\u1ecfe c\u1ee7a c\u1ea3 gia \u0111\u00ecnh.<\/li>\n<li>Chay &amp; M\u1eb7n \u0111\u1ec1u d\u00f9ng \u0111\u01b0\u1ee3c.<\/li>\n<li>Th\u00edch h\u1ee3p cho m\u00f3n m\u00ec Soba n\u01b0\u1edbc, m\u00ec Soba l\u1ea1nh, m\u00ec Soba tr\u1ed9n, v.v<\/li>\n<li>Kh\u1ea9u ph\u1ea7n: 6-8 ng\u01b0\u1eddi \u0103n<\/li>\n<\/ul>\n<p><img loading=\"lazy\" decoding=\"async\" class=\"wp-image-31080 aligncenter\" src=\"https:\/\/havamall.com\/wp-content\/uploads\/2023\/04\/299311510_1149122349013642_1593909174839389449_n-300x300.jpeg\" alt=\"\" width=\"691\" height=\"691\" \/><\/p>","protected":false},"excerpt":{"rendered":"<p>&nbsp; TH\u00d4NG TIN CHUNG Th\u01b0\u01a1ng hi\u1ec7u Dashi Lab Xu\u1ea5t x\u1ee9 Vi\u1ec7t Nam Th\u00e0nh ph\u1ea7n B\u1ed9t l\u00faa m\u00ec, tinh b\u1ed9t (s\u1eafn,<\/p>","protected":false},"featured_media":31100,"comment_status":"open","ping_status":"closed","template":"","meta":[],"product_brand":[],"product_cat":[36],"product_tag":[],"class_list":{"0":"post-31077","1":"product","2":"type-product","3":"status-publish","4":"has-post-thumbnail","6":"product_cat-thuc-pham-tieu-dung","7":"pa_brand-dashi-lad","9":"first","10":"instock","11":"sale","12":"shipping-taxable","13":"purchasable","14":"product-type-simple"},"_links":{"self":[{"href":"https:\/\/havamall.com\/en\/wp-json\/wp\/v2\/product\/31077","targetHints":{"allow":["GET"]}}],"collection":[{"href":"https:\/\/havamall.com\/en\/wp-json\/wp\/v2\/product"}],"about":[{"href":"https:\/\/havamall.com\/en\/wp-json\/wp\/v2\/types\/product"}],"replies":[{"embeddable":true,"href":"https:\/\/havamall.com\/en\/wp-json\/wp\/v2\/comments?post=31077"}],"version-history":[{"count":0,"href":"https:\/\/havamall.com\/en\/wp-json\/wp\/v2\/product\/31077\/revisions"}],"wp:featuredmedia":[{"embeddable":true,"href":"https:\/\/havamall.com\/en\/wp-json\/wp\/v2\/media\/31100"}],"wp:attachment":[{"href":"https:\/\/havamall.com\/en\/wp-json\/wp\/v2\/media?parent=31077"}],"wp:term":[{"taxonomy":"product_brand","embeddable":true,"href":"https:\/\/havamall.com\/en\/wp-json\/wp\/v2\/product_brand?post=31077"},{"taxonomy":"product_cat","embeddable":true,"href":"https:\/\/havamall.com\/en\/wp-json\/wp\/v2\/product_cat?post=31077"},{"taxonomy":"product_tag","embeddable":true,"href":"https:\/\/havamall.com\/en\/wp-json\/wp\/v2\/product_tag?post=31077"}],"curies":[{"name":"wp","href":"https:\/\/api.w.org\/{rel}","templated":true}]}}