{"id":31082,"date":"2023-04-12T17:09:31","date_gmt":"2023-04-12T10:09:31","guid":{"rendered":"https:\/\/havamall.com\/?post_type=product&#038;p=31082"},"modified":"2023-05-10T15:16:12","modified_gmt":"2023-05-10T08:16:12","slug":"mi-udon-nhat-ban-ogawa-seimen-200g-%e5%b0%8f%e5%b7%9d%e8%a3%bd%e9%ba%b5%e3%81%86%e3%81%a9%e3%82%93","status":"publish","type":"product","link":"https:\/\/havamall.com\/en\/shop\/mi-udon-nhat-ban-ogawa-seimen-200g-%e5%b0%8f%e5%b7%9d%e8%a3%bd%e9%ba%b5%e3%81%86%e3%81%a9%e3%82%93\/","title":{"rendered":"M\u00ec Udon Nh\u1eadt B\u1ea3n (Ogawa Seimen) 200g &#8211; \u5c0f\u5ddd\u88fd\u9eb5\u3046\u3069\u3093"},"content":{"rendered":"<div class=\"edgtf-single-product-content\">\n<div><\/div>\n<div class=\"woocommerce-product-gallery woocommerce-product-gallery--with-images woocommerce-product-gallery--columns-3 images\"><strong style=\"color: #1b1919;font-family: Karla, Arial, Helvetica, sans-serif;font-size: 24px\">TH\u00d4NG TIN CHUNG<\/strong><\/div>\n<\/div>\n<table>\n<tbody>\n<tr>\n<td>Th\u01b0\u01a1ng hi\u1ec7u<\/td>\n<td>Dashi Lab<\/td>\n<\/tr>\n<tr>\n<td>Xu\u1ea5t x\u1ee9<\/td>\n<td>Vi\u1ec7t Nam<\/td>\n<\/tr>\n<tr>\n<td>Th\u00e0nh ph\u1ea7n<\/td>\n<td>B\u1ed9t l\u00faa m\u00ec, \u0111\u1ea1m l\u00faa m\u00ec, mu\u1ed1i,&#8230;<\/td>\n<\/tr>\n<tr>\n<td>H\u1ea1n s\u1eed d\u1ee5ng<\/td>\n<td>12 th\u00e1ng k\u1ec3 t\u1eeb ng\u00e0y s\u1ea3n xu\u1ea5t<\/td>\n<\/tr>\n<tr>\n<td>B\u1ea3o qu\u1ea3n<\/td>\n<td>B\u1ea3o qu\u1ea3n n\u01a1i kh\u00f4 r\u00e1o, tho\u00e1ng m\u00e1t, tr\u00e1nh \u00e1nh n\u1eafng tr\u1ef1c ti\u1ebfp.<\/td>\n<\/tr>\n<tr>\n<td>Kh\u1ed1i l\u01b0\u1ee3ng<\/td>\n<td>200g<\/td>\n<\/tr>\n<\/tbody>\n<\/table>\n<h2><strong>TH\u00d4NG TIN TH\u01af\u01a0NG H\u1ec6U<\/strong><\/h2>\n<p>Dashi Lab Ra \u0111\u1eddi n\u0103m 2018 v\u1edbi s\u1ee9 m\u1ec7nh mang h\u01b0\u01a1ng v\u1ecb Nh\u1eadt B\u1ea3n lan t\u1ecfa tr\u00ean c\u1ea3 th\u1ebf gi\u1edbi.\u00a0Dashi Lab l\u00e0 c\u00f4ng ty ti\u00ean phong trong vi\u1ec7c ph\u00e1t tri\u1ec3n c\u00e1c s\u1ea3n ph\u1ea9m gia v\u1ecb, n\u01b0\u1edbc d\u00f9ng, n\u01b0\u1edbc s\u1ed1t Nh\u1eadt B\u1ea3n t\u1ea1i Vi\u1ec7t Nam.<\/p>\n<p><img fetchpriority=\"high\" decoding=\"async\" class=\"wp-image-31007 aligncenter\" src=\"https:\/\/havamall.com\/wp-content\/uploads\/2023\/04\/sketch-horizontal-photo-300x227.png\" alt=\"\" width=\"706\" height=\"534\" \/><\/p>\n<p>S\u1ea3n ph\u1ea9m c\u1ee7a Dashi Lab \u0111\u01b0\u1ee3c t\u1ea1o ra b\u1edfi \u0111\u1ed9i ng\u0169 R&amp;D bao g\u1ed3m chuy\u00ean gia ng\u01b0\u1eddi Nh\u1eadt, c\u00f9ng vi\u1ec7c ki\u1ec3m so\u00e1t kh\u1eaft khe ch\u1ea5t l\u01b0\u1ee3ng s\u1ea3n ph\u1ea9m trong kh\u00e2u s\u1ea3n xu\u1ea5t. Dashi Lab mang \u0111\u1ebfn cho ng\u01b0\u1eddi ti\u00eau d\u00f9ng Vi\u1ec7t Nam d\u00f2ng s\u1ea3n ph\u1ea9m gia v\u1ecb Nh\u1eadt B\u1ea3n ch\u1ea5t l\u01b0\u1ee3ng cao, \u0111\u1ec1 cao h\u01b0\u01a1ng v\u1ecb nguy\u00ean b\u1ea3n theo ti\u00eau chu\u1ea9n ch\u1ea5t l\u01b0\u1ee3ng Nh\u1eadt B\u1ea3n.<\/p>\n<p>Dashi Lab c\u00f2n nh\u1eadn \u0111\u01b0\u1ee3c s\u1ef1 y\u00eau th\u00edch v\u00e0 tin d\u00f9ng t\u1eeb c\u00e1c \u0111\u1ed1i t\u00e1c kh\u00e1ch h\u00e0ng B2B nh\u01b0 nh\u00e0 m\u00e1y th\u1ef1c ph\u1ea9m, nh\u00e0 h\u00e0ng, th\u1ecb tr\u01b0\u1eddng n\u01b0\u1edbc ngo\u00e0i, v.v cho c\u00e1c s\u1ea3n ph\u1ea9m c\u1ee7a m\u00ecnh.<\/p>\n<h2><strong>M\u00cc UDON NH\u1eacT B\u1ea2N CAO C\u1ea4P OGAWA SEIMEN<\/strong><\/h2>\n<p class=\"ce-element ce-element--type-text\">Nh\u1eafc \u0111\u1ebfn m\u00ec Nh\u1eadt B\u1ea3n th\u00ec kh\u00f4ng th\u1ec3 kh\u00f4ng nh\u1eafc t\u1edbi m\u00f3n m\u00ec Udon, \u0111\u00e2y \u0111\u01b0\u1ee3c xem l\u00e0 m\u00f3n m\u00ec qu\u1ed1c t\u00fay c\u1ee7a n\u1ec1n \u1ea9m th\u1ef1c x\u1ee9 s\u1edf hoa anh \u0111\u00e0o.\u00a0Udon c\u00f3 ngu\u1ed3n g\u1ed1c t\u1eeb Kagawa \u2013 \u0110\u00f4ng B\u1eafc n\u01b0\u1edbc Nh\u1eadt. C\u00f9ng v\u1edbi Soba, Ramen, Udon l\u00e0 nh\u1eefng m\u00f3n m\u00ec \u0111\u01b0\u1ee3c ng\u01b0\u1eddi Nh\u1eadt v\u00e0 nhi\u1ec1u th\u1ef1c kh\u00e1ch n\u01b0\u1edbc ngo\u00e0i v\u00f4 c\u00f9ng \u01b0a chu\u1ed9ng.<\/p>\n<p><img decoding=\"async\" class=\"wp-image-31083 aligncenter\" src=\"https:\/\/havamall.com\/wp-content\/uploads\/2023\/04\/279065295_1076781779581033_7886963280318457447_n-300x300.jpeg\" alt=\"\" width=\"705\" height=\"705\" \/><\/p>\n<p>M\u00ec Udon t\u1ea1i Nh\u1eadt c\u00f3 r\u1ea5t nhi\u1ec1u bi\u1ebfn th\u1ec3, t\u00f9y v\u00e0o v\u00f9ng mi\u1ec1n, \u0111\u1ecba ph\u01b0\u01a1ng v\u00e0 th\u1eddi ti\u1ebft kh\u00e1c nhau m\u00e0 s\u1ee3i m\u00ec c\u0169ng c\u00f3 h\u00ecnh d\u1ea1ng kh\u00e1c nhau \u0111\u1ec3 ph\u00f9 h\u1ee3p v\u1edbi m\u00f3n m\u00ec n\u00f3ng hay m\u00ec l\u1ea1nh. S\u1ee3i m\u00ec Udon m\u1ecfng h\u01a1n s\u1ebd d\u1ec5 \u0103n v\u00e0 c\u00e0ng ngon h\u01a1n khi d\u00f9ng l\u1ea1nh ho\u1eb7c ch\u1ea5m s\u00fap.<\/p>\n<p>M\u00ec Udon c\u1ee7a Ogawa Seimen l\u00e0 lo\u1ea1i m\u00ec Udon s\u1ee3i d\u1eb9t, c\u00f3 \u0111\u1ed9 d\u00e0y v\u1eeba ph\u1ea3i ph\u00f9 h\u1ee3p v\u1edbi c\u1ea3 m\u00f3n m\u00ec n\u00f3ng v\u00e0 l\u1ea1nh, r\u1ea5t \u0111\u01b0\u1ee3c \u01b0a chu\u1ed9ng t\u1ea1i Nh\u1eadt B\u1ea3n. S\u1ee3i m\u00ec khi n\u1ea5u ch\u00edn c\u00f3 \u0111\u1ed9 d\u1ebbo dai v\u00e0 th\u01a1m ngon \u0111\u1eb7c tr\u01b0ng, \u0103n c\u00f9ng n\u01b0\u1edbc s\u00fap h\u00f2a quy\u1ec7n \u0111\u1eadm \u0111\u00e0.<\/p>\n<p><img decoding=\"async\" class=\"wp-image-31008 aligncenter\" src=\"https:\/\/havamall.com\/wp-content\/uploads\/2023\/04\/337690586_224648323471310_4344584842718903423_n-300x247.jpg\" alt=\"\" width=\"711\" height=\"585\" \/><\/p>\n<h2><strong>\u0110\u1eb6C \u0110I\u1ec2M N\u1ed4I B\u1eacT C\u1ee6A\u00a0M\u00cc UDON NH\u1eacT B\u1ea2N CAO C\u1ea4P OGAWA SEIMEN<\/strong><\/h2>\n<ul>\n<li><b>TH\u01af\u01a0NG HI\u1ec6U OGAWA<\/b><strong>\u00a0SEIMEN<\/strong>\u00a0<strong>Since 1887:<\/strong>\u00a0H\u01a1n 130 n\u0103m trong l\u1ecbch s\u1eed ng\u00e0nh s\u1ea3n xu\u1ea5t m\u00ec t\u1ea1i Nh\u1eadt B\u1ea3n. C\u00f4ng th\u1ee9c l\u00e0m m\u00ec truy\u1ec1n th\u1ed1ng \u0111\u01b0\u1ee3c th\u1ef1c hi\u1ec7n trong d\u00e2y chuy\u1ec1n hi\u1ec7n \u0111\u1ea1i, v\u00e0 \u0111\u01b0\u1ee3c ki\u1ec3m so\u00e1t ch\u1eb7t ch\u1ebd b\u1edfi nh\u1eefng ngh\u1ec7 nh\u00e2n l\u00e0nh ngh\u1ec1.<\/li>\n<li>S\u1eed d\u1ee5ng b\u1ed9t m\u00ec ch\u1ea5t l\u01b0\u1ee3ng cao xay t\u1ea1i Nh\u1eadt B\u1ea3n \u0111\u1ec3 \u0111em \u0111\u1ebfn nh\u1eefng s\u1ee3i m\u00ec ngon nh\u1ea5t v\u1edbi ch\u1ea5t l\u01b0\u1ee3ng v\u01b0\u1ee3t tr\u1ed9i.<\/li>\n<li>S\u1ea3n ph\u1ea9m ho\u00e0n to\u00e0n KH\u00d4NG s\u1eed d\u1ee5ng ch\u1ea5t b\u1ea3o qu\u1ea3n, KH\u00d4NG ph\u1ea9m m\u00e0u t\u1ed5ng h\u1ee3p, KH\u00d4NG h\u01b0\u01a1ng li\u1ec7u nh\u00e2n t\u1ea1o.<\/li>\n<li>An to\u00e0n cho s\u1ee9c kh\u1ecfe c\u1ee7a c\u1ea3 gia \u0111\u00ecnh.<\/li>\n<li>Chay &amp; M\u1eb7n \u0111\u1ec1u d\u00f9ng \u0111\u01b0\u1ee3c.<\/li>\n<\/ul>\n<p><strong>\u00a0<img loading=\"lazy\" decoding=\"async\" class=\"wp-image-31085 aligncenter\" src=\"https:\/\/havamall.com\/wp-content\/uploads\/2023\/04\/306768577_530134328917094_985899445351597201_n-300x300.jpeg\" alt=\"\" width=\"722\" height=\"722\" \/><\/strong><\/p>\n<h2><strong>H\u01af\u1edaNG D\u1eaaN S\u1eec D\u1ee4NG<\/strong><\/h2>\n<p>&#8211; N\u1ea5u t\u1ea7m 10 ph\u00fat trong n\u01b0\u1edbc s\u00f4i. Khi m\u00ec \u0111\u1ea1t \u0111\u01b0\u1ee3c \u0111\u1ed9 m\u1ec1m mong mu\u1ed1n, tr\u00e1ng qua b\u1eb1ng n\u01b0\u1edbc l\u1ea1nh. Sau khi n\u1ea5u, d\u00f9ng ngay cho c\u00e1c m\u00f3n m\u00ec l\u1ea1nh ch\u1ea5m, m\u00ec v\u1edbi s\u00fap n\u00f3ng.<\/p>\n<p>&#8211; Th\u00edch h\u1ee3p cho c\u00e1c m\u00f3n m\u00ec Udon n\u01b0\u1edbc, Udon tr\u1ed9n, Udon l\u1ea1nh, Udon x\u00e0o, nh\u00fang l\u1ea9u, v.v<\/p>\n<h5><img loading=\"lazy\" decoding=\"async\" class=\"wp-image-31084 aligncenter\" src=\"https:\/\/havamall.com\/wp-content\/uploads\/2023\/04\/291734017_1121962978396246_6127321969019715928_n-300x300.jpeg\" alt=\"\" width=\"708\" height=\"708\" \/><\/h5>","protected":false},"excerpt":{"rendered":"<p>TH\u00d4NG TIN CHUNG Th\u01b0\u01a1ng hi\u1ec7u Dashi Lab Xu\u1ea5t x\u1ee9 Vi\u1ec7t Nam Th\u00e0nh ph\u1ea7n B\u1ed9t l\u00faa m\u00ec, \u0111\u1ea1m l\u00faa m\u00ec, mu\u1ed1i,&#8230;<\/p>","protected":false},"featured_media":31098,"comment_status":"open","ping_status":"closed","template":"","meta":[],"product_brand":[],"product_cat":[36],"product_tag":[],"class_list":{"0":"post-31082","1":"product","2":"type-product","3":"status-publish","4":"has-post-thumbnail","6":"product_cat-thuc-pham-tieu-dung","7":"pa_brand-dashi-lad","9":"first","10":"instock","11":"sale","12":"shipping-taxable","13":"purchasable","14":"product-type-simple"},"_links":{"self":[{"href":"https:\/\/havamall.com\/en\/wp-json\/wp\/v2\/product\/31082","targetHints":{"allow":["GET"]}}],"collection":[{"href":"https:\/\/havamall.com\/en\/wp-json\/wp\/v2\/product"}],"about":[{"href":"https:\/\/havamall.com\/en\/wp-json\/wp\/v2\/types\/product"}],"replies":[{"embeddable":true,"href":"https:\/\/havamall.com\/en\/wp-json\/wp\/v2\/comments?post=31082"}],"version-history":[{"count":0,"href":"https:\/\/havamall.com\/en\/wp-json\/wp\/v2\/product\/31082\/revisions"}],"wp:featuredmedia":[{"embeddable":true,"href":"https:\/\/havamall.com\/en\/wp-json\/wp\/v2\/media\/31098"}],"wp:attachment":[{"href":"https:\/\/havamall.com\/en\/wp-json\/wp\/v2\/media?parent=31082"}],"wp:term":[{"taxonomy":"product_brand","embeddable":true,"href":"https:\/\/havamall.com\/en\/wp-json\/wp\/v2\/product_brand?post=31082"},{"taxonomy":"product_cat","embeddable":true,"href":"https:\/\/havamall.com\/en\/wp-json\/wp\/v2\/product_cat?post=31082"},{"taxonomy":"product_tag","embeddable":true,"href":"https:\/\/havamall.com\/en\/wp-json\/wp\/v2\/product_tag?post=31082"}],"curies":[{"name":"wp","href":"https:\/\/api.w.org\/{rel}","templated":true}]}}