{"id":31253,"date":"2023-04-26T16:48:20","date_gmt":"2023-04-26T09:48:20","guid":{"rendered":"https:\/\/havamall.com\/?post_type=product&#038;p=31253"},"modified":"2025-11-25T14:37:50","modified_gmt":"2025-11-25T07:37:50","slug":"gia-vi-lau-cay-laoganma-goi-160g-chilli-soup-base-for-hot-pot","status":"publish","type":"product","link":"https:\/\/havamall.com\/en\/shop\/gia-vi-lau-cay-laoganma-goi-160g-chilli-soup-base-for-hot-pot\/","title":{"rendered":"Gia V\u1ecb L\u1ea9u Cay Laoganma G\u00f3i 160g &#8211; Chilli Soup Base For Hot-pot"},"content":{"rendered":"<h2><\/h2>\n<h2><strong>TH\u00d4NG TIN CHUNG<\/strong><\/h2>\n<div>\n<table border=\"2\">\n<tbody>\n<tr>\n<td><strong>Th\u01b0\u01a1ng hi\u1ec7u<\/strong><\/td>\n<td>Laoganma<\/td>\n<\/tr>\n<tr>\n<td><strong>Xu\u1ea5t x\u1ee9<\/strong><\/td>\n<td>Trung Qu\u1ed1c<\/td>\n<\/tr>\n<tr>\n<td><strong>Th\u00e0nh ph\u1ea7n<\/strong><\/td>\n<td>D\u1ea7u \u0111\u1eadu n\u00e0nh, \u1edbt, ch\u1ea5t \u0111i\u1ec1u v\u1ecb, mu\u1ed1i, hoa ti\u00eau.<\/td>\n<\/tr>\n<tr>\n<td><strong>Quy c\u00e1ch<\/strong><\/td>\n<td>G\u00f3i 160g<\/td>\n<\/tr>\n<tr>\n<td><strong>B\u1ea3o qu\u1ea3n<\/strong><\/td>\n<td>N\u01a1i kh\u00f4 r\u00e1o, tho\u00e1ng m\u00e1t v\u00e0 tr\u00e1nh \u00e1nh n\u1eafng m\u1eb7t tr\u1eddi<\/td>\n<\/tr>\n<tr>\n<td><strong>H\u1ea1n s\u1eed d\u1ee5ng<\/strong><\/td>\n<td>18 th\u00e1ng k\u1ec3 t\u1eeb ng\u00e0y s\u1ea3n xu\u1ea5t<\/td>\n<\/tr>\n<\/tbody>\n<\/table>\n<\/div>\n<p>Cay h\u00edt h\u00e0, cay t\u00ea x\u00e9 l\u01b0\u1ee1i v\u00e0 n\u00f3ng r\u00e2m ran ch\u00ednh l\u00e0 nh\u1eefng c\u1ea3m gi\u00e1c m\u00e0 gia v\u1ecb l\u1ea9u cay Laoganma mang l\u1ea1i cho th\u1ef1c kh\u00e1ch , gi\u1edd \u0111\u00e2y, b\u1ea1n c\u0169ng c\u00f3 th\u1ec3 th\u01b0\u1edfng th\u1ee9c \u0111\u01b0\u1ee3c m\u00f9i v\u1ecb cay \u0111\u1eb7c bi\u1ec7t chu\u1ea9n h\u01b0\u01a1ng v\u1ecb b\u1ea3n x\u1ee9 n\u00e0y c\u00f9ng v\u1edbi g\u00f3i\u00a0<strong>Gia v\u1ecb\u00a0c\u1ed1t l\u1ea9u cay Laoganma 160g.<\/strong><\/p>\n<p><img fetchpriority=\"high\" decoding=\"async\" class=\"wp-image-31262 aligncenter\" src=\"https:\/\/havamall.com\/wp-content\/uploads\/2023\/04\/S8f35206786cc45fa8110cf0edb40c0608-1-215x300.png\" alt=\"\" width=\"614\" height=\"856\" \/><\/p>\n<p>\u0110\u1eb7c bi\u1ec7t \u0111\u1ec3 t\u1ea1o \u0111\u1ed9 cay t\u00ea x\u00e9 l\u01b0\u1ee1i nh\u01b0 \u0111\u00e1nh gi\u00e1, ng\u01b0\u1eddi ta c\u00f2n cho v\u00e0o h\u1ea1t ti\u00eau T\u1ee9 Xuy\u00ean n\u1ed5i ti\u1ebfng t\u1ea1o v\u1ecb cay t\u00ea khi \u0111\u01b0\u1ee3c n\u1ea5u trong d\u1ea7u v\u00e0 \u1edbt, g\u00e2y k\u00edch th\u00edch v\u1ecb gi\u00e1c, c\u00e0ng l\u00e0m t\u0103ng th\u00eam s\u1ef1 h\u1ea5p d\u1eabn cho m\u00f3n \u0103n. G\u1eafp t\u1eebng mi\u1ebfng th\u1ecbt b\u00f2 nh\u00fang l\u1ea9u r\u1ed3i cho v\u00e0o mi\u1ec7ng, b\u1ea1n s\u1ebd c\u1ea3m nh\u1eadn \u0111\u01b0\u1ee3c ngay v\u1ecb m\u1ec1m ng\u1ecdt c\u1ee7a th\u1ecbt h\u00f2a c\u00f9ng \u0111\u1ed9 cay n\u1ed3ng n\u00e0n c\u1ee7a n\u01b0\u1edbc l\u1ea9u ch\u1eafc ch\u1eafn s\u1ebd khi\u1ebfn b\u1ea1n b\u1ecb cu\u1ed1n m\u00ea.<\/p>\n<p><img decoding=\"async\" class=\"wp-image-30552 aligncenter\" src=\"https:\/\/havamall.com\/wp-content\/uploads\/2023\/02\/81YUntlLHL-244x300.png\" alt=\"\" width=\"602\" height=\"740\" \/><\/p>\n<p>S\u1ea3n ph\u1ea9m \u0111\u00f3ng g\u00f3i 160g c\u00f3 th\u1ec3 n\u1ea5u \u0111\u01b0\u1ee3c ph\u1ea7n l\u1ea9u t\u1eeb 3-4 ng\u01b0\u1eddi. Ngo\u00e0i ra, c\u00f3 th\u1ec3 d\u00f9ng g\u00f3i n\u00e0y \u0111\u1ec3 x\u00e0o, n\u1ea5u ho\u1eb7c ch\u1ebf bi\u1ebfn \u0111\u01b0\u1ee3c nhi\u1ec1u m\u00f3n kh\u00e1c nh\u01b0 mapo tofu (\u0111\u1eadu h\u0169 s\u1ed1t cay T\u1ee9 Xuy\u00ean), huy\u1ebft ch\u01b0ng s\u1ed1t cay,\u2026<\/p>\n<p><img decoding=\"async\" class=\"wp-image-31256 aligncenter\" src=\"https:\/\/havamall.com\/wp-content\/uploads\/2023\/04\/Screen-Shot-2023-04-26-at-4.45.35-PM-300x285.png\" alt=\"\" width=\"609\" height=\"579\" \/><\/p>\n<h2><strong>\u0110\u1eb6C \u0110I\u1ec2M N\u1ed4I B\u1eacT C\u1ee6A S\u1ea2N PH\u1ea8M<\/strong><\/h2>\n<p>&gt; G\u00f3i c\u1ed1t \u0111\u00e3 \u0111\u01b0\u1ee3c tr\u1ed9n \u0111\u1ec1u gia v\u1ecb c\u1ea7n thi\u1ebft cho m\u1ed9t n\u1ed3i l\u1ea9u b\u00f2 cay T\u1ee9 Xuy\u00ean, gi\u00fap b\u1ea1n d\u1ec5 d\u00e0ng n\u1ea5u ngay t\u1ea1i nh\u00e0.<\/p>\n<p>&gt; M\u1eb7c d\u00f9 l\u00e0 phi\u00ean b\u1ea3n g\u00f3i \u0111\u00f3ng s\u1eb5n ti\u1ec7n l\u1ee3i nh\u01b0ng v\u1eabn gi\u1eef tr\u1ecdn \u0111\u01b0\u1ee3c h\u01b0\u01a1ng v\u1ecb th\u01a1m h\u1ea5p d\u1eabn nh\u01b0 khi \u0103n ngo\u00e0i ti\u1ec7m, l\u1ea1i r\u1ea5t \u0111\u01a1n gi\u1ea3n, d\u1ec5 n\u1ea5u. B\u1ea1n c\u00f3 th\u1ec3 \u0103n b\u1ea5t c\u1ee9 l\u00fac n\u00e0o th\u1ea5y th\u00edch.<\/p>\n<p>&gt; S\u1ea3n ph\u1ea9m \u0111\u00f3ng g\u00f3i 160g c\u00f3 th\u1ec3 n\u1ea5u \u0111\u01b0\u1ee3c ph\u1ea7n l\u1ea9u t\u1eeb 3~4 ng\u01b0\u1eddi.<\/p>\n<p>&gt; C\u1ed1t l\u1ea9u \u0111\u01b0\u1ee3c c\u00f4 \u0111\u1eb7c t\u1eeb s\u1ef1 k\u1ebft h\u1ee3p c\u1ee7a nhi\u1ec1u nguy\u00ean li\u1ec7u v\u00e0 gia v\u1ecb nh\u01b0 d\u1ea7u \u0111\u1eadu n\u00e0nh, \u1edbt, g\u1eebng, gia v\u1ecb,\u2026t\u1ed5ng th\u1ec3 t\u1ea1o n\u00ean v\u1ecb th\u01a1m, cay m\u1eb7n \u0111\u1eadm \u0111\u00e0 cho n\u01b0\u1edbc d\u00f9ng.<\/p>\n<h2><img loading=\"lazy\" decoding=\"async\" class=\"wp-image-31257 aligncenter\" src=\"https:\/\/havamall.com\/wp-content\/uploads\/2023\/04\/hot-pot-recipe-eating-225x300.jpeg\" alt=\"\" width=\"620\" height=\"827\" \/><\/h2>\n<h2><strong>H\u01af\u1edaNG D\u1eaaN S\u1eec D\u1ee4NG<\/strong><\/h2>\n<p>Cho g\u00f3i c\u1ed1t l\u1ea9u v\u00e0o 750ml n\u01b0\u1edbc s\u00f4i (ngon h\u01a1n n\u1ebfu d\u00f9ng n\u01b0\u1edbc h\u1ea7m x\u01b0\u01a1ng ho\u1eb7c n\u01b0\u1edbc lu\u1ed9c g\u00e0), sau \u0111\u00f3 cho th\u00eam h\u00e0nh l\u00e1, g\u1eebng,\u2026t\u00f9y theo s\u1edf th\u00edch c\u00e1 nh\u00e2n. Sau khi n\u01b0\u1edbc s\u00f4i cho c\u00e1c m\u00f3n \u0103n kh\u00e1c v\u00e0o n\u1ea5u ch\u00edn v\u00e0 th\u01b0\u1edfng th\u1ee9c.<\/p>\n<p><img loading=\"lazy\" decoding=\"async\" class=\"wp-image-31258 aligncenter\" src=\"https:\/\/havamall.com\/wp-content\/uploads\/2023\/04\/O1CN01QFQIkt1dpZbnVQBQj_725523785-235x300.jpeg\" alt=\"\" width=\"627\" height=\"801\" \/><\/p>","protected":false},"excerpt":{"rendered":"<p>TH\u00d4NG TIN CHUNG Th\u01b0\u01a1ng hi\u1ec7u Laoganma Xu\u1ea5t x\u1ee9 Trung Qu\u1ed1c Th\u00e0nh ph\u1ea7n D\u1ea7u \u0111\u1eadu n\u00e0nh, \u1edbt, ch\u1ea5t \u0111i\u1ec1u v\u1ecb, mu\u1ed1i,<\/p>","protected":false},"featured_media":31254,"comment_status":"open","ping_status":"closed","template":"","meta":[],"product_brand":[],"product_cat":[725,36],"product_tag":[],"class_list":{"0":"post-31253","1":"product","2":"type-product","3":"status-publish","4":"has-post-thumbnail","6":"product_cat-nhap-khau-trung-quoc","7":"product_cat-thuc-pham-tieu-dung","9":"first","10":"outofstock","11":"sale","12":"shipping-taxable","13":"purchasable","14":"product-type-simple"},"_links":{"self":[{"href":"https:\/\/havamall.com\/en\/wp-json\/wp\/v2\/product\/31253","targetHints":{"allow":["GET"]}}],"collection":[{"href":"https:\/\/havamall.com\/en\/wp-json\/wp\/v2\/product"}],"about":[{"href":"https:\/\/havamall.com\/en\/wp-json\/wp\/v2\/types\/product"}],"replies":[{"embeddable":true,"href":"https:\/\/havamall.com\/en\/wp-json\/wp\/v2\/comments?post=31253"}],"version-history":[{"count":0,"href":"https:\/\/havamall.com\/en\/wp-json\/wp\/v2\/product\/31253\/revisions"}],"wp:featuredmedia":[{"embeddable":true,"href":"https:\/\/havamall.com\/en\/wp-json\/wp\/v2\/media\/31254"}],"wp:attachment":[{"href":"https:\/\/havamall.com\/en\/wp-json\/wp\/v2\/media?parent=31253"}],"wp:term":[{"taxonomy":"product_brand","embeddable":true,"href":"https:\/\/havamall.com\/en\/wp-json\/wp\/v2\/product_brand?post=31253"},{"taxonomy":"product_cat","embeddable":true,"href":"https:\/\/havamall.com\/en\/wp-json\/wp\/v2\/product_cat?post=31253"},{"taxonomy":"product_tag","embeddable":true,"href":"https:\/\/havamall.com\/en\/wp-json\/wp\/v2\/product_tag?post=31253"}],"curies":[{"name":"wp","href":"https:\/\/api.w.org\/{rel}","templated":true}]}}