{"id":31412,"date":"2023-05-10T15:14:09","date_gmt":"2023-05-10T08:14:09","guid":{"rendered":"https:\/\/havamall.com\/?post_type=product&#038;p=31412"},"modified":"2025-09-30T10:26:27","modified_gmt":"2025-09-30T03:26:27","slug":"31412","status":"publish","type":"product","link":"https:\/\/havamall.com\/en\/shop\/31412\/","title":{"rendered":"T\u00f4m S\u00fa B\u00f3c V\u1ecf \u0110\u00f4ng L\u1ea1nh Havafoodies T\u00fai 250g &#8211; Black Tiger Shrimp Frozen"},"content":{"rendered":"<p>&nbsp;<\/p>\n<h2><strong>TH\u00d4NG TIN S\u1ea2N PH\u1ea8M<\/strong><\/h2>\n<table>\n<tbody>\n<tr>\n<td>Th\u01b0\u01a1ng hi\u1ec7u<\/td>\n<td>Havafoodies<\/td>\n<\/tr>\n<tr>\n<td>Xu\u1ea5t x\u1ee9<\/td>\n<td>Vi\u1ec7t Nam<\/td>\n<\/tr>\n<tr>\n<td>Th\u00e0nh ph\u1ea7n<\/td>\n<td>T\u00f4m (99%), mu\u1ed1i, ch\u1ea5t l\u00e0m \u1ea9m<\/td>\n<\/tr>\n<tr>\n<td>H\u1ea1n s\u1eed d\u1ee5ng<\/td>\n<td>2 n\u0103m k\u1ec3 t\u1eeb s\u1ea3n xu\u1ea5t<\/td>\n<\/tr>\n<tr>\n<td>B\u1ea3o qu\u1ea3n<\/td>\n<td>B\u1ea3o qu\u1ea3n ng\u0103n \u0111\u00f4ng t\u1ee7 l\u1ea1nh<\/td>\n<\/tr>\n<tr>\n<td>\u00a0Kh\u1ed1i l\u01b0\u1ee3ng<\/td>\n<td>250g<\/td>\n<\/tr>\n<\/tbody>\n<\/table>\n<p class=\"ddict_sentence\">T\u00f4m s\u00fa<em>\u00a0(Penaeus monodon, c\u00f2n \u0111\u01b0\u1ee3c g\u1ecdi l\u00e0 t\u00f4m s\u00fa ho\u1eb7c t\u00f4m s\u00fa ch\u00e2u \u00c1)<\/em>\u00a0l\u00e0 m\u1ed9t lo\u1ea1i t\u00f4m th\u01b0\u1eddng \u0111\u01b0\u1ee3c \u0111\u00e1nh b\u1eaft ho\u1eb7c nu\u00f4i \u0111\u1ec3 l\u00e0m th\u1ef1c ph\u1ea9m.\u00a0T\u00f4m s\u00fa \u0111\u01b0\u1ee3c coi l\u00e0 m\u1ed9t s\u1ea3n ph\u1ea9m cao c\u1ea5p, th\u00edch h\u1ee3p tr\u00ean th\u1ecb tr\u01b0\u1eddng th\u1ee7y s\u1ea3n ng\u00e0y nay. \u0110\u00e2y l\u00e0 lo\u00e0i t\u00f4m \u0111\u01b0\u1ee3c nu\u00f4i trong trang tr\u1ea1i ph\u1ed5 bi\u1ebfn nh\u1ea5t \u1edf Vi\u1ec7t Nam.H\u1ea7u h\u1ebft t\u00f4m s\u00fa t\u1ea1i Vi\u1ec7t Nam \u0111\u01b0\u1ee3c nu\u00f4i trong trang tr\u1ea1i nu\u00f4i t\u00f4m, m\u1eb7c d\u00f9 m\u1ed9t l\u01b0\u1ee3ng \u0111\u00e1ng k\u1ec3 \u0111\u01b0\u1ee3c thu ho\u1ea1ch t\u1eeb t\u1ef1 nhi\u00ean b\u1edfi c\u00e1c t\u00e0u \u0111\u00e1nh l\u01b0\u1edbi l\u00e0m vi\u1ec7c d\u01b0\u1edbi \u0111\u00e1y b\u00f9n t\u1eeb v\u00f9ng n\u01b0\u1edbc r\u1ea5t n\u00f4ng \u0111\u1ebfn \u0111\u1ed9 s\u00e2u h\u01a1n 300 feet.<\/p>\n<p><img fetchpriority=\"high\" decoding=\"async\" class=\"wp-image-31432 aligncenter\" src=\"https:\/\/havamall.com\/wp-content\/uploads\/2023\/05\/Ma\u0300u-Na\u0302u-Be-Hi\u0300nh-Ve\u0303-Co\u0302-Ga\u0301i-Va\u0300-Ca\u0302u-To\u0309-Ti\u0300nh-De\u0302\u0303-Thu\u031bo\u031bng-Ba\u0300i-\u0110a\u0306ng-Facebook1-300x251.png\" alt=\"\" width=\"682\" height=\"571\" \/><\/p>\n<p class=\"ddict_sentence\">T\u00f4m S\u00fa l\u00e0 lo\u00e0i l\u1edbn nh\u1ea5t trong s\u1ed1 300 lo\u00e0i t\u00f4m th\u01b0\u01a1ng m\u1ea1i tr\u00ean to\u00e0n th\u1ebf gi\u1edbi, h\u1ed5 c\u00f3 th\u1ec3 ph\u00e1t tri\u1ec3n \u0111\u1ebfn 13 inch, nh\u01b0ng k\u00edch th\u01b0\u1edbc thu ho\u1ea1ch trung b\u00ecnh t\u1eeb 9 \u0111\u1ebfn 11 inch. Ba t\u1ec9nh \u0111\u00f3ng g\u00f3p nhi\u1ec1u nh\u1ea5t v\u00e0o s\u1ea3n l\u01b0\u1ee3ng t\u00f4m s\u00fa l\u00e0 C\u00e0 Mau, B\u1ea1c Li\u00eau v\u00e0 C\u1ea7n Th\u01a1 (\u1edf mi\u1ec1n Nam Vi\u1ec7t Nam). Hi\u1ec7n nay, t\u00f4m s\u00fa \u1edf Vi\u1ec7t Nam \u0111ang \u0111\u01b0\u1ee3c nu\u00f4i b\u1eb1ng th\u1ee9c \u0103n \u0111\u1ea1t ti\u00eau chu\u1ea9n qu\u1ed1c t\u1ebf. T\u00f4m s\u00fa c\u00f3 h\u01b0\u01a1ng v\u1ecb ng\u1ecdt nh\u1eb9 t\u1ef1 nhi\u00ean v\u00e0 k\u1ebft c\u1ea5u th\u1ecbt ch\u1eafc.<\/p>\n<p><img decoding=\"async\" class=\"wp-image-31414 aligncenter\" src=\"https:\/\/havamall.com\/wp-content\/uploads\/2023\/05\/DSC02038-3-300x200.jpeg\" alt=\"\" width=\"682\" height=\"454\" \/><\/p>\n<p>T\u00f4m s\u00fa V-Safefood \u0111\u01b0\u1ee3c l\u00e0m t\u1eeb t\u00f4m s\u00fa t\u01b0\u01a1i ngon t\u1ef1 nhi\u00ean, ch\u1ecdn l\u1ecdc v\u00e0 ch\u1ebf bi\u1ebfn k\u1ef9 l\u01b0\u1ee1ng mang \u0111\u1ebfn cho s\u1ea3n ph\u1ea9m ch\u1ea5t l\u01b0\u1ee3ng t\u1ed1t nh\u1ea5t. Ngo\u00e0i ra, t\u00f4m kh\u00f4ng s\u1eed d\u1ee5ng c\u00e1c ch\u1ea5t b\u1ea3o qu\u1ea3n \u0111\u1ed9c h\u1ea1i, \u0111\u1ea3m b\u1ea3o kh\u00f4ng l\u00e0m \u1ea3nh h\u01b0\u1edfng \u0111\u1ebfn s\u1ee9c kh\u1ecfe ng\u01b0\u1eddi ti\u00eau d\u00f9ng. T\u00f4m s\u00fa h\u1ea5p An V\u0129nh \u0111\u01b0\u1ee3c ch\u1ebf bi\u1ebfn d\u01b0\u1edbi d\u1ea1ng \u0111\u00f4ng l\u1ea1nh, mang \u0111\u1ebfn s\u1ef1 ti\u1ec7n l\u1ee3i cho b\u1ea1n trong vi\u1ec7c b\u1ea3o qu\u1ea3n v\u00e0 s\u1eed d\u1ee5ng. Ch\u1ec9 v\u1edbi v\u00e0i b\u01b0\u1edbc r\u00e3 \u0111\u00f4ng \u0111\u01a1n gi\u1ea3n, mang \u0111i ch\u1ebf bi\u1ebfn l\u00e0 b\u1ea1n \u0111\u00e3 c\u00f3 ngay m\u1ed9t m\u00f3n \u0103n th\u01a1m ngon v\u00e0 v\u00f4 c\u00f9ng h\u1ea5p d\u1eabn.<\/p>\n<p><img decoding=\"async\" class=\"wp-image-31415 aligncenter\" src=\"https:\/\/havamall.com\/wp-content\/uploads\/2023\/05\/333804518_1169406853762753_5615239776695142834_n-300x300.jpeg\" alt=\"\" width=\"687\" height=\"687\" \/><\/p>\n<p>T\u00f4m s\u00fa V-Safefood \u0111\u01b0\u1ee3c \u0111\u00f3ng g\u00f3i k\u00edn \u0111\u00e1o v\u00e0 ti\u1ec7t tr\u00f9ng gi\u00fap b\u1ea3o qu\u1ea3n ch\u1ea5t l\u01b0\u1ee3ng t\u00f4m m\u1ed9t c\u00e1ch t\u1ed1t nh\u1ea5t. H\u01a1n n\u1eefa, s\u1ea3n ph\u1ea9m \u0111\u01b0\u1ee3c s\u1ea3n xu\u1ea5t d\u01b0\u1edbi quy tr\u00ecnh c\u00f4ng ngh\u1ec7 hi\u1ec7n \u0111\u1ea1i, \u0111\u1ea1t ti\u00eau chu\u1ea9n v\u1ec7 sinh an to\u00e0n th\u1ef1c ph\u1ea9m mang \u0111\u1ebfn s\u1ef1 an t\u00e2m cho ng\u01b0\u1eddi ti\u00eau d\u00f9ng.<\/p>\n<p>T\u00f4m s\u00fa V-Safefood \u0111\u01b0\u1ee3c l\u1ed9t s\u1ea1ch ph\u1ea7n v\u1ecf v\u00e0 \u0111u\u00f4i khi ch\u1ebf bi\u1ebfn th\u00ec b\u1ea1n s\u1ebd ti\u1ebft ki\u1ec7m \u0111\u01b0\u1ee3c th\u1eddi gian b\u00f3c v\u1ecf. S\u1ea3n ph\u1ea9m r\u1ea5t ti\u1ec7n l\u1ee3i v\u00e0 c\u00f2n ch\u1ee9a nhi\u1ec1u ch\u1ea5t dinh d\u01b0\u1ee1ng thi\u1ebft y\u1ebfu cho con ng\u01b0\u1eddi. Ngo\u00e0i ra, t\u00f4m c\u00f2n ch\u1ee9a ch\u1ea5t ng\u1eeba ung th\u01b0 v\u00e0 c\u00f3 ngu\u1ed3n canxi d\u1ed3i d\u00e0o gi\u00fap ch\u1eafc kh\u1ecfe x\u01b0\u01a1ng.<\/p>\n<p><img loading=\"lazy\" decoding=\"async\" class=\"wp-image-31416 aligncenter\" src=\"https:\/\/havamall.com\/wp-content\/uploads\/2023\/05\/shrimp-omelet-with-rice-1-300x300.jpeg\" alt=\"\" width=\"687\" height=\"687\" \/><\/p>\n<h2 id=\"product-nutrition-facts\" class=\"ftwp-heading ftwp-heading\"><strong>GI\u00c1 TR\u1eca DINH D\u01af\u1ee0NG C\u1ee6A T\u00d4M S\u00da<\/strong><\/h2>\n<p><strong>T\u00f4m s\u00fa<\/strong>\u00a0lo\u00e0i t\u00f4m c\u00f3 nhi\u1ec1u th\u1ecbt v\u1edbi k\u1ebft c\u1ea5u gi\u00f2n v\u00e0 ngon ng\u1ecdt, h\u01b0\u01a1ng v\u1ecb th\u01a1m ngon. Ch\u00fang r\u1ea5t gi\u00e0u selen, choline v\u00e0 vitamin B12, niacin, k\u1ebdm, vitamin E, vitamin B6 v\u00e0 20 lo\u1ea1i vitamin v\u00e0 kho\u00e1ng ch\u1ea5t kh\u00e1c nhau, bao g\u1ed3m 50% nhu c\u1ea7u h\u00e0ng ng\u00e0y c\u1ee7a b\u1ea1n v\u1ec1 selen, m\u1ed9t kho\u00e1ng ch\u1ea5t c\u00f3 th\u1ec3 gi\u00fap gi\u1ea3m vi\u00eam v\u00e0 t\u0103ng c\u01b0\u1eddng s\u1ee9c kh\u1ecfe tim m\u1ea1ch.\u00a0<strong>T\u00f4m s\u00fa xu\u1ea5t x\u1ee9 t\u1eeb Vi\u1ec7t Nam<\/strong>\u00a0l\u00e0 m\u1ed9t trong nh\u1eefng lo\u1ea1i t\u00f4m \u0111\u01b0\u1ee3c ti\u00eau th\u1ee5 ph\u1ed5 bi\u1ebfn v\u00e0 \u01b0a chu\u1ed9ng nh\u1ea5t tr\u00ean th\u1ebf gi\u1edbi.<\/p>\n<table>\n<tbody>\n<tr>\n<td><strong>Calories<\/strong><\/td>\n<td>106<\/td>\n<\/tr>\n<tr>\n<td><strong>Fat Calories<\/strong><\/td>\n<td>15.3<\/td>\n<\/tr>\n<tr>\n<td><strong>Total Fat<\/strong><\/td>\n<td>1.7 g<\/td>\n<\/tr>\n<tr>\n<td><strong>Saturated Fat<\/strong><\/td>\n<td>0.3 g<\/td>\n<\/tr>\n<tr>\n<td><strong>Cholesterol<\/strong><\/td>\n<td>152 mg<\/td>\n<\/tr>\n<tr>\n<td><strong>Sodium<\/strong><\/td>\n<td>148 mg<\/td>\n<\/tr>\n<tr>\n<td><strong>Protein<\/strong><\/td>\n<td>20.3 g<\/td>\n<\/tr>\n<tr>\n<td><strong>Omega 3<\/strong><\/td>\n<td>0.53 g<\/td>\n<\/tr>\n<\/tbody>\n<\/table>\n<div><\/div>\n<div><img loading=\"lazy\" decoding=\"async\" class=\"wp-image-31417 aligncenter\" src=\"https:\/\/havamall.com\/wp-content\/uploads\/2023\/05\/tom-su-dong-lanh-3-300x209.jpeg\" alt=\"\" width=\"703\" height=\"490\" \/><\/div>\n<div>\n<h2><strong>H\u01af\u1edaNG D\u1eaaN S\u1eec D\u1ee4NG:<\/strong><\/h2>\n<p>&#8211; Ng\u00e2m trong n\u01b0\u1edbc \u1ea5m 5 ph\u00fat.<\/p>\n<p>&#8211; R\u00e3 \u0111\u00f4ng t\u1ef1 nhi\u00ean v\u1edbi nhi\u1ec7t \u0111\u1ed9 ph\u00f2ng.<\/p>\n<p>&#8211; S\u1eed d\u1ee5ng l\u00f2 vi s\u00f3ng.<\/p>\n<\/div>","protected":false},"excerpt":{"rendered":"<p>&nbsp; TH\u00d4NG TIN S\u1ea2N PH\u1ea8M Th\u01b0\u01a1ng hi\u1ec7u Havafoodies Xu\u1ea5t x\u1ee9 Vi\u1ec7t Nam Th\u00e0nh ph\u1ea7n T\u00f4m (99%), mu\u1ed1i, ch\u1ea5t l\u00e0m \u1ea9m<\/p>","protected":false},"featured_media":31424,"comment_status":"open","ping_status":"closed","template":"","meta":[],"product_brand":[],"product_cat":[702,36,275],"product_tag":[],"class_list":{"0":"post-31412","1":"product","2":"type-product","3":"status-publish","4":"has-post-thumbnail","6":"product_cat-hai-san","7":"product_cat-thuc-pham-tieu-dung","8":"product_cat-thuc-pham-dong-lanh","9":"pa_brand-skx","11":"first","12":"instock","13":"sale","14":"shipping-taxable","15":"purchasable","16":"product-type-variable"},"_links":{"self":[{"href":"https:\/\/havamall.com\/en\/wp-json\/wp\/v2\/product\/31412","targetHints":{"allow":["GET"]}}],"collection":[{"href":"https:\/\/havamall.com\/en\/wp-json\/wp\/v2\/product"}],"about":[{"href":"https:\/\/havamall.com\/en\/wp-json\/wp\/v2\/types\/product"}],"replies":[{"embeddable":true,"href":"https:\/\/havamall.com\/en\/wp-json\/wp\/v2\/comments?post=31412"}],"version-history":[{"count":0,"href":"https:\/\/havamall.com\/en\/wp-json\/wp\/v2\/product\/31412\/revisions"}],"wp:featuredmedia":[{"embeddable":true,"href":"https:\/\/havamall.com\/en\/wp-json\/wp\/v2\/media\/31424"}],"wp:attachment":[{"href":"https:\/\/havamall.com\/en\/wp-json\/wp\/v2\/media?parent=31412"}],"wp:term":[{"taxonomy":"product_brand","embeddable":true,"href":"https:\/\/havamall.com\/en\/wp-json\/wp\/v2\/product_brand?post=31412"},{"taxonomy":"product_cat","embeddable":true,"href":"https:\/\/havamall.com\/en\/wp-json\/wp\/v2\/product_cat?post=31412"},{"taxonomy":"product_tag","embeddable":true,"href":"https:\/\/havamall.com\/en\/wp-json\/wp\/v2\/product_tag?post=31412"}],"curies":[{"name":"wp","href":"https:\/\/api.w.org\/{rel}","templated":true}]}}