{"id":31463,"date":"2023-05-15T18:09:49","date_gmt":"2023-05-15T11:09:49","guid":{"rendered":"https:\/\/havamall.com\/?post_type=product&#038;p=31463"},"modified":"2023-07-14T13:46:55","modified_gmt":"2023-07-14T06:46:55","slug":"may-rua-co-ve-mau-nuoc-brush-rinser-paint","status":"publish","type":"product","link":"https:\/\/havamall.com\/en\/shop\/may-rua-co-ve-mau-nuoc-brush-rinser-paint\/","title":{"rendered":"M\u00e1y R\u1eeda C\u1ecd V\u1ebd M\u00e0u N\u01b0\u1edbc &#8211; Brush Rinser Paint"},"content":{"rendered":"<p>M\u00e1y r\u1eeda c\u1ecd s\u1eed d\u1ee5ng m\u1ed9t-n\u00fat c\u1ea3m \u1ee9ng \u0111\u1ec3 tho\u00e1t n\u01b0\u1edbc ngay l\u1eadp t\u1ee9c \u0111\u01b0\u1ee3c s\u1eed d\u1ee5ng \u0111\u1ec3 l\u00e0m s\u1ea1ch c\u1ecd v\u1ebd, l\u00e0m cho n\u00f3 r\u1ea5t d\u1ec5 s\u1eed d\u1ee5ng. M\u00e1y r\u1eeda c\u1ecd c\u00f3 th\u1ec3 s\u1eed d\u1ee5ng cho \u0111a d\u1ea1ng c\u00e1c lo\u1ea1i c\u1ecd kh\u00f4ng ch\u1ec9 c\u00f3 th\u1ec3 r\u1eeda c\u1ecd trang \u0111i\u1ec3m m\u00e0 c\u00f2n c\u00f3 c\u00e1c lo\u1ea1i c\u1ecd kh\u00e1c, th\u00edch h\u1ee3p cho s\u01a1n, ph\u1ea5n, &#8230;<\/p>\n<p><img fetchpriority=\"high\" decoding=\"async\" class=\"wp-image-31474 aligncenter\" src=\"https:\/\/havamall.com\/wp-content\/uploads\/2023\/05\/z4332558607610_3187fd27995-300x213.png\" alt=\"\" width=\"738\" height=\"524\" \/><\/p>\n<p>S\u1ea3n ph\u1ea9m \u0111\u01b0\u1ee3c thi\u1ebft k\u1ebf cho m\u00e1y r\u1eeda ti\u1ebft ki\u1ec7m n\u01b0\u1edbc, c\u1ecd trang \u0111i\u1ec3m ph\u00f9 h\u1ee3p \u0111\u1ec3 s\u1eed d\u1ee5ng trong th\u1eddi gian d\u00e0i, n\u00f3 ch\u1ec9 c\u1ea7n l\u01b0\u1ee3ng nh\u1ecf n\u01b0\u1edbc \u0111\u1ec3 ho\u00e0n th\u00e0nh c\u00f4ng vi\u1ec7c l\u00e0m s\u1ea1ch b\u00e0n ch\u1ea3i, ti\u1ebft ki\u1ec7m t\u00e0i nguy\u00ean n\u01b0\u1edbc hi\u1ec7u qu\u1ea3.<\/p>\n<p><img decoding=\"async\" class=\"wp-image-31475 aligncenter\" src=\"https:\/\/havamall.com\/wp-content\/uploads\/2023\/05\/z43325586076316b6418b2c12f039127995-300x266.png\" alt=\"\" width=\"730\" height=\"648\" \/><\/p>\n<h2><strong>TH\u00d4NG TIN S\u1ea2N PH\u1ea8M: <\/strong><\/h2>\n<p>Xu\u1ea5t x\u1ee9: Trung Qu\u1ed1c.<\/p>\n<p>Ch\u1ea5t li\u1ec7u: Nh\u1ef1a, n\u00fat cao su, l\u00f2 xo inox.<\/p>\n<p>Dung t\u00edch: B\u00ecnh ch\u1ee9a n\u01b0\u1edbc s\u1ea1ch 250ml, b\u1ed3n ch\u1ee9a n\u01b0\u1edbc x\u1ea3 500ml.<\/p>\n<p>M\u00e0u s\u1eafc: Xanh, H\u1ed3ng.<\/p>\n<p><img decoding=\"async\" class=\"wp-image-31476 aligncenter\" src=\"https:\/\/havamall.com\/wp-content\/uploads\/2023\/05\/2ad5da29de6-300x251.png\" alt=\"\" width=\"726\" height=\"608\" \/><\/p>\n<h2><strong>\u0110\u1eb6C \u0110I\u1ec2M N\u1ed4I B\u1eacT C\u1ee6A S\u1ea2N PH\u1ea8M<\/strong><\/h2>\n<p>&#8211; M\u00e1y r\u1eeda c\u1ecd c\u00f3 b\u1ed3n x\u1ea3 gi\u00fap n\u01b0\u1edbc r\u1eeda c\u1ecd lu\u00f4n s\u1ea1ch.<\/p>\n<p>&#8211; Khay r\u1eeda 20ml gi\u00fap ti\u1ebft ki\u1ec7m n\u01b0\u1edbc cho m\u1ed7i l\u1ea7n r\u1eeda c\u1ecd.<\/p>\n<p>&#8211; B\u00ecnh ch\u1ee9a n\u01b0\u1edbc s\u1ea1ch dung t\u00edch l\u1edbn, gi\u00fap r\u1eeda \u0111\u01b0\u1ee3c nhi\u1ec1u l\u1ea7n h\u01a1n, ti\u1ebft ki\u1ec7m th\u1eddi gian cho d\u00e2n v\u1ebd.<\/p>","protected":false},"excerpt":{"rendered":"<p>M\u00e1y r\u1eeda c\u1ecd s\u1eed d\u1ee5ng m\u1ed9t-n\u00fat c\u1ea3m \u1ee9ng \u0111\u1ec3 tho\u00e1t n\u01b0\u1edbc ngay l\u1eadp t\u1ee9c \u0111\u01b0\u1ee3c s\u1eed d\u1ee5ng \u0111\u1ec3 l\u00e0m s\u1ea1ch<\/p>","protected":false},"featured_media":31478,"comment_status":"open","ping_status":"closed","template":"","meta":[],"product_brand":[],"product_cat":[35],"product_tag":[],"class_list":{"0":"post-31463","1":"product","2":"type-product","3":"status-publish","4":"has-post-thumbnail","6":"product_cat-nha-cua-doi-song","8":"first","9":"instock","10":"sale","11":"shipping-taxable","12":"purchasable","13":"product-type-simple"},"_links":{"self":[{"href":"https:\/\/havamall.com\/en\/wp-json\/wp\/v2\/product\/31463","targetHints":{"allow":["GET"]}}],"collection":[{"href":"https:\/\/havamall.com\/en\/wp-json\/wp\/v2\/product"}],"about":[{"href":"https:\/\/havamall.com\/en\/wp-json\/wp\/v2\/types\/product"}],"replies":[{"embeddable":true,"href":"https:\/\/havamall.com\/en\/wp-json\/wp\/v2\/comments?post=31463"}],"version-history":[{"count":0,"href":"https:\/\/havamall.com\/en\/wp-json\/wp\/v2\/product\/31463\/revisions"}],"wp:featuredmedia":[{"embeddable":true,"href":"https:\/\/havamall.com\/en\/wp-json\/wp\/v2\/media\/31478"}],"wp:attachment":[{"href":"https:\/\/havamall.com\/en\/wp-json\/wp\/v2\/media?parent=31463"}],"wp:term":[{"taxonomy":"product_brand","embeddable":true,"href":"https:\/\/havamall.com\/en\/wp-json\/wp\/v2\/product_brand?post=31463"},{"taxonomy":"product_cat","embeddable":true,"href":"https:\/\/havamall.com\/en\/wp-json\/wp\/v2\/product_cat?post=31463"},{"taxonomy":"product_tag","embeddable":true,"href":"https:\/\/havamall.com\/en\/wp-json\/wp\/v2\/product_tag?post=31463"}],"curies":[{"name":"wp","href":"https:\/\/api.w.org\/{rel}","templated":true}]}}