{"id":31480,"date":"2023-05-16T09:29:33","date_gmt":"2023-05-16T02:29:33","guid":{"rendered":"https:\/\/havamall.com\/?post_type=product&#038;p=31480"},"modified":"2023-05-18T17:07:10","modified_gmt":"2023-05-18T10:07:10","slug":"do-choi-kiem-tao-bong-bong-uncle-bills-bubble-sword","status":"publish","type":"product","link":"https:\/\/havamall.com\/en\/shop\/do-choi-kiem-tao-bong-bong-uncle-bills-bubble-sword\/","title":{"rendered":"\u0110\u1ed3 Ch\u01a1i Ki\u1ebfm T\u1ea1o Bong B\u00f3ng Uncle Bills &#8211; Bubble Sword"},"content":{"rendered":"<h2><\/h2>\n<h2><strong>TH\u00d4NG TIN TH\u01af\u01a0NG HI\u1ec6U V\u00c0 S\u1ea2N PH\u1ea8M<\/strong><\/h2>\n<p>Uncle Bills (UBL) cung c\u1ea5p h\u01a1n 1800 s\u1ea3n ph\u1ea9m ti\u00eau d\u00f9ng phi th\u01b0\u0323c ph\u00e2\u0309m h\u00e2\u0301p d\u00e2\u0303n, ti\u00ea\u0323n i\u0301ch, gia\u0301 ph\u1ea3i ch\u0103ng. S\u1ea3n ph\u1ea9m bao g\u1ed3m nhi\u1ec1u lo\u1ea1i ha\u0300ng ho\u0301a kh\u00e1c nhau, t\u1eeb \u0111\u1ed3 du\u0300ng nh\u00e0 b\u1ebfp, ch\u0103m s\u00f3c c\u00e1 nh\u00e2n, l\u00e0m s\u1ea1ch nha\u0300 c\u01b0\u0309a, \u0111\u00f4\u0300 l\u01b0u tr\u1eef, ca\u0301c loa\u0323i du\u0323ng cu\u0323, v\u00e2\u0323t du\u0323ng ngo\u00e0i tr\u1eddi v\u00e0 ca\u0309 cho tr\u1ebb em. UBL Lu\u00f4n lu\u00f4n c\u00e2\u0323p nh\u00e2\u0323t ca\u0301c sa\u0309n ph\u00e2\u0309m m\u01a1\u0301i.<\/p>\n<p>S\u1ea3n ph\u1ea9m UBL \u0111\u01b0\u1ee3c s\u1ea3n xu\u1ea5t theo ti\u00eau chu\u1ea9n ch\u1ea5t l\u01b0\u1ee3ng nghi\u00eam ng\u1eb7t c\u1ee7a UBL Hongkong v\u00e0 b\u00e1n t\u1ea1i h\u01a1n 50 qu\u1ed1c gia v\u01a1\u0301i h\u01a1n 10.000 c\u1eeda h\u00e0ng, bao g\u1ed3m ch\u00e2u \u00c2u, \u00dac, Ch\u00e2u \u00c1, Ch\u00e2u Phi. S\u1ee9 m\u1ec7nh c\u1ee7a UBL l\u00e0 cung c\u1ea5p nh\u1eefng s\u1ea3n ph\u1ea9m ti\u1ec7n \u00edch v\u00e0 h\u1ea5p d\u1eabn cho ng\u00f4i nh\u00e0 hi\u1ec7n \u0111\u1ea1i c\u1ee7a ng\u01b0\u1eddi Vi\u1ec7t Nam.<\/p>\n<p><img fetchpriority=\"high\" decoding=\"async\" class=\"wp-image-31482 aligncenter\" src=\"https:\/\/havamall.com\/wp-content\/uploads\/2023\/05\/f6797de1ee745a2dc0d45cb02727d617-300x300.jpeg\" alt=\"\" width=\"689\" height=\"689\" \/><\/p>\n<p>\u0110\u1ed3 ch\u01a1i ki\u1ebfm th\u1ed5i bong b\u00f3ng Uncle Bills v\u1eeba quay \u0111\u1ec1u nh\u01b0 chong ch\u00f3ng v\u1eeba t\u1ea1o bong b\u00f3ng v\u00f4 c\u00f9ng b\u1eaft m\u1eaft. V\u1edbi thi\u1ebft k\u1ebf \u0111\u1eb7c bi\u1ec7t th\u00f4ng minh, m\u00f3n \u0111\u1ed3 ch\u01a1i th\u1ed5i bong bong kh\u00f4ng s\u1eed d\u1ee5ng pin n\u00ean c\u1ef1c k\u00ec an to\u00e0n v\u00e0 b\u1ec1n, sau khi ch\u01a1i xong c\u00f3 th\u1ec3 d\u1ec5 d\u00e0ng r\u1eeda s\u1ea1ch v\u00e0 ph\u01a1i kh\u00f4 c\u1ea5t \u0111i l\u1ea7n \u0111\u1ec3 l\u1ea7n sau ch\u01a1i ti\u1ebfp.<\/p>\n<p><img decoding=\"async\" class=\"wp-image-31483 aligncenter\" src=\"https:\/\/havamall.com\/wp-content\/uploads\/2023\/05\/147138-kiem-tao-bong-body-8-300x300.jpeg\" alt=\"\" width=\"688\" height=\"688\" \/><\/p>\n<p>Th\u00e0nh ph\u1ea7n dung d\u1ecbch t\u1ea1o b\u1ecdt bong b\u00f3ng Saponin t\u1ef1 nhi\u00ean t\u1ea1o ra nhi\u1ec1u m\u00e0u s\u1eafc t\u01b0\u01a1i s\u00e1ng kh\u00e1c nhau khi ph\u1ea3n chi\u1ebfu v\u1edbi \u00e1nh s\u00e1ng. S\u1ea3n ph\u1ea9m n\u00e0y c\u00f2n gi\u00fap cho c\u00e1c b\u00e9 c\u00f3 kh\u1ea3 n\u0103ng nh\u1eadn d\u1ea1ng m\u00e0u s\u1eafc kh\u00e1c nhau, t\u0103ng kh\u1ea3 n\u0103ng t\u01b0\u01a1ng t\u00e1c, qu\u00e1 tr\u00ecnh nh\u1eadn th\u1ee9c v\u00e0 k\u1ef9 n\u0103ng s\u1ed1ng c\u1ee7a tr\u1ebb v.v.<\/p>\n<p>S\u1ea3n ph\u1ea9m n\u00e0y r\u1ea5t l\u00fd t\u01b0\u1edfng \u0111\u1ec3 l\u00e0m qu\u00e0 t\u1eb7ng cho tr\u1ebb em! Tr\u1ebb em s\u1ebd r\u1ea5t th\u00edch nh\u00ecn th\u1ea5y c\u00e1c bong b\u00f3ng bay xung quanh ch\u00fang khi vui ch\u01a1i v\u1edbi b\u1ea1n b\u00e8. S\u1ea3n ph\u1ea9m n\u00e0y l\u00e0 m\u1ed9t m\u00f3n qu\u00e0 t\u1eb7ng tuy\u1ec7t v\u1eddi d\u00e0nh cho c\u00e1c b\u00e9 v\u00e0o c\u00e1c ng\u00e0y l\u1ec5, ti\u1ec7c sinh nh\u1eadt ho\u1eb7c l\u1ec5 h\u1ed9i (Ch\u1eb3ng h\u1ea1n nh\u01b0 Ng\u00e0y qu\u1ed1c t\u1ebf thi\u1ebfu nhi, Gi\u00e1ng sinh, Halloween, Ng\u00e0y l\u1ec5 T\u1ea1 \u01a1n, N\u0103m m\u1edbi) .<\/p>\n<p><img decoding=\"async\" class=\"wp-image-31484 aligncenter\" src=\"https:\/\/havamall.com\/wp-content\/uploads\/2023\/05\/147138-kiem-tao-bong-body-9-300x300.jpeg\" alt=\"\" width=\"692\" height=\"692\" \/><\/p>\n<h2><strong>TH\u00d4NG TIN S\u1ea2N PH\u1ea8M<\/strong><\/h2>\n<p>\u2013 Th\u00e0nh ph\u1ea7n: dung d\u1ecbch t\u1ea1o b\u1ecdt bong b\u00f3ng Saponin t\u1ef1 nhi\u00ean t\u1ea1o ra nhi\u1ec1u m\u00e0u s\u1eafc t\u01b0\u01a1i s\u00e1ng kh\u00e1c nhau khi ph\u1ea3n chi\u1ebfu v\u1edbi \u00e1nh s\u00e1ng.<\/p>\n<p>\u2013 S\u1ea3n ph\u1ea9m n\u00e0y c\u00f2n gi\u00fap cho c\u00e1c b\u00e9 c\u00f3 kh\u1ea3 n\u0103ng nh\u1eadn d\u1ea1ng m\u00e0u s\u1eafc kh\u00e1c nhau, t\u0103ng kh\u1ea3 n\u0103ng t\u01b0\u01a1ng t\u00e1c, qu\u00e1 tr\u00ecnh nh\u1eadn th\u1ee9c v\u00e0 k\u1ef9 n\u0103ng s\u1ed1ng c\u1ee7a tr\u1ebb v.v.<\/p>\n<p>\u2013 S\u1ea3n ph\u1ea9m ph\u00f9 h\u1ee3p v\u1edbi c\u00e1c b\u00e9 3 tu\u1ed5i tr\u1edf l\u00ean.<\/p>\n<p>\u2013 Ch\u1ea5t li\u1ec7u: Nh\u1ef1a.<\/p>\n<p><img loading=\"lazy\" decoding=\"async\" class=\"wp-image-31485 aligncenter\" src=\"https:\/\/havamall.com\/wp-content\/uploads\/2023\/05\/147138-kiem-tao-bong-body-6-300x300.jpeg\" alt=\"\" width=\"689\" height=\"689\" \/><\/p>","protected":false},"excerpt":{"rendered":"<p>TH\u00d4NG TIN TH\u01af\u01a0NG HI\u1ec6U V\u00c0 S\u1ea2N PH\u1ea8M Uncle Bills (UBL) cung c\u1ea5p h\u01a1n 1800 s\u1ea3n ph\u1ea9m ti\u00eau d\u00f9ng phi th\u01b0\u0323c<\/p>","protected":false},"featured_media":31481,"comment_status":"open","ping_status":"closed","template":"","meta":[],"product_brand":[],"product_cat":[397,35],"product_tag":[],"class_list":{"0":"post-31480","1":"product","2":"type-product","3":"status-publish","4":"has-post-thumbnail","6":"product_cat-hang-me-be-do-choi","7":"product_cat-nha-cua-doi-song","8":"pa_brand-uncle-bills","10":"first","11":"instock","12":"sale","13":"shipping-taxable","14":"purchasable","15":"product-type-simple"},"_links":{"self":[{"href":"https:\/\/havamall.com\/en\/wp-json\/wp\/v2\/product\/31480","targetHints":{"allow":["GET"]}}],"collection":[{"href":"https:\/\/havamall.com\/en\/wp-json\/wp\/v2\/product"}],"about":[{"href":"https:\/\/havamall.com\/en\/wp-json\/wp\/v2\/types\/product"}],"replies":[{"embeddable":true,"href":"https:\/\/havamall.com\/en\/wp-json\/wp\/v2\/comments?post=31480"}],"version-history":[{"count":0,"href":"https:\/\/havamall.com\/en\/wp-json\/wp\/v2\/product\/31480\/revisions"}],"wp:featuredmedia":[{"embeddable":true,"href":"https:\/\/havamall.com\/en\/wp-json\/wp\/v2\/media\/31481"}],"wp:attachment":[{"href":"https:\/\/havamall.com\/en\/wp-json\/wp\/v2\/media?parent=31480"}],"wp:term":[{"taxonomy":"product_brand","embeddable":true,"href":"https:\/\/havamall.com\/en\/wp-json\/wp\/v2\/product_brand?post=31480"},{"taxonomy":"product_cat","embeddable":true,"href":"https:\/\/havamall.com\/en\/wp-json\/wp\/v2\/product_cat?post=31480"},{"taxonomy":"product_tag","embeddable":true,"href":"https:\/\/havamall.com\/en\/wp-json\/wp\/v2\/product_tag?post=31480"}],"curies":[{"name":"wp","href":"https:\/\/api.w.org\/{rel}","templated":true}]}}