{"id":31487,"date":"2023-05-16T10:56:26","date_gmt":"2023-05-16T03:56:26","guid":{"rendered":"https:\/\/havamall.com\/?post_type=product&#038;p=31487"},"modified":"2024-11-05T12:02:21","modified_gmt":"2024-11-05T05:02:21","slug":"bot-yen-mach-nguyen-cam-huu-co-sottolestelle-500g-organic-whole-grain-oatmeal","status":"publish","type":"product","link":"https:\/\/havamall.com\/en\/shop\/bot-yen-mach-nguyen-cam-huu-co-sottolestelle-500g-organic-whole-grain-oatmeal\/","title":{"rendered":"B\u1ed9t Y\u1ebfn M\u1ea1ch Nguy\u00ean C\u00e1m H\u1eefu C\u01a1 Sottolestelle 500g &#8211; Organic Whole Grain Oatmeal"},"content":{"rendered":"<p>&nbsp;<\/p>\n<h2><strong>TH\u00d4NG TIN CHUNG<\/strong><\/h2>\n<table>\n<tbody>\n<tr>\n<td>Th\u01b0\u01a1ng hi\u1ec7u<\/td>\n<td>Sottolestelle<\/td>\n<\/tr>\n<tr>\n<td>Xu\u1ea5t x\u1ee9<\/td>\n<td>\u00dd<\/td>\n<\/tr>\n<tr>\n<td>Th\u00e0nh ph\u1ea7n<\/td>\n<td>100% b\u1ed9t y\u1ebfn m\u1ea1ch nguy\u00ean c\u00e1m h\u1eefu c\u01a1<\/td>\n<\/tr>\n<tr>\n<td>H\u1ea1n s\u1eed d\u1ee5ng<\/td>\n<td>18 th\u00e1ng tr\u01b0\u1edbc h\u1ea1n s\u1eed d\u1ee5ng<\/td>\n<\/tr>\n<tr>\n<td>B\u1ea3o qu\u1ea3n<\/td>\n<td>\u0110\u1ec3 n\u01a1i kh\u00f4 r\u00e1o, tho\u00e1ng m\u00e1t, tr\u00e1nh \u00e1nh n\u1eafng tr\u1ef1c ti\u1ebfp<\/td>\n<\/tr>\n<tr>\n<td>Kh\u1ed1i l\u01b0\u1ee3ng<\/td>\n<td>500g<\/td>\n<\/tr>\n<\/tbody>\n<\/table>\n<h2><strong>B\u1ed8T Y\u1ebeN M\u1ea0CH NGUY\u00caN C\u00c1M H\u1eeeU C\u01a0 SOTTOLESTELLE<\/strong><\/h2>\n<p>Y\u1ebfn m\u1ea1ch th\u1ef1c s\u1ef1 l\u00e0 m\u1ed9t trong nh\u1eefng lo\u1ea1i ng\u0169 c\u1ed1c l\u00e0nh m\u1ea1nh nh\u1ea5t tr\u00ean tr\u00e1i \u0111\u1ea5t v\u00e0 kh\u00f4ng ch\u1ee9a gluten. Ch\u00fang ch\u1ee9a nhi\u1ec1u vitamin, ch\u1ea5t x\u01a1, kho\u00e1ng ch\u1ea5t v\u00e0 ch\u1ea5t ch\u1ed1ng oxy h\u00f3a. V\u00ec v\u1eady, b\u1ed9t y\u1ebfn m\u1ea1ch c\u1ef1c k\u1ef3 l\u00e0nh m\u1ea1nh \u0111\u1ec3 b\u1ea1n s\u1eed d\u1ee5ng khi n\u1ea5u \u0103n. V\u00e0 dinh d\u01b0\u1ee1ng h\u01a1n nhi\u1ec1u so v\u1edbi b\u1ed9t m\u00ec tr\u1eafng.<\/p>\n<p><img fetchpriority=\"high\" decoding=\"async\" class=\"wp-image-31488 aligncenter\" src=\"https:\/\/havamall.com\/wp-content\/uploads\/2023\/05\/95278020_829649827543417_8304295545711624192_n-300x200.png\" alt=\"\" width=\"713\" height=\"475\" \/><\/p>\n<p>Ch\u1ec9 trong m\u1ed9t kh\u1ea9u ph\u1ea7n b\u1ed9t y\u1ebfn m\u1ea1ch, ch\u01b0a \u0111\u1ebfn n\u1eeda c\u1ed1c, b\u1ea1n \u0111\u00e3 nh\u1eadn \u0111\u01b0\u1ee3c g\u1ea7n 200% l\u01b0\u1ee3ng Mangan h\u00e0ng ng\u00e0y. B\u1ea1n c\u0169ng s\u1ebd nh\u1eadn \u0111\u01b0\u1ee3c 41% l\u01b0\u1ee3ng ph\u1ed1t pho h\u1ea5p th\u1ee5 h\u00e0ng ng\u00e0y, 34% l\u01b0\u1ee3ng magi\u00ea h\u1ea5p th\u1ee5 h\u00e0ng ng\u00e0y v\u00e0 kho\u1ea3ng 20% l\u01b0\u1ee3ng \u0111\u1ed3ng, s\u1eaft v\u00e0 k\u1ebdm h\u00e0ng ng\u00e0y. Ngo\u00e0i ra, h\u00e0m l\u01b0\u1ee3ng cao Vitamin B1, B12 v\u00e0 folate \u0111\u01b0\u1ee3c t\u00ecm th\u1ea5y trong b\u1ed9t y\u1ebfn m\u1ea1ch. B\u1ea1n s\u1ebd kh\u00f3 t\u00ecm th\u1ea5y nhi\u1ec1u dinh d\u01b0\u1ee1ng n\u00e0y trong b\u1ea5t k\u1ef3 lo\u1ea1i b\u1ed9t n\u00e0o kh\u00e1c\u2026<\/p>\n<p><img decoding=\"async\" class=\"wp-image-31489 aligncenter\" src=\"https:\/\/havamall.com\/wp-content\/uploads\/2023\/05\/291448745_1365826520592409_5027216333294886305_n-300x300.jpeg\" alt=\"\" width=\"720\" height=\"720\" \/><\/p>\n<p>B\u1ed9t y\u1ebfn m\u1ea1ch ch\u1ee9a nhi\u1ec1u Beta-Glucan (ch\u1ea5t x\u01a1 h\u00f2a tan) gi\u00fap gi\u1ea3m LDL (cholesterol x\u1ea5u), gi\u1ea3m l\u01b0\u1ee3ng \u0111\u01b0\u1eddng trong m\u00e1u, t\u0103ng c\u1ea3m gi\u00e1c no v\u00e0 th\u00fac \u0111\u1ea9y s\u1ef1 ph\u00e1t tri\u1ec3n c\u1ee7a vi khu\u1ea9n \u0111\u01b0\u1eddng ru\u1ed9t kh\u1ecfe m\u1ea1nh d\u1ecdc theo \u0111\u01b0\u1eddng ti\u00eau h\u00f3a gi\u00fap \u0111i\u1ec1u h\u00f2a ru\u1ed9t c\u1ee7a b\u1ea1n.<\/p>\n<p>Khi b\u1ea1n s\u1eed d\u1ee5ng y\u1ebfn m\u1ea1ch th\u01b0\u1eddng xuy\u00ean, l\u01b0\u1ee3ng \u0111\u01b0\u1eddng trong m\u00e1u l\u00fac \u0111\u00f3i s\u1ebd gi\u1ea3m c\u00f9ng v\u1edbi m\u1ee9c cholesterol LDL v\u00e0 m\u1ee9c cholesterol to\u00e0n ph\u1ea7n. \u0110i\u1ec1u n\u00e0y l\u00e0m cho b\u1ed9t y\u1ebfn m\u1ea1ch tr\u1edf th\u00e0nh m\u1ed9t s\u1ef1 thay th\u1ebf tuy\u1ec7t v\u1eddi cho b\u1ed9t m\u00ec trong ch\u1ebf \u0111\u1ed9 \u0103n ki\u00eang c\u1ee7a b\u1ec7nh nh\u00e2n ti\u1ec3u \u0111\u01b0\u1eddng v\u00ec n\u00f3 c\u00f3 th\u1ec3 gi\u00fap qu\u1ea3n l\u00fd l\u01b0\u1ee3ng \u0111\u01b0\u1eddng trong m\u00e1u v\u00e0 lipid c\u00f9ng m\u1ed9t l\u00fac. Th\u00eam v\u00e0o \u0111\u00f3, l\u01b0\u1ee3ng carb c\u1ee7a n\u00f3 \u00edt h\u01a1n nhi\u1ec1u khi\u1ebfn n\u00f3 tr\u1edf th\u00e0nh l\u1ef1a ch\u1ecdn t\u1ed1t h\u01a1n cho nh\u1eefng ng\u01b0\u1eddi m\u1eafc b\u1ec7nh ti\u1ec3u \u0111\u01b0\u1eddng.<\/p>\n<p><img decoding=\"async\" class=\"wp-image-31490 aligncenter\" src=\"https:\/\/havamall.com\/wp-content\/uploads\/2023\/05\/BO-KIT-BOT-YEN-MACH-10-300x271.png\" alt=\"\" width=\"720\" height=\"651\" \/><\/p>\n<p>C\u00e1c nghi\u00ean c\u1ee9u m\u1edbi cho th\u1ea5y r\u1eb1ng vi\u1ec7c cho tr\u1ebb \u0103n y\u1ebfn m\u1ea1ch d\u01b0\u1edbi d\u1ea1ng b\u1ed9t y\u1ebfn m\u1ea1ch khi c\u00f2n nh\u1ecf th\u1ef1c s\u1ef1 c\u00f3 th\u1ec3 b\u1ea3o v\u1ec7 tr\u1ebb kh\u1ecfi b\u1ecb hen suy\u1ec5n sau n\u00e0y. \u0110i\u1ec1u n\u00e0y l\u00e0 do b\u1ed9t y\u1ebfn m\u1ea1ch c\u00f3 t\u00ednh kh\u00e1ng vi\u00eam cao v\u00e0 do \u0111\u00f3 c\u00f3 th\u1ec3 gi\u00fap ng\u0103n ng\u1eeba \u0111\u01b0\u1eddng h\u00f4 h\u1ea5p b\u1ecb vi\u00eam.<\/p>\n<h2><strong>\u0110\u1eb6C \u0110I\u1ec2M N\u1ed4I B\u1eacT C\u1ee6A S\u1ea2N PH\u1ea8M<\/strong><\/h2>\n<p>&#8211; K\u1ebft c\u1ea5u nh\u1eb9 v\u00e0 h\u01b0\u01a1ng v\u1ecb nh\u1eb9 t\u01b0\u01a1ng t\u1ef1 nh\u01b0 l\u00faa m\u00ec.<\/p>\n<p>&#8211; Kh\u1ea3 n\u0103ng th\u1ea5m h\u00fat b\u1ed5 sung \u0111\u1ed9 \u1ea9m cho b\u00e1nh n\u01b0\u1edbng.<\/p>\n<p>&#8211; Gi\u00fap b\u00e1nh nh\u1eb9 v\u00e0 b\u00f4ng x\u1ed1p.<\/p>\n<h2><img loading=\"lazy\" decoding=\"async\" class=\"wp-image-31491 aligncenter\" src=\"https:\/\/havamall.com\/wp-content\/uploads\/2023\/05\/banh-mi-nguyen-cam-bao-nhieu-calo5-300x200.jpeg\" alt=\"\" width=\"729\" height=\"486\" \/><\/h2>\n<h2><strong>H\u01af\u1edaNG D\u1eaaN S\u1eec D\u1ee4NG\u00a0<\/strong><\/h2>\n<p>&#8211; S\u1eed d\u1ee5ng t\u1ed1i \u0111a 25% b\u1ed9t y\u1ebfn m\u1ea1ch trong h\u1ed7n h\u1ee3p b\u1ed9t m\u00ec kh\u00f4ng ch\u1ee9a gluten.<\/p>\n<p>&#8211; B\u00e1nh k\u1ebfp, b\u00e1nh n\u01b0\u1edbng x\u1ed1p, b\u00e1nh h\u1ea1nh nh\u00e2n v\u00e0 b\u00e1nh n\u01b0\u1edbng nh\u1ecf.<\/p>\n<p>&#8211; B\u00e1nh quy l\u00e0m t\u1eeb b\u1ed9t y\u1ebfn m\u1ea1ch, n\u00f3 mang l\u1ea1i m\u1ed9t k\u1ebft c\u1ea5u d\u00e0y v\u00e0 dai cho ch\u00fang.<\/p>","protected":false},"excerpt":{"rendered":"<p>&nbsp; TH\u00d4NG TIN CHUNG Th\u01b0\u01a1ng hi\u1ec7u Sottolestelle Xu\u1ea5t x\u1ee9 \u00dd Th\u00e0nh ph\u1ea7n 100% b\u1ed9t y\u1ebfn m\u1ea1ch nguy\u00ean c\u00e1m h\u1eefu c\u01a1<\/p>","protected":false},"featured_media":31492,"comment_status":"open","ping_status":"closed","template":"","meta":[],"product_brand":[],"product_cat":[36,256],"product_tag":[],"class_list":{"0":"post-31487","1":"product","2":"type-product","3":"status-publish","4":"has-post-thumbnail","6":"product_cat-thuc-pham-tieu-dung","7":"product_cat-thuc-pham-huu-co","8":"pa_brand-sottolestell","10":"first","11":"outofstock","12":"sale","13":"shipping-taxable","14":"purchasable","15":"product-type-simple"},"_links":{"self":[{"href":"https:\/\/havamall.com\/en\/wp-json\/wp\/v2\/product\/31487","targetHints":{"allow":["GET"]}}],"collection":[{"href":"https:\/\/havamall.com\/en\/wp-json\/wp\/v2\/product"}],"about":[{"href":"https:\/\/havamall.com\/en\/wp-json\/wp\/v2\/types\/product"}],"replies":[{"embeddable":true,"href":"https:\/\/havamall.com\/en\/wp-json\/wp\/v2\/comments?post=31487"}],"version-history":[{"count":0,"href":"https:\/\/havamall.com\/en\/wp-json\/wp\/v2\/product\/31487\/revisions"}],"wp:featuredmedia":[{"embeddable":true,"href":"https:\/\/havamall.com\/en\/wp-json\/wp\/v2\/media\/31492"}],"wp:attachment":[{"href":"https:\/\/havamall.com\/en\/wp-json\/wp\/v2\/media?parent=31487"}],"wp:term":[{"taxonomy":"product_brand","embeddable":true,"href":"https:\/\/havamall.com\/en\/wp-json\/wp\/v2\/product_brand?post=31487"},{"taxonomy":"product_cat","embeddable":true,"href":"https:\/\/havamall.com\/en\/wp-json\/wp\/v2\/product_cat?post=31487"},{"taxonomy":"product_tag","embeddable":true,"href":"https:\/\/havamall.com\/en\/wp-json\/wp\/v2\/product_tag?post=31487"}],"curies":[{"name":"wp","href":"https:\/\/api.w.org\/{rel}","templated":true}]}}