{"id":31646,"date":"2023-05-31T16:14:53","date_gmt":"2023-05-31T09:14:53","guid":{"rendered":"https:\/\/havamall.com\/?post_type=product&#038;p=31646"},"modified":"2024-11-09T15:37:56","modified_gmt":"2024-11-09T08:37:56","slug":"sua-chua-ngu-sac-i-yaua-say-gion-hu-55g-freeze-dried-yogurt","status":"publish","type":"product","link":"https:\/\/havamall.com\/en\/shop\/sua-chua-ngu-sac-i-yaua-say-gion-hu-55g-freeze-dried-yogurt\/","title":{"rendered":"S\u1eefa Chua Ng\u0169 S\u1eafc I.YAUA S\u1ea5y Gi\u00f2n H\u1ee7 55g &#8211; Freeze Dried Yogurt"},"content":{"rendered":"<p>&nbsp;<\/p>\n<h3><strong>TH\u00d4NG TIN S\u1ea2N PH\u1ea8M<\/strong><\/h3>\n<table>\n<tbody>\n<tr>\n<td>Th\u01b0\u01a1ng hi\u1ec7u<\/td>\n<td>I.Yaua<\/td>\n<\/tr>\n<tr>\n<td>Xu\u1ea5t x\u1ee9<\/td>\n<td>Vi\u1ec7t Nam<\/td>\n<\/tr>\n<tr>\n<td>Th\u00e0nh ph\u1ea7n<\/td>\n<td>S\u1eefa chua l\u00ean men t\u1eeb s\u1eefa t\u01b0\u01a1i, tr\u00e1i c\u00e2y, b\u1ed9t kem kh\u00f4ng s\u1eefa ph\u1ea9m m\u00e0u t\u1ef1 nhi\u00ean,&#8230;<\/td>\n<\/tr>\n<tr>\n<td>H\u1ea1n s\u1eed d\u1ee5ng<\/td>\n<td>12 th\u00e1ng k\u1ec3 t\u1eeb ng\u00e0y s\u1ea3n xu\u1ea5t<\/td>\n<\/tr>\n<tr>\n<td>B\u1ea3o qu\u1ea3n<\/td>\n<td>B\u1ea3o qu\u1ea3n n\u01a1i tho\u00e1ng m\u00e1t, tr\u00e1nh \u00e1nh n\u1eafng tr\u1ef1c ti\u1ebfp<\/td>\n<\/tr>\n<tr>\n<td>Kh\u1ed1i l\u01b0\u1ee3ng<\/td>\n<td>55g<\/td>\n<\/tr>\n<\/tbody>\n<\/table>\n<p>Th\u1ef1c ph\u1ea9m l\u00e0 ngu\u1ed3n b\u1ed5 sung dinh d\u01b0\u1ee1ng v\u00e0 kho\u00e1ng ch\u1ea5t r\u1ea5t quan tr\u1ecdng. Tuy nhi\u00ean trong th\u1eddi \u0111\u1ea1i c\u00f4ng nghi\u1ec7p hi\u1ec7n nay ng\u01b0\u1eddi ti\u00eau d\u00f9ng kh\u00f4ng c\u00f3 nhi\u1ec1u th\u1eddi gian \u0111\u1ec3 ch\u1ecdn l\u1ef1a \u0111\u1ea7y \u0111\u1ee7 v\u00e0 chu\u1ea9n b\u1ecb. NFC hi\u1ec3u \u0111\u01b0\u1ee3c nhu c\u1ea7u t\u00ecm ki\u1ebfm nh\u1eefng s\u1ea3n ph\u1ea9m mang t\u00ednh ti\u1ec7n l\u1ee3i cao v\u00e0 t\u1ed1t cho s\u1ee9c kh\u1ecfe c\u1ee7a ng\u01b0\u1eddi ti\u00eau d\u00f9ng.<\/p>\n<p>NFC quy\u1ebft \u0111\u1ecbnh mang ngu\u1ed3n nguy\u00ean li\u1ec7u tr\u00e1i c\u00e2y t\u1ef1 nhi\u00ean v\u00e0 s\u1eefa chua, k\u1ebft h\u1ee3p v\u1edbi C\u00f4ng ngh\u1ec7 s\u1ea5y th\u0103ng hoa ti\u00ean ti\u1ebfn t\u1eeb Nh\u1eadt B\u1ea3n \u0111\u1ec3 t\u1ea1o ra s\u1ea3n ph\u1ea9m \u0103n li\u1ec1n &#8220;s\u1eefa chua s\u1ea5y th\u0103ng hoa I.Yaua&#8221;.<\/p>\n<p><img fetchpriority=\"high\" decoding=\"async\" class=\"wp-image-31648 aligncenter\" src=\"https:\/\/havamall.com\/wp-content\/uploads\/2023\/05\/317939584_193767069829834_5528899786391369970_n-300x201.jpeg\" alt=\"\" width=\"642\" height=\"430\" \/><br \/>\nNFC mong mu\u1ed1n \u0111em \u0111\u1ebfn cho ng\u01b0\u1eddi ti\u00eau d\u00f9ng Vi\u1ec7t Nam \u2013 \u0111\u1eb7c bi\u1ec7t l\u00e0 gi\u1edbi tr\u1ebb tr\u1ea3i nghi\u1ec7m th\u01b0\u1edfng th\u1ee9c tr\u00e1i c\u00e2y v\u00e0 s\u1eefa chua theo phong c\u00e1ch m\u1edbi, \u0111a d\u1ea1ng m\u00e0u s\u1eafc, h\u01b0\u01a1ng v\u1ecb v\u00e0 s\u1ef1 ti\u1ec7n d\u1ee5ng. \u0110\u00e2y s\u1ebd l\u00e0 m\u00f3n ngon \u201ckh\u00f4ng th\u1ec3 thi\u1ebfu\u201d cho c\u00e1c \u201ct\u00edn \u0111\u1ed3 \u0103n v\u1eb7t\u201d nh\u01b0ng v\u1eabn \u0111\u1ea3m b\u1ea3o t\u1ed1t cho \u201cs\u1ee9c kh\u1ecfe\u201d v\u00e0 \u201cs\u1eafc v\u00f3c\u201d c\u1ee7a m\u1ecdi ng\u01b0\u1eddi.<\/p>\n<p><img decoding=\"async\" class=\"wp-image-31649 aligncenter\" src=\"https:\/\/havamall.com\/wp-content\/uploads\/2023\/05\/289766704_183135880810838_4327417481648421749_n-300x300.jpeg\" alt=\"\" width=\"647\" height=\"647\" \/><\/p>\n<p>Ai c\u0169ng bi\u1ebft s\u1eefa chua l\u00e0 th\u1ef1c ph\u1ea9m gi\u00e0u d\u01b0\u1ee1ng ch\u1ea5t v\u00e0 t\u1ed1t cho s\u1ee9c kh\u1ecfe. Tuy nhi\u00ean v\u1edbi \u0111\u1eb7c t\u00ednh v\u00e0 c\u1ea5u tr\u00fac s\u1ea3n ph\u1ea9m n\u00ean s\u1eefa chua lu\u00f4n ph\u1ea3i \u0111\u01b0\u1ee3c gi\u1eef l\u1ea1nh khi b\u1ea3o qu\u1ea3n \u0111\u1ebfn tr\u01b0\u1edbc khi \u0103n. Do v\u1eady b\u1ea1n c\u0169ng kh\u00f4ng th\u1ec3 s\u1eed d\u1ee5ng \u1edf m\u1ecdi l\u00fac m\u1ecdi n\u01a1i v\u00e0 v\u1edbi l\u01b0\u1ee3ng nhi\u1ec1u \u00edt theo nhu c\u1ea7u v\u00e0 s\u1edf th\u00edch.<\/p>\n<p>Hi\u1ec3u \u0111\u01b0\u1ee3c \u0111i\u1ec1u n\u00e0y v\u00e0 mong mu\u1ed1n \u0111em l\u1ea1i m\u1ed9t s\u1ea3n ph\u1ea9m b\u1ed5 d\u01b0\u1ee1ng c\u00f3 th\u1ec3 s\u1eed d\u1ee5ng ti\u1ec7n l\u1ee3i h\u01a1n, NFC cho ra \u0111\u1eddi m\u00f3n S\u1eefa chua ng\u0169 s\u1eafc s\u1ea5y th\u0103ng hoa\u00a0<strong>IYAUA.<\/strong><\/p>\n<p><img decoding=\"async\" class=\"wp-image-31650 aligncenter\" src=\"https:\/\/havamall.com\/wp-content\/uploads\/2023\/05\/i-yaua-sua-chua-ngu-sac-say-thang-hoa-banner-3-298x300.jpeg\" alt=\"\" width=\"647\" height=\"651\" \/><br \/>\nS\u1eefa chua ng\u0169 s\u1eafc\u00a0<strong>IYAUA<\/strong>\u00a0s\u1eed d\u1ee5ng c\u00f4ng ngh\u1ec7 s\u1ea5y th\u0103ng hoa \u0111\u1ebfn t\u1eeb Nh\u1eadt B\u1ea3n n\u00ean b\u1ea3o t\u1ed3n \u0111\u01b0\u1ee3c nguy\u00ean v\u1eb9n m\u00e0u s\u1eafc, m\u00f9i v\u1ecb, \u0111\u1eb7c t\u00ednh c\u00f3 l\u1ee3i v\u00e0 d\u01b0\u1ee1ng ch\u1ea5t c\u1ee7a s\u1eefa chua t\u01b0\u01a1i nh\u01b0 h\u00e0m l\u01b0\u1ee3ng vitamin, kho\u00e1ng ch\u1ea5t \u0111\u1eb7c bi\u1ec7t l\u00e0 c\u00e1c vi khu\u1ea9n c\u00f3 l\u1ee3i cho \u0111\u01b0\u1eddng ru\u1ed9t, gi\u00fap ng\u01b0\u1eddi d\u00f9ng \u0111\u01b0\u1ee3c kh\u1ecfe \u0111\u1eb9p t\u1eeb trong ra ngo\u00e0i, xinh d\u00e1ng \u2013 \u0111\u1eb9p da.<\/p>\n<p><img loading=\"lazy\" decoding=\"async\" class=\"wp-image-31651 aligncenter\" src=\"https:\/\/havamall.com\/wp-content\/uploads\/2023\/05\/312756892_184988284041046_2793579076247689738_n-300x300.jpeg\" alt=\"\" width=\"645\" height=\"645\" \/><\/p>\n<p><strong>IYAUA<\/strong>\u00a0kh\u00f4ng ch\u1ec9 gi\u1eef nguy\u00ean c\u00e1c \u0111\u1eb7c t\u00ednh c\u00f3 l\u1ee3i c\u1ee7a s\u1eefa chua t\u01b0\u01a1i m\u00e0 c\u00f2n r\u1ea5t ti\u1ec7n l\u1ee3i cho s\u1eed d\u1ee5ng \u1edf m\u1ecdi l\u00fac m\u1ecdi n\u01a1i v\u00e0 kh\u00f4ng c\u1ea7n ph\u1ea3i b\u1ea3o qu\u1ea3n l\u1ea1nh. S\u1eefa chua s\u1ea5y th\u0103ng hoa\u00a0<strong>IYAUA<\/strong>\u00a0\u0111\u01b0\u1ee3c l\u00e0m t\u1eeb s\u1eefa chua t\u01b0\u01a1i, kh\u00f4ng h\u01b0\u01a1ng li\u1ec7u t\u1ed5ng h\u1ee3p, kh\u00f4ng m\u00e0u t\u1ed5ng h\u1ee3p v\u00e0 kh\u00f4ng ch\u1ea5t b\u1ea3o qu\u1ea3n. M\u00e0u s\u1eafc t\u1ef1 nhi\u00ean v\u00e0 h\u01b0\u01a1ng v\u1ecb d\u1ecbu nh\u1eb9 \u0111\u1eb7c tr\u01b0ng c\u1ee7a tr\u00e1i c\u00e2y t\u01b0\u01a1i s\u1ebd cu\u1ed1n h\u00fat b\u1ea1n ngay t\u1eeb nh\u1eefng mi\u1ebfng \u0111\u1ea7u ti\u00ean. T\u1eebng vi\u00ean\u00a0<strong>IYAUA<\/strong>\u00a0th\u01a1m ngon, tan nhanh trong mi\u1ec7ng s\u1ebd cho b\u1ea1n c\u1ea3m gi\u00e1c c\u00e0ng \u0103n c\u00e0ng ghi\u1ec1n, mu\u1ed1n b\u1ed1c li\u1ec1n tay.<\/p>\n<p>S\u1eefa chua c\u00f3 v\u1ecb chua nh\u1eb9 quy\u1ec7n v\u1edbi v\u1ecb ng\u1ecdt b\u00e9o c\u1ee7a s\u1eefa v\u00e0 h\u01b0\u01a1ng v\u1ecb th\u01a1m ngon c\u1ee7a tr\u00e1i c\u00e2y, k\u00edch th\u00edch v\u1ecb gi\u00e1c, gi\u00fap tr\u1ebb \u0103n ngon mi\u1ec7ng. S\u1ea3n ph\u1ea9m c\u00f3 d\u1ea1ng vi\u00ean n\u00ean tr\u1ebb c\u00f3 th\u1ec3 t\u1ef1 \u0103n v\u00e0 l\u00e0m quen v\u1edbi vi\u1ec7c c\u1ea7m n\u1eafm, gi\u00fap b\u1ed1 m\u1eb9 ti\u1ebft ki\u1ec7m th\u1eddi gian v\u00e0 c\u00f4ng s\u1ee9c.<\/p>\n<h2><img loading=\"lazy\" decoding=\"async\" class=\"wp-image-31652 aligncenter\" src=\"https:\/\/havamall.com\/wp-content\/uploads\/2023\/05\/a082dbd35b8f90e65a0c7a3c46ced041-300x300.jpeg\" alt=\"\" width=\"624\" height=\"624\" \/><br \/>\n<strong>\u0110\u1eb6C \u0110I\u1ec2M N\u1ed4I B\u1eacT C\u1ee6A S\u1ea2N PH\u1ea8M:<\/strong><\/h2>\n<p>&#8211; S\u1eefa chua ng\u0169 s\u1eafc s\u1ea5y th\u0103ng hoa l\u00e0 s\u1ef1 k\u1ebft h\u1ee3p h\u00e0i h\u00f2a gi\u1eefa s\u1eefa chua \u0111\u01b0\u1ee3c l\u00ean men t\u1ef1 nhi\u00ean v\u00e0 c\u00e1c lo\u1ea1i tr\u00e1i c\u00e2y gi\u00e0u ch\u1ea5t dinh d\u01b0\u1ee1ng.<\/p>\n<p>&#8211; S\u1eefa chua ng\u0169 s\u1eafc \u0111\u01b0\u1ee3c s\u1ea3n xu\u1ea5t theo c\u00f4ng ngh\u1ec7 s\u1ea5y th\u0103ng hoa (s\u1ea5y \u0111\u00f4ng kh\u00f4) gi\u00fap lo\u1ea1i b\u1ecf c\u00e1c ph\u00e2n t\u1eed n\u01b0\u1edbc nh\u01b0ng v\u1eabn gi\u1eef \u0111\u01b0\u1ee3c nguy\u00ean h\u00ecnh d\u1ea1ng, m\u00e0u s\u1eafc, m\u00f9i v\u1ecb, dinh d\u01b0\u1ee1ng. S\u1ea3n ph\u1ea9m \u0111\u01b0\u1ee3c s\u1ea3n xu\u1ea5t theo quy tr\u00ecnh hi\u1ec7n \u0111\u1ea1i kh\u00e9p k\u00edn n\u00ean \u0111\u1ea3m b\u1ea3o ch\u1ea5t l\u01b0\u1ee3ng v\u00e0 v\u1ec7 sinh an to\u00e0n th\u1ef1c ph\u1ea9m.<\/p>\n<p>&#8211; S\u1eefa chua ng\u0169 s\u1eafc s\u1ea5y th\u0103ng hoa g\u1ed3m 5 h\u01b0\u01a1ng v\u1ecb v\u1edbi m\u00e0u s\u1eafc kh\u00e1c nhau nh\u01b0: m\u00e0u t\u00edm c\u1ee7a vi\u1ec7t qu\u1ea5t, v\u00e0ng t\u01b0\u01a1i c\u1ee7a s\u1ea7u ri\u00eang, \u0111\u1ecf h\u1ed3ng c\u1ee7a d\u00e2u, v\u00e0ng nh\u1ea1t c\u1ee7a chu\u1ed1i v\u00e0 m\u00e0u tr\u1eafng c\u1ee7a s\u1eefa chua truy\u1ec1n th\u1ed1ng, nh\u01b0ng kh\u00f4ng b\u1ecb b\u00e1m m\u00f9i gi\u1eefa c\u00e1c h\u01b0\u01a1ng v\u1ecb trong c\u00f9ng m\u1ed9t bao b\u00ec.<\/p>\n<p>&#8211; S\u1ea3n ph\u1ea9m th\u00edch h\u1ee3p cho c\u00e1c t\u00edn \u0111\u1ed3 s\u1eefa chua nh\u01b0ng l\u1ea1i mu\u1ed1n th\u01b0\u1edfng th\u1ee9c theo m\u1ed9t phong c\u00e1ch m\u1edbi: gi\u00f2n x\u1ed1p, tan ngay tr\u00ean \u0111\u1ea7u l\u01b0\u1ee1i, nhi\u1ec1u h\u01b0\u01a1ng v\u1ecb trong c\u00f9ng m\u1ed9t bao b\u00ec.<\/p>\n<p>&#8211; S\u1eefa chua ng\u0169 s\u1eafc s\u1ea5y th\u0103ng hoa nh\u01b0 m\u1ed9t lo\u1ea1i snack, \u0111\u1eb7c bi\u1ec7t ph\u00f9 h\u1ee3p khi th\u1eddi ti\u1ebft se l\u1ea1nh ho\u1eb7c khi b\u00e9 b\u1ecb vi\u00eam h\u1ecdng ph\u1ea3i ki\u00eang \u0111\u1ed3 l\u1ea1nh nh\u01b0ng v\u1eabn mu\u1ed1n \u0103n s\u1eefa chua.<br \/>\n<img loading=\"lazy\" decoding=\"async\" class=\"wp-image-31653 aligncenter\" src=\"https:\/\/havamall.com\/wp-content\/uploads\/2023\/05\/272740343_145688857888874_5220145778149392240_n-300x300.jpeg\" alt=\"\" width=\"629\" height=\"629\" \/><\/p>","protected":false},"excerpt":{"rendered":"<p>&nbsp; TH\u00d4NG TIN S\u1ea2N PH\u1ea8M Th\u01b0\u01a1ng hi\u1ec7u I.Yaua Xu\u1ea5t x\u1ee9 Vi\u1ec7t Nam Th\u00e0nh ph\u1ea7n S\u1eefa chua l\u00ean men t\u1eeb s\u1eefa<\/p>","protected":false},"featured_media":31656,"comment_status":"open","ping_status":"closed","template":"","meta":[],"product_brand":[],"product_cat":[36],"product_tag":[],"class_list":{"0":"post-31646","1":"product","2":"type-product","3":"status-publish","4":"has-post-thumbnail","6":"product_cat-thuc-pham-tieu-dung","7":"pa_brand-nfc","9":"first","10":"outofstock","11":"sale","12":"shipping-taxable","13":"purchasable","14":"product-type-simple"},"_links":{"self":[{"href":"https:\/\/havamall.com\/en\/wp-json\/wp\/v2\/product\/31646","targetHints":{"allow":["GET"]}}],"collection":[{"href":"https:\/\/havamall.com\/en\/wp-json\/wp\/v2\/product"}],"about":[{"href":"https:\/\/havamall.com\/en\/wp-json\/wp\/v2\/types\/product"}],"replies":[{"embeddable":true,"href":"https:\/\/havamall.com\/en\/wp-json\/wp\/v2\/comments?post=31646"}],"version-history":[{"count":0,"href":"https:\/\/havamall.com\/en\/wp-json\/wp\/v2\/product\/31646\/revisions"}],"wp:featuredmedia":[{"embeddable":true,"href":"https:\/\/havamall.com\/en\/wp-json\/wp\/v2\/media\/31656"}],"wp:attachment":[{"href":"https:\/\/havamall.com\/en\/wp-json\/wp\/v2\/media?parent=31646"}],"wp:term":[{"taxonomy":"product_brand","embeddable":true,"href":"https:\/\/havamall.com\/en\/wp-json\/wp\/v2\/product_brand?post=31646"},{"taxonomy":"product_cat","embeddable":true,"href":"https:\/\/havamall.com\/en\/wp-json\/wp\/v2\/product_cat?post=31646"},{"taxonomy":"product_tag","embeddable":true,"href":"https:\/\/havamall.com\/en\/wp-json\/wp\/v2\/product_tag?post=31646"}],"curies":[{"name":"wp","href":"https:\/\/api.w.org\/{rel}","templated":true}]}}