{"id":31719,"date":"2023-06-08T15:25:10","date_gmt":"2023-06-08T08:25:10","guid":{"rendered":"https:\/\/havamall.com\/?post_type=product&#038;p=31719"},"modified":"2026-03-05T09:17:04","modified_gmt":"2026-03-05T02:17:04","slug":"dau-tam-nguyen-vo-argentina-argentinian-fava-beans-2","status":"publish","type":"product","link":"https:\/\/havamall.com\/en\/shop\/dau-tam-nguyen-vo-argentina-argentinian-fava-beans-2\/","title":{"rendered":"\u0110\u1eadu T\u1eb1m Nguy\u00ean V\u1ecf Argentina \u2013 Argentinian Fava Beans"},"content":{"rendered":"<h2><\/h2>\n<h2><strong>TH\u00d4NG TIN S\u1ea2N PH\u1ea8M<\/strong><\/h2>\n<table>\n<tbody>\n<tr>\n<td>Th\u01b0\u01a1ng hi\u1ec7u<\/td>\n<td>Havafoodies<\/td>\n<\/tr>\n<tr>\n<td>Xu\u1ea5t x\u1ee9<\/td>\n<td>Argentina<\/td>\n<\/tr>\n<tr>\n<td>Th\u00e0nh ph\u1ea7n<\/td>\n<td>100% \u0111\u1eadu t\u1eb1m nguy\u00ean v\u1ecf<\/td>\n<\/tr>\n<tr>\n<td>H\u1ea1n s\u1eed d\u1ee5ng<\/td>\n<td>24 th\u00e1ng k\u1ec3 t\u1eeb ng\u00e0y s\u1ea3n xu\u1ea5t<\/td>\n<\/tr>\n<tr>\n<td>B\u1ea3o qu\u1ea3n<\/td>\n<td>B\u1ea3o qu\u1ea3n n\u01a1i tho\u00e1ng m\u00e1t, tr\u00e1nh \u00e1nh n\u1eafng tr\u1ef1c ti\u1ebfp<\/td>\n<\/tr>\n<tr>\n<td>Kh\u1ed1i l\u01b0\u1ee3ng<\/td>\n<td>400G\/1000G<\/td>\n<\/tr>\n<\/tbody>\n<\/table>\n<h2><strong>S\u01a0 L\u01af\u1ee2C V\u1ec0 \u0110\u1eacU T\u1eb0M<\/strong><\/h2>\n<p>H\u1ea1t \u0111\u1eadu t\u1eb1m c\u00f3 t\u00ean khoa h\u1ecdc l\u00e0 Vicia faba L. thu\u1ed9c h\u1ecd \u0111\u1eadu, c\u00e2y th\u1ea3o v\u00e0 c\u00f3 l\u1ecbch s\u1eed tr\u1ed3ng tr\u1ecdt c\u00e1ch \u0111\u00e2y 5000 n\u0103m. H\u1ea1t \u0111\u1eadu t\u1eb1m c\u00f3 ngu\u1ed3n g\u1ed1c \u1edf \u0110\u1ecba Trung H\u1ea3i, sau \u0111\u00f3 \u0111\u01b0\u1ee3c tr\u1ed3ng \u1edf Ch\u00e2u \u00c2u, theo con \u0111\u01b0\u1eddng t\u01a1 l\u1ee5a v\u00e0o Trung Qu\u1ed1c v\u00e0 c\u00e1c n\u01b0\u1edbc ch\u00e2u \u00c1 kh\u00e1c. \u0110\u1eadu t\u1eb1m \u0111\u01b0\u1ee3c tr\u1ed3ng ph\u1ed5 bi\u1ebfn \u1edf 47 n\u01b0\u1edbc. N\u0103m 2003, di\u1ec7n t\u00edch c\u00e2y \u0111\u1eadu t\u1eb1m tr\u00ean th\u1ebf gi\u1edbi v\u00e0o kho\u1ea3ng 2.63 tri\u1ec7u ha, n\u0103ng su\u1ea5t \u01b0\u1edbc t\u00ednh 15,3 t\u1ea1\/ha, s\u1ea3n l\u01b0\u1ee3ng 4,03 tri\u1ec7u t\u1ea5n. Trong \u0111\u00f3 Trung Qu\u1ed1c v\u00e0 ch\u00e2u Phi l\u00e0 n\u01a1i tr\u1ed3ng nhi\u1ec1u nh\u1ea5t. \u0110\u1eadu t\u1eb1m \u0111\u01b0\u1ee3c tr\u1ed3ng t\u1ea1i Vi\u1ec7t Nam l\u1ea7n \u0111\u1ea7u v\u00e0o th\u00e1ng 7\/2009.<\/p>\n<p><img fetchpriority=\"high\" decoding=\"async\" class=\"wp-image-14442 aligncenter\" src=\"https:\/\/havamall.com\/wp-content\/uploads\/2020\/05\/fava-beans-1-1200x675-300x169.jpg\" alt=\"\" width=\"850\" height=\"479\" \/><\/p>\n<h2><strong>TH\u00d4NG TIN S\u1ea2N PH\u1ea8M<\/strong><\/h2>\n<p><em><strong>Th\u00e0nh ph\u1ea7n<\/strong><\/em>: \u0110\u1eadu T\u1eb1m 200gr (100%)<\/p>\n<p><em><strong>Xu\u1ea5t x\u1ee9 nguy\u00ean li\u1ec7u<\/strong><\/em>: Argentina<\/p>\n<p><strong>H\u01b0\u1edbng d\u1eabn s\u1eed d\u1ee5ng<\/strong>: \u0110\u1eadu ng\u00e2m qua \u0111\u00eam. M\u1ed9t k\u00ed \u0111\u1eadu kh\u00f4 ng\u00e2m \u0111\u01b0\u1ee3c 2,2kg \u0111\u1eadu t\u01b0\u01a1i. D\u00f9ng l\u00e0m salad, n\u1ea5u x\u00f4i \u2013 ch\u00e8, s\u1eefa \u0111\u1eadu, nghi\u1ec1n nhuy\u1ec5n l\u00e0m b\u00e1nh, d\u00f9ng n\u1ea5u c\u01a1m, s\u00fap\u2026<\/p>\n<p><strong>B\u1ea3o qu\u1ea3n<\/strong>: N\u01a1i kh\u00f4 r\u00e1o, tho\u00e1ng m\u00e1t<\/p>\n<p><strong>H\u1ea1n s\u1eed d\u1ee5ng<\/strong>: 2 n\u0103m k\u1ec3 t\u1eeb ng\u00e0y s\u1ea3n xu\u1ea5t<\/p>\n<p><strong>\u0110\u00f3ng g\u00f3i<\/strong>: B\u1ecbch zipper nh\u1ef1a ch\u1eafc ch\u1eafn.<\/p>\n<h2><strong>GI\u00c1 TR\u1eca DINH D\u01af\u1ee0NG<\/strong><\/h2>\n<p><img decoding=\"async\" class=\"wp-image-14443 aligncenter\" src=\"https:\/\/havamall.com\/wp-content\/uploads\/2020\/05\/shutterstock_252470263-300x168.jpg\" alt=\"\" width=\"762\" height=\"427\" \/><\/p>\n<ul>\n<li>\u00a0H\u1ea1t \u0111\u1eadu t\u1eb1m c\u00f3 gi\u00e1 tr\u1ecb dinh d\u01b0\u1ee1ng cao: protein 30%, 8 lo\u1ea1i axit amin thi\u1ebft y\u1ebfu, tinh b\u1ed9t 49%, ch\u1ea5t b\u00e9o 0.8%. Do \u0111\u1eb7c \u0111i\u1ec3m gi\u00e0u \u0111\u1ea1m v\u00e0 tinh b\u1ed9t nh\u01b0ng r\u1ea5t \u00edt ch\u1ea5t b\u00e9o, h\u1ea1t \u0111\u1eadu t\u1eb1m c\u00f3 th\u1ec3 d\u00f9ng l\u00e0m l\u01b0\u01a1ng th\u1ef1c cho ng\u01b0\u1eddi v\u00e0 l\u00e0m th\u1ee9c \u0103n ch\u0103n nu\u00f4i c\u00f3 gi\u00e1 tr\u1ecb.<\/li>\n<li>H\u1ea1t \u0111\u1eadu t\u1eb1m c\u00f3 h\u00e0m l\u01b0\u1ee3ng n\u01b0\u1edbc 70%, protein 13%, ch\u1ea5t b\u00e9o 0,7%, h\u1ee3p ch\u1ea5t hydratcacbon 11,7%, ch\u1ea5t x\u01a1 th\u00f4 37,2%, tro 1,2% v\u00e0 c\u00e1c kho\u00e1ng ch\u1ea5t Ca, P, Fe, caroten, vitamin B1, B2, PP, C, c\u00f3 ti\u1ec1m n\u0103ng tr\u1edf th\u00e0nh lo\u1ea1i rau b\u1ed5 d\u01b0\u1ee1ng cho con ng\u01b0\u1eddi v\u00e0 c\u1ea3 v\u1eadt nu\u00f4i.<\/li>\n<\/ul>\n<h2><strong>C\u00d4NG D\u1ee4NG CHO S\u1ee8C KHO\u1eba<\/strong><\/h2>\n<ul>\n<li>\u0110\u1eadu n\u00e0y ch\u1ee9a h\u00e0m l\u01b0\u1ee3ng ch\u1ea5t x\u01a1 n\u00ean r\u1ea5t t\u1ed1t cho ti\u00eau h\u00f3a, gi\u00fap ng\u0103n ng\u1eeba t\u00e1o b\u00f3n n\u1ebfu b\u1ea1n ti\u00eau th\u1ee5 th\u01b0\u1eddng xuy\u00ean.<\/li>\n<li>\u0110\u1eadu c\u0169ng c\u00f3 ch\u1ee9a dinh d\u01b0\u1ee1ng th\u1ef1c v\u1eadt nh\u01b0 isoflavone gi\u00fap ng\u0103n ng\u1eeba ung th\u01b0 v\u00fa v\u00e0 l\u00e0m gi\u1ea3m n\u1ed3ng \u0111\u1ed9 cholesterol.<\/li>\n<li>Lo\u1ea1i \u0111\u1eadu n\u00e0y ch\u1ee9a c\u00e1c kho\u00e1ng ch\u1ea5t nh\u01b0 s\u1eaft, \u0111\u1ed3ng v\u00e0 mangan gi\u00fap s\u1ea3n xu\u1ea5t m\u00e1u. Ngo\u00e0i ra, ch\u00fang c\u0169ng ch\u1ee9a kali.<\/li>\n<li>Nh\u1eefng h\u1ea1t \u0111\u1eadu t\u1eb1m n\u00e0y r\u1ea5t gi\u00e0u protein v\u00e0 d\u00e0y \u0111\u1eb7c calo gi\u00fap b\u1ea1n no \u0111\u1ee7 v\u00e0 tr\u00e0n \u0111\u1ea7y n\u0103ng l\u01b0\u1ee3ng trong th\u1eddi gian d\u00e0i.<\/li>\n<li>H\u00e0m l\u01b0\u1ee3ng ch\u1ea5t x\u01a1 c\u00f3 trong nh\u1eefng h\u1ea1t \u0111\u1eadu n\u00e0y gi\u00fap ki\u1ec3m so\u00e1t n\u1ed3ng \u0111\u1ed9 cholesterol c\u1ee7a b\u1ea1n.<\/li>\n<li>\u0110\u1eadu t\u1eb1m c\u0169ng ch\u1ee9a folate. Nh\u1eefng b\u00e0 m\u1eb9 s\u1eafp sinh con c\u00f3 th\u1ec3 bao g\u1ed3m nh\u1eefng h\u1ea1t \u0111\u1eadu n\u00e0y trong ch\u1ebf \u0111\u1ed9 \u0103n u\u1ed1ng c\u1ee7a h\u1ecd.<\/li>\n<li>Nh\u1eefng h\u1ea1t \u0111\u1eadu n\u00e0y ch\u1ee9a c\u00e1c h\u1ee3p ch\u1ea5t gi\u00fap h\u1ed7 tr\u1ee3 c\u00e1c ho\u1ea1t \u0111\u1ed9ng c\u1ee7a n\u00e3o.<\/li>\n<\/ul>\n<p><img decoding=\"async\" class=\"wp-image-14444 aligncenter\" src=\"https:\/\/havamall.com\/wp-content\/uploads\/2020\/05\/large-300x222.jpg\" alt=\"\" width=\"680\" height=\"504\" \/><\/p>\n<p>.<\/p>","protected":false},"excerpt":{"rendered":"<p>TH\u00d4NG TIN S\u1ea2N PH\u1ea8M Th\u01b0\u01a1ng hi\u1ec7u Havafoodies Xu\u1ea5t x\u1ee9 Argentina Th\u00e0nh ph\u1ea7n 100% \u0111\u1eadu t\u1eb1m nguy\u00ean v\u1ecf H\u1ea1n s\u1eed d\u1ee5ng<\/p>","protected":false},"featured_media":44951,"comment_status":"open","ping_status":"closed","template":"","meta":[],"product_brand":[],"product_cat":[594,36,134],"product_tag":[],"class_list":{"0":"post-31719","1":"product","2":"type-product","3":"status-publish","4":"has-post-thumbnail","6":"product_cat-dau-cu-qua-kho","7":"product_cat-thuc-pham-tieu-dung","8":"product_cat-thucpham-saykho","9":"pa_brand-skx","11":"first","12":"instock","13":"sale","14":"shipping-taxable","15":"purchasable","16":"product-type-variable"},"_links":{"self":[{"href":"https:\/\/havamall.com\/en\/wp-json\/wp\/v2\/product\/31719","targetHints":{"allow":["GET"]}}],"collection":[{"href":"https:\/\/havamall.com\/en\/wp-json\/wp\/v2\/product"}],"about":[{"href":"https:\/\/havamall.com\/en\/wp-json\/wp\/v2\/types\/product"}],"replies":[{"embeddable":true,"href":"https:\/\/havamall.com\/en\/wp-json\/wp\/v2\/comments?post=31719"}],"version-history":[{"count":0,"href":"https:\/\/havamall.com\/en\/wp-json\/wp\/v2\/product\/31719\/revisions"}],"wp:featuredmedia":[{"embeddable":true,"href":"https:\/\/havamall.com\/en\/wp-json\/wp\/v2\/media\/44951"}],"wp:attachment":[{"href":"https:\/\/havamall.com\/en\/wp-json\/wp\/v2\/media?parent=31719"}],"wp:term":[{"taxonomy":"product_brand","embeddable":true,"href":"https:\/\/havamall.com\/en\/wp-json\/wp\/v2\/product_brand?post=31719"},{"taxonomy":"product_cat","embeddable":true,"href":"https:\/\/havamall.com\/en\/wp-json\/wp\/v2\/product_cat?post=31719"},{"taxonomy":"product_tag","embeddable":true,"href":"https:\/\/havamall.com\/en\/wp-json\/wp\/v2\/product_tag?post=31719"}],"curies":[{"name":"wp","href":"https:\/\/api.w.org\/{rel}","templated":true}]}}