{"id":31822,"date":"2023-06-21T10:35:55","date_gmt":"2023-06-21T03:35:55","guid":{"rendered":"https:\/\/havamall.com\/?post_type=product&#038;p=31822"},"modified":"2023-06-22T15:25:13","modified_gmt":"2023-06-22T08:25:13","slug":"gia-do-laptop-100-go-soi-tu-nhien","status":"publish","type":"product","link":"https:\/\/havamall.com\/en\/shop\/gia-do-laptop-100-go-soi-tu-nhien\/","title":{"rendered":"Gi\u00e1 \u0110\u1ee1 Laptop 100% G\u1ed7 S\u1ed3i T\u1ef1 Nhi\u00ean"},"content":{"rendered":"<p>Trong cu\u1ed9c s\u1ed1ng hi\u1ec7n \u0111\u1ea1i kh\u00f4ng th\u1ec3 thi\u1ebfu laptop \u0111\u1ec3 l\u00e0m vi\u1ec7c.V\u1eady n\u00ean b\u1ea1n r\u1ea5t c\u1ea7n m\u1ed9t b\u1ed9 ch\u00e2n \u0111\u1ebf g\u1ed7 k\u00ea Laptop v\u1edbi ch\u1ea5t li\u1ec7u 100% g\u1ed7 lim cao c\u1ea5p v\u1edbi thi\u1ebft k\u1ebf 2 thanh g\u1ed7 sang tr\u1ecdng c\u00f3 \u0111\u1ed9 b\u1ec1n cao, \u0111\u01b0\u1eddng c\u1eaft g\u1ecdn g\u00e0ng, \u0111\u01b0\u1ee3c m\u00e0i tr\u01a1n l\u00e1ng, mang \u0111\u1ebfn c\u1ea3m gi\u00e1c nh\u1eb9 nh\u00e0ng, thanh l\u1ecbch, ph\u00f9 h\u1ee3p v\u1edbi m\u1ecdi v\u00ed tr\u00ed nh\u01b0 b\u00e0n l\u00e0m vi\u1ec7c \u1edf nh\u00e0 ho\u1eb7c v\u0103n ph\u00f2ng&#8230;<\/p>\n<p>Ch\u00e2n \u0111\u1ebf g\u1ed7 k\u00ea Laptop v\u1edbi thi\u1ebft k\u1ebf \u0111\u1ed9c \u0111\u00e1o, c\u00f3 th\u1ec3 s\u1eed d\u1ee5ng linh ho\u1ea1t v\u1edbi m\u1ecdi k\u00edch c\u1ee1 Laptop, ch\u1ec9 c\u1ea7n \u0111\u1eb7t m\u00e1y l\u00ean ch\u00e2n \u0111\u1ebf v\u00e0 s\u1eed d\u1ee5ng ngay, gi\u00fap b\u1ea3o v\u1ec7 m\u00e1y tr\u1ea7y x\u01b0\u1edbc khi ti\u1ebfp x\u00fac v\u1edbi m\u1eb7t b\u00e0n v\u00e0 gi\u00fap t\u1ea3n nhi\u1ec7t cho th\u00e2n m\u00e1y.<\/p>\n<p><img fetchpriority=\"high\" decoding=\"async\" class=\"wp-image-31824 aligncenter\" src=\"https:\/\/havamall.com\/wp-content\/uploads\/2023\/06\/sg-11134201-22120-noikf1hknmkv00-300x300.jpeg\" alt=\"\" width=\"756\" height=\"756\" \/><\/p>\n<p>S\u1ea3n ph\u1ea9m \u0111\u01b0\u1ee3c thi\u1ebft k\u1ebf v\u1edbi v\u00e0 l\u00e0m t\u1eeb ch\u1ea5t li\u1ec7u v\u1edbi v\u1ebb b\u1ec1 ngo\u00e0i \u0111\u01a1n gi\u1ea3n, nh\u01b0ng l\u00e0 s\u1ef1 ch\u1eafc ch\u1eafn trong k\u1ebft c\u1ea5u. Gi\u00fap kh\u00f4ng ch\u1ec9 l\u00e0 k\u00ea \u0111\u1ee1 laptop m\u00e0 c\u00f2n tho\u00e1t nhi\u1ec7t t\u1ed1t cho laptop.<\/p>\n<h2><strong>\u0110\u1eb6C \u0110I\u1ec2M N\u1ed4I B\u1eacT C\u1ee6A S\u1ea2N PH\u1ea8M<\/strong><\/h2>\n<p>&#8211; Gi\u00e1 \u0111\u1ee1 laptop n\u00e2ng m\u00e0n h\u00ecnh laptop th\u1eb3ng \u0111\u1ee9ng song song v\u1edbi l\u01b0ng c\u1ee7a b\u1ea1n, \u0111\u1ed3ng th\u1eddi t\u1ea1o \u0111\u1ed9 d\u1ef1ng cho b\u00e0n ph\u00edm \u0111\u1ec3 c\u1ed5 tay b\u1edbt m\u1ecfi khi s\u1eed d\u1ee5ng laptop th\u1eddi gian d\u00e0i, t\u1ea1o kho\u1ea3ng tr\u1ed1ng gi\u1eefa laptop v\u00e0 m\u1eb7t b\u00e0n gi\u00fap m\u00e1y t\u00ednh t\u1ea3n nhi\u1ec7t t\u1ef1 nhi\u00ean.<\/p>\n<p>&#8211; Gi\u00e1 \u0111\u1ee1 laptop c\u00f3 th\u1ec3 th\u00e1o d\u1eddi g\u1ea5p g\u1ecdn 3 chi ti\u1ebft. Thanh g\u00e1c ngang l\u00e0m k\u1ebft c\u1ea5u c\u1ee7a gi\u00e1 ch\u1eafc ch\u1eafn h\u01a1n.+ Thi\u1ebft k\u1ebf th\u00f4ng minh, nh\u1ecf g\u1ecdn, d\u1ec5 d\u00e0ng mang \u0111i, gi\u00fap ti\u1ebft ki\u1ec7m kh\u00f4ng gian l\u00e0m vi\u1ec7c, b\u00e0n h\u1ecdc c\u1ee7a b\u1ea1n.<\/p>\n<p>&#8211; Ch\u1ecbu n\u01b0\u1edbc, ch\u1ed1ng m\u1ed1i m\u1ecdt, kh\u00f4ng b\u1eaft l\u1eeda.<\/p>\n<p>&#8211; Gi\u00e1 \u0111\u1ee1 \u0111\u01b0\u1ee3c l\u00e0m t\u1eeb g\u1ed7 nguy\u00ean kh\u1ed1i kh\u00f4ng ph\u1ea3i g\u1ed7 gh\u00e9p n\u00ean c\u00f3 kh\u1ea3 n\u0103ng ch\u1ecbu \u0111\u01b0\u1ee3c s\u1ee9c n\u1eb7ng l\u00ean \u0111\u1ebfn 10Kg.<\/p>\n<p><img decoding=\"async\" class=\"wp-image-31825 aligncenter\" src=\"https:\/\/havamall.com\/wp-content\/uploads\/2023\/06\/d3d06dce9a5e263332028cfa17a59c93-300x241.png\" alt=\"\" width=\"749\" height=\"602\" \/><\/p>\n<h2><strong>TH\u00d4NG TIN CHI TI\u1ebeT S\u1ea2N PH\u1ea8M: <\/strong><\/h2>\n<p>&#8211; Ch\u1ea5t li\u1ec7u: G\u1ed7 t\u1ef1 nhi\u00ean &#8211; K\u00edch th\u01b0\u1edbc: 15 mm | 270 mm | 35 mm (Do l\u00e0 h\u00e0ng th\u1ee7 c\u00f4ng n\u00ean k\u00edch th\u01b0\u1edbc c\u00f3 th\u1ec3 \u00b15mm)<\/p>\n<p>&#8211; M\u00e0u s\u1eafc: m\u00e0u g\u1ed7 t\u1ef1 nhi\u00ean (m\u00e0u v\u00e0 v\u00e2n g\u1ed7 c\u00f3 th\u1ec3 kh\u00e1c m\u1ed9t ch\u00fat v\u1edbi h\u00ecnh \u1ea3nh t\u00f9y v\u00e0o t\u1eebng l\u00f4 s\u1ea3n ph\u1ea9m s\u1ea3n xu\u1ea5t ra)<\/p>\n<p>&#8211; S\u1ea3n ph\u1ea9m \u0111\u01b0\u1ee3c ph\u1ee7 l\u1edbp d\u1ea7u kho\u00e1ng, s\u01a1n b\u00f3ng m\u1edd (an to\u00e0n s\u1ee9c kh\u1ecfe), \u0111\u1ea3m b\u1ea3o \u0111\u01b0\u1ee3c \u0111\u1ed9 b\u1ec1n b\u00f3ng \u0111\u1eb9p tr\u00e1nh m\u1ed1i m\u1ecdt, \u1ea9m m\u1ed1c.<\/p>\n<p><img decoding=\"async\" class=\"wp-image-31826 aligncenter\" src=\"https:\/\/havamall.com\/wp-content\/uploads\/2023\/06\/sg-11134201-22120-ktvqvigknmkv66-300x216.jpeg\" alt=\"\" width=\"754\" height=\"543\" \/><\/p>\n<h2><strong>C\u00d4NG D\u1ee4NG: <\/strong><\/h2>\n<p>&#8211; D\u00f9ng \u0111\u1ec3 k\u00ea laptop kh\u1ecfi b\u1ecb n\u00f3ng, m\u00f3n ph\u1ee5 ki\u1ec7n trang tr\u00ed, l\u00e0m \u0111\u1eb9p b\u00e0n l\u00e0m vi\u1ec7c.<\/p>\n<p>&#8211; L\u00e0m qu\u00e0 t\u1eb7ng \u00fd ngh\u0129a cho ng\u01b0\u1eddi th\u00e2n y\u00eau, b\u1ea1n b\u00e8, \u0111\u1ed3ng nghi\u1ec7p.<\/p>\n<h2><strong>H\u01af\u1edaNG D\u1eaaN S\u1eec D\u1ee4NG <\/strong><\/h2>\n<p>&#8211; V\u00ec l\u00e0 s\u1ea3n ph\u1ea9m g\u1ed7 n\u00ean tr\u00e1nh \u0111\u1ec3 s\u1ea3n ph\u1ea9m ti\u1ebfp x\u00fac l\u00e2u v\u1edbi n\u01b0\u1edbc, n\u01a1i c\u00f3 m\u00f4i tr\u01b0\u1eddng \u1ea9m cao v\u00ec s\u1ebd d\u1ec5 sinh m\u1ed1c.<\/p>\n<p>&#8211; L\u00e0m kh\u00f4 s\u1ea3n ph\u1ea9m \u1edf nhi\u1ec7t \u0111\u1ed9 th\u01b0\u1eddng ho\u1eb7c n\u01a1i m\u00e1t m\u1ebb. &#8211; Tr\u00e1nh \u0111\u1ec3 s\u1ea3n ph\u1ea9m ti\u1ebfp x\u00fac tr\u1ef1c ti\u1ebfp v\u1edbi \u00e1nh n\u1eafng m\u1eb7t tr\u1eddi trong th\u1eddi gian l\u00e2u v\u00ec s\u1ebd d\u1ec5 g\u00e2y ra n\u00fat g\u00e3y.<\/p>\n<p>&#8211; Kh\u00f4ng s\u1eed d\u1ee5ng ch\u1ea5t t\u1ea9y r\u1eeda h\u00f3a h\u1ecdc \u0111\u1ec3 r\u1eeda hay lau ch\u00f9i s\u1ea3n ph\u1ea9m, kh\u00f4ng s\u1eed d\u1ee5ng v\u1eadt s\u1eaft nh\u1ecdn \u0111\u1ec3 ch\u00e0 v\u00ec s\u1ebd g\u00e2y x\u01b0\u1edbc s\u1ea3n ph\u1ea9m.<\/p>\n<p>&#8211; C\u00f3 th\u1ec3 d\u00f9ng s\u00e1p ong \u0111\u1ec3 l\u00e0m m\u1edbi s\u1ea3n ph\u1ea9m.<\/p>\n<p><img loading=\"lazy\" decoding=\"async\" class=\"wp-image-31827 aligncenter\" src=\"https:\/\/havamall.com\/wp-content\/uploads\/2023\/06\/a5ccb79aa4da817d83ed836da4c33643-300x199.jpeg\" alt=\"\" width=\"743\" height=\"493\" \/><\/p>","protected":false},"excerpt":{"rendered":"<p>Trong cu\u1ed9c s\u1ed1ng hi\u1ec7n \u0111\u1ea1i kh\u00f4ng th\u1ec3 thi\u1ebfu laptop \u0111\u1ec3 l\u00e0m vi\u1ec7c.V\u1eady n\u00ean b\u1ea1n r\u1ea5t c\u1ea7n m\u1ed9t b\u1ed9 ch\u00e2n \u0111\u1ebf<\/p>","protected":false},"featured_media":31833,"comment_status":"open","ping_status":"closed","template":"","meta":[],"product_brand":[],"product_cat":[35],"product_tag":[],"class_list":{"0":"post-31822","1":"product","2":"type-product","3":"status-publish","4":"has-post-thumbnail","6":"product_cat-nha-cua-doi-song","7":"pa_brand-skx","9":"first","10":"instock","11":"sale","12":"shipping-taxable","13":"purchasable","14":"product-type-simple"},"_links":{"self":[{"href":"https:\/\/havamall.com\/en\/wp-json\/wp\/v2\/product\/31822","targetHints":{"allow":["GET"]}}],"collection":[{"href":"https:\/\/havamall.com\/en\/wp-json\/wp\/v2\/product"}],"about":[{"href":"https:\/\/havamall.com\/en\/wp-json\/wp\/v2\/types\/product"}],"replies":[{"embeddable":true,"href":"https:\/\/havamall.com\/en\/wp-json\/wp\/v2\/comments?post=31822"}],"version-history":[{"count":0,"href":"https:\/\/havamall.com\/en\/wp-json\/wp\/v2\/product\/31822\/revisions"}],"wp:featuredmedia":[{"embeddable":true,"href":"https:\/\/havamall.com\/en\/wp-json\/wp\/v2\/media\/31833"}],"wp:attachment":[{"href":"https:\/\/havamall.com\/en\/wp-json\/wp\/v2\/media?parent=31822"}],"wp:term":[{"taxonomy":"product_brand","embeddable":true,"href":"https:\/\/havamall.com\/en\/wp-json\/wp\/v2\/product_brand?post=31822"},{"taxonomy":"product_cat","embeddable":true,"href":"https:\/\/havamall.com\/en\/wp-json\/wp\/v2\/product_cat?post=31822"},{"taxonomy":"product_tag","embeddable":true,"href":"https:\/\/havamall.com\/en\/wp-json\/wp\/v2\/product_tag?post=31822"}],"curies":[{"name":"wp","href":"https:\/\/api.w.org\/{rel}","templated":true}]}}