{"id":31865,"date":"2023-07-06T11:56:37","date_gmt":"2023-07-06T04:56:37","guid":{"rendered":"https:\/\/havamall.com\/?post_type=product&#038;p=31865"},"modified":"2025-12-03T04:09:51","modified_gmt":"2025-12-02T21:09:51","slug":"nuoc-cot-dua-hop-giay-tropicsun-330ml-coconut-milk","status":"publish","type":"product","link":"https:\/\/havamall.com\/en\/shop\/nuoc-cot-dua-hop-giay-tropicsun-330ml-coconut-milk\/","title":{"rendered":"N\u01b0\u1edbc C\u1ed1t D\u1eeba H\u1ed9p Gi\u1ea5y TropicSun 330ml &#8211; Coconut Milk"},"content":{"rendered":"<h2><\/h2>\n<h2><strong>TH\u00d4NG TIN S\u1ea2N PH\u1ea8M<\/strong><\/h2>\n<table>\n<tbody>\n<tr>\n<td>Th\u01b0\u01a1ng hi\u1ec7u<\/td>\n<td>Tropicsun<\/td>\n<\/tr>\n<tr>\n<td>Xu\u1ea5t x\u1ee9<\/td>\n<td>Vi\u1ec7t Nam<\/td>\n<\/tr>\n<tr>\n<td>Th\u00e0nh ph\u1ea7n<\/td>\n<td>70% n\u01b0\u1edbc c\u1ed1t d\u1eeba, n\u01b0\u1edbc<\/td>\n<\/tr>\n<tr>\n<td>H\u1ea1n s\u1eed d\u1ee5ng<\/td>\n<td>18 th\u00e1ng k\u1ec3 t\u1eeb ng\u00e0y s\u1ea3n xu\u1ea5t.<\/td>\n<\/tr>\n<tr>\n<td>B\u1ea3o qu\u1ea3n<\/td>\n<td>B\u1ea3o qu\u1ea3n n\u01a1i kh\u00f4 r\u00e1o, tho\u00e1ng m\u00e1t<\/td>\n<\/tr>\n<tr>\n<td>Th\u1ec3 t\u00edch th\u1ef1c<\/td>\n<td>330ml<\/td>\n<\/tr>\n<\/tbody>\n<\/table>\n<p>N\u01b0\u1edbc c\u1ed1t d\u1eeba c\u00f4 \u0111\u1eb7c TropicSun mang \u0111\u1ebfn cho b\u1ea1n s\u1ea3n ph\u1ea9m c\u1ed1t d\u1eeba t\u1ed1t nh\u1ea5t. V\u1edbi n\u01b0\u1edbc c\u1ed1t d\u1eeba nguy\u00ean ch\u1ea5t, \u0111\u1ed9 s\u00e1nh m\u1ecbn b\u00e9o ng\u1eady k\u00e8m theo \u0111\u00f3 l\u00e0 h\u01b0\u01a1ng th\u01a1m d\u1eeba r\u1ea5t d\u1ec5 ch\u1ecbu. V\u1edbi nguy\u00ean li\u1ec7u c\u01a1m d\u1eeba t\u01b0\u01a1i, c\u1ed1t d\u1eeba gi\u00fap b\u1ea1n ch\u1ebf bi\u1ebfn nh\u01b0 m\u00f3n ngon nh\u01b0 ch\u00e8, soup, c\u00e0 ri, r\u00e2u c\u00e2u ho\u1eb7c nh\u1eefng m\u00f3n \u0103n kh\u00e1c th\u01a1m ngon, h\u1ea5p d\u1eabn.<\/p>\n<p>N\u01b0\u1edbc c\u1ed1t d\u1eeba c\u00f4 \u0111\u1eb7c TropicSun gi\u00fap b\u1ea1n kh\u00f4ng nh\u1eefng ti\u1ebft ki\u1ec7m \u0111\u01b0\u1ee3c th\u1eddi gian m\u00e0 c\u00f2n r\u1ea5t ti\u1ec7n l\u1ee3i, nhanh ch\u00f3ng trong c\u00e1c kh\u00e2u chu\u1ea9n b\u1ecb v\u00e0 ch\u1ebf bi\u1ebfn nh\u01b0ng v\u1eabn b\u1ea3o \u0111\u1ea3m ch\u1ea5t l\u01b0\u1ee3ng th\u00e0nh ph\u1ea9m.<\/p>\n<p><img fetchpriority=\"high\" decoding=\"async\" class=\"wp-image-31866 aligncenter\" src=\"https:\/\/havamall.com\/wp-content\/uploads\/2023\/07\/240729395_2909910492564634_59026535137914074_n-300x300.png\" alt=\"\" width=\"741\" height=\"741\" \/><\/p>\n<p>N\u01b0\u1edbc c\u1ed1t d\u1eeba b\u00e9o ng\u1eady, th\u01a1m v\u00e0 ng\u1ecdt thanh, l\u00e0 nguy\u00ean li\u1ec7u ph\u1ed5 bi\u1ebfn trong c\u00e1c m\u00f3n ng\u1ecdt n\u00f3i chung v\u00e0 ch\u00e8 n\u00f3i ri\u00eang. N\u01b0\u1edbc c\u1ed1t d\u1eeba c\u00f3 m\u00e0u tr\u1eafng \u0111\u1ee5c, nh\u00ecn nh\u01b0 s\u1eefa t\u01b0\u01a1i, c\u00f3 v\u1ecb b\u00e9o ng\u1eady, kh\u00e1c v\u1edbi n\u01b0\u1edbc d\u1eeba l\u00e0 lo\u1ea1i c\u00f3 m\u00e0u tr\u1eafng trong, ph\u1ea7n n\u01b0\u1edbc \u1edf trong tr\u00e1i d\u1eeba. K\u1ebft c\u1ea5u s\u00e1nh m\u1ecbn, th\u00e0nh ph\u1ea7n c\u00f3 \u0111\u1ebfn 70% n\u01b0\u1edbc c\u1ed1t d\u1eeba t\u01b0\u01a1i, h\u01b0\u01a1ng v\u1ecb th\u01a1m ngon \u0111\u1eb7c tr\u01b0ng c\u1ee7a n\u01b0\u1edbc c\u1ed1t d\u1eeba.<\/p>\n<p>S\u1ea3n ph\u1ea9m gi\u00e0u d\u01b0\u1ee1ng ch\u1ea5t, \u0111\u1eb7c bi\u1ec7t l\u00e0 acid lauric v\u00e0 c\u00e1c kho\u00e1ng ch\u1ea5t gi\u00fap t\u0103ng \u0111\u1ec1 kh\u00e1ng, kh\u00f4ng ch\u1ee9a ch\u1ea5t b\u1ea3o qu\u1ea3n, kh\u00f4ng ch\u1ea5t t\u1ea1o m\u00e0u v\u00e0 kh\u00f4ng cholesterol. \u0110\u01b0\u1ee3c l\u00e0m t\u1eeb 100% d\u1eeba t\u01b0\u01a1i v\u00e0 s\u1ea1ch, \u0111\u01b0\u1ee3c tuy\u1ec3n ch\u1ecdn kh\u1eaft khe t\u1eeb v\u00f9ng nguy\u00ean li\u1ec7u d\u1eeba ch\u1ea5t l\u01b0\u1ee3ng cao t\u1ea1i c\u00e1c t\u1ec9nh mi\u1ec1n T\u00e2y \u2013 th\u1ee7 ph\u1ee7 d\u1eeba c\u1ee7a Vi\u1ec7t Nam ch\u00fang ta.<\/p>\n<figure id=\"attachment_8473\" class=\"wp-caption aligncenter\" style=\"width: 737px;\"><img decoding=\"async\" class=\"alignnone wp-image-31867\" src=\"https:\/\/havamall.com\/wp-content\/uploads\/2023\/07\/295654182_3154680104754337_5550555525161194597_n-300x300.png\" alt=\"\" width=\"737\" height=\"737\" \/><\/figure>\n<p>S\u1ea3n ph\u1ea9m \u0111\u01b0\u1ee3c xay \u00e9p t\u1eeb nguy\u00ean li\u1ec7u c\u01a1m d\u1eeba t\u01b0\u01a1i \u0111\u1ea1t chu\u1ea9n b\u1eb1ng c\u00f4ng ngh\u1ec7 hi\u1ec7n \u0111\u1ea1i v\u00e0 ti\u00ean ti\u1ebfn gi\u00fap gi\u1eef nguy\u00ean d\u01b0\u1ee1ng ch\u1ea5t thi\u00ean nhi\u00ean c\u0169ng nh\u01b0 h\u01b0\u01a1ng v\u1ecb \u0111\u1eadm \u0111\u00e0 th\u01a1m ngon \u0111\u1eb7c tr\u01b0ng c\u1ee7a n\u01b0\u1edbc c\u1ed1t d\u1eeba t\u01b0\u01a1i. \u0110\u1ed3ng nh\u1ea5t, ti\u1ec7t tr\u00f9ng v\u00e0 \u0111\u00f3ng g\u00f3i \u0111\u1ea3m b\u1ea3o v\u1ec7 sinh an to\u00e0n th\u1ef1c ph\u1ea9m, d\u1ec5 d\u00e0ng b\u1ea3o qu\u1ea3n v\u00e0 s\u1eed d\u1ee5ng.<\/p>\n<h2><strong>H\u01b0\u1edbng d\u1eabn s\u1eed d\u1ee5ng:<\/strong><\/h2>\n<p>\u2013 C\u00f3 th\u1ec3 d\u00f9ng l\u00e0m gia v\u1ecb c\u00e1c m\u00f3n c\u00e0 ri, m\u00f3n kho, m\u00f3n x\u00e0o, n\u1ea5u s\u00fap ho\u1eb7c l\u00e0m nguy\u00ean li\u1ec7u th\u01a1m ngon n\u1ea5u k\u00e8m, \u0103n k\u00e8m v\u1edbi c\u00e1c m\u00f3n ch\u00e8, rau c\u00e2u.<\/p>\n<p>\u2013 \u0110\u1eb7c bi\u1ec7t c\u00f3 th\u1ec3 d\u00f9ng \u0111\u1ec3 pha ch\u1ebf th\u1ee9c u\u1ed1ng mang l\u1ea1i h\u01b0\u01a1ng v\u1ecb b\u00e9o th\u01a1m, \u0111\u1eadm \u0111\u00e0.<\/p>\n<p>\u2013 N\u01b0\u1edbc c\u1ed1t d\u1eeba c\u00f3 th\u1ec3 d\u00f9ng trong ng\u00e0nh kem, b\u00e1nh k\u1eb9o, th\u1ee9c u\u1ed1ng, v\u00e0 l\u00e0 s\u1ea3n ph\u1ea9m thay th\u1ebf cho c\u00e1c lo\u1ea1i s\u1eefa kh\u00e1c c\u00f3 ngu\u1ed3n g\u1ed1c t\u1eeb \u0111\u1ed9ng v\u1eadt.<\/p>\n<p><img decoding=\"async\" class=\"wp-image-31868 aligncenter\" src=\"https:\/\/havamall.com\/wp-content\/uploads\/2023\/07\/259399006_2976885655867117_4402999331662035802_n-300x300.png\" alt=\"\" width=\"735\" height=\"735\" \/><\/p>\n<h2><strong>Nh\u1eefng c\u00f4ng d\u1ee5ng l\u00e0m \u0111\u1eb9p c\u1ee7a n\u01b0\u1edbc c\u1ed1t d\u1eeba:<\/strong><\/h2>\n<p>\u2013 Ng\u0103n ng\u1eeba l\u00e3o h\u00f3a da: n\u01b0\u1edbc c\u1ed1t d\u1eeba c\u00f3 h\u00e0m l\u01b0\u1ee3ng \u0111\u1ed3ng v\u00e0 vitamin C gi\u00fap duy tr\u00ec s\u1ef1 \u0111\u00e0n h\u1ed3i c\u1ee7a da v\u00e0 ng\u0103n kh\u00f4ng cho n\u1ebfp nh\u0103n ph\u00e1t tri\u1ec3n.<\/p>\n<p>\u2013 Cung c\u1ea5p c\u00e1c d\u01b0\u1ee1ng ch\u1ea5t c\u1ea7n thi\u1ebft nu\u00f4i d\u01b0\u1ee1ng l\u00e0n da: B\u1ea1n ch\u1ec9 c\u1ea7n thoa n\u01b0\u1edbc c\u1ed1t d\u1eeba l\u00ean da v\u00e0 kho\u1ea3ng n\u1eeda ti\u1ebfng sau l\u00e0 b\u1ea1n c\u00f3 th\u1ec3 c\u1ea3m nh\u1eadn \u0111\u01b0\u1ee3c l\u00e0n da t\u01b0\u01a1i m\u00e1t h\u01a1n<\/p>\n<p>\u2013 L\u00e0 ch\u1ea5t t\u1ea9y trang c\u00f3 hi\u1ec7u qu\u1ea3: N\u01b0\u1edbc c\u1ed1t d\u1eeba s\u1ebd l\u1ea5y \u0111i c\u00e1c h\u00f3a ch\u1ea5t b\u00e1m ch\u1eb7t trong l\u1ed7 ch\u00e2n l\u00f4ng c\u1ee7a b\u1ea1n v\u00e0 b\u1ed5 sung dinh d\u01b0\u1ee1ng gi\u00fap da th\u00f4ng tho\u00e1ng.<\/p>\n<p><img loading=\"lazy\" decoding=\"async\" class=\"wp-image-22031 aligncenter\" src=\"https:\/\/havamall.com\/wp-content\/uploads\/2021\/09\/chuoi-dap-mien-tay-cham-cot-dua-thom-ngay-821-4828562-300x206.jpg\" alt=\"\" width=\"752\" height=\"516\" \/><\/p>\n<p>\u2013 C\u00f3 t\u00e1c d\u1ee5ng ch\u1ed1ng n\u1eafng v\u00e0 ch\u1eefa ch\u00e1y n\u1eafng: N\u01b0\u1edbc c\u1ed1t d\u1eeba gi\u00fap l\u00e0m gi\u1ea3m v\u1ebft ch\u00e1y n\u1eafng v\u00e0 t\u0103ng t\u1ed1c qu\u00e1 tr\u00ecnh h\u1ed3i ph\u1ee5c v\u1ebft th\u01b0\u01a1ng<\/p>\n<p>\u2013 X\u1eed l\u00fd t\u1ed1t c\u00e1c b\u1ec7nh v\u1ec1 da: n\u01b0\u1edbc c\u1ed1t d\u1eeba c\u00f3 t\u00e1c d\u1ee5ng h\u1ea1n ch\u1ebf s\u1ef1 ph\u00e1t tri\u1ec3n c\u00e1c b\u1ec7nh v\u1ec1 da nh\u01b0 v\u1ea9y n\u1ebfn ho\u1eb7c ch\u00e0m<\/p>\n<p>\u2013 Ngo\u00e0i ra s\u1eefa d\u1eeba c\u00f2n r\u1ea5t c\u00f3 t\u00e1c d\u1ee5ng v\u1edbi s\u1ef1 ph\u00e1t tri\u1ec3n c\u1ee7a t\u00f3c v\u00e0 ng\u0103n ng\u1eeba g\u1ea7u n\u1ebfu ta s\u1eed d\u1ee5ng d\u1ec3 d\u01b0\u1ee1ng t\u00f3c.<\/p>\n<p>S\u1ea3n ph\u1ea9m hi\u1ec7n \u0111\u00e3 c\u00f3 m\u1eb7t t\u1ea1i Havamall.<\/p>","protected":false},"excerpt":{"rendered":"<p>TH\u00d4NG TIN S\u1ea2N PH\u1ea8M Th\u01b0\u01a1ng hi\u1ec7u Tropicsun Xu\u1ea5t x\u1ee9 Vi\u1ec7t Nam Th\u00e0nh ph\u1ea7n 70% n\u01b0\u1edbc c\u1ed1t d\u1eeba, n\u01b0\u1edbc H\u1ea1n s\u1eed<\/p>","protected":false},"featured_media":31869,"comment_status":"open","ping_status":"closed","template":"","meta":[],"product_brand":[],"product_cat":[36],"product_tag":[],"class_list":{"0":"post-31865","1":"product","2":"type-product","3":"status-publish","4":"has-post-thumbnail","6":"product_cat-thuc-pham-tieu-dung","8":"first","9":"outofstock","10":"sale","11":"shipping-taxable","12":"purchasable","13":"product-type-simple"},"_links":{"self":[{"href":"https:\/\/havamall.com\/en\/wp-json\/wp\/v2\/product\/31865","targetHints":{"allow":["GET"]}}],"collection":[{"href":"https:\/\/havamall.com\/en\/wp-json\/wp\/v2\/product"}],"about":[{"href":"https:\/\/havamall.com\/en\/wp-json\/wp\/v2\/types\/product"}],"replies":[{"embeddable":true,"href":"https:\/\/havamall.com\/en\/wp-json\/wp\/v2\/comments?post=31865"}],"version-history":[{"count":0,"href":"https:\/\/havamall.com\/en\/wp-json\/wp\/v2\/product\/31865\/revisions"}],"wp:featuredmedia":[{"embeddable":true,"href":"https:\/\/havamall.com\/en\/wp-json\/wp\/v2\/media\/31869"}],"wp:attachment":[{"href":"https:\/\/havamall.com\/en\/wp-json\/wp\/v2\/media?parent=31865"}],"wp:term":[{"taxonomy":"product_brand","embeddable":true,"href":"https:\/\/havamall.com\/en\/wp-json\/wp\/v2\/product_brand?post=31865"},{"taxonomy":"product_cat","embeddable":true,"href":"https:\/\/havamall.com\/en\/wp-json\/wp\/v2\/product_cat?post=31865"},{"taxonomy":"product_tag","embeddable":true,"href":"https:\/\/havamall.com\/en\/wp-json\/wp\/v2\/product_tag?post=31865"}],"curies":[{"name":"wp","href":"https:\/\/api.w.org\/{rel}","templated":true}]}}