{"id":31870,"date":"2023-07-06T14:22:55","date_gmt":"2023-07-06T07:22:55","guid":{"rendered":"https:\/\/havamall.com\/?post_type=product&#038;p=31870"},"modified":"2024-12-20T11:49:24","modified_gmt":"2024-12-20T04:49:24","slug":"cot-lau-nam-hadilao-mushroom-flavour-hot-pot-seasoning-110g","status":"publish","type":"product","link":"https:\/\/havamall.com\/en\/shop\/cot-lau-nam-hadilao-mushroom-flavour-hot-pot-seasoning-110g\/","title":{"rendered":"C\u1ed1t L\u1ea9u N\u1ea5m HADILAO \u2013 Mushroom Flavour Hot Pot Seasoning 110g"},"content":{"rendered":"<div class=\"woodmart-tab-wrapper\">\n<div id=\"tab-description\" class=\"woocommerce-Tabs-panel woocommerce-Tabs-panel--description panel entry-content wc-tab\">\n<div class=\"wc-tab-inner\">\n<div class=\"\">\n<h2><strong>TH\u00d4NG TIN CHUNG<\/strong><\/h2>\n<table>\n<tbody>\n<tr>\n<td>Th\u01b0\u01a1ng hi\u1ec7u<\/td>\n<td>\n<p class=\"product-title product-detail__gap-sm\">Haidilao<\/p>\n<\/td>\n<\/tr>\n<tr>\n<td>Xu\u1ea5t x\u1ee9<\/td>\n<td>Malaysia<\/td>\n<\/tr>\n<tr>\n<td>Th\u00e0nh ph\u1ea7n<\/td>\n<td><em>G\u00f3i b\u1ed9t s\u00fap<\/em>: Chi\u1ebft xu\u1ea5t m\u1ea1ch nha, gia v\u1ecb n\u01b0\u1edbc c\u1ed1t g\u00e0, h\u1ea1t n\u00eam g\u00e0, chi\u1ebft xu\u1ea5t n\u1ea5m men, \u0111\u01b0\u1eddng tr\u1eafng, mu\u1ed1i, d\u1ea7u \u0111\u1eadu n\u00e0nh, b\u1ed9t n\u00eam tinh ch\u1ea5t n\u1ea5m, b\u1ed9t ng\u1ecdt, b\u1ed9t h\u00e0nh, b\u1ed9t n\u1ea5m th\u00f4ng (boletus),&#8230;<\/p>\n<p><em>M\u1ee1 g\u00e0<\/em>: M\u1ee1 g\u00e0 \u0103n \u0111\u01b0\u1ee3c, mu\u1ed1i \u0103n, vitamin E, h\u01b0\u01a1ng li\u1ec7u \u0103n \u0111\u01b0\u1ee3c<\/p>\n<p><em>G\u00f3i b\u1ed9t n\u1ea5m<\/em>: B\u1ed9t n\u1ea5m th\u00f4ng (boletus), b\u1ed9t n\u1ea5m h\u01b0\u01a1ng, b\u1ed9t n\u1ea5m khi\u00eau v\u0169 (n\u1ea5m maitake)<\/p>\n<p><em>G\u00f3i nguy\u00ean li\u1ec7u kh\u00f4<\/em>: N\u1ea5m \u0111\u00f4ng c\u00f4, k\u1ef7 t\u1eed<\/td>\n<\/tr>\n<tr>\n<td>H\u1ea1n s\u1eed d\u1ee5ng<\/td>\n<td>Xem tr\u1ef1c ti\u1ebfp tr\u00ean bao b\u00ec s\u1ea3n ph\u1ea9m.\u00a0N\u00ean d\u00f9ng trong v\u00f2ng 1 tu\u1ea7n sau khi b\u00f3c s\u1ea3n ph\u1ea9m<\/td>\n<\/tr>\n<tr>\n<td>B\u1ea3o qu\u1ea3n<\/td>\n<td>N\u01a1i kh\u00f4 r\u00e1o, tho\u00e1ng m\u00e1t v\u00e0 tr\u00e1nh \u00e1nh n\u1eafng m\u1eb7t tr\u1eddi<\/td>\n<\/tr>\n<tr>\n<td>Kh\u1ed1i l\u01b0\u1ee3ng<\/td>\n<td>G\u00f3i 110g<\/td>\n<\/tr>\n<\/tbody>\n<\/table>\n<div><strong style=\"color: #1b1919; font-family: Karla, Arial, Helvetica, sans-serif; font-size: 24px;\">C\u1ed0T L\u1ea8U N\u1ea4M HAIDILAO<\/strong><\/div>\n<\/div>\n<\/div>\n<\/div>\n<\/div>\n<div class=\"woodmart-tab-wrapper\">\n<div class=\"woodmart-tab-wrapper\">\n<div id=\"tab-description\" class=\"woocommerce-Tabs-panel woocommerce-Tabs-panel--description panel entry-content wc-tab\">\n<div class=\"wc-tab-inner\">\n<div class=\"\">\n<p>Haidilao la\u0300 thu\u031bo\u031bng hie\u0323\u0302u chuo\u0302\u0303i nha\u0300 ha\u0300ng la\u0302\u0309u no\u0302\u0309i tie\u0302\u0301ng vo\u031b\u0301i 466 chi nha\u0301nh tre\u0302n the\u0302\u0301 gio\u031b\u0301i. Ra \u0111o\u031b\u0300i tu\u031b\u0300 na\u0306m 1994 tu\u031b\u0300 mo\u0323\u0302t cu\u031b\u0309a ha\u0300ng nho\u0309 ta\u0323i Tru\u0300ng kha\u0301nh, sau nhie\u0302\u0300u na\u0306m xa\u0302y du\u031b\u0323ng, Haidilao da\u0302\u0300n kha\u0306\u0309ng \u0111i\u0323nh vi\u0323 the\u0302\u0301, tro\u031b\u0309 tha\u0300nh con thuye\u0302\u0300n \u0111u\u031ba Va\u0306n ho\u0301a a\u0302\u0309m thu\u031b\u0323c Trung Hoa \u0111i xa ho\u031bn, \u0111e\u0302\u0301n ga\u0302\u0300n ho\u031bn vo\u031b\u0301i ba\u0323n be\u0300 na\u0306m cha\u0302u.<\/p>\n<p>M\u1eb7c d\u00f9 c\u00f3 d\u1ecbch v\u1ee5 ch\u0103m s\u00f3c kh\u00e1ch h\u00e0ng mi\u1ec5n ph\u00ed r\u1ea5t \u0111\u1eb7c bi\u1ec7t nh\u01b0ng \u0111\u00e2u \u0111\u00f3 v\u1eabn c\u00f3 m\u1ed9t nh\u00f3m kh\u00e1ch h\u00e0ng th\u00edch qu\u00e2y qu\u1ea7n \u1edf nh\u00e0 \u0103n, mu\u1ed1n t\u1ef1 tay ch\u1ebf bi\u1ebfn m\u00f3n \u0103n y\u00eau th\u00edch. \u0110\u1ec3 \u0111\u00e1p \u1ee9ng lu\u00f4n nhu c\u1ea7u n\u00e0y\u00a0<em>Haidilao<\/em>\u00a0\u0111\u00e3 cho ra m\u1eaft c\u00e1c lo\u1ea1i g\u00f3i n\u01b0\u1edbc c\u1ed1t l\u1ea9u, g\u00f3i s\u1ed1t x\u00e0o cay, \u0111i\u1ec3n h\u00ecnh nh\u01b0 l\u00e0\u00a0<strong>N\u01b0\u1edbc c\u1ed1t l\u1ea9u n\u1ea5m Hadilao.<\/strong><\/p>\n<p><img fetchpriority=\"high\" decoding=\"async\" class=\"wp-image-31871 aligncenter\" src=\"https:\/\/havamall.com\/wp-content\/uploads\/2023\/07\/haidilao-nam-5-224x300.jpeg\" alt=\"\" width=\"771\" height=\"1032\" \/><\/p>\n<p>H\u00f2a quy\u1ec7n gi\u1eefa v\u1ecb ng\u1ecdt \u0111\u1eb7c tr\u01b0ng c\u1ee7a k\u1ef3 t\u1eed ph\u1ed1i h\u1ee3p v\u1edbi c\u00e1c lo\u1ea1i n\u1ea5m, tho\u1ea3ng nh\u1eb9 v\u1ecb ti\u00eau, ng\u01b0\u1eddi kh\u00f4ng \u0103n cay, ng\u01b0\u1eddi gi\u00e0, tr\u1ebb nh\u1ecf \u0111\u1ec1u d\u00f9ng \u0111\u01b0\u1ee3c.<strong>N\u01b0\u1edbc c\u1ed1t l\u1ea9u n\u1ea5m Hadilao<\/strong><strong>\u00a0110g<\/strong>\u00a0l\u00e0 m\u1ed9t phi\u00ean b\u1ea3n \u0111\u00f3ng g\u00f3i s\u1eb5n ti\u1ec7n l\u1ee3i, \u0111\u01b0\u1ee3c Haidilao thu nh\u1ecf l\u1ea1i b\u1eb1ng m\u1ed9t g\u00f3i b\u1ed9t \u0111\u1eb7c bi\u1ec7t, gi\u00fap ng\u01b0\u1eddi ti\u00eau d\u00f9ng c\u00f3 th\u1ec3 t\u1ef1 n\u1ea5u ngay t\u1ea1i nh\u00e0 m\u1ed9t c\u00e1ch r\u1ea5t \u0111\u01a1n gi\u1ea3n.<\/p>\n<p>B\u1ea1n s\u1ebd c\u1ea3m nh\u1eadn \u0111\u01b0\u1ee3c v\u1ecb ng\u1ecdt thanh t\u1eeb n\u1ea5m, ng\u1ecdt d\u1ecbu nh\u1eb9 t\u1eeb v\u1ecb th\u1ea3o d\u01b0\u1ee3c nh\u01b0 t\u00e1o t\u00e0u, k\u1ec9 t\u1eed, n\u1ea5m \u0111\u00f4ng c\u00f4 trong t\u1eebng th\u00eca n\u01b0\u1edbc s\u00fap \u0111\u01b0\u1ee3c ch\u1ebf bi\u1ebfn t\u1eeb g\u00f3i c\u1ed1t l\u1ea9u.<\/p>\n<p><img decoding=\"async\" class=\"wp-image-31873 aligncenter\" src=\"https:\/\/havamall.com\/wp-content\/uploads\/2023\/07\/maxresdefault-1-300x172.jpeg\" alt=\"\" width=\"777\" height=\"446\" \/><\/p>\n<p>Ngo\u00e0i ra, \u0111\u1ec3 t\u0103ng th\u00eam s\u1ef1 \u0111a d\u1ea1ng cho b\u1eefa ti\u1ec7c, b\u1ea1n c\u00f3 th\u1ec3 k\u1ebft h\u1ee3p v\u1edbi nh\u1eefng lo\u1ea1i n\u1ea5m kh\u00e1c nh\u01b0: n\u1ea5m kim ch\u00e2m, \u0111\u00f4ng c\u00f4, \u0111\u00f9i g\u00e0,\u2026\u0111\u1ec3 b\u1eefa ti\u1ec7c l\u1ea9u th\u00eam tr\u00f2n v\u1ecb.<\/p>\n<p>G\u00f3i c\u1ed1t l\u1ea9u \u0111\u01b0\u1ee3c k\u1ebft h\u1ee3p t\u1eeb gia v\u1ecb n\u01b0\u1edbc c\u1ed1t g\u00e0 c\u00f9ng v\u1edbi c\u00e1c lo\u1ea1i b\u1ed9t n\u1ea5m nh\u01b0 n\u1ea5m h\u01b0\u01a1ng, n\u1ea5m maitake, n\u1ea5m th\u00f4ng, k\u00e8m theo l\u00e0 nh\u1eefng v\u1ecb th\u1ea3o d\u01b0\u1ee3c nh\u01b0 k\u1ef7 t\u1eed, n\u1ea5m \u0111\u00f4ng c\u00f4 \u0111\u01b0\u1ee3c s\u1ea5y kh\u00f4 mang \u0111\u1ebfn h\u01b0\u01a1ng v\u1ecb ng\u1ecdt th\u01a1m thanh nh\u1eb9, \u0111\u01b0\u1ee3c h\u00f2a quy\u1ec7n trong n\u1ed3i l\u1ea9u \u1ea5m n\u00f3ng, h\u1ea5p d\u1eabn.<\/p>\n<p><img decoding=\"async\" class=\"wp-image-31874 aligncenter\" src=\"https:\/\/havamall.com\/wp-content\/uploads\/2023\/07\/HTB1.Q5GBIuYBuNkSmRyq6AA3pXan-300x300.jpg\" alt=\"\" width=\"771\" height=\"771\" \/><\/p>\n<p>B\u1ea1n ch\u1ec9 c\u1ea7n cho g\u00f3i c\u1ed1t v\u00e0o n\u01b0\u1edbc d\u00f9ng l\u1ea9u \u0111\u00e3 chu\u1ea9n b\u1ecb s\u1eb5n, r\u1ed3i th\u1ea3 v\u00e0o c\u00e1c topping theo \u00fd th\u00edch \u0111\u1ee3i ch\u00edn l\u00e0 mlem mlem \u0111\u01b0\u1ee3c ngay. \u0110\u1ec3 thu\u1eadn ti\u1ec7n cho kh\u00e1ch kh\u00f4ng ph\u1ea3i mua nhi\u1ec1u n\u01a1i, store c\u00f3 b\u00e1n th\u00eam c\u00e1c lo\u1ea1i n\u1ea5m nh\u01b0\u00a0n\u1ea5m kim ch\u00e2m,\u00a0n\u1ea5m linh chi tr\u1eafng,\u00a0n\u1ea5m b\u1ea1ch tuy\u1ebft,&#8230;ngo\u00e0i ra c\u00f2n c\u00f3 mu\u00f4n v\u00e0n\u00a0vi\u00ean th\u1ea3 l\u1ea9u\u00a0hot nh\u1ea5t hi\u1ec7n nay.<\/p>\n<p><img loading=\"lazy\" decoding=\"async\" class=\"wp-image-31875 aligncenter\" src=\"https:\/\/havamall.com\/wp-content\/uploads\/2023\/07\/Screen-Shot-2023-07-06-at-2.20.40-PM-204x300.png\" alt=\"\" width=\"778\" height=\"1144\" \/><\/p>\n<h2><strong>H\u01af\u1edaNG D\u1eaaN S\u1eec D\u1ee4NG<\/strong><\/h2>\n<p>Cho g\u00f3i b\u1ed9t v\u00e0o 1000ml-1200ml n\u01b0\u1edbc s\u00f4i (ngon h\u01a1n n\u1ebfu d\u00f9ng n\u01b0\u1edbc h\u1ea7m x\u01b0\u01a1ng ho\u1eb7c n\u01b0\u1edbc lu\u1ed9c g\u00e0), sau \u0111\u00f3 cho th\u00eam h\u00e0nh l\u00e1, g\u1eebng,\u2026t\u00f9y theo s\u1edf th\u00edch c\u00e1 nh\u00e2n. Sau khi n\u01b0\u1edbc s\u00f4i cho c\u00e1c m\u00f3n \u0103n kh\u00e1c v\u00e0o n\u1ea5u ch\u00edn v\u00e0 th\u01b0\u1edfng th\u1ee9c.<\/p>\n<\/div>\n<\/div>\n<\/div>\n<\/div>\n<div class=\"woodmart-tab-wrapper\"><\/div>\n<\/div>","protected":false},"excerpt":{"rendered":"<p>TH\u00d4NG TIN CHUNG Th\u01b0\u01a1ng hi\u1ec7u Haidilao Xu\u1ea5t x\u1ee9 Malaysia Th\u00e0nh ph\u1ea7n G\u00f3i b\u1ed9t s\u00fap: Chi\u1ebft xu\u1ea5t m\u1ea1ch nha, gia v\u1ecb<\/p>","protected":false},"featured_media":31876,"comment_status":"open","ping_status":"closed","template":"","meta":[],"product_brand":[],"product_cat":[36],"product_tag":[],"class_list":{"0":"post-31870","1":"product","2":"type-product","3":"status-publish","4":"has-post-thumbnail","6":"product_cat-thuc-pham-tieu-dung","8":"first","9":"outofstock","10":"sale","11":"shipping-taxable","12":"purchasable","13":"product-type-simple"},"_links":{"self":[{"href":"https:\/\/havamall.com\/en\/wp-json\/wp\/v2\/product\/31870","targetHints":{"allow":["GET"]}}],"collection":[{"href":"https:\/\/havamall.com\/en\/wp-json\/wp\/v2\/product"}],"about":[{"href":"https:\/\/havamall.com\/en\/wp-json\/wp\/v2\/types\/product"}],"replies":[{"embeddable":true,"href":"https:\/\/havamall.com\/en\/wp-json\/wp\/v2\/comments?post=31870"}],"version-history":[{"count":0,"href":"https:\/\/havamall.com\/en\/wp-json\/wp\/v2\/product\/31870\/revisions"}],"wp:featuredmedia":[{"embeddable":true,"href":"https:\/\/havamall.com\/en\/wp-json\/wp\/v2\/media\/31876"}],"wp:attachment":[{"href":"https:\/\/havamall.com\/en\/wp-json\/wp\/v2\/media?parent=31870"}],"wp:term":[{"taxonomy":"product_brand","embeddable":true,"href":"https:\/\/havamall.com\/en\/wp-json\/wp\/v2\/product_brand?post=31870"},{"taxonomy":"product_cat","embeddable":true,"href":"https:\/\/havamall.com\/en\/wp-json\/wp\/v2\/product_cat?post=31870"},{"taxonomy":"product_tag","embeddable":true,"href":"https:\/\/havamall.com\/en\/wp-json\/wp\/v2\/product_tag?post=31870"}],"curies":[{"name":"wp","href":"https:\/\/api.w.org\/{rel}","templated":true}]}}