{"id":31877,"date":"2023-07-06T15:07:51","date_gmt":"2023-07-06T08:07:51","guid":{"rendered":"https:\/\/havamall.com\/?post_type=product&#038;p=31877"},"modified":"2026-03-18T12:53:43","modified_gmt":"2026-03-18T05:53:43","slug":"cha-cuon-maki-chay-everbest-300g-vegetarian-yuba-maki-roll","status":"publish","type":"product","link":"https:\/\/havamall.com\/en\/shop\/cha-cuon-maki-chay-everbest-300g-vegetarian-yuba-maki-roll\/","title":{"rendered":"Ch\u1ea3 Cu\u1ed9n Maki Chay Everbest 300g &#8211; Vegetarian Yuba Maki Roll"},"content":{"rendered":"<p>&nbsp;<\/p>\n<h3><strong>TH\u00d4NG TIN S\u1ea2N PH\u1ea8M<\/strong><\/h3>\n<table>\n<tbody>\n<tr>\n<td>Th\u01b0\u01a1ng hi\u1ec7u<\/td>\n<td>\n<p class=\"product-title product-detail__gap-sm\">Everbest<\/p>\n<\/td>\n<\/tr>\n<tr>\n<td>Xu\u1ea5t x\u1ee9<\/td>\n<td>Malaysia<\/td>\n<\/tr>\n<tr>\n<td>Th\u00e0nh ph\u1ea7n<\/td>\n<td>H\u1ea1t d\u1ebb, c\u1ee7 c\u1ea3i turnip 27%, \u0111\u1ea1m \u0111\u1eadu n\u00e0nh c\u00f3 k\u1ebft c\u1ea5u 8%, c\u00e0 r\u1ed1t 8%, \u0111\u1eadu ph\u1ee5 5%, \u0111\u01b0\u1eddng, b\u1ed9t konjac tr\u1ed9n, d\u1ea7u c\u1ecd, \u0111\u1ea1m \u0111\u1eadu n\u00e0nh 3%, ch\u1ea5t l\u00e0m d\u00e0y [tinh b\u1ed9t s\u1eafn bi\u1ebfn t\u00ednh (1420)], mu\u1ed1i, b\u1ed9t l\u00f2ng tr\u1eafng tr\u1ee9ng, gia v\u1ecb, ch\u1ea5t \u0111i\u1ec1u v\u1ecb [Mononatri L-glutamat (621)], h\u01b0\u01a1ng li\u1ec7u nh\u00e2n t\u1ea1o.<\/td>\n<\/tr>\n<tr>\n<td>H\u1ea1n s\u1eed d\u1ee5ng<\/td>\n<td>24 th\u00e1ng k\u1ec3 t\u1eeb ng\u00e0y s\u1ea3n xu\u1ea5t.<\/td>\n<\/tr>\n<tr>\n<td>B\u1ea3o qu\u1ea3n<\/td>\n<td>B\u1ea3o qu\u1ea3n \u1edf nhi\u1ec7t \u0111\u1ed9 -18 \u0111\u1ed9 C<\/td>\n<\/tr>\n<tr>\n<td>Kh\u1ed1i l\u01b0\u1ee3ng<\/td>\n<td>300g<\/td>\n<\/tr>\n<\/tbody>\n<\/table>\n<div><\/div>\n<div id=\"input_line_6\"><span id=\"input_part_0\" class=\"\">EverBest Malaysia \u0111\u00e3 r\u1ea5t n\u1ed5i ti\u1ebfng v\u1edbi s\u1ea3n ph\u1ea9m H\u1ee7 Tr\u00fac Cu\u1ed9n t\u1ea1i Vi\u1ec7t Nam, \u0111\u01b0\u1ee3c h\u1ec7 th\u1ed1ng l\u1ea9u Haidilao s\u1eed d\u1ee5ng tr\u00ean t\u1ea5t c\u1ea3 c\u00e1c n\u01b0\u1edbc. \u0110i\u1ec1u \u0111\u00e3 kh\u1eb3ng \u0111\u1ecbnh s\u1ea3n ph\u1ea9m c\u1ee7a EverBest r\u1ea5t ch\u1ea5t l\u01b0\u1ee3ng v\u00e0 \u0111\u1ed9 an to\u00e0n v\u1ec7 sinh th\u1ef1c ph\u1ea9m r\u1ea5t cao.<\/span><\/div>\n<div id=\"input_line_7\"><\/div>\n<div id=\"input_line_8\"><span id=\"input_part_0\" class=\"\">\u0110\u00e1p \u1ee9ng nhu c\u1ea7u \u0103n chay, \u0103n t\u1ed1t cho s\u1ee9c kh\u1ecfe (healthy) t\u1ea1i Vi\u1ec7t Nam, EverBest \u0111\u00e3 mang \u0111\u1ebfn s\u1ea3n ph\u1ea9m Ch\u1ea3 Cu\u1ed9n Maki Chay r\u1ea5t h\u1ea5p d\u1eabn \u0111\u1ebfn ng\u01b0\u1eddi d\u00f9ng.<\/span><\/div>\n<div><img fetchpriority=\"high\" decoding=\"async\" class=\" wp-image-31878 aligncenter\" src=\"https:\/\/havamall.com\/wp-content\/uploads\/2023\/07\/282666329_551909366551664_4243910167546334342_n-300x300.jpeg\" alt=\"\" width=\"766\" height=\"766\" \/><\/div>\n<div id=\"input_line_9\"><\/div>\n<div id=\"input_line_10\"><span id=\"input_part_0\" class=\"\">S\u1ea3n ph\u1ea9m \u0111\u01b0\u1ee3c l\u00e0m b\u1eb1ng l\u1edbp v\u1ecf t\u00e0u h\u1ee7 ky, l\u1edbp nh\u00e2n b\u00ean trong l\u00e0 h\u1ea1t d\u1ebb v\u00e0 \u0111\u1eadu ph\u1ee5 non th\u00eam gia v\u1ecb t\u1ea1o n\u00ean l\u1edbp nh\u00e2n th\u1eadt tuy\u1ec7t v\u1eddi cho m\u00f3n \u0103n. \u0110\u00e2y s\u1ebd l\u00e0 m\u00f3n \u0103n nh\u1eb9 r\u1ea5t ngon cho c\u00e1c t\u00edn \u0111\u1ed3 chay v\u00e0 c\u1ea3 tr\u1ebb em th\u00edch \u0103n healthy.<\/span><\/div>\n<p><strong>Ch\u1ea3 cu\u1ed9n Maki chay 300g\u00a0<\/strong>l\u00e0 lo\u1ea1i\u00a0th\u1ef1c ph\u1ea9m chay\u00a0si\u00eau hot c\u1ee7a Everbest \u0111\u01b0\u1ee3c c\u1ea3 c\u00e1c Vegetarian v\u00e0 team m\u00ea m\u00f3n chi\u00ean r\u00e1n \u0111\u1ec1u th\u00edch, c\u00f3 h\u01b0\u01a1ng v\u1ecb si\u00eau cu\u1ed1n ngay t\u1eeb l\u1ea7n mi\u1ebfng c\u1eafn \u0111\u1ea7u ti\u00ean.<\/p>\n<p>\u0110i\u1ec3m h\u1ea5p d\u1eabn c\u1ee7a m\u00f3n \u0103n n\u00e0y ch\u00ednh l\u00e0 l\u1edbp v\u1ecf \u0111\u1eadu ph\u1ee5 dai b\u00e9o b\u00e9o b\u00ean ngo\u00e0i, cu\u1ed9n b\u00ean trong l\u00e0 l\u1edbp nh\u00e2n th\u01a1m m\u1ec1m s\u1ea7n s\u1eadt \u0111\u01b0\u1ee3c ph\u1ed1i tr\u1ed9n \u0111\u1ec1u t\u1eeb c\u00e1c nguy\u00ean li\u1ec7u v\u00e0 gia v\u1ecb nh\u01b0 \u0111\u1ea1m \u0111\u1eadu n\u00e0nh, c\u1ee7 c\u1ea3i, h\u1ea1t d\u1ebb, c\u00e0 r\u1ed1t, b\u1ed9t konjac, \u0111\u01b0\u1eddng, mu\u1ed1i,\u2026t\u1ea1o n\u00ean h\u01b0\u01a1ng v\u1ecb v\u1eeba \u0103n.<\/p>\n<p>Vegetarian yuba maki c\u00f3 th\u1ec3 d\u00f9ng \u0111\u1ec3 chi\u00ean l\u00e0m topping \u0103n k\u00e8m c\u00e1c m\u00f3n m\u00ec, ho\u1eb7c ram, kho m\u1eb7n ng\u1ecdt \u0103n c\u00f9ng v\u1edbi m\u1ed9t ch\u00e9n c\u01a1m n\u00f3ng l\u00e0 h\u1ebft s\u1ea9y. Ngo\u00e0i ra, c\u00f3 th\u1ec3 d\u00f9ng l\u00e0m nh\u00e2n cu\u1ed9n sushi, hay x\u00e0o, h\u1ea5p, ch\u1ebf bi\u1ebfn c\u00f9ng nhi\u1ec1u nguy\u00ean li\u1ec7u kh\u00e1c mang \u0111\u1ebfn nhi\u1ec1u m\u00f3n chay h\u1ea5p d\u1eabn v\u00e0 phong ph\u00fa.<\/p>\n<p><img decoding=\"async\" class=\" wp-image-31880 aligncenter\" src=\"https:\/\/havamall.com\/wp-content\/uploads\/2023\/07\/286895362_570502221359045_1214866461449200357_n-300x300.jpeg\" alt=\"\" width=\"777\" height=\"777\" \/><\/p>\n<h2><strong>H\u01b0\u1edbng d\u1eabn s\u1eed d\u1ee5ng:\u00a0<\/strong><\/h2>\n<ul>\n<li>Ch\u1ebf bi\u1ebfn b\u1eb1ng n\u1ed3i chi\u00ean kh\u00f4ng d\u1ea7u: Chi\u00ean 8~9 ph\u00fat \u1edf nhi\u1ec7t \u0111\u1ed9 180 \u0111\u1ed9 C<\/li>\n<li>L\u00e0m n\u00f3ng ch\u1ea3o v\u00e0 cho kho\u1ea3ng 3 mu\u1ed7ng d\u1ea7u l\u1edbn r\u1ed3i cho cho b\u00e1nh v\u00e0o chi\u00ean trong v\u00f2ng 6~7 ph\u00fat tr\u00ean l\u1eeda v\u1eeba, \u0111\u1ea3o \u0111\u1ec1u m\u1ed7i m\u1eb7t.<\/li>\n<li>L\u00e0m \u01b0\u1edbt b\u00e1nh tr\u01b0\u1edbc khi h\u1ea5p s\u1ebd ngon h\u01a1n<\/li>\n<\/ul>\n","protected":false},"excerpt":{"rendered":"<p>&nbsp; TH\u00d4NG TIN S\u1ea2N PH\u1ea8M Th\u01b0\u01a1ng hi\u1ec7u Everbest Xu\u1ea5t x\u1ee9 Malaysia Th\u00e0nh ph\u1ea7n H\u1ea1t d\u1ebb, c\u1ee7 c\u1ea3i turnip 27%, \u0111\u1ea1m<\/p>","protected":false},"featured_media":39797,"comment_status":"open","ping_status":"closed","template":"","meta":[],"product_brand":[],"product_cat":[730,36,275,496],"product_tag":[],"class_list":{"0":"post-31877","1":"product","2":"type-product","3":"status-publish","4":"has-post-thumbnail","6":"product_cat-cac-nuoc-khac","7":"product_cat-thuc-pham-tieu-dung","8":"product_cat-thuc-pham-dong-lanh","9":"product_cat-thuc-pham-thuan-chay","10":"pa_brand-eb","12":"first","13":"instock","14":"sale","15":"shipping-taxable","16":"purchasable","17":"product-type-simple"},"_links":{"self":[{"href":"https:\/\/havamall.com\/en\/wp-json\/wp\/v2\/product\/31877","targetHints":{"allow":["GET"]}}],"collection":[{"href":"https:\/\/havamall.com\/en\/wp-json\/wp\/v2\/product"}],"about":[{"href":"https:\/\/havamall.com\/en\/wp-json\/wp\/v2\/types\/product"}],"replies":[{"embeddable":true,"href":"https:\/\/havamall.com\/en\/wp-json\/wp\/v2\/comments?post=31877"}],"version-history":[{"count":0,"href":"https:\/\/havamall.com\/en\/wp-json\/wp\/v2\/product\/31877\/revisions"}],"wp:featuredmedia":[{"embeddable":true,"href":"https:\/\/havamall.com\/en\/wp-json\/wp\/v2\/media\/39797"}],"wp:attachment":[{"href":"https:\/\/havamall.com\/en\/wp-json\/wp\/v2\/media?parent=31877"}],"wp:term":[{"taxonomy":"product_brand","embeddable":true,"href":"https:\/\/havamall.com\/en\/wp-json\/wp\/v2\/product_brand?post=31877"},{"taxonomy":"product_cat","embeddable":true,"href":"https:\/\/havamall.com\/en\/wp-json\/wp\/v2\/product_cat?post=31877"},{"taxonomy":"product_tag","embeddable":true,"href":"https:\/\/havamall.com\/en\/wp-json\/wp\/v2\/product_tag?post=31877"}],"curies":[{"name":"wp","href":"https:\/\/api.w.org\/{rel}","templated":true}]}}