{"id":31909,"date":"2023-07-07T14:48:46","date_gmt":"2023-07-07T07:48:46","guid":{"rendered":"https:\/\/havamall.com\/?post_type=product&#038;p=31909"},"modified":"2025-03-23T11:24:05","modified_gmt":"2025-03-23T04:24:05","slug":"ca-vien-nhan-trung-ca-malaysia-goi-200g-egg-fish-ball","status":"publish","type":"product","link":"https:\/\/havamall.com\/en\/shop\/ca-vien-nhan-trung-ca-malaysia-goi-200g-egg-fish-ball\/","title":{"rendered":"C\u00e1 Vi\u00ean Nh\u00e2n Tr\u1ee9ng C\u00e1 Malaysia G\u00f3i 200g &#8211; Egg Fish Ball"},"content":{"rendered":"<h3><strong>TH\u00d4NG TIN S\u1ea2N PH\u1ea8M<\/strong><\/h3>\n<table>\n<tbody>\n<tr>\n<td>Th\u01b0\u01a1ng hi\u1ec7u<\/td>\n<td>\n<p class=\"product-title product-detail__gap-sm\"><strong>Rich Mama<\/strong><\/p>\n<\/td>\n<\/tr>\n<tr>\n<td>Xu\u1ea5t x\u1ee9<\/td>\n<td>Malaysia<\/td>\n<\/tr>\n<tr>\n<td>Th\u00e0nh ph\u1ea7n<\/td>\n<td>C\u00e1 (\u0111\u1ed3ng c\u1edd) 66%, tr\u1ee9ng c\u00e1 (Capelin) 8%, protein isolate t\u1eeb \u0111\u1eadu n\u00e0nh, tinh b\u1ed9t, d\u1ea7u c\u1ecd, mu\u1ed1i, \u0111\u01b0\u1eddng, ch\u1ea5t \u0111i\u1ec1u v\u1ecb (621), h\u01b0\u01a1ng v\u1ecb h\u1ea3i s\u1ea3n t\u1ef1 nhi\u00ean v\u00e0 b\u1ed9t l\u00f2ng tr\u1eafng tr\u1ee9ng.<\/td>\n<\/tr>\n<tr>\n<td>H\u1ea1n s\u1eed d\u1ee5ng<\/td>\n<td>24 th\u00e1ng k\u1ec3 t\u1eeb ng\u00e0y s\u1ea3n xu\u1ea5t.<\/td>\n<\/tr>\n<tr>\n<td>B\u1ea3o qu\u1ea3n<\/td>\n<td>B\u1ea3o qu\u1ea3n \u1edf nhi\u1ec7t \u0111\u1ed9 -18 \u0111\u1ed9 C<\/td>\n<\/tr>\n<tr>\n<td>Kh\u1ed1i l\u01b0\u1ee3ng<\/td>\n<td>200g<\/td>\n<\/tr>\n<\/tbody>\n<\/table>\n<p>Trong c\u00e1c lo\u1ea1i\u00a0topping l\u1ea9u\u00a0c\u00f3 nh\u00e2n th\u00ec nh\u00e2n tr\u1ee9ng c\u00e1 lu\u00f4n l\u00e0 l\u1ef1a ch\u1ecdn \u01b0u \u00e1i c\u1ee7a ng\u01b0\u1eddi d\u00f9ng b\u1edfi n\u00f3 kh\u00f4ng ch\u1ec9 h\u1ea5p d\u1eabn v\u1ec1 h\u01b0\u01a1ng v\u1ecb m\u00e0 c\u00f2n mang m\u00e0u s\u1eafc s\u1eb7c s\u1ee1 thu h\u00fat \u00e1nh nh\u00ecn.<\/p>\n<p>Khi v\u1eeba c\u1eafn v\u00e0o b\u1ea1n s\u1ebd c\u1ea3m nh\u1eadn \u0111\u01b0\u1ee3c s\u1ef1 b\u00f9ng n\u1ed5 c\u1ee7a m\u00f3n &#8220;tr\u1ee9ng c\u00e1 bay&#8221; (tobiko) ngay trong mi\u1ec7ng h\u00f2a c\u00f9ng \u0111\u1ed9 dai s\u1ea7n s\u1eadt t\u1eeb l\u1edbp v\u1ecf ngo\u00e0i, c\u00e0ng l\u00e0m t\u0103ng k\u00edch th\u00edch v\u1ecb gi\u00e1c v\u00e0 \u0111\u1ed9 h\u1ea5p d\u1eabn. \u0110\u00e2y \u0111\u00edch th\u1ef1c l\u00e0 lo\u1ea1i\u00a0vi\u00ean th\u1ea3 l\u1ea9u\u00a0l\u00ed t\u01b0\u1edfng d\u00e0nh cho n\u1ed3i l\u1ea9u c\u1ee7a b\u1ea1n v\u00e0 gia \u0111\u00ecnh. Ngo\u00e0i ra, c\u00f2n c\u00f3 th\u1ec3 d\u00f9ng \u0111\u1ec3\u00a0chi\u00ean, x\u00e0o \u0103n k\u00e8m v\u1edbi c\u01a1m m\u00ec \u0111\u1ec1u \u0111\u01b0\u1ee3c.<\/p>\n<p><img fetchpriority=\"high\" decoding=\"async\" class=\"wp-image-31912 aligncenter\" src=\"https:\/\/havamall.com\/wp-content\/uploads\/2023\/07\/284262206_339692154912182_7297232016129804214_n-300x237.jpeg\" alt=\"\" width=\"758\" height=\"599\" \/><\/p>\n<p>S\u1ea3n ph\u1ea9m \u0111\u01b0\u1ee3c \u0111\u00f3ng g\u00f3i b\u1ecbch 240g nh\u1ecf g\u1ecdn, bao g\u1ed3m kho\u1ea3ng 12~14 vi\u00ean, ph\u00f9 h\u1ee3p s\u1eed d\u1ee5ng cho m\u1ed9t l\u1ea7n \u0103n, v\u1eeba ti\u1ebft ki\u1ec7m \u0111\u01b0\u1ee3c \u00edt ng\u00e2n s\u00e1ch, v\u1eeba kh\u00f4ng lo b\u1ea3o qu\u1ea3n khi d\u00f9ng kh\u00f4ng h\u1ebft.<\/p>\n<p>N\u1ebfu b\u1ea1n \u0111\u00e3 qu\u00e1 quen thu\u1ed9c v\u00e0 c\u00f3 v\u1ebb h\u01a1i ng\u00e1n v\u1edbi c\u00e1c lo\u1ea1i c\u00e1 vi\u00ean th\u01b0\u1eddng ng\u00e0y th\u00ec h\u00e3y th\u1eed thay \u0111\u1ed5i kh\u1ea9u v\u1ecb c\u00f9ng v\u1edbi\u00a0<strong>C\u00e1 vi\u00ean nh\u00e2n tr\u1ee9ng c\u00e1 Rich Mama 200g<\/strong>, m\u1ed9t lo\u1ea1i topping \u0103n v\u1eb7t, th\u1ea3 l\u1ea9u m\u1edbi c\u1ef1c hot \u0111\u01b0\u1ee3c nh\u1eadp tr\u1ef1c ti\u1ebfp t\u1eeb Malaysia.<\/p>\n<p><img decoding=\"async\" class=\"wp-image-31928 aligncenter\" src=\"https:\/\/havamall.com\/wp-content\/uploads\/2023\/07\/CSN033-copy-1x1-1-300x300.jpeg\" alt=\"\" width=\"768\" height=\"768\" \/><\/p>\n<p><strong>Egg Fish Ball<\/strong>\u00a0c\u00f3 d\u1ea1ng vi\u00ean tr\u00f2n m\u00e0u tr\u1eafng, v\u1ecf ngo\u00e0i m\u1ec1m dai \u0111\u01b0\u1ee3c l\u00e0m t\u1eeb th\u1ecbt c\u00e1 t\u01b0\u01a1i xay nhuy\u1ec5n th\u00f4ng qua ch\u1ecdn l\u1ecdc k\u0129. B\u1ecdc b\u00ean trong l\u00e0 l\u1edbp tr\u1ee9ng c\u00e1 m\u00e0u cam v\u00f4 c\u00f9ng b\u1eaft m\u1eaft v\u1edbi nhi\u1ec1u h\u1ea1t nh\u1ecf li ti, ch\u1ec9 nh\u00ecn th\u00f4i c\u0169ng \u0111\u1ee7 khi\u1ebfn b\u1ea1n th\u00edch th\u00fa mu\u1ed1n th\u1eed ngay l\u1eadp t\u1ee9c.<\/p>\n<p>S\u1ea3n ph\u1ea9m \u0111\u01b0\u1ee3c \u0111\u00f3ng g\u00f3i b\u1ecbch 200g nh\u1ecf g\u1ecdn, d\u1ec5 d\u00e0ng s\u1eed d\u1ee5ng v\u00e0 b\u1ea3o qu\u1ea3n. C\u00f3 th\u1ec3 d\u00f9ng l\u00e0m vi\u00ean th\u1ea3 l\u1ea9u, n\u01b0\u1edbng BBQ hay chi\u00ean x\u00e0o \u0103n k\u00e8m v\u1edbi c\u01a1m m\u00ec \u0111\u1ec1u h\u1ea5p d\u1eabn.<\/p>\n<p><img decoding=\"async\" class=\"wp-image-31914 aligncenter\" src=\"https:\/\/havamall.com\/wp-content\/uploads\/2023\/07\/106746005_576291186594300_237803477734852923_n-300x300.jpeg\" alt=\"\" width=\"764\" height=\"764\" \/><\/p>\n<h2><strong>H\u01af\u1edaNG D\u1eaaN S\u1eec D\u1ee4NG<\/strong><\/h2>\n<ul>\n<li>L\u1ea9u: Cho c\u00e1 vi\u00ean v\u00e0o n\u1ed3i s\u00fap \u0111ang s\u00f4i kho\u1ea3ng 4 ph\u00fat tr\u01b0\u1edbc khi d\u00f9ng<\/li>\n<li>BBQ: N\u01b0\u1edbng tr\u00ean l\u1eeda cho \u0111\u1ebfn khi c\u00f3 m\u00e0u v\u00e0ng n\u00e2u<\/li>\n<li>Chi\u00ean: \u0110un n\u00f3ng d\u1ea7u v\u00e0 chi\u00ean ng\u1eadp d\u1ea7u trong 2~3 ph\u00fat \u0111\u1ebfn khi c\u00f3 m\u00e0u v\u00e0ng n\u00e2u<\/li>\n<li>L\u00f2 vi s\u00f3ng: H\u00e2m n\u00f3ng trong 2 ph\u00fat<\/li>\n<li>H\u1ea5p: H\u1ea5p trong v\u00f2ng 5 ph\u00fat.<\/li>\n<\/ul>","protected":false},"excerpt":{"rendered":"<p>TH\u00d4NG TIN S\u1ea2N PH\u1ea8M Th\u01b0\u01a1ng hi\u1ec7u Rich Mama Xu\u1ea5t x\u1ee9 Malaysia Th\u00e0nh ph\u1ea7n C\u00e1 (\u0111\u1ed3ng c\u1edd) 66%, tr\u1ee9ng c\u00e1 (Capelin)<\/p>","protected":false},"featured_media":31915,"comment_status":"open","ping_status":"closed","template":"","meta":[],"product_brand":[],"product_cat":[730,702,36,275],"product_tag":[],"class_list":{"0":"post-31909","1":"product","2":"type-product","3":"status-publish","4":"has-post-thumbnail","6":"product_cat-cac-nuoc-khac","7":"product_cat-hai-san","8":"product_cat-thuc-pham-tieu-dung","9":"product_cat-thuc-pham-dong-lanh","10":"pa_brand-eb","12":"first","13":"instock","14":"sale","15":"shipping-taxable","16":"purchasable","17":"product-type-simple"},"_links":{"self":[{"href":"https:\/\/havamall.com\/en\/wp-json\/wp\/v2\/product\/31909","targetHints":{"allow":["GET"]}}],"collection":[{"href":"https:\/\/havamall.com\/en\/wp-json\/wp\/v2\/product"}],"about":[{"href":"https:\/\/havamall.com\/en\/wp-json\/wp\/v2\/types\/product"}],"replies":[{"embeddable":true,"href":"https:\/\/havamall.com\/en\/wp-json\/wp\/v2\/comments?post=31909"}],"version-history":[{"count":0,"href":"https:\/\/havamall.com\/en\/wp-json\/wp\/v2\/product\/31909\/revisions"}],"wp:featuredmedia":[{"embeddable":true,"href":"https:\/\/havamall.com\/en\/wp-json\/wp\/v2\/media\/31915"}],"wp:attachment":[{"href":"https:\/\/havamall.com\/en\/wp-json\/wp\/v2\/media?parent=31909"}],"wp:term":[{"taxonomy":"product_brand","embeddable":true,"href":"https:\/\/havamall.com\/en\/wp-json\/wp\/v2\/product_brand?post=31909"},{"taxonomy":"product_cat","embeddable":true,"href":"https:\/\/havamall.com\/en\/wp-json\/wp\/v2\/product_cat?post=31909"},{"taxonomy":"product_tag","embeddable":true,"href":"https:\/\/havamall.com\/en\/wp-json\/wp\/v2\/product_tag?post=31909"}],"curies":[{"name":"wp","href":"https:\/\/api.w.org\/{rel}","templated":true}]}}