{"id":31916,"date":"2023-07-07T15:18:10","date_gmt":"2023-07-07T08:18:10","guid":{"rendered":"https:\/\/havamall.com\/?post_type=product&#038;p=31916"},"modified":"2025-03-23T11:23:53","modified_gmt":"2025-03-23T04:23:53","slug":"ca-vien-nhan-trung-ca-rich-mama-tobilko-goi-240g-crytal-fish-ball","status":"publish","type":"product","link":"https:\/\/havamall.com\/en\/shop\/ca-vien-nhan-trung-ca-rich-mama-tobilko-goi-240g-crytal-fish-ball\/","title":{"rendered":"C\u00e1 Vi\u00ean Nh\u00e2n Tr\u1ee9ng C\u00e1 Rich Mama (Tobilko) G\u00f3i 240g &#8211; Crytal Fish Ball"},"content":{"rendered":"<h3><\/h3>\n<h3><strong>TH\u00d4NG TIN S\u1ea2N PH\u1ea8M<\/strong><\/h3>\n<table>\n<tbody>\n<tr>\n<td>Th\u01b0\u01a1ng hi\u1ec7u<\/td>\n<td>\n<p class=\"product-title product-detail__gap-sm\">Rich Mama<\/p>\n<\/td>\n<\/tr>\n<tr>\n<td>Xu\u1ea5t x\u1ee9<\/td>\n<td>Malaysia<\/td>\n<\/tr>\n<tr>\n<td>Th\u00e0nh ph\u1ea7n<\/td>\n<td>C\u00e1 \u0111\u1ed5ng c\u1edd, tr\u1ee9ng c\u00e1 capelin, d\u1ea7u c\u1ecd, protein isolate t\u1eeb \u0111\u1eadu n\u00e0nh, mu\u1ed1i, \u0111\u01b0\u1eddng, tinh b\u1ed9t bi\u1ebfn t\u00ednh, b\u1ed9t m\u00ec, ch\u1ea5t \u0111i\u1ec1u v\u1ecb, l\u00f2ng tr\u1eafng tr\u1ee9ng kh\u00f4 v\u00e0 m\u00e0u t\u1ef1 nhi\u00ean (m\u00e0u \u1edbt), h\u01b0\u01a1ng v\u1ecb t\u1ef1 nhi\u00ean v\u00e0 nh\u00e2n t\u1ea1o,&#8230;<\/td>\n<\/tr>\n<tr>\n<td>H\u1ea1n s\u1eed d\u1ee5ng<\/td>\n<td>24 th\u00e1ng k\u1ec3 t\u1eeb ng\u00e0y s\u1ea3n xu\u1ea5t.<\/td>\n<\/tr>\n<tr>\n<td>B\u1ea3o qu\u1ea3n<\/td>\n<td>B\u1ea3o qu\u1ea3n \u1edf nhi\u1ec7t \u0111\u1ed9 -18 \u0111\u1ed9 C<\/td>\n<\/tr>\n<tr>\n<td>Kh\u1ed1i l\u01b0\u1ee3ng<\/td>\n<td>240g<\/td>\n<\/tr>\n<\/tbody>\n<\/table>\n<p>Trong c\u00e1c lo\u1ea1i\u00a0topping l\u1ea9u\u00a0c\u00f3 nh\u00e2n th\u00ec nh\u00e2n tr\u1ee9ng c\u00e1 lu\u00f4n l\u00e0 l\u1ef1a ch\u1ecdn \u01b0u \u00e1i c\u1ee7a ng\u01b0\u1eddi d\u00f9ng b\u1edfi n\u00f3 kh\u00f4ng ch\u1ec9 h\u1ea5p d\u1eabn v\u1ec1 h\u01b0\u01a1ng v\u1ecb m\u00e0 c\u00f2n mang m\u00e0u s\u1eafc s\u1eb7c s\u1ee1 thu h\u00fat \u00e1nh nh\u00ecn. Ch\u00ednh v\u00ec th\u1ebf m\u00e0\u00a0<strong>C\u00e1 vi\u00ean nh\u00e2n tr\u1ee9ng c\u00e1 Tobiko Rich Mama 240g<\/strong>\u00a0ngay t\u1eeb khi ra m\u1eaft \u0111\u00e3 \u0111\u01b0\u1ee3c s\u0103n \u0111\u00f3n cu\u1ed3ng nhi\u1ec7t b\u1edfi nh\u1eefng t\u00edn \u0111\u1ed3 m\u00ea vi\u00ean th\u1ea3 l\u1ea9u.<img fetchpriority=\"high\" decoding=\"async\" class=\"wp-image-31921 aligncenter\" src=\"https:\/\/havamall.com\/wp-content\/uploads\/2023\/07\/Screen-Shot-2023-07-07-at-3.14.28-PM-300x167.png\" alt=\"\" width=\"736\" height=\"410\" \/><\/p>\n<p><strong>Crystal Fish Ball (Tobiko)<\/strong>\u00a0\u0111\u01b0\u1ee3c l\u00e0m\u00a0th\u00e0nh h\u00ecnh d\u1ea1ng gi\u1ed1ng nh\u01b0 m\u1ed9t vi\u00ean pha l\u00ea v\u1edbi\u00a0m\u00e0u s\u1eafc cam tr\u1eafng xen k\u1ebd v\u00f4 c\u00f9ng \u0111\u1eb9p m\u1eaft, t\u1ea1o n\u00ean h\u00ecnh \u1ea3nh b\u1eaft m\u1eaft v\u00e0 th\u00fa v\u1ecb cho m\u00f3n \u0103n.\u00a0B\u00ean ngo\u00e0i l\u00e0 l\u1edbp th\u1ecbt c\u00e1 t\u01b0\u01a1i xay nhuy\u1ec5n dai th\u01a1m, b\u00ean trong l\u00e0 nh\u00e2n tr\u1ee9ng c\u00e1 m\u00e0u cam \u0111\u1ea7y s\u1eb7c s\u1ee1 v\u00e0 \u0111\u01b0\u1ee3c n\u00eam gia v\u1ecb v\u1eeba \u0103n.<\/p>\n<p>Khi v\u1eeba c\u1eafn v\u00e0o b\u1ea1n s\u1ebd c\u1ea3m nh\u1eadn \u0111\u01b0\u1ee3c s\u1ef1 b\u00f9ng n\u1ed5 c\u1ee7a m\u00f3n &#8220;tr\u1ee9ng c\u00e1 bay&#8221; (tobiko) ngay trong mi\u1ec7ng h\u00f2a c\u00f9ng \u0111\u1ed9 dai s\u1ea7n s\u1eadt t\u1eeb l\u1edbp v\u1ecf ngo\u00e0i, c\u00e0ng l\u00e0m t\u0103ng k\u00edch th\u00edch v\u1ecb gi\u00e1c v\u00e0 \u0111\u1ed9 h\u1ea5p d\u1eabn. \u0110\u00e2y \u0111\u00edch th\u1ef1c l\u00e0 lo\u1ea1i\u00a0vi\u00ean th\u1ea3 l\u1ea9u\u00a0l\u00ed t\u01b0\u1edfng d\u00e0nh cho n\u1ed3i l\u1ea9u c\u1ee7a b\u1ea1n v\u00e0 gia \u0111\u00ecnh. Ngo\u00e0i ra, c\u00f2n c\u00f3 th\u1ec3 d\u00f9ng \u0111\u1ec3\u00a0chi\u00ean, x\u00e0o \u0103n k\u00e8m v\u1edbi c\u01a1m m\u00ec \u0111\u1ec1u \u0111\u01b0\u1ee3c.<\/p>\n<p><img decoding=\"async\" class=\"wp-image-31918 aligncenter\" src=\"https:\/\/havamall.com\/wp-content\/uploads\/2023\/07\/266907989_241175521430513_6429293649200888924_n-300x169.jpeg\" alt=\"\" width=\"721\" height=\"406\" \/><\/p>\n<p>S\u1ea3n ph\u1ea9m \u0111\u01b0\u1ee3c \u0111\u00f3ng g\u00f3i b\u1ecbch 240g nh\u1ecf g\u1ecdn, bao g\u1ed3m kho\u1ea3ng 12~14 vi\u00ean, ph\u00f9 h\u1ee3p s\u1eed d\u1ee5ng cho m\u1ed9t l\u1ea7n \u0103n, v\u1eeba ti\u1ebft ki\u1ec7m \u0111\u01b0\u1ee3c \u00edt ng\u00e2n s\u00e1ch, v\u1eeba kh\u00f4ng lo b\u1ea3o qu\u1ea3n khi d\u00f9ng kh\u00f4ng h\u1ebft.<\/p>\n<p><img decoding=\"async\" class=\"wp-image-31917 aligncenter\" src=\"https:\/\/havamall.com\/wp-content\/uploads\/2023\/07\/352765764_557316683271316_4348532094213439471_n-300x232.jpeg\" alt=\"\" width=\"705\" height=\"545\" \/><\/p>\n<h2><strong>H\u01af\u1edaNG D\u1eaaN S\u1eec D\u1ee4NG<\/strong><\/h2>\n<ul>\n<li>L\u1ea9u: Cho c\u00e1 vi\u00ean v\u00e0o n\u1ed3i s\u00fap \u0111ang s\u00f4i kho\u1ea3ng 4 ph\u00fat tr\u01b0\u1edbc khi d\u00f9ng<\/li>\n<li>BBQ: N\u01b0\u1edbng tr\u00ean l\u1eeda cho \u0111\u1ebfn khi c\u00f3 m\u00e0u v\u00e0ng n\u00e2u<\/li>\n<li>Chi\u00ean: \u0110un n\u00f3ng d\u1ea7u v\u00e0 chi\u00ean ng\u1eadp d\u1ea7u trong 2~3 ph\u00fat \u0111\u1ebfn khi c\u00f3 m\u00e0u v\u00e0ng n\u00e2u<\/li>\n<li>L\u00f2 vi s\u00f3ng: H\u00e2m n\u00f3ng trong 2 ph\u00fat<\/li>\n<li>H\u1ea5p: H\u1ea5p trong v\u00f2ng 5 ph\u00fat.<\/li>\n<\/ul>","protected":false},"excerpt":{"rendered":"<p>TH\u00d4NG TIN S\u1ea2N PH\u1ea8M Th\u01b0\u01a1ng hi\u1ec7u Rich Mama Xu\u1ea5t x\u1ee9 Malaysia Th\u00e0nh ph\u1ea7n C\u00e1 \u0111\u1ed5ng c\u1edd, tr\u1ee9ng c\u00e1 capelin, d\u1ea7u<\/p>","protected":false},"featured_media":31920,"comment_status":"open","ping_status":"closed","template":"","meta":[],"product_brand":[],"product_cat":[730,702,36,275],"product_tag":[],"class_list":{"0":"post-31916","1":"product","2":"type-product","3":"status-publish","4":"has-post-thumbnail","6":"product_cat-cac-nuoc-khac","7":"product_cat-hai-san","8":"product_cat-thuc-pham-tieu-dung","9":"product_cat-thuc-pham-dong-lanh","10":"pa_brand-eb","12":"first","13":"instock","14":"sale","15":"shipping-taxable","16":"purchasable","17":"product-type-simple"},"_links":{"self":[{"href":"https:\/\/havamall.com\/en\/wp-json\/wp\/v2\/product\/31916","targetHints":{"allow":["GET"]}}],"collection":[{"href":"https:\/\/havamall.com\/en\/wp-json\/wp\/v2\/product"}],"about":[{"href":"https:\/\/havamall.com\/en\/wp-json\/wp\/v2\/types\/product"}],"replies":[{"embeddable":true,"href":"https:\/\/havamall.com\/en\/wp-json\/wp\/v2\/comments?post=31916"}],"version-history":[{"count":0,"href":"https:\/\/havamall.com\/en\/wp-json\/wp\/v2\/product\/31916\/revisions"}],"wp:featuredmedia":[{"embeddable":true,"href":"https:\/\/havamall.com\/en\/wp-json\/wp\/v2\/media\/31920"}],"wp:attachment":[{"href":"https:\/\/havamall.com\/en\/wp-json\/wp\/v2\/media?parent=31916"}],"wp:term":[{"taxonomy":"product_brand","embeddable":true,"href":"https:\/\/havamall.com\/en\/wp-json\/wp\/v2\/product_brand?post=31916"},{"taxonomy":"product_cat","embeddable":true,"href":"https:\/\/havamall.com\/en\/wp-json\/wp\/v2\/product_cat?post=31916"},{"taxonomy":"product_tag","embeddable":true,"href":"https:\/\/havamall.com\/en\/wp-json\/wp\/v2\/product_tag?post=31916"}],"curies":[{"name":"wp","href":"https:\/\/api.w.org\/{rel}","templated":true}]}}