{"id":31931,"date":"2023-07-11T11:19:27","date_gmt":"2023-07-11T04:19:27","guid":{"rendered":"https:\/\/havamall.com\/?post_type=product&#038;p=31931"},"modified":"2025-06-16T11:20:55","modified_gmt":"2025-06-16T04:20:55","slug":"31931","status":"publish","type":"product","link":"https:\/\/havamall.com\/en\/shop\/31931\/","title":{"rendered":"H\u1ea1t Ti\u00eau Xanh S\u1ea5y L\u1ea1nh Havafoodies G\u00f3i 50g &#8211; Green Peppercorns"},"content":{"rendered":"<h2><\/h2>\n<h2><strong>TH\u00d4NG TIN S\u1ea2N PH\u1ea8M<\/strong><\/h2>\n<table>\n<tbody>\n<tr>\n<td>Th\u01b0\u01a1ng hi\u1ec7u<\/td>\n<td>\n<p class=\"product-title product-detail__gap-sm\">\u00a0Havafoodies<\/p>\n<\/td>\n<\/tr>\n<tr>\n<td>Xu\u1ea5t x\u1ee9<\/td>\n<td>\u0110\u1ee9c<\/td>\n<\/tr>\n<tr>\n<td>Th\u00e0nh ph\u1ea7n<\/td>\n<td>100% ti\u00eau xanh s\u1ea5y l\u1ea1nh<\/td>\n<\/tr>\n<tr>\n<td>H\u1ea1n s\u1eed d\u1ee5ng<\/td>\n<td>24 th\u00e1ng k\u1ec3 t\u1eeb ng\u00e0y s\u1ea3n xu\u1ea5t.<\/td>\n<\/tr>\n<tr>\n<td>B\u1ea3o qu\u1ea3n<\/td>\n<td>B\u1ea3o qu\u1ea3n n\u01a1i kh\u00f4 r\u00e1o, tho\u00e1ng m\u00e1t<\/td>\n<\/tr>\n<tr>\n<td>Kh\u1ed1i l\u01b0\u1ee3ng<\/td>\n<td>10g<\/td>\n<\/tr>\n<\/tbody>\n<\/table>\n<h2><strong>\u0110\u1eb6C \u0110I\u1ec2M TI\u00caU XANH<\/strong><\/h2>\n<p>-Ti\u00eau xanh l\u00e0 c\u00e2y b\u1ee5i nh\u1ecf c\u00f3 t\u00ean khoa h\u1ecdc l\u00e0 Schinus terebinthifolius v\u00e0 t\u00ean th\u00f4ng th\u01b0\u1eddng ti\u1ebfng anh l\u00e0 Green Pepper. Tuy c\u00f3 c\u00e1i t\u00ean ti\u1ebfng Vi\u1ec7t l\u00e0 h\u1ea1t ti\u00eau h\u1ed3ng nh\u01b0ng n\u00f3 kh\u00f4ng thu\u1ed9c c\u00e1c h\u1ecd nh\u00e0 c\u00e2y ti\u00eau.<\/p>\n<p>\u2013 C\u00e2y ti\u00eau xanh thu\u1ed9c v\u1ec1 h\u1ecd th\u1ef1c v\u1eadt m\u1ecdc ph\u1ed5 bi\u1ebfn \u1edf c\u00e1c \u1edf c\u00e1c v\u00f9ng nhi\u1ec7t \u0111\u1edbi v\u00e0 c\u1eadn nhi\u1ec7t \u0111\u1edbi c\u00f3 l\u01b0\u1ee3ng m\u01b0a cao, \u0111\u01b0\u1ee3c tr\u1ed3ng nhi\u1ec1u t\u1ea1i qu\u1ea7n \u0111\u1ea3o R\u00e9union (Ph\u00e1p) v\u00e0 c\u00f3 ngu\u1ed3n g\u1ed1c t\u1eeb Nam M\u1ef9. S\u1edf d\u0129 c\u00f3 t\u00ean g\u1ecdi l\u00e0 h\u1ea1t\u00a0ti\u00eau xanh\u00a0v\u00ec n\u00f3 c\u00f3 h\u01b0\u01a1ng v\u1ecb cay v\u00e0 v\u1ecf c\u00f3 m\u00e0u xanh.<\/p>\n<p>\u2013 H\u1ea1t ti\u00eau xanh c\u00f3 k\u00edch th\u01b0\u1edbc gi\u1ed1ng nh\u01b0 h\u1ea1t ti\u00eau \u0111en nh\u01b0ng n\u00f3 l\u00f5m h\u01a1n. N\u00f3 kh\u00f4ng r\u1eafn v\u00e0 c\u0103ng nh\u01b0 nh\u1eefng h\u1ea1t ti\u00eau \u0111en th\u00f4ng th\u01b0\u1eddng. Ch\u00ednh v\u00ec v\u1eady m\u00e0 h\u1ea1t\u00a0ti\u00eau xanh\u00a0d\u1ec5 b\u1ecb nhi\u1ec7t, n\u00ean nh\u1edb th\u00eam h\u1ea1t ti\u00eau v\u00e0o th\u1eddi gian cu\u1ed1i khi s\u1eed d\u1ee5ng nhi\u1ec7t \u0111\u1ed9 cao ho\u1eb7c th\u1eddi gian n\u1ea5u l\u00e2u, n\u1ebfu kh\u00f4ng ch\u00fang s\u1ebd m\u1ea5t h\u01b0\u01a1ng v\u1ecb.<\/p>\n<p>\u2013 H\u1ea1t ti\u00eau xanh \u0111\u01b0\u1ee3c l\u00e0m t\u1eeb 100% nguy\u00ean li\u1ec7u t\u1ef1 nhi\u00ean,\u00a0kh\u00f4ng l\u1eabn t\u1ea1p ch\u1ea5t, kh\u00f4ng ch\u1ea5t b\u1ea3o qu\u1ea3n, kh\u00f4ng ch\u1ea5t t\u1ea1o m\u00e0u v\u00e0 kh\u00f4ng ch\u1ea5t t\u1ea1o m\u00f9i n\u00ean r\u1ea5t an to\u00e0n cho ng\u01b0\u1eddi s\u1eed d\u1ee5ng.<\/p>\n<p><img fetchpriority=\"high\" decoding=\"async\" class=\"wp-image-32358 aligncenter\" src=\"https:\/\/havamall.com\/wp-content\/uploads\/2023\/07\/green-peppercorns-1024x696-300x204.jpeg\" alt=\"\" width=\"846\" height=\"575\" \/><\/p>\n<h2><strong>C\u00d4NG D\u1ee4NG C\u1ee6A H\u1ea0T TI\u00caU XANH<\/strong><\/h2>\n<p><em>\u2013 Trong \u1ea9m th\u1ef1c:\u00a0<\/em>H\u1ea1t\u00a0ti\u00eau xanh\u00a0th\u01b0\u1eddng \u0111\u01b0\u1ee3c s\u1eed d\u1ee5ng \u0111\u1ec3 trang tr\u00ed m\u00f3n \u0103n, \u00edt \u0111\u01b0\u1ee3c s\u1eed d\u1ee5ng l\u00e0m gia v\u1ecb v\u00ec \u0111\u1ed9 cay v\u00e0 th\u01a1m \u00edt h\u01a1n nh\u1eefng lo\u1ea1i ti\u00eau \u0111en th\u00f4ng th\u01b0\u1eddng kh\u00e1c. Ti\u00eau h\u1ed3ng ch\u1ee7 y\u1ebfu \u0111\u01b0\u1ee3c trang tr\u00ed cho c\u00e1c m\u00f3n \u0103n v\u00ec m\u00e0u s\u1eafc \u0111\u1eb9p v\u1ed1n c\u00f3 c\u1ee7a n\u00f3.<\/p>\n<p><em>\u2013 L\u1ee3i \u00edch v\u1ec1 s\u1ee9c kh\u1ecfe:\u00a0<\/em>H\u1ea1t ti\u00eau xanh c\u00f3 t\u00e1c d\u1ee5ng k\u00edch th\u00edch l\u1ee3i ti\u1ec3u, nhu\u1eadn tr\u00e0ng. Ngo\u00e0i ra, h\u1ea1t\u00a0ti\u00eau xanh\u00a0c\u00f2n c\u00f3 th\u1ec3 \u0111\u01b0\u1ee3c s\u1eed d\u1ee5ng \u0111\u1ec3 \u0111i\u1ec1u tr\u1ecb tri\u1ec7u ch\u1ee9ng c\u1ee7a c\u00e1c b\u1ec7nh c\u00fam, c\u1ea3m l\u1ea1nh, ho ho\u1eb7c vi\u00eam ph\u1ebf qu\u1ea3n.<\/p>\n<p><em>\u2013 L\u1ee3i \u00edch trong vi\u1ec7c gi\u1ea3m c\u00e2n:\u00a0<\/em>Theo nh\u01b0 nghi\u00ean c\u1ee9u c\u1ee7a c\u00e1c nh\u00e0 khoa h\u1ecdc, h\u1ea1t ti\u00eau h\u1ed3ng \u0111\u00e3 \u0111\u01b0\u1ee3c ch\u1ee9ng minh c\u00f3 kh\u1ea3 n\u0103ng \u0111\u00e1nh tan l\u01b0\u1ee3ng m\u1ee1 th\u1eeba trong c\u01a1 th\u1ec3, \u0111\u1ea9y nhanh qu\u00e1 tr\u00ecnh chuy\u1ec3n h\u00f3a m\u1ee1 th\u1eeba th\u00e0nh n\u0103ng l\u01b0\u1ee3ng. Nh\u1edd \u0111\u00f3 m\u00e0 c\u00e1c v\u00f9ng da nh\u01b0 eo, b\u1ee5ng d\u01b0\u1edbi, m\u00f4ng \u0111\u00f9i, c\u00e1nh tay s\u1ebd tr\u1edf n\u00ean thon g\u1ecdn v\u00e0 s\u0103n ch\u1eafc. V\u00ec v\u1eady, vi\u1ec7c s\u1eed d\u1ee5ng c\u00e1c s\u1ea3n ph\u1ea9m c\u00f3 tinh ch\u1ea5t h\u1ea1t\u00a0ti\u00eau xanh\u00a0s\u1ebd gi\u00fap gi\u1ea3m c\u00e2n nhanh ch\u00f3ng.<\/p>\n<p><strong>H\u1ea1t ti\u00eau xanh Havafood<\/strong>\u00a0\u0111\u1ea3m b\u1ea3o:<\/p>\n<ul>\n<li>Kh\u00f4ng l\u1eabn t\u1ea1p ch\u1ea5t<\/li>\n<li>Kh\u00f4ng ch\u1ea5t b\u1ea3o qu\u1ea3n<\/li>\n<li>Kh\u00f4ng ch\u1ea5t t\u1ea1o m\u00e0u<\/li>\n<li>Kh\u00f4ng ch\u1ea5t t\u1ea1o m\u00f9i<\/li>\n<\/ul>\n<h2><img decoding=\"async\" class=\"wp-image-32359 aligncenter\" src=\"https:\/\/havamall.com\/wp-content\/uploads\/2023\/07\/k_Photo_Recipe-Ramp-Up_2021-10-Peppercorn-Sauce_IMG_2975_01-300x300.jpeg\" alt=\"\" width=\"846\" height=\"846\" \/><\/h2>\n<h2><strong>L\u1ee2I \u00cdCH S\u1ee8C KH\u1eceE<\/strong><\/h2>\n<p>&#8211; H\u1ea1t ti\u00eau xanh d\u00f9ng \u0111\u1ec3 ch\u1ebf bi\u1ebfn c\u00e1c m\u00f3n \u0103n nh\u01b0 b\u1eafp b\u00f2 ng\u00e2m m\u1eafm ti\u00eau, tai heo, th\u1ecbt ch\u00e2n gi\u00f2 ng\u00e2m m\u1eafm ti\u00eau, bao t\u1eed ng\u00e2m m\u1eafm ti\u00eau, kho th\u1ecbt c\u00e1,\u2026 \u0111\u1ec1u r\u1ea5t th\u01a1m ngon v\u00e0 \u0111\u1eb7c bi\u1ec7t.<\/p>\n<p>&#8211; D\u00f9ng h\u1ea1t ti\u00eau xanh l\u00e0m gia v\u1ecb: h\u1ea1t ti\u00eau xanh ng\u00e2m m\u1eafm \u1edbt, h\u1ea1t ti\u00eau xanh ng\u00e2m gi\u1ea5m,\u2026<\/p>\n<p>&#8211; Trong Y h\u1ecdc c\u1ed5 truy\u1ec1n, ti\u00eau c\u00f3 t\u00ednh cay n\u00f3ng, k\u00edch th\u00edch ti\u00eau h\u00f3a, l\u00e0m \u1ea5m b\u1ee5ng, ch\u1ed1ng n\u00f4n.<\/p>\n<p>&#8211; Trong h\u1ea1t ti\u00eau xanh c\u00f3 ch\u1ee9a c\u00e1c ch\u1ea5t dinh d\u01b0\u1ee1ng nh\u01b0 vitamin A v\u00e0 C, selen, bet-carotene\u2026 mang l\u1ea1i nhi\u1ec1u l\u1ee3i \u00edch cho s\u1ee9c kh\u1ecfe.<\/p>\n<p><img decoding=\"async\" class=\"wp-image-31935 aligncenter\" src=\"https:\/\/havamall.com\/wp-content\/uploads\/2023\/07\/Screen-Shot-2023-07-11-at-11.12.11-AM-300x201.png\" alt=\"\" width=\"876\" height=\"587\" \/><\/p>\n<p>&#8211; Ti\u00eau gi\u00fap k\u00edch th\u00edch c\u00e1c amino axit trong th\u00e0nh ru\u1ed9t v\u00e0 h\u1ea1n ch\u1ebf c\u00e1c enzyme, t\u1ea1o \u0111i\u1ec1u ki\u1ec7n \u0111\u1ec3 chuy\u1ec3n h\u00f3a c\u00e1c ch\u1ea5t dinh d\u01b0\u1ee1ng t\u1ed1t h\u01a1n. Nh\u1edd \u0111\u00f3, c\u00e1c ch\u1ea5t dinh d\u01b0\u1ee1ng \u0111\u01b0\u1ee3c h\u1ea5p th\u1ee5 t\u1ed1t v\u00e0 c\u00f3 gi\u00e1 tr\u1ecb s\u1eed d\u1ee5ng cao h\u01a1n.<\/p>\n<p>&#8211; Ti\u00eau xanh v\u1edbi c\u00f4ng d\u1ee5ng kh\u00e1ng vi\u00eam, ch\u1ea5t piperine r\u1ea5t c\u00f3 \u00edch cho vi\u1ec7c ch\u1eefa tr\u1ecb ch\u1ee9ng vi\u00eam kh\u1edbp.<\/p>\n<p>&#8211; Ph\u1ea7n v\u1ecf b\u00ean ngo\u00e0i c\u1ee7a h\u1ea1t ti\u00eau xanh c\u00f3 ch\u1ee9a nh\u1eefng d\u01b0\u1ee1ng ch\u1ea5t h\u1ed7 tr\u1ee3 cho vi\u1ec7c ph\u00e1 v\u1ee1 nh\u1eefng t\u1ebf b\u00e0o ch\u1ea5t b\u00e9o, gi\u00fap \u0111\u1ed1t ch\u00e1y nhi\u1ec1u calo.<\/p>\n<p>&#8211; Ti\u00eau xanh c\u00f2n g\u00f3p ph\u1ea7n c\u1ea3i thi\u1ec7n s\u1ef1 l\u01b0u th\u00f4ng c\u1ee7a m\u00e1u, ng\u0103n ng\u1eeba v\u00e0 h\u1ea1n ch\u1ebf c\u00e1c c\u01a1n \u0111au kh\u1edbp do m\u00e1u tu\u1ea7n ho\u00e0n k\u00e9m.<\/p>\n<p><img loading=\"lazy\" decoding=\"async\" class=\"wp-image-32360 aligncenter\" src=\"https:\/\/havamall.com\/wp-content\/uploads\/2023\/07\/raimbow-peppercorn-natural-300x300.jpeg\" alt=\"\" width=\"873\" height=\"873\" \/><\/p>","protected":false},"excerpt":{"rendered":"<p>TH\u00d4NG TIN S\u1ea2N PH\u1ea8M Th\u01b0\u01a1ng hi\u1ec7u \u00a0Havafoodies Xu\u1ea5t x\u1ee9 \u0110\u1ee9c Th\u00e0nh ph\u1ea7n 100% ti\u00eau xanh s\u1ea5y l\u1ea1nh H\u1ea1n s\u1eed d\u1ee5ng<\/p>","protected":false},"featured_media":40700,"comment_status":"open","ping_status":"closed","template":"","meta":[],"product_brand":[],"product_cat":[595,36,134],"product_tag":[],"class_list":{"0":"post-31931","1":"product","2":"type-product","3":"status-publish","4":"has-post-thumbnail","6":"product_cat-gia-vi-va-che-bien","7":"product_cat-thuc-pham-tieu-dung","8":"product_cat-thucpham-saykho","9":"pa_brand-skx","11":"first","12":"instock","13":"sale","14":"shipping-taxable","15":"purchasable","16":"product-type-simple"},"_links":{"self":[{"href":"https:\/\/havamall.com\/en\/wp-json\/wp\/v2\/product\/31931","targetHints":{"allow":["GET"]}}],"collection":[{"href":"https:\/\/havamall.com\/en\/wp-json\/wp\/v2\/product"}],"about":[{"href":"https:\/\/havamall.com\/en\/wp-json\/wp\/v2\/types\/product"}],"replies":[{"embeddable":true,"href":"https:\/\/havamall.com\/en\/wp-json\/wp\/v2\/comments?post=31931"}],"version-history":[{"count":0,"href":"https:\/\/havamall.com\/en\/wp-json\/wp\/v2\/product\/31931\/revisions"}],"wp:featuredmedia":[{"embeddable":true,"href":"https:\/\/havamall.com\/en\/wp-json\/wp\/v2\/media\/40700"}],"wp:attachment":[{"href":"https:\/\/havamall.com\/en\/wp-json\/wp\/v2\/media?parent=31931"}],"wp:term":[{"taxonomy":"product_brand","embeddable":true,"href":"https:\/\/havamall.com\/en\/wp-json\/wp\/v2\/product_brand?post=31931"},{"taxonomy":"product_cat","embeddable":true,"href":"https:\/\/havamall.com\/en\/wp-json\/wp\/v2\/product_cat?post=31931"},{"taxonomy":"product_tag","embeddable":true,"href":"https:\/\/havamall.com\/en\/wp-json\/wp\/v2\/product_tag?post=31931"}],"curies":[{"name":"wp","href":"https:\/\/api.w.org\/{rel}","templated":true}]}}