{"id":32008,"date":"2023-07-24T17:12:25","date_gmt":"2023-07-24T10:12:25","guid":{"rendered":"https:\/\/havamall.com\/?post_type=product&#038;p=32008"},"modified":"2025-10-15T16:24:26","modified_gmt":"2025-10-15T09:24:26","slug":"dau-ha-lan-vang-nguyen-hat-tach-doi-havafoodies-1kg-yellow-split-peas","status":"publish","type":"product","link":"https:\/\/havamall.com\/en\/shop\/dau-ha-lan-vang-nguyen-hat-tach-doi-havafoodies-1kg-yellow-split-peas\/","title":{"rendered":"\u0110\u1eadu\/H\u1ea1t Gi\u00e1 S\u1ec9 T\u1ed1t Nh\u1ea5t Hi\u1ec7n Nay &#8211; \u0110\u1eadu H\u00e0 Lan V\u00e0ng Nguy\u00ean H\u1ea1t\/T\u00e1ch \u0110\u00f4i Havafoodies 1kg &#8211; Yellow Split Peas"},"content":{"rendered":"<p>&nbsp;<\/p>\n<h2><strong>\u0110\u00d4I N\u00c9T V\u1ec0 \u0110\u1eacU H\u00c0 LAN<\/strong><\/h2>\n<p>C\u00e2y \u0111\u1eadu h\u00e0 lan\u00a0c\u00f3 th\u1ec3 b\u1eaft ngu\u1ed3n t\u1eeb v\u00f9ng \u0111\u1ed3ng b\u1eb1ng ph\u1ee5 c\u1eadn Himalayan \u1edf ph\u00eda t\u00e2y b\u1eafc \u1ea4n \u0110\u1ed9. Ng\u00e0y nay, c\u00e2y h\u1ecd \u0111\u1eadu n\u00e0y l\u00e0 m\u1ed9t trong nh\u1eefng c\u00e2y tr\u1ed3ng th\u01b0\u01a1ng m\u1ea1i ch\u1ee7 y\u1ebfu \u0111\u01b0\u1ee3c tr\u1ed3ng \u1edf c\u00e1c v\u00f9ng \u00f4n \u0111\u1edbi v\u00e0 b\u00e1n nhi\u1ec7t \u0111\u1edbi.<\/p>\n<p>\u0110\u1eadu h\u00e0 lan v\u00e0ng\u00a0l\u00e0 m\u1ed9t s\u1ef1 b\u1ed5 sung tuy\u1ec7t v\u1eddi cho th\u1ef1c \u0111\u01a1n c\u1ee7a b\u1ea1n b\u1edfi v\u00ec ngo\u00e0i n\u1ed3ng \u0111\u1ed9 vitamin v\u00e0 kho\u00e1ng ch\u1ea5t, ch\u00fang c\u00f2n cung c\u1ea5p c\u00e1c ch\u1ea5t dinh d\u01b0\u1ee1ng carotenoid, lutein v\u00e0 zeaxanthin, \u0110\u01b0\u1ee3c bi\u1ebft \u0111\u1ebfn \u0111\u1ec3 th\u00fac \u0111\u1ea9y t\u1ea7m nh\u00ecn v\u00e0 s\u1ee9c kho\u1ebb m\u1eaft.<\/p>\n<p>L\u00e0 m\u1ed9t ngu\u1ed3n \u0111\u00e1ng tin c\u1eady c\u00e1c ch\u1ea5t b\u00e9o, omega-\u00a0 \u00a0 \u00a03 d\u01b0\u1edbi d\u1ea1ng axit alpha-linolenic (ALA). Trong m\u1ed9t ch\u00e9n \u0111\u1eadu h\u00e0 lan c\u00f3 ch\u1ee9a 30 miligam ALA, 130 miligam axit b\u00e9o, omega-6 c\u1ea7n thi\u1ebft v\u00e0 axit linoleic. M\u1eb7c d\u00f9 h\u00e0m l\u01b0\u1ee3ng ch\u1ea5t b\u00e9o th\u1ea5p, nh\u01b0ng ch\u00fang l\u00e0 lo\u1ea1i ch\u1ea5t b\u00e9o quan tr\u1ecdng r\u1ea5t t\u1ed1t cho c\u01a1 th\u1ec3.<\/p>\n<h4><img fetchpriority=\"high\" decoding=\"async\" class=\"aligncenter\" src=\"https:\/\/havamall.com\/wp-content\/uploads\/2022\/07\/746572565dbd9474cf1e93402495405a.jpg\" alt=\"Kik Alicha (Ethiopian Yellow Split Pea Stew) | Recipe | Yellow split peas, Split pea, Ethiopian food\" width=\"555\" height=\"833\" \/><\/h4>\n<h2><strong>C\u00d4NG D\u1ee4NG C\u1ee6A \u0110\u1eacU H\u00c0 LAN :<\/strong><\/h2>\n<p><strong>\u27a4 Ng\u0103n ng\u1eeba ung th\u01b0:<\/strong><\/p>\n<p>\u0110\u1eadu H\u00e0 Lan\u00a0\u0111\u01b0\u1ee3c bi\u1ebft \u0111\u1ebfn v\u1edbi nhi\u1ec1u ch\u1ea5t dinh d\u01b0\u1ee1ng v\u00e0 trong s\u1ed1 \u0111\u00f3 l\u00e0 polyphenol g\u1ecdi l\u00e0 coumestrol \u2013 g\u1ea7n \u0111\u00e2y \u0111\u00e3 \u0111i \u0111\u1ea7u trong nghi\u00ean c\u1ee9u v\u1ec1 b\u1ea3o v\u1ec7 ch\u1ed1ng ung th\u01b0 d\u1ea1 d\u00e0y.\u00a0<em>\u201cM\u1ed9t nghi\u00ean c\u1ee9u \u1edf Mexico City cho th\u1ea5y ti\u00eau th\u1ee5 \u0111\u1eadu h\u00e0 lan h\u1eb1ng ng\u00e0y c\u00f9ng v\u1edbi c\u00e1c c\u00e2y h\u1ecd \u0111\u1eadu kh\u00e1c l\u00e0m gi\u1ea3m nguy c\u01a1 ung th\u01b0 d\u1ea1 d\u00e0y, \u0111\u1eb7c bi\u1ec7t khi l\u01b0\u1ee3ng coumestrol h\u00e0ng ng\u00e0y t\u1eeb c\u00e1c c\u00e2y \u0111\u1eadu n\u00e0y x\u1ea5p x\u1ec9 2 miligam ho\u1eb7c cao h\u01a1n\u201d.<\/em><\/p>\n<p><strong>\u27a4 Ch\u1ea5t ch\u1ed1ng oxy ho\u00e1 v\u00e0 kh\u00e1ng vi\u00eam:<\/strong><\/p>\n<p>\u0110\u1eadu H\u00e0 Lan\u00a0l\u00e0 ngu\u1ed3n c\u00e1c ch\u1ea5t ch\u1ed1ng oxy h\u00f3a , ch\u1ed1ng vi\u00eam v\u00e0 c\u00e1c ch\u1ea5t dinh d\u01b0\u1ee1ng h\u1ed7 tr\u1ee3 s\u1ee9c kho\u1ebb. Trong nh\u00f3m flavonoid, \u0111\u1eadu h\u00e0 lan cung c\u1ea5p cho ch\u00fang ta ch\u1ea5t ch\u1ed1ng oxy ho\u00e1 catechin v\u00e0 epicatechin. C\u00e1c vitamin ch\u1ed1ng oxy h\u00f3a cung c\u1ea5p b\u1edfi \u0111\u1eadu h\u00e0 lan s\u1ea5y bao g\u1ed3m vitamin C v\u00e0 vitamin E, v\u00e0 m\u1ed9t l\u01b0\u1ee3ng ch\u1ea5t ch\u1ed1ng oxy h\u00f3a kho\u00e1ng ch\u1ea5t k\u1ebdm c\u0169ng \u0111\u01b0\u1ee3c t\u00ecm th\u1ea5y trong th\u1ef1c ph\u1ea9m tuy\u1ec7t v\u1eddi n\u00e0y.<\/p>\n<h4><img decoding=\"async\" class=\"wp-image-12574 aligncenter\" src=\"https:\/\/havamall.com\/wp-content\/uploads\/2018\/06\/74415724_775641436214387_2916222707391528960_o-300x300.jpg\" alt=\"\" width=\"538\" height=\"538\" \/><\/h4>\n<p>Th\u01b0\u1eddng xuy\u00ean ti\u00eau th\u1ee5 c\u00e1c ch\u1ea5t ch\u1ed1ng oxy ho\u00e1 c\u00f3 th\u1ec3 gi\u00fap c\u01a1 th\u1ec3 ch\u00fang ta ng\u0103n ng\u1eeba stress, l\u00e3o h\u00f3a. Trong khi ti\u00eau th\u1ee5 th\u01b0\u1eddng xuy\u00ean c\u00e1c ch\u1ea5t ch\u1ed1ng vi\u00eam c\u00f3 th\u1ec3 gi\u00fap ch\u00fang ta ph\u00f2ng ng\u1eeba vi\u00eam m\u00e3n t\u00ednh kh\u00f4ng mong mu\u1ed1n.<\/p>\n<p><strong>\u27a4 Ki\u1ec3m so\u00e1t l\u01b0\u1ee3ng \u0111\u01b0\u1eddng:<\/strong><\/p>\n<p>\u0110\u1eadu H\u00e0 Lan\u00a0ch\u1ee9a nhi\u1ec1u ch\u1ea5t x\u01a1 v\u00e0 ch\u1ea5t \u0111\u1ea1m tr\u1ef1c ti\u1ebfp \u0111i\u1ec1u ch\u1ec9nh t\u1ed1c \u0111\u1ed9 ti\u00eau h\u00f3a, protein v\u00e0 ch\u1ea5t x\u01a1 c\u0169ng gi\u00fap \u0111i\u1ec1u h\u00f2a s\u1ef1 ph\u00e2n h\u1ee7y c\u00e1c tinh b\u1ed9t th\u00e0nh \u0111\u01b0\u1eddng v\u00e0 s\u1ef1 \u0111i qua c\u00e1c carbs th\u00f4ng qua \u0111\u01b0\u1eddng ti\u00eau h\u00f3a. V\u1edbi vi\u1ec7c \u0111i\u1ec1u ch\u1ec9nh l\u01b0\u1ee3ng carbs t\u1ed1t h\u01a1n, l\u01b0\u1ee3ng \u0111\u01b0\u1eddng trong m\u00e1u c\u1ee7a ch\u00fang ta c\u00f3 th\u1ec3 \u1ed5n \u0111\u1ecbnh h\u01a1n.<\/p>\n<p>\u0110\u1eb7c bi\u1ec7t,\u00a0\u0111\u1eadu H\u00e0 Lan\u00a0c\u00f2n cung c\u1ea5p s\u1eaft v\u00e0 dinh d\u01b0\u1ee1ng kh\u00e1c r\u1ea5t th\u00edch h\u1ee3p cho b\u00e9 \u0103n d\u1eb7m v\u00e0 c\u00e1c b\u00e0 m\u1eb9 t\u01b0\u01a1ng l\u1ea1i. Gi\u00fap h\u1ec7 th\u1ea7n kinh c\u1ee7a b\u00e9 ph\u00e1t ti\u1ec1n to\u00e0n di\u1ec7n v\u00e0 t\u0103ng c\u01b0\u1eddng s\u1ee9c \u0111\u1ec1 kh\u00e1ng.<\/p>\n<h4><img decoding=\"async\" class=\"aligncenter\" src=\"https:\/\/havamall.com\/wp-content\/uploads\/2020\/05\/creamy-curried-carrot-soup-recipe-chowhound.jpg\" alt=\"Curried Carrot Soup Recipe - Chowhound\" width=\"533\" height=\"430\" \/><\/h4>\n<h2><strong>CH\u1ea4T L\u01af\u1ee2NG \u0110\u1eacU H\u00c0 LAN V\u00c0NG \u1ede HAVAMALL RA SAO?<\/strong><\/h2>\n<p>&gt; C\u00e1c s\u1ea3n ph\u1ea9m h\u1ea1t dinh d\u01b0\u1ee1ng c\u1ee7a Havamall \u0111\u01b0\u1ee3c nh\u1eadp kh\u1ea9u \u0111\u1ea3m b\u1ea3o \u0111\u1ea7y \u0111\u1ee7 gi\u1ea5y t\u1edd h\u1ea3i quan. Ngu\u1ed3n h\u00e0ng \u0111\u1ea3m b\u1ea3o v\u1ec1 ngu\u1ed3n g\u1ed1c xu\u1ea5t x\u1ee9 n\u00ean kh\u00e1ch h\u00e0ng c\u00f3 th\u1ec3 y\u00ean t\u00e2m v\u1ec1 ngu\u1ed3n h\u00e0ng.<\/p>\n<p>&gt; Havamall \u0111\u1eb7c bi\u1ec7t h\u01b0\u1edbng \u0111\u1ebfn c\u00e1c c\u00f4ng ty s\u1ea3n xu\u1ea5t th\u1ef1c ph\u1ea9m, nh\u00e0 h\u00e0ng, kh\u00e1ch s\u1ea1n, si\u00eau th\u1ecb v\u00e0 c\u00e1c \u0111\u1ea1i l\u00fd b\u00e1n l\u1ebb c\u1ea7n mua s\u1ed1 l\u01b0\u1ee3ng l\u1edbn \u0111\u1eadu h\u00e0 lan v\u00e0ng \u0111\u1ec3 s\u1eed d\u1ee5ng l\u00e0m nguy\u00ean li\u1ec7u trong s\u1ea3n xu\u1ea5t v\u00e0 b\u00e1n l\u1ebb. B\u1ea1n c\u00f3 th\u1ec3 ho\u00e0n to\u00e0n y\u00ean t\u00e2m v\u1ec1 ch\u1ea5t l\u01b0\u1ee3ng c\u1ee7a s\u1ea3n ph\u1ea9m \u0111\u1eadu h\u00e0 lan v\u00e0ng c\u1ee7a ch\u00fang t\u00f4i, \u0111\u1ea3m b\u1ea3o \u0111\u00e1p \u1ee9ng nhu c\u1ea7u c\u1ee7a kh\u00e1ch h\u00e0ng v\u1ec1 \u0111\u1ed9 t\u01b0\u01a1i ngon v\u00e0 gi\u00e1 c\u1ea3 c\u1ea1nh tranh.<\/p>\n<p>&gt; S\u1ea3n ph\u1ea9m b\u1ea1n c\u1ea7n s\u1ebd \u0111\u01b0\u1ee3c chuy\u1ec3n \u0111\u1ebfn tay b\u1ea1n trong th\u1eddi gian s\u1edbm nh\u1ea5t.<\/p>\n<p>&gt; \u0110\u1ed1i v\u1edbi s\u1ec9 kh\u1ed1i l\u01b0\u1ee3ng 10kg,\u00a0 s\u1ebd \u0111\u00f3ng g\u00f3i trong t\u00fai 1kg\/t\u00fai v\u00e0 \u0111\u00f3ng trong th\u00f9ng carton \u0111\u1ec3 g\u1eedi cho qu\u00fd kh\u00e1ch.<\/p>\n<p>&gt; \u0110\u1ed1i v\u1edbi c\u00e1c kh\u1ed1i l\u01b0\u1ee3ng t\u1eeb 25kg tr\u1edf l\u00ean, \u0111\u1eadu s\u1ebd \u0111\u01b0\u1ee3c gi\u1eef nguy\u00ean bao x\u00e1 25kg nh\u01b0 khi nh\u1eadp kh\u1ea9u t\u1eeb n\u01b0\u1edbc ngo\u00e0i v\u1ec1.<\/p>\n<p><img loading=\"lazy\" decoding=\"async\" class=\"wp-image-32024 aligncenter\" src=\"https:\/\/havamall.com\/wp-content\/uploads\/2023\/07\/16d832000a609687117f259a30faae91-300x225.jpeg\" alt=\"\" width=\"535\" height=\"402\" \/><\/p>\n<div>\n<h2><strong>MUA \u0110\u1eacU H\u00c0 LAN V\u00c0NG CH\u1ea4T L\u01af\u1ee2NG GI\u00c1 R\u1eba \u1ede \u0110\u00c2U?<\/strong><\/h2>\n<p>\u2013 Tr\u00ean th\u1ecb tr\u01b0\u1eddng c\u00f3 r\u1ea5t nhi\u1ec1u\u00a0n\u01a1i b\u00e1n h\u1ea1t \u0111\u1eadu h\u00e0 lan v\u00e0ng,\u00a0nh\u01b0ng kh\u00f4ng ph\u1ea3i \u0111\u1ecba ch\u1ec9 n\u00e0o c\u0169ng\u00a0b\u00e1n h\u1ea1t \u0111\u1eadu g\u00e0 ch\u1ea5t l\u01b0\u1ee3ng.\u00a0Ho\u1eb7c c\u00f3 nh\u1eefng\u00a0c\u01a1 s\u1edf b\u00e1n h\u1ea1t \u0111\u1eadu h\u00e0 lan v\u00e0ng v\u1edbi gi\u00e1 qu\u00e1 cao khi\u1ebfn ng\u01b0\u1eddi ti\u00eau d\u00f9ng v\u1eabn c\u00f2n b\u0103n kho\u0103n khi mua. \u0110\u1ec3 t\u00ecm \u0111\u01b0\u1ee3c \u0111\u1ecba ch\u1ec9 uy t\u00edn chuy\u00ean\u00a0b\u00e1n h\u1ea1t \u0111\u1eadu h\u00e0 lan v\u00e0ng t\u1ea1i H\u1ed3 Ch\u00ed Minh kh\u00f4ng ph\u1ea3i d\u1ec5. Th\u1ecb tr\u01b0\u1eddng\u00a0mua b\u00e1n h\u1ea1t \u0111\u1eadu \u1edf H\u1ed3 Ch\u00ed Minh\u00a0r\u1ea5t l\u1edbn, v\u00ec v\u1eady c\u00e1c b\u1ea1n n\u00ean t\u00ecm \u0111\u1ebfn nh\u1eefng \u0111\u1ecba ch\u1ec9 chuy\u00ean b\u00e1n \u0111\u1ed3 kh\u00f4 ch\u1ea5t l\u01b0\u1ee3ng.<\/p>\n<p>\u2013 N\u1ebfu b\u1ea1n \u0111ang t\u00ecm\u00a0n\u01a1i b\u00e1n h\u1ea1t \u0111\u1eadu h\u00e0 lan v\u00e0ng ch\u1ea5t l\u01b0\u1ee3ng gi\u00e1 r\u1ebb nh\u1ea5t th\u1ecb tr\u01b0\u1eddng\u00a0th\u00ec \u0111\u1eebng b\u1ecf qua\u00a0<a href=\"https:\/\/havamall.com\/\">Havamall<\/a>. \u0110\u1eadu h\u00e0 lan v\u00e0ng b\u00e1n t\u1ea1i Havamall\u00a0l\u00e0 s\u1ea3n ph\u1ea9m ch\u1ea5t l\u01b0\u1ee3ng nh\u1ea5t v\u00e0 c\u00f3 gi\u00e1 th\u00e0nh h\u1ee3p l\u00fd. Cam k\u1ebft kh\u00f4ng s\u1eed d\u1ee5ng ch\u1ea5t b\u1ea3o qu\u1ea3n, an to\u00e0n tuy\u1ec7t \u0111\u1ed1i cho ng\u01b0\u1eddi s\u1eed d\u1ee5ng. Khi s\u1eed d\u1ee5ng \u0111\u1eadu t\u1ea1i\u00a0Havamall, b\u1ea1n kh\u00f4ng ch\u1ec9 \u0111\u01b0\u1ee3c y\u00ean t\u00e2m v\u1ec1 ch\u1ea5t l\u01b0\u1ee3ng m\u00e0 c\u00f2n ho\u00e0n to\u00e0n y\u00ean t\u00e2m v\u1ec1 gi\u00e1 c\u1ea3.<\/p>\n<p><img loading=\"lazy\" decoding=\"async\" class=\"wp-image-32025 aligncenter\" src=\"https:\/\/havamall.com\/wp-content\/uploads\/2023\/07\/d1ad335126e5731cd324f009b43e29e3-225x300.jpeg\" alt=\"\" width=\"548\" height=\"731\" \/><\/p>\n<h2><strong>C\u00c1CH MUA \u0110\u1eacU H\u00c0 LAN V\u00c0NG GI\u00c1 S\u1ec8 V\u00c0 L\u1eba T\u1ea0I HAVAMALL<\/strong><\/h2>\n<p>\u0110\u1ec3 \u0111\u1eb7t mua \u0111\u1eadu h\u00e0 la v\u00e0ng t\u1ea1i Havamall, B\u1ea1n c\u00f3 th\u1ec3 th\u1ef1c hi\u1ec7n 1 trong c\u00e1c c\u00e1ch sau:<\/p>\n<p><strong>&gt; C\u00e1ch 1:<\/strong>\u00a0Li\u00ean h\u1ec7 tr\u1ef1c ti\u1ebfp\u00a0<strong>Hotline: 0946.229.642 (Call,zalo)<\/strong><\/p>\n<p><strong>&gt;C\u00e1ch 2:<\/strong>\u00a0\u0110\u1eb7t h\u00e0ng tr\u1ef1c ti\u1ebfp t\u1ea1i website\u00a0<a href=\"https:\/\/havamall.com\/\">havamall.com<\/a>\u00a0\u2013 Sau khi b\u1ea1n \u0111\u1eb7t h\u00e0ng, nh\u00e2n vi\u00ean Havamall s\u1ebd ti\u1ebfp nh\u1eadn \u0111\u01a1n v\u00e0 l\u00ean \u0111\u01a1n \u0111\u1ec3 g\u1eedi cho b\u1ea1n.<\/p>\n<p>V\u1ec1 v\u1eadn chuy\u1ec3n, v\u1edbi c\u00e1c \u0111\u01a1n h\u00e0ng b\u00e1n l\u1ebb v\u00e0\u00a0h\u1ea1t \u0111\u1eadu h\u00e0 lan v\u00e0ng gi\u00e1 s\u1ec9\u00a0t\u1ea1i TP.HCM b\u1ea1n s\u1ebd nh\u1eadn \u0111\u01b0\u1ee3c h\u00e0ng trong v\u00f2ng 1 ng\u00e0y.<\/p>\n<p>\u0110\u1ed1i v\u1edbi c\u00e1c \u0111\u01a1n h\u00e0ng b\u00e1n l\u1ebb t\u1ea1i c\u00e1c t\u1ec9nh ngo\u00e0i TP.HCM, b\u1ea1n s\u1ebd nh\u1eadn \u0111\u01b0\u1ee3c h\u00e0ng sau 2-4 ng\u00e0y k\u1ec3 t\u1eeb ng\u00e0y \u0111\u1eb7t h\u00e0ng. \u0110\u1ed1i v\u1edbi c\u00e1c \u0111\u01a1n h\u00e0ng s\u1ec9 Havamall s\u1ebd h\u1ed7 tr\u1ee3 g\u1eedi ra ch\u00e0nh xe cho b\u1ea1n.<\/p>\n<p><strong>GI\u00c1 CH\u1ec8 \u00c1P D\u1ee4NG CHO KH\u00c1CH S\u1ec8 KHI MUA B\u00c0O T\u1eea 25KG<\/strong><\/p>\n<\/div>","protected":false},"excerpt":{"rendered":"<blockquote><p><em><span style=\"font-size: 18pt\"><b><span style=\"font-size: 14pt\">L\u01afU \u00dd QUAN TR\u1eccNG:<\/span> <strong>GI\u00c1 CH\u1ec8 \u00c1P D\u1ee4NG CHO KH\u00c1CH S\u1ec8 KHI MUA BAO T\u1eea 25KG<\/strong><\/b><\/span><\/em><\/p><\/blockquote>\n<p>\u0110\u1ec3 \u0111\u1eb7t mua \u0111\u1eadu t\u1eb1m t\u1ea1i Havamall, B\u1ea1n c\u00f3 th\u1ec3 th\u1ef1c hi\u1ec7n 1 trong c\u00e1c c\u00e1ch sau:<\/p>\n<blockquote><p><strong>&gt; C\u00e1ch 1:<\/strong>\u00a0Li\u00ean h\u1ec7 tr\u1ef1c ti\u1ebfp\u00a0<strong>Hotline: 0946.229.642 (Call,zalo)<\/strong><\/p>\n<p><strong>&gt;C\u00e1ch 2:<\/strong>\u00a0\u0110\u1eb7t h\u00e0ng tr\u1ef1c ti\u1ebfp t\u1ea1i website\u00a0<a href=\"https:\/\/havamall.com\/\">havamall.com<\/a>\u00a0\u2013 Sau khi b\u1ea1n \u0111\u1eb7t h\u00e0ng, nh\u00e2n vi\u00ean Havamall s\u1ebd ti\u1ebfp nh\u1eadn \u0111\u01a1n v\u00e0 l\u00ean \u0111\u01a1n \u0111\u1ec3 g\u1eedi cho b\u1ea1n.<\/p><\/blockquote>\n<p>V\u1ec1 v\u1eadn chuy\u1ec3n, v\u1edbi c\u00e1c \u0111\u01a1n h\u00e0ng b\u00e1n l\u1ebb v\u00e0 \u0111\u1eadu \u0111\u1ecf t\u00e2y gi\u00e1 s\u1ec9\u00a0t\u1ea1i TP.HCM b\u1ea1n s\u1ebd nh\u1eadn \u0111\u01b0\u1ee3c h\u00e0ng trong v\u00f2ng 1 ng\u00e0y.<\/p>\n<p>\u0110\u1ed1i v\u1edbi c\u00e1c \u0111\u01a1n h\u00e0ng b\u00e1n l\u1ebb t\u1ea1i c\u00e1c t\u1ec9nh ngo\u00e0i TP.HCM, b\u1ea1n s\u1ebd nh\u1eadn \u0111\u01b0\u1ee3c h\u00e0ng sau 2-4 ng\u00e0y k\u1ec3 t\u1eeb ng\u00e0y \u0111\u1eb7t h\u00e0ng. \u0110\u1ed1i v\u1edbi c\u00e1c \u0111\u01a1n h\u00e0ng s\u1ec9 Havamall s\u1ebd h\u1ed7 tr\u1ee3 g\u1eedi ra ch\u00e0nh xe cho b\u1ea1n.<\/p>","protected":false},"featured_media":32009,"comment_status":"open","ping_status":"closed","template":"","meta":[],"product_brand":[],"product_cat":[40],"product_tag":[],"class_list":{"0":"post-32008","1":"product","2":"type-product","3":"status-publish","4":"has-post-thumbnail","6":"product_cat-sieuthi-giasi","7":"pa_brand-skx","9":"first","10":"instock","11":"sale","12":"shipping-taxable","13":"purchasable","14":"product-type-variable"},"_links":{"self":[{"href":"https:\/\/havamall.com\/en\/wp-json\/wp\/v2\/product\/32008","targetHints":{"allow":["GET"]}}],"collection":[{"href":"https:\/\/havamall.com\/en\/wp-json\/wp\/v2\/product"}],"about":[{"href":"https:\/\/havamall.com\/en\/wp-json\/wp\/v2\/types\/product"}],"replies":[{"embeddable":true,"href":"https:\/\/havamall.com\/en\/wp-json\/wp\/v2\/comments?post=32008"}],"version-history":[{"count":0,"href":"https:\/\/havamall.com\/en\/wp-json\/wp\/v2\/product\/32008\/revisions"}],"wp:featuredmedia":[{"embeddable":true,"href":"https:\/\/havamall.com\/en\/wp-json\/wp\/v2\/media\/32009"}],"wp:attachment":[{"href":"https:\/\/havamall.com\/en\/wp-json\/wp\/v2\/media?parent=32008"}],"wp:term":[{"taxonomy":"product_brand","embeddable":true,"href":"https:\/\/havamall.com\/en\/wp-json\/wp\/v2\/product_brand?post=32008"},{"taxonomy":"product_cat","embeddable":true,"href":"https:\/\/havamall.com\/en\/wp-json\/wp\/v2\/product_cat?post=32008"},{"taxonomy":"product_tag","embeddable":true,"href":"https:\/\/havamall.com\/en\/wp-json\/wp\/v2\/product_tag?post=32008"}],"curies":[{"name":"wp","href":"https:\/\/api.w.org\/{rel}","templated":true}]}}