{"id":32214,"date":"2023-08-08T17:11:55","date_gmt":"2023-08-08T10:11:55","guid":{"rendered":"https:\/\/havamall.com\/?post_type=product&#038;p=32214"},"modified":"2026-04-01T11:14:14","modified_gmt":"2026-04-01T04:14:14","slug":"gao-hero-sona-masoori-trang-nhap-khau-an-do-1kg-sona-masoori-rice","status":"publish","type":"product","link":"https:\/\/havamall.com\/en\/shop\/gao-hero-sona-masoori-trang-nhap-khau-an-do-1kg-sona-masoori-rice\/","title":{"rendered":"G\u1ea1o Hero Sona Masoori Tr\u1eafng Nh\u1eadp Kh\u1ea9u \u1ea4n \u0110\u1ed9 1kg &#8211; Sona Masoori Rice"},"content":{"rendered":"<h3><\/h3>\n<h3><strong>TH\u00d4NG TIN S\u1ea2N PH\u1ea8M<\/strong><\/h3>\n<table>\n<tbody>\n<tr>\n<td>Th\u01b0\u01a1ng hi\u1ec7u<\/td>\n<td>Hero<\/td>\n<\/tr>\n<tr>\n<td>Xu\u1ea5t x\u1ee9<\/td>\n<td>\u1ea4n \u0110\u1ed9<\/td>\n<\/tr>\n<tr>\n<td>Th\u00e0nh ph\u1ea7n<\/td>\n<td>100% G\u1ea1o Sona Masoori<\/td>\n<\/tr>\n<tr>\n<td>H\u1ea1n s\u1eed d\u1ee5ng<\/td>\n<td>6 th\u00e1ng k\u1ec3 t\u1eeb ng\u00e0y s\u1ea3n xu\u1ea5t.<\/td>\n<\/tr>\n<tr>\n<td>B\u1ea3o qu\u1ea3n<\/td>\n<td>\u0110\u1ec3 n\u01a1i kh\u00f4 r\u00e1o, tho\u00e1ng m\u00e1t, tr\u00e1nh \u00e1nh n\u1eafng tr\u1ef1c ti\u1ebfp<\/td>\n<\/tr>\n<tr>\n<td>Kh\u1ed1i l\u01b0\u1ee3ng<\/td>\n<td>1kg<\/td>\n<\/tr>\n<\/tbody>\n<\/table>\n<p>G\u1ea1o Sona Masoori l\u00e0 g\u1ea1o nh\u1eadp kh\u1ea9u ch\u00ednh h\u00e3ng \u1ea4n \u0110\u1ed9, c\u00f3 ch\u1ec9 s\u1ed1 \u0111\u01b0\u1eddng huy\u1ebft v\u00e0 l\u01b0\u1ee3ng tinh b\u1ed9t th\u1ea5p nh\u01b0 Basmati. Tuy nhi\u00ean, h\u1ea1t c\u01a1m nh\u1ecf ng\u1eafn, m\u1ec1m v\u1eeba kh\u00f4ng r\u1eddi, ph\u00f9 h\u1ee3p v\u1edbi nh\u1eefng gia \u0111\u00ecnh quen \u0103n g\u1ea1o m\u1ec1m. C\u00f4ng d\u1ee5ng ki\u1ec3m so\u00e1t \u0111\u01b0\u1eddng huy\u1ebft v\u00e0 duy tr\u00ec v\u00f3c d\u00e1ng c\u1ee7a g\u1ea1o Sona Masoori kh\u00f4ng thua k\u00e9m g\u00ec so v\u1edbi Basmati.<\/p>\n<p><img fetchpriority=\"high\" decoding=\"async\" class=\"wp-image-32228 aligncenter\" src=\"https:\/\/havamall.com\/wp-content\/uploads\/2023\/08\/354557340_284749250610501_2195866089937848029_n-300x300.jpeg\" alt=\"\" width=\"829\" height=\"829\" \/><\/p>\n<p>G\u1ea1o Sona Masoori l\u00e0 m\u1ed9t lo\u1ea1i g\u1ea1o h\u1ea1t trung b\u00ecnh, th\u01b0\u1eddng \u0111\u01b0\u1ee3c d\u00f9ng \u0111\u1ec3 n\u1ea5u c\u01a1m d\u1ebbo, m\u00f3n Pongal ng\u1ecdt, c\u01a1m rang biryani, b\u00e1nh g\u1ea1o idlis v\u00e0 c\u01a1m chi\u00ean. G\u1ea1o ch\u1ee9a nhi\u1ec1u kho\u00e1ng ch\u1ea5t t\u1ef1 nhi\u00ean, gi\u00e0u dinh d\u01b0\u1ee1ng v\u00e0 c\u00f3 l\u1ee3i cho s\u1ee9c kho\u1ebb. Gi\u1ed1ng g\u1ea1o n\u00e0y \u0111\u01b0\u1ee3c s\u1ea3n xu\u1ea5t tr\u00ean nh\u1eefng c\u00e1nh \u0111\u1ed3ng v\u1edbi th\u1eddi v\u1ee5 l\u00ean \u0111\u1ebfn 12 th\u00e1ng.<\/p>\n<p>H\u00e3y n\u1ea5u nh\u1eefng m\u00f3n \u0103n y\u00eau th\u00edch c\u1ee7a b\u1ea1n v\u1edbi lo\u1ea1i g\u1ea1o th\u01a1m ngon \u0111\u01b0\u1ee3c s\u1ea3n xu\u1ea5t chuy\u00ean nghi\u1ec7p n\u00e0y. H\u1ea1t c\u01a1m nh\u1ecf, c\u00f3 v\u1ecb ng\u1ecdt nh\u1eb9 v\u00e0 \u0111\u01b0\u1ee3c \u0111\u00e1nh gi\u00e1 l\u00e0 lo\u1ea1i g\u1ea1o v\u1edbi ch\u1ea5t l\u01b0\u1ee3ng t\u1ed1t nh\u1ea5t. Sona Masoori s\u1edf h\u1eefu h\u01b0\u01a1ng v\u1ecb \u0111\u1ed9c \u0111\u00e1o kh\u00f4ng l\u1eabn v\u1edbi b\u1ea5t k\u1ef3 lo\u1ea1i g\u1ea1o \u0111\u1ebfn t\u1eeb nh\u1eefng v\u00f9ng kh\u00e1c.<\/p>\n<p><img decoding=\"async\" class=\"wp-image-32229 aligncenter\" src=\"https:\/\/havamall.com\/wp-content\/uploads\/2023\/08\/354225872_282874770797949_3732952399275377526_n-300x300.jpeg\" alt=\"\" width=\"829\" height=\"829\" \/><\/p>\n<h2><strong>H\u01af\u1edaNG D\u1eaaN N\u1ea4U G\u1ea0O SONA MASOORI<\/strong><\/h2>\n<p>&#8211; L\u1ea5y 1 ch\u00e9n g\u1ea1o Sona Masoori v\u00e0 vo nh\u1eb9 2 l\u1ea7n<\/p>\n<p>&#8211; \u0110ong 2\u00bd c\u1ed1c n\u01b0\u1edbc v\u00e0 ng\u00e2m g\u1ea1o trong 15 ph\u00fat.N\u1ea5u \u0111\u1ebfn khi s\u00f4i, khu\u1ea5y nh\u1eb9 nh\u00e0ng v\u00e0 \u0111\u1eady k\u00edn n\u1eafp.<\/p>\n<p>&#8211; N\u1ea5u v\u1edbi l\u1eeda v\u1eeba th\u00eam 15 ph\u00fat cho \u0111\u1ebfn khi c\u1ea1n h\u1ebft n\u01b0\u1edbc.<\/p>\n<p>&#8211; T\u1eaft l\u1eeda v\u00e0 d\u00f9ng b\u1eefa.<\/p>\n<p><img decoding=\"async\" class=\"wp-image-32230 aligncenter\" src=\"https:\/\/havamall.com\/wp-content\/uploads\/2023\/08\/idli-recipe-1-1-200x300.jpeg\" alt=\"\" width=\"821\" height=\"1232\" \/><\/p>\n<h2><strong>L\u1ee2I \u00cdCH S\u1ee8C KHO\u1eba<\/strong><\/h2>\n<p>&gt; Nhi\u1ec1u ch\u1ea5t s\u01a1.<\/p>\n<p>&gt; H\u1ed7 tr\u1ee3 qu\u00e1 tr\u00ecnh ti\u00eau h\u00f3a.<\/p>\n<p>&gt; T\u0103ng c\u01b0\u1eddng n\u0103ng l\u01b0\u1ee3ng v\u00e0 gi\u00fap c\u1ea3i thi\u1ec7n t\u00e2m tr\u1ea1ng.<\/p>\n<p>&gt; C\u00f3 ch\u1ec9 s\u1ed1 \u0111\u01b0\u1eddng huy\u1ebft th\u1ea5p n\u00ean h\u1ea1n ch\u1ebf t\u0103ng \u0111\u01b0\u1eddng huy\u1ebft.<\/p>\n<p>&gt; H\u1ea1 cholesterol.<\/p>\n<h2><img loading=\"lazy\" decoding=\"async\" class=\"wp-image-32231 aligncenter\" src=\"https:\/\/havamall.com\/wp-content\/uploads\/2023\/08\/Tandoori-chicken-biryani-300x169.jpeg\" alt=\"\" width=\"815\" height=\"459\" \/><\/h2>\n<h2><strong>\u0110\u1eb6C \u0110I\u1ec2M N\u1ed4I B\u1eacT C\u1ee6A S\u1ea2N PH\u1ea8M<\/strong><\/h2>\n<p>&#8211;\u00a0\u0110\u01b0\u1ee3c l\u00e0m s\u1ea1ch, ch\u1ebf bi\u1ebfn v\u00e0 \u0111\u00f3ng g\u00f3i \u1edf \u0111i\u1ec1u ki\u1ec7n v\u1ec7 sinh<\/p>\n<p>&#8211; G\u1ea1o Sona Masoori, c\u00f2n \u0111\u01b0\u1ee3c g\u1ecdi l\u00e0 Sona Masuri l\u00e0 m\u1ed9t lo\u1ea1i g\u1ea1o tr\u1eafng, h\u1ea1t trung b\u00ecnh, \u0111\u01b0\u1ee3c tr\u1ed3ng \u1edf c\u00e1c bang ph\u00eda nam c\u1ee7a \u1ea4n \u0110\u1ed9, ch\u1ee7 y\u1ebfu \u1edf Andra Pradesh v\u00e0 Karnataka.<\/p>\n<p>&#8211; Sona Masoori Rice nh\u1eb9, th\u01a1m v\u00e0 l\u00e0 lo\u1ea1i g\u1ea1o ch\u1ea5t l\u01b0\u1ee3ng cao.<\/p>\n<p>&#8211; G\u1ea1o Sona Masoori ch\u1ee9a \u00edt tinh b\u1ed9t h\u01a1n g\u1ea1o Basmati v\u00e0 \u0111\u01b0\u1ee3c coi l\u00e0 t\u1ed1t cho s\u1ee9c kh\u1ecfe, d\u1ec5 ti\u00eau h\u00f3a<\/p>","protected":false},"excerpt":{"rendered":"<p>TH\u00d4NG TIN S\u1ea2N PH\u1ea8M Th\u01b0\u01a1ng hi\u1ec7u Hero Xu\u1ea5t x\u1ee9 \u1ea4n \u0110\u1ed9 Th\u00e0nh ph\u1ea7n 100% G\u1ea1o Sona Masoori H\u1ea1n s\u1eed d\u1ee5ng<\/p>","protected":false},"featured_media":34256,"comment_status":"open","ping_status":"closed","template":"","meta":[],"product_brand":[],"product_cat":[731,36],"product_tag":[],"class_list":{"0":"post-32214","1":"product","2":"type-product","3":"status-publish","4":"has-post-thumbnail","6":"product_cat-nhap-khau-an-do","7":"product_cat-thuc-pham-tieu-dung","9":"first","10":"instock","11":"sale","12":"shipping-taxable","13":"purchasable","14":"product-type-simple"},"_links":{"self":[{"href":"https:\/\/havamall.com\/en\/wp-json\/wp\/v2\/product\/32214","targetHints":{"allow":["GET"]}}],"collection":[{"href":"https:\/\/havamall.com\/en\/wp-json\/wp\/v2\/product"}],"about":[{"href":"https:\/\/havamall.com\/en\/wp-json\/wp\/v2\/types\/product"}],"replies":[{"embeddable":true,"href":"https:\/\/havamall.com\/en\/wp-json\/wp\/v2\/comments?post=32214"}],"version-history":[{"count":0,"href":"https:\/\/havamall.com\/en\/wp-json\/wp\/v2\/product\/32214\/revisions"}],"wp:featuredmedia":[{"embeddable":true,"href":"https:\/\/havamall.com\/en\/wp-json\/wp\/v2\/media\/34256"}],"wp:attachment":[{"href":"https:\/\/havamall.com\/en\/wp-json\/wp\/v2\/media?parent=32214"}],"wp:term":[{"taxonomy":"product_brand","embeddable":true,"href":"https:\/\/havamall.com\/en\/wp-json\/wp\/v2\/product_brand?post=32214"},{"taxonomy":"product_cat","embeddable":true,"href":"https:\/\/havamall.com\/en\/wp-json\/wp\/v2\/product_cat?post=32214"},{"taxonomy":"product_tag","embeddable":true,"href":"https:\/\/havamall.com\/en\/wp-json\/wp\/v2\/product_tag?post=32214"}],"curies":[{"name":"wp","href":"https:\/\/api.w.org\/{rel}","templated":true}]}}