{"id":32215,"date":"2023-08-08T16:04:50","date_gmt":"2023-08-08T09:04:50","guid":{"rendered":"https:\/\/havamall.com\/?post_type=product&#038;p=32215"},"modified":"2025-12-08T09:12:23","modified_gmt":"2025-12-08T02:12:23","slug":"bot-mi-nguyen-cam-rajdhani-atta-1kg-rajdhani-chakki-atta","status":"publish","type":"product","link":"https:\/\/havamall.com\/en\/shop\/bot-mi-nguyen-cam-rajdhani-atta-1kg-rajdhani-chakki-atta\/","title":{"rendered":"B\u1ed9t M\u00ec Nguy\u00ean C\u00e1m Rajdhani Atta 5kg &#8211; Rajdhani Chakki Atta"},"content":{"rendered":"<p>&nbsp;<\/p>\n<h3><strong>TH\u00d4NG TIN S\u1ea2N PH\u1ea8M<\/strong><\/h3>\n<table>\n<tbody>\n<tr>\n<td>Th\u01b0\u01a1ng hi\u1ec7u<\/td>\n<td>Rajdhani<\/td>\n<\/tr>\n<tr>\n<td>Xu\u1ea5t x\u1ee9<\/td>\n<td>\u1ea4n \u0110\u1ed9<\/td>\n<\/tr>\n<tr>\n<td>Th\u00e0nh ph\u1ea7n<\/td>\n<td>100% b\u1ed9t m\u00ec<\/td>\n<\/tr>\n<tr>\n<td>H\u1ea1n s\u1eed d\u1ee5ng<\/td>\n<td>6 th\u00e1ng k\u1ec3 t\u1eeb ng\u00e0y s\u1ea3n xu\u1ea5t.<\/td>\n<\/tr>\n<tr>\n<td>B\u1ea3o qu\u1ea3n<\/td>\n<td>\u0110\u1ec3 n\u01a1i kh\u00f4 r\u00e1o, tho\u00e1ng m\u00e1t, tr\u00e1nh \u00e1nh n\u1eafng tr\u1ef1c ti\u1ebfp<\/td>\n<\/tr>\n<tr>\n<td>Kh\u1ed1i l\u01b0\u1ee3ng<\/td>\n<td>5kg<\/td>\n<\/tr>\n<\/tbody>\n<\/table>\n<p>B\u1ed9t m\u00ec Atta Rajdhani\u00a0(b\u1ed9t m\u00ec nguy\u00ean c\u00e1m) l\u00e0 th\u00e0nh ph\u1ea7n ch\u00ednh c\u1ee7a c\u00e1c m\u00f3n b\u00e1nh Paratha, puri, chapati, b\u00e1nh m\u00ec, b\u00e1nh sandwich\u2026. Lo\u1ea1i b\u1ed9t m\u00ec n\u00e0y kh\u00f4ng ch\u1ec9 l\u00e0 nguy\u00ean li\u1ec7u ch\u00ednh c\u1ee7a c\u00e1c m\u00f3n b\u00e1nh m\u00e0 c\u00f2n gi\u00e0u h\u00e0m l\u01b0\u1ee3ng ch\u1ea5t dinh d\u01b0\u1ee1ng, c\u00f3 t\u00e1c d\u1ee5ng ph\u00f2ng v\u00e0 \u0111i\u1ec1u tr\u1ecb b\u1ec7nh v\u1ec1 \u0111\u01b0\u1eddng ti\u00eau h\u00f3a, x\u01b0\u01a1ng kh\u1edbp hi\u1ec7u qu\u1ea3.<\/p>\n<p><img fetchpriority=\"high\" decoding=\"async\" class=\"wp-image-32217 aligncenter\" src=\"https:\/\/havamall.com\/wp-content\/uploads\/2023\/08\/282560242_1989689121214309_5548414475636648103_n-300x300.jpeg\" alt=\"\" width=\"755\" height=\"755\" \/><\/p>\n<p>B\u1ed9t \u0111\u01b0\u1ee3c l\u00e0m t\u1eeb h\u1ea1t l\u00faa m\u00ec nguy\u00ean ch\u1ea5t, g\u1ed3m c\u1ea3 ph\u1ea7n l\u00f5i h\u1ea1t, c\u00e1m, v\u1ecf h\u1ea1t.\u00a0So v\u1edbi b\u1ed9t m\u00ec th\u00f4ng th\u01b0\u1eddng th\u00ec b\u1ed9t m\u00ec nguy\u00ean c\u00e1m nhi\u1ec1u d\u01b0\u1ee1ng ch\u1ea5t, b\u1ed5 d\u01b0\u1ee1ng h\u01a1n. \u0110\u1eb7c bi\u1ec7t ph\u1ea7n c\u00e1m, v\u1ecf h\u1ea1t l\u00faa m\u00ec ch\u1ee9a h\u00e0m l\u01b0\u1ee3ng ch\u1ea5t x\u01a1 r\u1ea5t l\u1edbn, t\u1ed1t cho h\u1ec7 ti\u00eau h\u00f3a, tim m\u1ea1ch. \u0110\u00e2y c\u0169ng l\u00e0 l\u00fd do b\u1ed9t m\u00ec Atta Rajdhani \u0111\u01b0\u1ee3c \u01b0a chu\u1ed9ng v\u00e0 s\u1eed d\u1ee5ng nhi\u1ec1u \u1edf \u1ea4n \u0110\u1ed9.<\/p>\n<p>\u0110\u1ec3 gi\u00fap c\u00e1c m\u00f3n b\u00e1nh ngon h\u01a1n, b\u1ed9t n\u00e0y c\u00f3 h\u00f2a tr\u1ed9n th\u00eam m\u1ed9t l\u01b0\u1ee3ng nh\u1ecf b\u1ed9t n\u1edf v\u00e0 h\u01b0\u01a1ng li\u1ec7u t\u1ea1o m\u00f9i, m\u00e0u s\u1eafc \u0111\u1eb7c tr\u01b0ng cho b\u00e1nh.<\/p>\n<p><img decoding=\"async\" class=\"wp-image-32218 aligncenter\" src=\"https:\/\/havamall.com\/wp-content\/uploads\/2023\/08\/10629269_313737888809449_3244838789078069275_o-300x300.jpeg\" alt=\"\" width=\"751\" height=\"751\" \/><\/p>\n<h2><strong>Th\u00e0nh ph\u1ea7n dinh d\u01b0\u1ee1ng trong 100g\u00a0<\/strong><strong>b\u1ed9t m\u00ec Atta Rajdhani<\/strong><\/h2>\n<table border=\"2\">\n<tbody>\n<tr>\n<td><strong>Ch\u1ea5t<\/strong><\/td>\n<td><strong>H\u00e0m l\u01b0\u1ee3ng dinh d\u01b0\u1ee1ng<\/strong><\/td>\n<td><strong>Ch\u1ea5t<\/strong><\/td>\n<td><strong>H\u00e0m l\u01b0\u1ee3ng dinh d\u01b0\u1ee1ng<\/strong><\/td>\n<\/tr>\n<tr>\n<td>N\u0103ng l\u01b0\u1ee3ng<\/td>\n<td>364 kcal<\/td>\n<td>Ch\u1ea5t b\u00e9o kh\u00f4ng b\u00e3o h\u00f2a \u0111a<\/td>\n<td>0, 4g<\/td>\n<\/tr>\n<tr>\n<td>Cholesterol<\/td>\n<td>0mg<\/td>\n<td>Ch\u1ea5t b\u00e9o kh\u00f4ng b\u00e3o h\u00f2a \u0111\u01a1n<\/td>\n<td>0,1g<\/td>\n<\/tr>\n<tr>\n<td>Protein<\/td>\n<td>10g<\/td>\n<td>Kali<\/td>\n<td>107mg<\/td>\n<\/tr>\n<tr>\n<td>Carbohydrate<\/td>\n<td>76g<\/td>\n<td>Natri<\/td>\n<td>2g<\/td>\n<\/tr>\n<tr>\n<td>Ch\u1ea5t x\u01a1<\/td>\n<td>2,7g<\/td>\n<td>Magie<\/td>\n<td>22g<\/td>\n<\/tr>\n<tr>\n<td>\u0110\u01b0\u1eddng<\/td>\n<td>0,3g<\/td>\n<td>S\u1eaft<\/td>\n<td>1,2mg<\/td>\n<\/tr>\n<tr>\n<td>Ch\u1ea5t b\u00e9o<\/td>\n<td>1g<\/td>\n<td>Canxi<\/td>\n<td>15mg<\/td>\n<\/tr>\n<tr>\n<td>Ch\u1ea5t b\u00e9o b\u00e3o h\u00f2a<\/td>\n<td>0,2g<\/td>\n<td><\/td>\n<td><\/td>\n<\/tr>\n<\/tbody>\n<\/table>\n<h2><strong>H\u01b0\u1edbng d\u1eabn s\u1eed d\u1ee5ng\u00a0<\/strong><strong>b\u1ed9t m\u00ec Atta Rajdhani<\/strong><\/h2>\n<p>B\u1ed9t m\u00ec \u1ea4n \u0110\u1ed9 r\u1ea5t d\u1ec5 s\u1eed d\u1ee5ng v\u00e0 th\u01b0\u1eddng ti\u1ebfn h\u00e0nh s\u1eed d\u1ee5ng theo c\u00e1c b\u01b0\u1edbc c\u01a1 b\u1ea3n. \u0110\u1ec3 s\u1eed d\u1ee5ng b\u1ed9t \u0111\u00fang c\u00e1ch, ch\u1ebf bi\u1ebfn c\u00e1c m\u00f3n ngon t\u1eeb b\u1ed9t m\u00ec Atta Rajdhani b\u1ea1n d\u00f9ng b\u1ed9t theo c\u00e1ch sau:<\/p>\n<p><strong>B\u01b0\u1edbc 1:<\/strong>\u00a0Chu\u1ea9n b\u1ecb b\u1ed9t<\/p>\n<p>B\u1ea1n \u01b0\u1edbc l\u01b0\u1ee3ng kh\u1ea9u ph\u1ea7n \u0103n c\u1ee7a gia \u0111\u00ecnh, sau \u0111\u00f3 l\u1ea5y l\u01b0\u1ee3ng\u00a0b\u1ed9t m\u00ec nguy\u00ean c\u00e1m\u00a0v\u1eeba \u0111\u1ee7 \u0111\u1ec3 l\u00e0m b\u00e1nh.<\/p>\n<p><strong>B\u01b0\u1edbc 2:<\/strong>\u00a0K\u1ebft h\u1ee3p c\u00e1c nguy\u00ean li\u1ec7u v\u1edbi nhau<\/p>\n<p>B\u1ea1n cho<strong>\u00a0b\u1ed9t m\u00ec Atta Rajdhani<\/strong>\u00a0v\u00e0o t\u00f4 l\u1edbn, th\u00eam c\u00e1c gia v\u1ecb l\u00e0m b\u00e1nh nh\u01b0 tr\u1ee9ng, mu\u1ed1i, d\u1ea7u \u0103n, c\u00e1c lo\u1ea1i b\u1ed9t gia v\u1ecb\u2026 Sau \u0111\u00f3 d\u00f9ng mu\u1ed7ng tr\u1ed9n \u0111\u1ec1u c\u00e1c nguy\u00ean li\u1ec7u v\u1edbi nhau.<\/p>\n<p><img decoding=\"async\" class=\"wp-image-32219 aligncenter\" src=\"https:\/\/havamall.com\/wp-content\/uploads\/2023\/08\/10259305_258870264296212_2547322191212649866_o-300x200.jpeg\" alt=\"\" width=\"749\" height=\"499\" \/><\/p>\n<p><strong>B\u01b0\u1edbc 3:<\/strong>\u00a0Nh\u00e0o b\u1ed9t l\u00e0m b\u00e1nh<\/p>\n<p>\u1ede b\u01b0\u1edbc n\u00e0y, b\u1ea1n n\u00ean ch\u00fa \u00fd khi th\u00eam n\u01b0\u1edbc v\u00e0o nh\u00e0o b\u1ed9t. Kh\u00f4ng n\u00ean cho qu\u00e1 nhi\u1ec1u n\u01b0\u1edbc, b\u1ed9t s\u1ebd lo\u00e3ng v\u00e0 ch\u1ea3y n\u01b0\u1edbc, kh\u00f4ng n\u00ean cho \u00edt n\u01b0\u1edbc, b\u1ed9t kh\u00f4 r\u1eddi kh\u00f4 nh\u00e0o b\u1ed9t v\u00e0 b\u1ed9t ng\u1ea5m \u0111\u01b0\u1ee3c h\u1ebft c\u00e1c nguy\u00ean li\u1ec7u kh\u00e1c.<\/p>\n<p>Khi \u0111\u1ed5 n\u01b0\u1edbc v\u00e0o, b\u1ea1n d\u00f9ng tay nh\u00e0o th\u1eadt \u0111\u1ec1u b\u1ed9t t\u1edbi khi b\u1ed9t th\u00e0nh m\u1ed9t kh\u1ed1i d\u1ebbo, \u0111\u1eb7c, d\u00ednh v\u00e0o nhau th\u00ec d\u1eebng l\u1ea1i.<\/p>\n<p><strong>B\u01b0\u1edbc 4:<\/strong>\u00a0\u1ee6 b\u1ed9t \u0111\u00e3 nh\u00e0o<\/p>\n<p>B\u1ea1n c\u00f3 th\u1ec3 \u1ee7 b\u1ed9t b\u1eb1ng kh\u0103n v\u1ea3i m\u1ec1m ho\u1eb7c \u1ee7 trong t\u1ee7 l\u1ea1nh \u0111\u1ec1u \u0111\u01b0\u1ee3c. Th\u1eddi gian \u1ee7 b\u1ed9t b\u1eb1ng v\u1ea3i m\u1ec1m kho\u1ea3ng 50 ph\u00fat, \u1edf t\u1ee7 l\u1ea1nh kho\u1ea3ng 40 ph\u00fat.<\/p>\n<p><strong>B\u01b0\u1edbc 5:<\/strong>\u00a0C\u00e1n b\u1ed9t, t\u1ea1o h\u00ecnh kh\u1ed1i b\u00e1nh<\/p>\n<p>B\u1ea1n chia nh\u1ecf t\u1eebng ph\u1ea7n b\u1ed9t \u1edf kh\u1ed1i b\u1ed9t l\u1edbn, n\u1eb7n tr\u00f2n sau \u0111\u00f3 d\u00f9ng c\u00e2y c\u00e1n b\u1ed9 c\u00e1n d\u1eb9t, m\u1ecfng b\u00e1nh. B\u1ea1n c\u00f3 th\u1ec3 t\u1ea1o h\u00ecnh kh\u1ed1i b\u00e1nh b\u1eb1ng khu\u00f4n h\u00ecnh c\u00f3 s\u1eb5n khi c\u00e1n b\u1ed9t xong ho\u1eb7c \u0111\u1ec3 nguy\u00ean r\u00e1n ho\u1eb7c n\u01b0\u1edbng b\u00e1nh \u0111\u1ec1u \u0111\u01b0\u1ee3c.<\/p>\n<p><strong>B\u01b0\u1edbc 6:<\/strong>\u00a0R\u00e1n\/n\u01b0\u1edbng b\u00e1nh<\/p>\n<p>V\u1edbi c\u00e1ch r\u00e1n b\u00e1nh b\u1eb1ng ch\u1ea3o. B\u1ea1n ch\u1ecdn ch\u1ea3o ch\u1ed1ng d\u00ednh, \u0111un n\u00f3ng ch\u1ea3o v\u00e0 cho d\u1ea7u th\u1ef1c v\u1eadt, sau \u0111\u00f3 chi\u00ean b\u00e1nh.<\/p>\n<p>V\u1edbi l\u00f2 vi s\u00f3ng, b\u1ea1n ph\u1ebft d\u1ea7u th\u1ef1c v\u1eadt \u1edf 2 m\u1eb7t b\u00e1nh, sau \u0111\u00f3 b\u1ecf b\u00e1nh v\u00e0o l\u00f2. T\u00f9y k\u00edch th\u01b0\u1edbc, \u0111\u1ed9 d\u00e0y c\u1ee7a lo\u1ea1i b\u00e1nh b\u1ea1n l\u00e0m, b\u1ea1n c\u00f3 th\u1ec3 nhi\u1ec7t \u0111\u1ed9 kh\u00e1c nhau<\/p>\n<p><img loading=\"lazy\" decoding=\"async\" class=\"wp-image-32220 aligncenter\" src=\"https:\/\/havamall.com\/wp-content\/uploads\/2023\/08\/1547996_249416365241602_6972800539943631613_o-300x200.jpeg\" alt=\"\" width=\"737\" height=\"491\" \/><\/p>\n<h2><strong>C\u00e1ch b\u1ea3o qu\u1ea3n\u00a0<\/strong><strong>b\u1ed9t m\u00ec Atta Rajdhani<\/strong><\/h2>\n<p>\u0110\u1ec3 b\u1ea3o qu\u1ea3n b\u1ed9t m\u00ec \u1ea4n \u0110\u1ed9 t\u1ed1t nh\u1ea5t b\u1ea1n c\u1ea7n l\u00e0m nh\u1eefng vi\u1ec7c sau:<\/p>\n<p>&#8211; D\u1ed3n ph\u1ea7n b\u1ed9t ch\u01b0a s\u1eed d\u1ee5ng h\u1ebft v\u00e0o l\u1ecd th\u1ee7y tinh, \u0111\u1eady ch\u1eb7t n\u1eafp l\u1ea1i.<\/p>\n<p>&#8211; \u0110\u1ec3 b\u1ed9t \u1edf n\u01a1i kh\u00f4 r\u00e1o, tho\u00e1ng m\u00e1t, nhi\u1ec7t \u0111\u1ed9 kho\u1ea3ng 20 &#8211; 23 \u0111\u1ed9 C.<\/p>\n<p>&#8211; Tr\u00e1nh \u0111\u1ec3 b\u1ed9t trong t\u1ee7 l\u1ea1nh, n\u01a1i c\u00f3 \u00e1nh n\u1eafng tr\u1ef1c ti\u1ebfp.<\/p>\n<p>&#8211; Kh\u00f4ng d\u00f9ng th\u00eca, \u0111\u0169a \u0111ang ch\u1ebf bi\u1ebfn th\u1ee9c \u0103n \u0111\u1ec3 l\u1ea5y b\u1ed9t ra.<\/p>\n<p>&#8211; B\u1ed9t c\u00f3 d\u1ea5u hi\u1ec7u l\u00ean men, m\u1ed1c, c\u00f3 m\u00f9i l\u1ea1 kh\u00f4ng \u0111\u01b0\u1ee3c d\u00f9ng.<\/p>\n<p>&#8211; Kh\u00f4ng d\u00f9ng b\u1ed9t \u0111\u00e3 b\u00f3c t\u00e1ch kh\u1ecfi t\u00fai ban \u0111\u1ea7u sau 1 th\u00e1ng b\u1ea3o qu\u1ea3n trong l\u1ecd th\u1ee7y tinh.<\/p>\n<p><img loading=\"lazy\" decoding=\"async\" class=\"wp-image-32221 aligncenter\" src=\"https:\/\/havamall.com\/wp-content\/uploads\/2023\/08\/1398609_203337483182824_4423943_o-300x195.jpeg\" alt=\"\" width=\"734\" height=\"477\" \/><\/p>","protected":false},"excerpt":{"rendered":"<p>&nbsp; TH\u00d4NG TIN S\u1ea2N PH\u1ea8M Th\u01b0\u01a1ng hi\u1ec7u Rajdhani Xu\u1ea5t x\u1ee9 \u1ea4n \u0110\u1ed9 Th\u00e0nh ph\u1ea7n 100% b\u1ed9t m\u00ec H\u1ea1n s\u1eed d\u1ee5ng<\/p>","protected":false},"featured_media":32216,"comment_status":"open","ping_status":"closed","template":"","meta":[],"product_brand":[],"product_cat":[36,706,255,731],"product_tag":[],"class_list":{"0":"post-32215","1":"product","2":"type-product","3":"status-publish","4":"has-post-thumbnail","6":"product_cat-thuc-pham-tieu-dung","7":"product_cat-bot-mi","8":"product_cat-nguyen-lieu-lam-banh","9":"product_cat-nhap-khau-an-do","11":"first","12":"instock","13":"sale","14":"shipping-taxable","15":"purchasable","16":"product-type-simple"},"_links":{"self":[{"href":"https:\/\/havamall.com\/en\/wp-json\/wp\/v2\/product\/32215","targetHints":{"allow":["GET"]}}],"collection":[{"href":"https:\/\/havamall.com\/en\/wp-json\/wp\/v2\/product"}],"about":[{"href":"https:\/\/havamall.com\/en\/wp-json\/wp\/v2\/types\/product"}],"replies":[{"embeddable":true,"href":"https:\/\/havamall.com\/en\/wp-json\/wp\/v2\/comments?post=32215"}],"version-history":[{"count":0,"href":"https:\/\/havamall.com\/en\/wp-json\/wp\/v2\/product\/32215\/revisions"}],"wp:featuredmedia":[{"embeddable":true,"href":"https:\/\/havamall.com\/en\/wp-json\/wp\/v2\/media\/32216"}],"wp:attachment":[{"href":"https:\/\/havamall.com\/en\/wp-json\/wp\/v2\/media?parent=32215"}],"wp:term":[{"taxonomy":"product_brand","embeddable":true,"href":"https:\/\/havamall.com\/en\/wp-json\/wp\/v2\/product_brand?post=32215"},{"taxonomy":"product_cat","embeddable":true,"href":"https:\/\/havamall.com\/en\/wp-json\/wp\/v2\/product_cat?post=32215"},{"taxonomy":"product_tag","embeddable":true,"href":"https:\/\/havamall.com\/en\/wp-json\/wp\/v2\/product_tag?post=32215"}],"curies":[{"name":"wp","href":"https:\/\/api.w.org\/{rel}","templated":true}]}}