{"id":32222,"date":"2023-08-08T16:34:57","date_gmt":"2023-08-08T09:34:57","guid":{"rendered":"https:\/\/havamall.com\/?post_type=product&#038;p=32222"},"modified":"2025-12-08T09:11:39","modified_gmt":"2025-12-08T02:11:39","slug":"bot-mi-nguyen-cam-aashirvaad-atta-1kg-superior-mp-atta","status":"publish","type":"product","link":"https:\/\/havamall.com\/en\/shop\/bot-mi-nguyen-cam-aashirvaad-atta-1kg-superior-mp-atta\/","title":{"rendered":"B\u1ed9t M\u00ec Nguy\u00ean C\u00e1m Aashirvaad Atta 5kg \u2013 Superior MP Atta"},"content":{"rendered":"<div><\/div>\n<div>\n<h3><strong>TH\u00d4NG TIN S\u1ea2N PH\u1ea8M<\/strong><\/h3>\n<table>\n<tbody>\n<tr>\n<td>Th\u01b0\u01a1ng hi\u1ec7u<\/td>\n<td>Aashirvaad<\/td>\n<\/tr>\n<tr>\n<td>Xu\u1ea5t x\u1ee9<\/td>\n<td>\u1ea4n \u0110\u1ed9<\/td>\n<\/tr>\n<tr>\n<td>Th\u00e0nh ph\u1ea7n<\/td>\n<td>100% b\u1ed9t m\u00ec<\/td>\n<\/tr>\n<tr>\n<td>H\u1ea1n s\u1eed d\u1ee5ng<\/td>\n<td>6 th\u00e1ng k\u1ec3 t\u1eeb ng\u00e0y s\u1ea3n xu\u1ea5t.<\/td>\n<\/tr>\n<tr>\n<td>B\u1ea3o qu\u1ea3n<\/td>\n<td>\u0110\u1ec3 n\u01a1i kh\u00f4 r\u00e1o, tho\u00e1ng m\u00e1t, tr\u00e1nh \u00e1nh n\u1eafng tr\u1ef1c ti\u1ebfp<\/td>\n<\/tr>\n<tr>\n<td>Kh\u1ed1i l\u01b0\u1ee3ng<\/td>\n<td>5kg<\/td>\n<\/tr>\n<\/tbody>\n<\/table>\n<\/div>\n<div>B\u1ed9t m\u00ec Atta hay c\u00f2n g\u1ecdi l\u00e0 b\u1ed9t m\u00ec l\u1ee9t nguy\u00ean c\u00e1m (Whole wheat flour) \u0111\u01b0\u1ee3c khuy\u00ean n\u00ean d\u00f9ng t\u1eeb c\u00e1c chuy\u00ean gia dinh d\u01b0\u1ee1ng v\u00ec nh\u1eefng l\u1ee3i \u00edch v\u00e0 c\u00f4ng d\u1ee5ng t\u1ed1t cho s\u1ee9c kh\u1ecfe c\u1ee7a lo\u1ea1i b\u1ed9t m\u00ec n\u00e0y.<\/div>\n<div><img fetchpriority=\"high\" decoding=\"async\" class=\"wp-image-32223 aligncenter\" src=\"https:\/\/havamall.com\/wp-content\/uploads\/2023\/08\/295134509_5695329617166718_7529998785256164331_n-300x300.jpeg\" alt=\"\" width=\"792\" height=\"792\" \/><\/div>\n<p>B\u1ed9t m\u00ec nguy\u00ean c\u00e1m Atta Chakki Fresh \u0111\u01b0\u1ee3c l\u00e0m cho 100% t\u1eeb l\u00faa m\u00ec thu\u1ea7n ch\u1ea5t \u0111\u01b0\u1ee3c tr\u1ed3ng t\u1ea1i nh\u1eefng thung l\u0169ng Himalaya. S\u1eed d\u1ee5ng nh\u01b0 v\u1eadt li\u1ec7u ch\u00ednh cho nhi\u1ec1u m\u00f3n b\u00e1nh v\u00e0 m\u00f3n \u0103n t\u1ea1i gia \u0111\u00ecnh. S\u1ea3n ph\u1ea9m kh\u00f4ng d\u00f9ng ch\u1ea5t b\u1ea3o qu\u1ea3n hay h\u00f3a h\u1ecdc l\u01b0u h\u00e0ng n\u00ean date ng\u1eafn kho\u1ea3ng 6 th\u00e1ng.- B\u1ed9t m\u00ec Aashirvaad (b\u1ed9t m\u00ec nguy\u00ean c\u00e1m) l\u00e0 th\u00e0nh ph\u1ea7n ch\u00ednh c\u1ee7a c\u00e1c m\u00f3n b\u00e1nh Paratha, Puri, Chapati, b\u00e1nh m\u00ec, b\u00e1nh Sandwich,&#8230;<\/p>\n<p><img decoding=\"async\" class=\"wp-image-32224 aligncenter\" src=\"https:\/\/havamall.com\/wp-content\/uploads\/2023\/08\/141893442_4010745388958491_2720264008364790290_n-300x300.jpeg\" alt=\"\" width=\"790\" height=\"790\" \/><\/p>\n<p>Lo\u1ea1i b\u1ed9t m\u00ec n\u00e0y kh\u00f4ng ch\u1ec9 l\u00e0 nguy\u00ean li\u1ec7u ch\u00ednh c\u1ee7a c\u00e1c m\u00f3n b\u00e1nh m\u00e0 c\u00f2n gi\u00e0u h\u00e0m l\u01b0\u1ee3ng ch\u1ea5t dinh d\u01b0\u1ee1ng, c\u00f3 t\u00e1c d\u1ee5ng ph\u00f2ng v\u00e0 \u0111i\u1ec1u tr\u1ecb b\u1ec7nh v\u1ec1 \u0111\u01b0\u1eddng ti\u00eau h\u00f3a, t\u00e1c d\u1ee5ng t\u1ed1t trong ng\u0103n ng\u1eeba c\u00e1c b\u1ec7nh v\u1ec1 x\u01b0\u01a1ng kh\u1edbp, ti\u1ec3u \u0111\u01b0\u1eddng, t\u0103ng c\u01b0\u1eddng s\u1ee9c \u0111\u1ec1 kh\u00e1ng cho c\u01a1 th\u1ec3,&#8230;<\/p>\n<p>B\u1ed9t \u0111\u01b0\u1ee3c s\u1eed d\u1ee5ng \u0111\u1ec3 l\u00e0m c\u00e1c lo\u1ea1i b\u00e1nh m\u00ec ph\u1ed5 bi\u1ebfn t\u1ea1i \u1ea4n \u0110\u1ed9 nh\u01b0: chapati, roti, naan, paratha v\u00e0 puri. B\u1ed9t atta c\u0169ng c\u00f3 th\u1ec3 d\u00f9ng l\u00e0m b\u00e1nh m\u00ec, b\u00e1nh sandwich, b\u00e1nh k\u1ebfp\u2026C\u00f3 m\u00e0u n\u00e2u s\u1ea9m h\u01a1n, m\u00f9i th\u01a1m, v\u1ecb th\u00ec \u0111\u1eadm \u0111\u00e0 h\u01a1n h\u1eb3n b\u1ed9t m\u00ec tr\u1eafng. Nh\u00e0o b\u1ed9t \u00edt d\u00ednh tay.<\/p>\n<p><img decoding=\"async\" class=\"wp-image-32225 aligncenter\" src=\"https:\/\/havamall.com\/wp-content\/uploads\/2023\/08\/275364724_5305058779527139_1537085576653733407_n-300x300.jpeg\" alt=\"\" width=\"789\" height=\"789\" \/><\/p>\n<div>\n<h2><strong>\u0110\u1eb6C \u0110I\u1ec2M N\u1ed4I B\u1eacT C\u1ee6A S\u1ea2N PH\u1ea8M<\/strong><\/h2>\n<\/div>\n<div>\n<div>&#8211; Kh\u00f4ng sinh nhi\u1ec1u ax\u00edt cho m\u00e1u nh\u01b0 b\u1ed9t m\u00ec tr\u1eafng<\/div>\n<p>&#8211; Kh\u00f4ng b\u1ecb nhi\u1ec5m ch\u1ea5t h\u00f3a h\u1ecdc trong qu\u00e1 tr\u00ecnh t\u1ea9y tr\u1eafng b\u1ed9t<\/p>\n<div>&#8211; C\u00f3 ch\u1ec9 s\u1ed1 \u0111\u01b0\u1eddng huy\u1ebft th\u1ea5p hay ch\u1ec9 s\u1ed1 GI ph\u00f9 h\u1ee3p v\u1edbi nh\u1eefng ng\u01b0\u1eddi b\u1ecb ti\u1ec3u \u0111\u01b0\u1eddng.<\/div>\n<p>&#8211; No l\u00e2u h\u01a1n cho n\u00ean \u0103n \u00edt h\u01a1n, kh\u00f4ng lo t\u0103ng c\u00e2n<\/p>\n<p><img loading=\"lazy\" decoding=\"async\" class=\"wp-image-32226 aligncenter\" src=\"https:\/\/havamall.com\/wp-content\/uploads\/2023\/08\/151605479_4087521941280835_3497186156764204299_n-300x300.jpeg\" alt=\"\" width=\"778\" height=\"778\" \/><\/p>\n<h2><strong>C\u00c1CH B\u1ea2O QU\u1ea2N B\u1ed8T M\u00cc\u00a0AASHIRVAAD<\/strong><\/h2>\n<p>\u0110\u1ec3 b\u1ea3o qu\u1ea3n b\u1ed9t m\u00ec \u1ea4n \u0110\u1ed9 t\u1ed1t nh\u1ea5t b\u1ea1n c\u1ea7n l\u00e0m nh\u1eefng vi\u1ec7c sau:<\/p>\n<p>\u2013 D\u1ed3n ph\u1ea7n b\u1ed9t ch\u01b0a s\u1eed d\u1ee5ng h\u1ebft v\u00e0o l\u1ecd th\u1ee7y tinh, \u0111\u1eady ch\u1eb7t n\u1eafp l\u1ea1i.<\/p>\n<p>\u2013 \u0110\u1ec3 b\u1ed9t \u1edf n\u01a1i kh\u00f4 r\u00e1o, tho\u00e1ng m\u00e1t, nhi\u1ec7t \u0111\u1ed9 kho\u1ea3ng 20 \u2013 23 \u0111\u1ed9 C.<\/p>\n<p>\u2013 Tr\u00e1nh \u0111\u1ec3 b\u1ed9t trong t\u1ee7 l\u1ea1nh, n\u01a1i c\u00f3 \u00e1nh n\u1eafng tr\u1ef1c ti\u1ebfp.<\/p>\n<p>\u2013 Kh\u00f4ng d\u00f9ng th\u00eca, \u0111\u0169a \u0111ang ch\u1ebf bi\u1ebfn th\u1ee9c \u0103n \u0111\u1ec3 l\u1ea5y b\u1ed9t ra.<\/p>\n<p>\u2013 B\u1ed9t c\u00f3 d\u1ea5u hi\u1ec7u l\u00ean men, m\u1ed1c, c\u00f3 m\u00f9i l\u1ea1 kh\u00f4ng \u0111\u01b0\u1ee3c d\u00f9ng.<\/p>\n<p>\u2013 Kh\u00f4ng d\u00f9ng b\u1ed9t \u0111\u00e3 b\u00f3c t\u00e1ch kh\u1ecfi t\u00fai ban \u0111\u1ea7u sau 1 th\u00e1ng b\u1ea3o qu\u1ea3n trong l\u1ecd th\u1ee7y tinh.<\/p>\n<\/div>","protected":false},"excerpt":{"rendered":"<p>TH\u00d4NG TIN S\u1ea2N PH\u1ea8M Th\u01b0\u01a1ng hi\u1ec7u Aashirvaad Xu\u1ea5t x\u1ee9 \u1ea4n \u0110\u1ed9 Th\u00e0nh ph\u1ea7n 100% b\u1ed9t m\u00ec H\u1ea1n s\u1eed d\u1ee5ng 6<\/p>","protected":false},"featured_media":32227,"comment_status":"open","ping_status":"closed","template":"","meta":[],"product_brand":[],"product_cat":[36,706,255,731],"product_tag":[],"class_list":{"0":"post-32222","1":"product","2":"type-product","3":"status-publish","4":"has-post-thumbnail","6":"product_cat-thuc-pham-tieu-dung","7":"product_cat-bot-mi","8":"product_cat-nguyen-lieu-lam-banh","9":"product_cat-nhap-khau-an-do","11":"first","12":"instock","13":"sale","14":"shipping-taxable","15":"purchasable","16":"product-type-simple"},"_links":{"self":[{"href":"https:\/\/havamall.com\/en\/wp-json\/wp\/v2\/product\/32222","targetHints":{"allow":["GET"]}}],"collection":[{"href":"https:\/\/havamall.com\/en\/wp-json\/wp\/v2\/product"}],"about":[{"href":"https:\/\/havamall.com\/en\/wp-json\/wp\/v2\/types\/product"}],"replies":[{"embeddable":true,"href":"https:\/\/havamall.com\/en\/wp-json\/wp\/v2\/comments?post=32222"}],"version-history":[{"count":0,"href":"https:\/\/havamall.com\/en\/wp-json\/wp\/v2\/product\/32222\/revisions"}],"wp:featuredmedia":[{"embeddable":true,"href":"https:\/\/havamall.com\/en\/wp-json\/wp\/v2\/media\/32227"}],"wp:attachment":[{"href":"https:\/\/havamall.com\/en\/wp-json\/wp\/v2\/media?parent=32222"}],"wp:term":[{"taxonomy":"product_brand","embeddable":true,"href":"https:\/\/havamall.com\/en\/wp-json\/wp\/v2\/product_brand?post=32222"},{"taxonomy":"product_cat","embeddable":true,"href":"https:\/\/havamall.com\/en\/wp-json\/wp\/v2\/product_cat?post=32222"},{"taxonomy":"product_tag","embeddable":true,"href":"https:\/\/havamall.com\/en\/wp-json\/wp\/v2\/product_tag?post=32222"}],"curies":[{"name":"wp","href":"https:\/\/api.w.org\/{rel}","templated":true}]}}