{"id":32251,"date":"2023-08-10T17:28:17","date_gmt":"2023-08-10T10:28:17","guid":{"rendered":"https:\/\/havamall.com\/?post_type=product&#038;p=32251"},"modified":"2025-03-18T11:00:25","modified_gmt":"2025-03-18T04:00:25","slug":"nuoc-tuong-dac-biet-hai-thien-khong-chat-bao-quan-380ml-%e6%b5%b7%e5%a4%a9-0%e6%b7%bb%e5%8a%a0-%e7%89%b9%e7%ba%a7%e5%91%b3%e6%9e%81%e9%b2%9c%e9%85%b1%e6%b2%b9","status":"publish","type":"product","link":"https:\/\/havamall.com\/en\/shop\/nuoc-tuong-dac-biet-hai-thien-khong-chat-bao-quan-380ml-%e6%b5%b7%e5%a4%a9-0%e6%b7%bb%e5%8a%a0-%e7%89%b9%e7%ba%a7%e5%91%b3%e6%9e%81%e9%b2%9c%e9%85%b1%e6%b2%b9\/","title":{"rendered":"N\u01b0\u1edbc T\u01b0\u01a1ng \u0110\u1eb7c Bi\u1ec7t H\u1ea3i Thi\u00ean Kh\u00f4ng Ch\u1ea5t B\u1ea3o Qu\u1ea3n 380ml &#8211; \u6d77\u5929 0\u6dfb\u52a0 \u7279\u7ea7\u5473\u6781\u9c9c\u9171\u6cb9"},"content":{"rendered":"<h2><\/h2>\n<h2>TH\u00d4NG TIN CHUNG<\/h2>\n<table>\n<tbody>\n<tr>\n<td><span style=\"font-weight: 400\">Th\u01b0\u01a1ng hi\u1ec7u<\/span><\/td>\n<td><span style=\"font-weight: 400\">H\u1ea3i Thi\u00ean<\/span><\/td>\n<\/tr>\n<tr>\n<td><span style=\"font-weight: 400\">Xu\u1ea5t x\u1ee9<\/span><\/td>\n<td><span style=\"font-weight: 400\">Trung Qu\u1ed1c<\/span><\/td>\n<\/tr>\n<tr>\n<td><span style=\"font-weight: 400\">Th\u00e0nh ph\u1ea7n<\/span><\/td>\n<td><span style=\"font-weight: 400\">N\u01b0\u1edbc, \u0111\u1eadu n\u00e0nh, mu\u1ed1i \u0103n, l\u00faa m\u1ef3,&#8230;<\/span><\/td>\n<\/tr>\n<tr>\n<td><span style=\"font-weight: 400\">H\u1ea1n s\u1eed d\u1ee5ng<\/span><\/td>\n<td><span style=\"font-weight: 400\">18 th\u00e1ng k\u1ec3 t\u1eeb ng\u00e0y s\u1ea3n xu\u1ea5t.<\/span><\/td>\n<\/tr>\n<tr>\n<td><span style=\"font-weight: 400\">B\u1ea3o qu\u1ea3n<\/span><\/td>\n<td><span style=\"font-weight: 400\">\u0110\u1ec3 n\u01a1i kh\u00f4 r\u00e1o, tho\u00e1ng m\u00e1t, tr\u00e1nh \u00e1nh n\u1eafng tr\u1ef1c ti\u1ebfp<\/span><\/td>\n<\/tr>\n<tr>\n<td><span style=\"font-weight: 400\">Th\u1ec3 t\u00edch<\/span><\/td>\n<td><span style=\"font-weight: 400\">380ml<\/span><\/td>\n<\/tr>\n<\/tbody>\n<\/table>\n<p><span style=\"font-weight: 400\">N\u01b0\u1edbc t\u01b0\u01a1ng \u0111\u1eb7c bi\u1ec7t kh\u00f4ng ch\u1ea5t b\u1ea3o qu\u1ea3n H\u1ea3i Thi\u00ean &#8211; \u0111\u1eb7c bi\u1ec7t nh\u01b0 ch\u00ednh c\u00e1i t\u00ean c\u1ee7a n\u00f3. L\u00e0 lo\u1ea1i n\u01b0\u1edbc t\u01b0\u01a1ng ngon nh\u1ea5t th\u1ebf gi\u1edbi theo b\u00ecnh ch\u1ecdn c\u1ee7a h\u01a1n 86 tri\u1ec7u \u0111\u1ea7u b\u1ebfp h\u00e0ng \u0111\u1ea7u Ch\u00e2u \u00c1. Lo\u1ea1i n\u01b0\u1edbc t\u01b0\u01a1ng n\u00e0y \u0111\u01b0\u1ee3c b\u1ed5 sung th\u00eam c\u00e1c lo\u1ea1i th\u1ea3o m\u1ed9c t\u1ed1t cho s\u1ee9c kh\u1ecfe, \u0111\u1ed9 ng\u1ecdt c\u1ee7a n\u00f3 \u0111\u1ebfn t\u1eeb ch\u00ednh c\u00e1c lo\u1ea1i th\u1ea3o m\u1ed9c \u1ea5y ch\u1ee9 kh\u00f4ng v\u00ec b\u1ea5t c\u1ee9 ph\u1ee5 gia n\u00e0o.<\/span><\/p>\n<p><img fetchpriority=\"high\" decoding=\"async\" class=\"wp-image-32253 aligncenter\" src=\"https:\/\/havamall.com\/wp-content\/uploads\/2023\/08\/2-300x300.jpeg\" alt=\"\" width=\"657\" height=\"657\" \/><\/p>\n<p>N\u01b0\u1edbc t\u01b0\u01a1ng \u0111\u01b0\u1ee3c s\u1ea3n xu\u1ea5t t\u1eeb ngu\u1ed3n nguy\u00ean li\u1ec7u \u0111\u1ea3m b\u1ea3o,\u00a0<b>kh\u00f4ng s\u1eed d\u1ee5ng ph\u1ee5 gia, ch\u1ea5t b\u1ea3o qu\u1ea3n \u0111\u1ed9c h\u1ea1i<\/b>\u00a0n\u00ean c\u1ef1c k\u1ef3 an to\u00e0n v\u00e0 ph\u00f9 h\u1ee3p v\u1edbi s\u1ee9c kh\u1ecfe cho ng\u01b0\u1eddi ti\u00eau d\u00f9ng.<\/p>\n<p>S\u1ea3n ph\u1ea9m c\u00f3\u00a0<b>h\u01b0\u01a1ng v\u1ecb ng\u1ecdt thanh, th\u01a1m d\u1ecbu<\/b>, n\u01b0\u1edbc t\u01b0\u01a1ng th\u01b0\u1ee3ng h\u1ea1ng Nam D\u01b0\u01a1ng ch\u1eafc ch\u1eafn s\u1ebd \u0111em \u0111\u1ebfn cho gia \u0111\u00ecnh b\u1ea1n nh\u1eefng b\u1eefa \u0103n th\u01a1m ngon h\u01a1n, l\u00e0m d\u1eady h\u01b0\u01a1ng cho nhi\u1ec1u m\u00f3n \u0103n c\u1ee7a b\u1eefa c\u01a1m gia \u0111\u00ecnh Vi\u1ec7t.<\/p>\n<p><img decoding=\"async\" class=\"aligncenter\" src=\"https:\/\/havamall.com\/wp-content\/uploads\/2023\/08\/O1CN01HWhDFR1JXuJzQ1zZt_!!1578401039.jpg_q50s50.jpg\" alt=\"\u6d77\u5929\u5473\u6781\u9c9c\u9171\u6cb9750ml - Top 50\u4ef6\u6d77\u5929\u5473\u6781\u9c9c\u9171\u6cb9750ml - 2023\u5e748\u6708\u66f4\u65b0- Taobao\" width=\"645\" height=\"645\" \/><\/p>\n<p><span style=\"font-weight: 400\">N\u01b0\u1edbc t\u01b0\u01a1ng \u0111\u1eb7c bi\u1ec7t H\u1ea3i thi\u00ean \u0111\u01b0\u1ee3c s\u1ea3n xu\u1ea5t v\u00e0 ch\u1ebf bi\u1ebfn theo ph\u01b0\u01a1ng ph\u00e1p truy\u1ec1n th\u1ed1ng. \u00c1p d\u1ee5ng c\u00f4ng ngh\u1ec7 hi\u1ec7n \u0111\u1ea1i, \u0111\u1ea3m b\u1ea3o an to\u00e0n v\u1ec7 sinh th\u1ef1c ph\u1ea9m. D\u00f9ng tr\u1ef1c ti\u1ebfp l\u00e0m n\u01b0\u1edbc ch\u1ea5m, l\u00e0m gia v\u1ecb t\u1ea9m \u01b0\u1edbp, kho, x\u00e0o, \u2026Gia v\u1ecb kh\u00f4ng th\u1ec3 thi\u1ebfu c\u1ee7a c\u00e1c m\u00f3n h\u1ea3i s\u1ea3n.<\/span><\/p>\n<p><span style=\"font-weight: 400\">S\u1ea3n ph\u1ea9m \u0111\u01b0\u1ee3c s\u1ea3n xu\u1ea5t v\u00e0 ch\u1ebf bi\u1ebfn theo ph\u01b0\u01a1ng ph\u00e1p l\u00ean men truy\u1ec1n th\u1ed1ng theo c\u00f4ng ngh\u1ec7 hi\u1ec7n \u0111\u1ea1i, \u0111\u1ea3m b\u1ea3o an to\u00e0n v\u1ec7 sinh th\u1ef1c ph\u1ea9m v\u00e0 \u0111\u1ea1t ti\u00eau chu\u1ea9n xu\u1ea5t\/nh\u1eadp kh\u1ea9u.<\/span><a class=\"Du2c7e\" role=\"link\" href=\"https:\/\/www.google.com\/url?sa=i&amp;url=https%3A%2F%2Fsurprisewhale.com%2Fproducts%2F%25E6%25B5%25B7%25E5%25A4%25A9-0%25E6%25B7%25BB%25E5%258A%25A0-%25E5%2591%25B3%25E6%259E%2581%25E9%25B2%259C%25E9%2585%25B1%25E6%25B2%25B9-750ml&amp;psig=AOvVaw3n99NTNG0XP2c1eiPSMu31&amp;ust=1691749397267000&amp;source=images&amp;cd=vfe&amp;opi=89978449&amp;ved=0CBEQjRxqGAoTCPCG5uDv0YADFQAAAAAdAAAAABChAw\" target=\"_blank\" rel=\"noopener\"><img decoding=\"async\" class=\"r48jcc pT0Scc iPVvYb aligncenter\" src=\"https:\/\/havamall.com\/wp-content\/uploads\/2023\/08\/2_0ad4d39d-ff65-4f2c-9ea6-39b61ce5e776.jpg\" alt=\"\u6d77\u59290\u6dfb\u52a0\u7279\u7ea7\u5473\u6781\u9c9c\u9171\u6cb9750ml*1\u74f6\" width=\"636\" height=\"636\" \/><\/a><strong>\u0110\u1eb6C \u0110I\u1ec2M N\u1ed4I B\u1eacT C\u1ee6A S\u1ea2N PH\u1ea8M<\/strong><\/p>\n<p>&gt; \u0110\u01b0\u1ee3c s\u1ea3n xu\u1ea5t t\u1eeb ngu\u1ed3n nguy\u00ean li\u1ec7u \u0111\u1ea3m b\u1ea3o, kh\u00f4ng s\u1eed d\u1ee5ng ph\u1ee5 gia, ch\u1ea5t b\u1ea3o qu\u1ea3n \u0111\u1ed9c h\u1ea1i n\u00ean an to\u00e0n v\u1edbi s\u1ee9c kh\u1ecfe khi s\u1eed d\u1ee5ng.<\/p>\n<p>&gt; N\u01b0\u1edbc t\u01b0\u01a1ng\u00a0\u0111em \u0111\u1ebfn cho gia \u0111\u00ecnh b\u1ea1n nh\u1eefng b\u1eefa \u0103n th\u01a1m ngon h\u01a1n. S\u1ea3n ph\u1ea9m d\u00f9ng \u0111\u1ec3 ch\u1ea5m tr\u1ef1c ti\u1ebfp v\u1edbi th\u1ee9c \u0103n ho\u1eb7c th\u00eam t\u1ecfi, \u1edbt v\u00e0o v\u00e0 pha ch\u1ebf cho v\u1eeba kh\u1ea9u v\u1ecb c\u1ee7a t\u1eebng ng\u01b0\u1eddi.<\/p>\n<p>&gt; S\u1ea3n ph\u1ea9m\u00a0\u0111\u01b0\u1ee3c \u0111\u00f3ng chai c\u00f3 n\u1eafp k\u00edn, ti\u1ec7n l\u1ee3i cho vi\u1ec7c s\u1eed d\u1ee5ng v\u00e0 b\u1ea3o qu\u1ea3n trong gia \u0111\u00ecnh.<\/p>\n<h2><\/h2>\n<h2><strong><img loading=\"lazy\" decoding=\"async\" class=\"wp-image-32254 aligncenter\" src=\"https:\/\/havamall.com\/wp-content\/uploads\/2023\/08\/26aa248c450d4319903dffc572ca8ffd-300x300.jpeg\" alt=\"\" width=\"647\" height=\"647\" \/>H\u01b0\u1edbng d\u1eabn s\u1eed d\u1ee5ng:<\/strong><\/h2>\n<p><span style=\"font-weight: 400\">\u2013 D\u00f9ng tr\u1ef1c ti\u1ebfp l\u00e0m n\u01b0\u1edbc ch\u1ea5m:<\/span><\/p>\n<p><span style=\"font-weight: 400\">+ Ch\u1ea5m c\u00e1c m\u00f3n rau, c\u1ee7, qu\u1ea3<\/span><\/p>\n<p><span style=\"font-weight: 400\">+ Pha l\u1eabn v\u1edbi m\u00f9 t\u1ea1t ch\u1ea5m g\u1ecfi cu\u1ed1n, sushi, c\u00e1c m\u00f3n g\u1ecfi t\u01b0\u01a1i s\u1ed1ng,..<\/span><\/p>\n<p><span style=\"font-weight: 400\">+ Pha ch\u1ebf v\u1edbi t\u1ecfi, \u1edbt b\u0103m nh\u1ecf ch\u1ea5m c\u00e1c m\u00f3n n\u01b0\u1edbng, lu\u1ed9c, chi\u00ean,..<\/span><\/p>\n<p><span style=\"font-weight: 400\">\u2013 D\u00f9ng l\u00e0m gia v\u1ecb \u01b0\u1edbp kho, x\u00e0o, t\u1ea1o m\u00e0u s\u1eafc \u0111\u1eadm \u0111\u00e0 v\u00e0 th\u01a1m ngon h\u01a1n c\u00e1ch th\u1eafng \u0111\u01b0\u1eddng th\u00f4ng th\u01b0\u1eddng.<\/span><\/p>\n<p><span style=\"font-weight: 400\">\u2013 D\u00f9ng l\u00e0m gia v\u1ecb t\u1ea7m \u01b0\u1edbp v\u00e0 ch\u1ebf bi\u1ebfn c\u00e1c m\u00f3n h\u1ea3i s\u1ea3n, th\u1ecbt, c\u00e1,.. n\u01b0\u1edbng, l\u1ea9u v\u00e0 nhi\u1ec1u m\u00f3n \u0103n kh\u00e1c mang l\u1ea1i h\u01b0\u01a1ng v\u1ecb r\u1ea5t ngon v\u00e0 kh\u00e1c bi\u1ec7t.<\/span><\/p>\n<p><span style=\"font-weight: 400\">S\u1ea3n ph\u1ea9m hi\u1ec7n \u0111\u00e3 c\u00f3 m\u1eb7t y\u1ea1i Havamall.<\/span><\/p>\n<p>&nbsp;<\/p>","protected":false},"excerpt":{"rendered":"<p>TH\u00d4NG TIN CHUNG Th\u01b0\u01a1ng hi\u1ec7u H\u1ea3i Thi\u00ean Xu\u1ea5t x\u1ee9 Trung Qu\u1ed1c Th\u00e0nh ph\u1ea7n N\u01b0\u1edbc, \u0111\u1eadu n\u00e0nh, mu\u1ed1i \u0103n, l\u00faa m\u1ef3,&#8230;<\/p>","protected":false},"featured_media":32252,"comment_status":"open","ping_status":"closed","template":"","meta":[],"product_brand":[],"product_cat":[725,36],"product_tag":[],"class_list":{"0":"post-32251","1":"product","2":"type-product","3":"status-publish","4":"has-post-thumbnail","6":"product_cat-nhap-khau-trung-quoc","7":"product_cat-thuc-pham-tieu-dung","8":"pa_brand-hai-thien","10":"first","11":"instock","12":"sale","13":"shipping-taxable","14":"purchasable","15":"product-type-simple"},"_links":{"self":[{"href":"https:\/\/havamall.com\/en\/wp-json\/wp\/v2\/product\/32251","targetHints":{"allow":["GET"]}}],"collection":[{"href":"https:\/\/havamall.com\/en\/wp-json\/wp\/v2\/product"}],"about":[{"href":"https:\/\/havamall.com\/en\/wp-json\/wp\/v2\/types\/product"}],"replies":[{"embeddable":true,"href":"https:\/\/havamall.com\/en\/wp-json\/wp\/v2\/comments?post=32251"}],"version-history":[{"count":0,"href":"https:\/\/havamall.com\/en\/wp-json\/wp\/v2\/product\/32251\/revisions"}],"wp:featuredmedia":[{"embeddable":true,"href":"https:\/\/havamall.com\/en\/wp-json\/wp\/v2\/media\/32252"}],"wp:attachment":[{"href":"https:\/\/havamall.com\/en\/wp-json\/wp\/v2\/media?parent=32251"}],"wp:term":[{"taxonomy":"product_brand","embeddable":true,"href":"https:\/\/havamall.com\/en\/wp-json\/wp\/v2\/product_brand?post=32251"},{"taxonomy":"product_cat","embeddable":true,"href":"https:\/\/havamall.com\/en\/wp-json\/wp\/v2\/product_cat?post=32251"},{"taxonomy":"product_tag","embeddable":true,"href":"https:\/\/havamall.com\/en\/wp-json\/wp\/v2\/product_tag?post=32251"}],"curies":[{"name":"wp","href":"https:\/\/api.w.org\/{rel}","templated":true}]}}