{"id":32274,"date":"2023-08-11T15:21:24","date_gmt":"2023-08-11T08:21:24","guid":{"rendered":"https:\/\/havamall.com\/?post_type=product&#038;p=32274"},"modified":"2023-08-14T13:59:50","modified_gmt":"2023-08-14T06:59:50","slug":"nuoc-ep-cherry-viet-quat-oztop-goods-750ml-cherry-blueberry-juice","status":"publish","type":"product","link":"https:\/\/havamall.com\/en\/shop\/nuoc-ep-cherry-viet-quat-oztop-goods-750ml-cherry-blueberry-juice\/","title":{"rendered":"N\u01b0\u1edbc \u00c9p Cherry Vi\u1ec7t Qu\u1ea5t Oztop Goods 750ml &#8211; Cherry &amp; Blueberry Juice"},"content":{"rendered":"<p>&nbsp;<\/p>\n<h2><strong>TH\u00d4NG TIN CHUNG<\/strong><\/h2>\n<table>\n<tbody>\n<tr>\n<td>Th\u01b0\u01a1ng hi\u1ec7u<\/td>\n<td>Oztop Good<\/td>\n<\/tr>\n<tr>\n<td>Xu\u1ea5t x\u1ee9<\/td>\n<td>\u00dac<\/td>\n<\/tr>\n<tr>\n<td>Th\u00e0nh ph\u1ea7n<\/td>\n<td>N\u01b0\u1edbc \u00e9p cherry, n\u01b0\u1edbc \u00e9p vi\u1ec7t qu\u1ea5t<\/td>\n<\/tr>\n<tr>\n<td>H\u1ea1n s\u1eed d\u1ee5ng<\/td>\n<td>24 th\u00e1ng k\u1ec3 t\u1eeb ng\u00e0y s\u1ea3n xu\u1ea5t<\/td>\n<\/tr>\n<tr>\n<td>B\u1ea3o qu\u1ea3n<\/td>\n<td>\u0110\u1ec3 n\u01a1i kh\u00f4 r\u00e1o, tho\u00e1ng m\u00e1t, tr\u00e1nh \u00e1nh n\u1eafng tr\u1ef1c ti\u1ebfp<\/td>\n<\/tr>\n<tr>\n<td>Th\u1ec3 t\u00edch<\/td>\n<td>750ml<\/td>\n<\/tr>\n<\/tbody>\n<\/table>\n<p>N\u01b0\u1edbc \u00e9p cherry &amp; Blueberry oztop goods 750ml\u00a0l\u00e0 m\u1ed9t s\u1ea3n ph\u1ea9m \u0111\u00e1ng ch\u00fa \u00fd c\u1ee7a th\u01b0\u01a1ng hi\u1ec7u Oztop Goods t\u1eeb New Zealand. S\u1ea3n ph\u1ea9m kh\u00f4ng ch\u1ec9 mang \u0111\u1ebfn m\u1ed9t s\u1ef1 k\u1ebft h\u1ee3p tuy\u1ec7t v\u1eddi gi\u1eefa cherry v\u00e0 blueberry, m\u00e0 c\u00f2n l\u00e0 m\u1ed9t ngu\u1ed3n cung c\u1ea5p dinh d\u01b0\u1ee1ng qu\u00fd gi\u00e1.<\/p>\n<p>V\u1edbi h\u01b0\u01a1ng v\u1ecb ng\u1ecdt ng\u00e0o v\u00e0 tinh t\u1ebf, s\u1ea3n ph\u1ea9m n\u00e0y l\u00e0 m\u1ed9t l\u1ef1a ch\u1ecdn ho\u00e0n h\u1ea3o \u0111\u1ec3 th\u01b0\u1edfng th\u1ee9c v\u00e0o b\u1ea5t k\u1ef3 th\u1eddi \u0111i\u1ec3m n\u00e0o trong ng\u00e0y. H\u01b0\u1edbng d\u1eabn s\u1eed d\u1ee5ng v\u00e0 b\u1ea3o qu\u1ea3n \u0111\u01a1n gi\u1ea3n gi\u00fap b\u1ea1n t\u1eadn h\u01b0\u1edfng h\u01b0\u01a1ng v\u1ecb tuy\u1ec7t v\u1eddi v\u00e0 \u0111\u1ea3m b\u1ea3o ch\u1ea5t l\u01b0\u1ee3ng s\u1ea3n ph\u1ea9m.<\/p>\n<p><img fetchpriority=\"high\" decoding=\"async\" class=\"wp-image-32275 aligncenter\" src=\"https:\/\/havamall.com\/wp-content\/uploads\/2023\/08\/Oz-Cherry-Martini-1-212x300.jpeg\" alt=\"\" width=\"817\" height=\"1156\" \/><\/p>\n<p>N\u01b0\u1edbc \u00e9p cherry &amp; Blueberry Oztop Goods 750ml l\u00e0 s\u1ef1 k\u1ebft h\u1ee3p ho\u00e0n h\u1ea3o gi\u1eefa v\u1ecb ng\u1ecdt m\u01b0\u1ee3t c\u1ee7a cherry v\u00e0 h\u01b0\u01a1ng v\u1ecb t\u01b0\u01a1i m\u00e1t c\u1ee7a blueberry. M\u1ed7i ng\u1ee5m \u0111\u1eafm ch\u00ecm trong s\u1ef1 ng\u1ecdt ng\u00e0o v\u00e0 tinh t\u1ebf, cho b\u1ea1n c\u1ea3m nh\u1eadn h\u01b0\u01a1ng v\u1ecb t\u01b0\u01a1i m\u1edbi c\u1ee7a c\u00e1c lo\u1ea1i tr\u00e1i c\u00e2y \u0111\u1eadm ch\u1ea5t New Zealand.<\/p>\n<p>V\u1edbi s\u1ef1 k\u1ebft h\u1ee3p tuy\u1ec7t v\u1eddi gi\u1eefa qu\u1ea3 cherry t\u01b0\u01a1i ngon v\u00e0 qu\u1ea3 blueberry \u0111\u1eadm \u0111\u00e0, s\u1ea3n ph\u1ea9m n\u00e0y h\u1ee9a h\u1eb9n s\u1ebd mang \u0111\u1ebfn cho b\u1ea1n m\u1ed9t tr\u1ea3i nghi\u1ec7m th\u01b0\u1edfng th\u1ee9c \u0111\u1ea7y m\u00ea ho\u1eb7c. S\u1ea3n ph\u1ea9m kh\u00f4ng ch\u1ec9 l\u00e0 m\u1ed9t ly n\u01b0\u1edbc tr\u00e1i c\u00e2y th\u00f4ng th\u01b0\u1eddng, m\u00e0 c\u00f2n l\u00e0 m\u1ed9t th\u1ee9c u\u1ed1ng \u0111\u00e1ng y\u00eau v\u00e0 phong ph\u00fa, th\u00edch h\u1ee3p \u0111\u1ec3 th\u01b0\u1edfng th\u1ee9c v\u00e0o b\u1ea5t k\u1ef3 th\u1eddi \u0111i\u1ec3m n\u00e0o trong ng\u00e0y.<\/p>\n<p><img decoding=\"async\" class=\"wp-image-32276 aligncenter\" src=\"https:\/\/havamall.com\/wp-content\/uploads\/2023\/08\/Oz-Rose-Kiss_Juice_2-208x300.jpeg\" alt=\"\" width=\"818\" height=\"1180\" \/><\/p>\n<h2 id=\"huong-dan-su-dung-va-bao-quan\"><strong>H\u01af\u1edaNG D\u1eaaN S\u1eec D\u1ee4NG V\u00c0 B\u1ea2O QU\u1ea2N<\/strong><\/h2>\n<p>&#8211; \u0110\u1ec3 t\u1eadn h\u01b0\u1edfng t\u1ed1i \u0111a h\u01b0\u01a1ng v\u1ecb tuy\u1ec7t v\u1eddi c\u1ee7a n\u01b0\u1edbc \u00e9p cherry &amp; Blueberry oztop goods 750ml, h\u00e3y l\u00e0m theo c\u00e1c b\u01b0\u1edbc sau:<\/p>\n<p>&#8211; Tr\u01b0\u1edbc khi s\u1eed d\u1ee5ng, l\u1eafc nh\u1eb9 chai \u0111\u1ec3 \u0111\u1ea3m b\u1ea3o c\u00e1c th\u00e0nh ph\u1ea7n h\u1ed7n h\u1ee3p \u0111\u1ec1u nhau.<\/p>\n<p>&#8211; R\u00f3t m\u1ed9t l\u01b0\u1ee3ng n\u01b0\u1edbc \u00e9p v\u00e0o ly ho\u1eb7c c\u1ed1c.<\/p>\n<p>&#8211; C\u00f3 th\u1ec3 th\u01b0\u1edfng th\u1ee9c tr\u1ef1c ti\u1ebfp, ho\u1eb7c c\u00f3 th\u1ec3 th\u00eam \u0111\u00e1 ho\u1eb7c h\u1ed7n h\u1ee3p n\u01b0\u1edbc tr\u00e1i c\u00e2y kh\u00e1c \u0111\u1ec3 t\u1ea1o th\u00eam s\u1ef1 phong ph\u00fa cho h\u01b0\u01a1ng v\u1ecb.<\/p>\n<p>&#8211; \u0110\u1ec3 \u0111\u1ea3m b\u1ea3o ch\u1ea5t l\u01b0\u1ee3ng v\u00e0 \u0111\u1ed9 t\u01b0\u01a1i m\u1edbi c\u1ee7a s\u1ea3n ph\u1ea9m, h\u00e3y tu\u00e2n th\u1ee7 c\u00e1c h\u01b0\u1edbng d\u1eabn b\u1ea3o qu\u1ea3n sau:<\/p>\n<p>&#8211; \u0110\u1eady k\u00edn chai sau khi s\u1eed d\u1ee5ng.<\/p>\n<p>&#8211; B\u1ea3o qu\u1ea3n s\u1ea3n ph\u1ea9m trong t\u1ee7 l\u1ea1nh \u0111\u1ec3 duy tr\u00ec h\u01b0\u01a1ng v\u1ecb t\u1ed1t nh\u1ea5t.<\/p>\n<p>&#8211; H\u1ea1n ch\u1ebf ti\u1ebfp x\u00fac v\u1edbi \u00e1nh n\u1eafng m\u1eb7t tr\u1eddi tr\u1ef1c ti\u1ebfp.<\/p>\n<p><img decoding=\"async\" class=\"wp-image-32277 aligncenter\" src=\"https:\/\/havamall.com\/wp-content\/uploads\/2023\/08\/360173826_579163494418678_7153230188059754312_n-300x300.jpeg\" alt=\"\" width=\"833\" height=\"833\" \/><\/p>\n<h2><strong>GI\u00c1 TR\u1eca DINH D\u01af\u1ee0NG<\/strong><\/h2>\n<p>&gt; N\u01b0\u1edbc \u00e9p cherry &amp; Blueberry oztop goods 750ml\u00a0kh\u00f4ng ch\u1ec9 l\u00e0 m\u1ed9t s\u1ea3n ph\u1ea9m gi\u1ea3i kh\u00e1t thu\u1ea7n t\u00fay\u00a0m\u00e0 c\u00f2n cung c\u1ea5p c\u00e1c gi\u00e1 tr\u1ecb dinh d\u01b0\u1ee1ng quan tr\u1ecdng. D\u01b0\u1edbi \u0111\u00e2y l\u00e0 m\u1ed9t s\u1ed1 th\u00f4ng tin v\u1ec1 gi\u00e1 tr\u1ecb dinh d\u01b0\u1ee1ng c\u1ee7a s\u1ea3n ph\u1ea9m:<\/p>\n<p>&gt; N\u01b0\u1edbc \u00e9p cherry &amp; Blueberry oztop goods 750ml gi\u00e0u ch\u1ea5t ch\u1ed1ng oxy h\u00f3a t\u1eeb cherry v\u00e0 blueberry, gi\u00fap b\u1ea3o v\u1ec7 t\u1ebf b\u00e0o kh\u1ecfi s\u1ef1 t\u00e1c \u0111\u1ed9ng c\u1ee7a c\u00e1c g\u1ed1c t\u1ef1 do.<\/p>\n<p>&gt; Qu\u1ea3 cherry cung c\u1ea5p nhi\u1ec1u vitamin C v\u00e0 ch\u1ea5t ch\u1ed1ng vi khu\u1ea9n, gi\u00fap h\u1ed7 tr\u1ee3 h\u1ec7 mi\u1ec5n d\u1ecbch v\u00e0 duy tr\u00ec s\u1ee9c kh\u1ecfe chung.<\/p>\n<p>&gt; Blueberry ch\u1ee9a nhi\u1ec1u ch\u1ea5t x\u01a1 v\u00e0 ch\u1ea5t ch\u1ed1ng vi khu\u1ea9n t\u1ef1 nhi\u00ean, t\u1ed1t cho h\u1ec7 ti\u00eau h\u00f3a v\u00e0 s\u1ef1 c\u00e2n b\u1eb1ng \u0111\u01b0\u1eddng huy\u1ebft.<\/p>\n<p>&gt; S\u1ea3n ph\u1ea9m c\u0169ng c\u00f3 ch\u1ee9a c\u00e1c vitamin v\u00e0 kho\u00e1ng ch\u1ea5t c\u1ea7n thi\u1ebft nh\u01b0 vitamin A, vitamin K, kali, v\u00e0 mangan.<\/p>\n<p><img loading=\"lazy\" decoding=\"async\" class=\"wp-image-32278 aligncenter\" src=\"https:\/\/havamall.com\/wp-content\/uploads\/2023\/08\/3-212x300.jpeg\" alt=\"\" width=\"842\" height=\"1192\" \/><\/p>","protected":false},"excerpt":{"rendered":"<p>&nbsp; TH\u00d4NG TIN CHUNG Th\u01b0\u01a1ng hi\u1ec7u Oztop Good Xu\u1ea5t x\u1ee9 \u00dac Th\u00e0nh ph\u1ea7n N\u01b0\u1edbc \u00e9p cherry, n\u01b0\u1edbc \u00e9p vi\u1ec7t qu\u1ea5t<\/p>","protected":false},"featured_media":32279,"comment_status":"open","ping_status":"closed","template":"","meta":[],"product_brand":[],"product_cat":[135,36],"product_tag":[],"class_list":{"0":"post-32274","1":"product","2":"type-product","3":"status-publish","4":"has-post-thumbnail","6":"product_cat-sua-do-uong","7":"product_cat-thuc-pham-tieu-dung","9":"first","10":"instock","11":"sale","12":"shipping-taxable","13":"purchasable","14":"product-type-simple"},"_links":{"self":[{"href":"https:\/\/havamall.com\/en\/wp-json\/wp\/v2\/product\/32274","targetHints":{"allow":["GET"]}}],"collection":[{"href":"https:\/\/havamall.com\/en\/wp-json\/wp\/v2\/product"}],"about":[{"href":"https:\/\/havamall.com\/en\/wp-json\/wp\/v2\/types\/product"}],"replies":[{"embeddable":true,"href":"https:\/\/havamall.com\/en\/wp-json\/wp\/v2\/comments?post=32274"}],"version-history":[{"count":0,"href":"https:\/\/havamall.com\/en\/wp-json\/wp\/v2\/product\/32274\/revisions"}],"wp:featuredmedia":[{"embeddable":true,"href":"https:\/\/havamall.com\/en\/wp-json\/wp\/v2\/media\/32279"}],"wp:attachment":[{"href":"https:\/\/havamall.com\/en\/wp-json\/wp\/v2\/media?parent=32274"}],"wp:term":[{"taxonomy":"product_brand","embeddable":true,"href":"https:\/\/havamall.com\/en\/wp-json\/wp\/v2\/product_brand?post=32274"},{"taxonomy":"product_cat","embeddable":true,"href":"https:\/\/havamall.com\/en\/wp-json\/wp\/v2\/product_cat?post=32274"},{"taxonomy":"product_tag","embeddable":true,"href":"https:\/\/havamall.com\/en\/wp-json\/wp\/v2\/product_tag?post=32274"}],"curies":[{"name":"wp","href":"https:\/\/api.w.org\/{rel}","templated":true}]}}