{"id":32329,"date":"2023-08-15T16:48:14","date_gmt":"2023-08-15T09:48:14","guid":{"rendered":"https:\/\/havamall.com\/?post_type=product&#038;p=32329"},"modified":"2024-01-24T10:00:34","modified_gmt":"2024-01-24T03:00:34","slug":"bia-gung-vang-khong-do-len-men-tu-kombucha-gung-vang-v-green-330ml-ginger-beer","status":"publish","type":"product","link":"https:\/\/havamall.com\/en\/shop\/bia-gung-vang-khong-do-len-men-tu-kombucha-gung-vang-v-green-330ml-ginger-beer\/","title":{"rendered":"Bia G\u1eebng V\u00e0ng Kh\u00f4ng \u0110\u1ed9 (L\u00ean Men T\u1eeb Kombucha &amp; G\u1eebng V\u00e0ng) V Green 330ml \u2013 Ginger Beer"},"content":{"rendered":"<p>&nbsp;<\/p>\n<h2><strong>TH\u00d4NG TIN CHUNG<\/strong><\/h2>\n<table>\n<tbody>\n<tr>\n<td>Th\u01b0\u01a1ng hi\u1ec7u<\/td>\n<td>V Green<\/td>\n<\/tr>\n<tr>\n<td>Xu\u1ea5t x\u1ee9<\/td>\n<td>Vi\u1ec7t Nam<\/td>\n<\/tr>\n<tr>\n<td>Th\u00e0nh ph\u1ea7n<\/td>\n<td>L\u00ean men t\u1eeb n\u1ea5m th\u1ee7y s\u00e2m Kombucha k\u1ebft h\u1ee3p v\u1edbi g\u1eebng v\u00e0ng Shogaol<\/td>\n<\/tr>\n<tr>\n<td>H\u1ea1n s\u1eed d\u1ee5ng<\/td>\n<td>12 th\u00e1ng k\u1ec3 t\u1eeb ng\u00e0y s\u1ea3n xu\u1ea5t<\/td>\n<\/tr>\n<tr>\n<td>B\u1ea3o qu\u1ea3n<\/td>\n<td>\u0110\u1ec3 n\u01a1i kh\u00f4 r\u00e1o, tho\u00e1ng m\u00e1t, tr\u00e1nh \u00e1nh n\u1eafng tr\u1ef1c ti\u1ebfp<\/td>\n<\/tr>\n<tr>\n<td>Th\u1ec3 t\u00edch<\/td>\n<td>330L<\/td>\n<\/tr>\n<\/tbody>\n<\/table>\n<p>VGreen Group l\u00e0 m\u1ed9t doanh nghi\u1ec7p c\u00f3 tr\u1ee5 s\u1edf t\u1ea1i Vi\u1ec7t Nam v\u00e0 ho\u1ea1t \u0111\u1ed9ng trong l\u0129nh v\u1ef1c s\u1ea3n xu\u1ea5t \u0111\u1ed3 u\u1ed1ng v\u00e0 th\u1ef1c ph\u1ea9m b\u1ed5 d\u01b0\u1ee1ng cho s\u1ee9c kh\u1ecfe. V\u1edbi t\u1ea7m nh\u00ecn l\u00e0 gi\u1edbi thi\u1ec7u n\u00f4ng s\u1ea3n v\u00e0 tr\u00ed tu\u1ec7 c\u1ee7a Vi\u1ec7t Nam t\u1edbi kh\u00e1ch h\u00e0ng trong n\u01b0\u1edbc v\u00e0 qu\u1ed1c t\u1ebf th\u00f4ng qua h\u1ec7 sinh th\u00e1i s\u1ea3n ph\u1ea9m \u0111\u1ed3 u\u1ed1ng c\u00f3 l\u1ee3i cho s\u1ee9c kh\u1ecfe, VGreen Group \u0111ang h\u01b0\u1edbng t\u1edbi m\u1ee5c ti\u00eau tr\u1edf th\u00e0nh doanh nghi\u1ec7p d\u1eabn d\u1eaft trong m\u1ea3ng s\u1ea3n xu\u1ea5t \u0111\u1ed3 u\u1ed1ng v\u00e0 th\u1ef1c ph\u1ea9m b\u1ed5 d\u01b0\u1ee1ng cho s\u1ee9c kh\u1ecfe.<\/p>\n<p><img fetchpriority=\"high\" decoding=\"async\" class=\"wp-image-32313 aligncenter\" src=\"https:\/\/havamall.com\/wp-content\/uploads\/2023\/08\/217937442_2320205931443210_3238961739833271635_n-300x155.jpeg\" alt=\"\" width=\"763\" height=\"394\" \/><\/p>\n<p>Xu\u1ea5t x\u1ee9 \u1edf v\u00f9ng Vi\u1ec5n \u0110\u00f4ng t\u1eeb kho\u1ea3ng 2000 n\u0103m tr\u01b0\u1edbc v\u00e0 \u0111\u01b0\u1ee3c ng\u01b0\u1eddi Trung Qu\u1ed1c g\u1ecdi l\u00e0 \u201cThu\u1ed1c ti\u00ean b\u1ea5t t\u1eed\u201d, Tr\u00e0 kombucha l\u00e0 th\u1ee9c u\u1ed1ng c\u00f3 nhi\u1ec1u l\u1ee3i \u00edch tuy\u1ec7t di\u1ec7u cho s\u1ee9c kho\u1ebb.<\/p>\n<p>Kombucha l\u00e0 th\u1ee9c u\u1ed1ng l\u00ean men t\u1eeb tr\u00e0 \u0111en v\u00e0 \u0111\u01b0\u1eddng (t\u1eeb nhi\u1ec1u lo\u1ea1i kh\u00e1c nhau g\u1ed3m \u0111\u01b0\u1eddng m\u00eda, tr\u00e1i c\u00e2y hay m\u1eadt ong) \u0111\u01b0\u1ee3c s\u1eed d\u1ee5ng nh\u01b0 m\u1ed9t th\u1ef1c ph\u1ea9m ch\u1ee9c n\u0103ng. \u0110\u1ed3 u\u1ed1ng n\u00e0y c\u00f3 c\u00e1c vi khu\u1ea9n v\u00e0 men l\u00e0m k\u00edch th\u00edch qu\u00e1 tr\u00ecnh l\u00ean men khi k\u1ebft h\u1ee3p v\u1edbi \u0111\u01b0\u1eddng. Sau khi l\u00ean men, kombucha ch\u1ee9a gi\u1ea5m, vitamin nh\u00f3m B, enzyme, probiotic (vi khu\u1ea9n v\u00e0 n\u1ea5m men c\u00f3 t\u00e1c d\u1ee5ng t\u00edch c\u1ef1c l\u00ean h\u1ec7 ti\u00eau ho\u00e1) v\u00e0 c\u00f3 h\u00e0m l\u01b0\u1ee3ng cao axit (acetic, gluconic v\u00e0 lactic) v\u1edbi nhi\u1ec1u c\u00f4ng d\u1ee5ng v\u1edbi s\u1ee9c kh\u1ecfe.<\/p>\n<p><img decoding=\"async\" class=\"wp-image-32330 aligncenter\" src=\"https:\/\/havamall.com\/wp-content\/uploads\/2023\/08\/254276371_2410962065700929_3498982322646949196_n-300x300.jpeg\" alt=\"\" width=\"779\" height=\"779\" \/><\/p>\n<p>T\u1eeb n\u1ea5m th\u1ee7y s\u00e2m Kombucha, Vgreen s\u1ea3n xu\u1ea5t d\u00f2ng s\u1ea3n ph\u1ea9m n\u01b0\u1edbc u\u1ed1ng \u0111\u1ed9c quy\u1ec1n l\u00e0 BIA G\u1eeaNG, \u0111\u01b0\u1ee3c nghi\u00ean c\u1ee9u, Ph\u00e1t tri\u1ec3n theo c\u00f4ng tr\u00ecnh nghi\u00ean c\u1ee9u khoa h\u1ecdc v\u00e0 \u0111\u01b0\u1ee3c Chuy\u00ean gia Sinh h\u00f3a c\u1ee7a Vgreen ph\u00e1t tri\u1ec3n th\u00e0nh c\u00f4ng th\u1ee9c b\u00ed truy\u1ec1n.<\/p>\n<p>Bia g\u1eebng h\u1ed3ng \u0111\u01b0\u1ee3c l\u00ean men t\u1eeb n\u1ea5m th\u1ee7y s\u00e2m Kombucha k\u1ebft h\u1ee3p v\u1edbi g\u1eebng v\u00e0ng Shogaol \u2013 gia v\u1ecb qu\u00fd c\u1ee7a Nh\u1eadt B\u1ea3n mang \u0111\u1ebfn m\u1ed9t th\u1ee9c u\u1ed1ng \u0111\u1ed9c \u0111\u00e1o v\u00e0 ngon l\u00e0nh, cho c\u1ea3m gi\u00e1c h\u01a1i cay t\u00ea \u1edf \u0111\u1ea7u l\u01b0\u1ee1i, t\u1ea1o hung ph\u1ea5n v\u00e0 c\u1ef1c k\u1ef3 t\u1ed1t cho s\u1ee9c kh\u1ecfe.<\/p>\n<p><img decoding=\"async\" class=\"wp-image-32331 aligncenter\" src=\"https:\/\/havamall.com\/wp-content\/uploads\/2023\/08\/275489826_2510712829059185_4005968502150450787_n-300x200.jpeg\" alt=\"\" width=\"782\" height=\"522\" \/><\/p>\n<p>Ngo\u00e0i vi\u1ec7c ph\u00f2ng ch\u1ed1ng c\u00e1c l\u1ecd\u1ea1i v.i.r.u.s nguy hi\u1ec3m x\u00e2m nh\u1eadp, m\u00f9a l\u1ea1nh \u0111\u1ebfn c\u0169ng l\u00e0 th\u1eddi \u0111i\u1ec3m nh\u1ea1y c\u1ea3m m\u00e0 l\u00e1 ph\u1ed5i c\u1ee7a b\u1ea1n c\u1ea7n ph\u1ea3i \u0111\u01b0\u1ee3c b\u1ea3o v\u1ec7 m\u1ed9t c\u00e1ch t\u1ed1t nh\u1ea5t \u0111\u1ec3 kh\u00f4ng b\u1ecb t\u1ed5n th\u01b0\u01a1ng \u0111\u1ebfn to\u00e0n b\u1ed9 h\u1ec7 h\u00f4 h\u1ea5p. S\u1eed d\u1ee5ng BIA G\u1eeaNG KH\u00d4NG \u0110\u1ed8 m\u1ed7i ng\u00e0y c\u0169ng l\u00e0 m\u1ed9t c\u00e1ch gi\u00fap b\u1ea1n T\u0102NG C\u01af\u1edcNG S\u1ee8C \u0110\u1ec0 KH\u00c1NG &#8211; B\u1ea2O V\u1ec6 H\u1ec6 H\u00d4 H\u1ea4P trong m\u00f9a l\u1ea1nh.<\/p>\n<p>B\u00ean c\u1ea1nh \u0111\u00f3, u\u1ed1ng BIA G\u1eeaNG r\u1ea5t t\u1ed1t cho s\u1ee9c kh\u1ecfe d\u1ea1 d\u00e0y, kh\u1eafc ph\u1ee5c nh\u1eefng s\u1ef1 c\u1ed1 li\u00ean quan \u0111\u1ebfn \u0111\u1ea7y h\u01a1i, ti\u00eau h\u00f3a k\u00e9m,&#8230;. G\u1eebng c\u00f3 nhi\u1ec1u h\u1ee3p ch\u1ea5t pararadol v\u00e0 gingerol, c\u00f3 t\u00e1c d\u1ee5ng ti\u00eau di\u1ec7t t\u1ebf b\u00e0o ung th\u01b0, h\u1ea1n ch\u1ebf kh\u1ed1i u di c\u0103n sang c\u00e1c t\u1ebf b\u00e0o m\u00f4 v\u00e0 b\u1ed9 ph\u1eadn kh\u00e1c.<\/p>\n<p><img loading=\"lazy\" decoding=\"async\" class=\"wp-image-32316 aligncenter\" src=\"https:\/\/havamall.com\/wp-content\/uploads\/2023\/08\/246372707_2402726289857840_4421826083245296752_n-300x300.jpeg\" alt=\"\" width=\"770\" height=\"770\" \/><\/p>\n<h2><strong>C\u00d4NG D\u1ee4NG \u0110\u1ed0I V\u1edaI S\u1ee8C KHO\u1eba<\/strong><\/h2>\n<ul>\n<li>B\u1ea3o v\u1ec7 tim m\u1ea1ch, g\u00f3p ph\u1ea7n l\u00e0m gi\u1ea3m nguy c\u01a1 \u0111\u1ed9t qu\u1ef5<\/li>\n<li>T\u0103ng s\u1ee9c \u0111\u1ec1 kh\u00e1ng v\u00e0 b\u1ed5 sung n\u0103ng l\u01b0\u1ee3ng cho c\u01a1 th\u1ec3<\/li>\n<li>B\u1ea3o v\u1ec7 gan, th\u1eadn kh\u1ecfi nh\u1eefng t\u00e1c h\u1ea1i do c\u00e1c ch\u1ea5t k\u00edch th\u00edch g\u00e2y ra<\/li>\n<li>H\u1ed7 tr\u1ee3 gi\u1ea3m b\u00e9o, gi\u1ea3m c\u00e2n, ki\u1ec3m so\u00e1t c\u00e2n n\u1eb7ng c\u1ee7a c\u01a1 th\u1ec3 hi\u1ec7u qu\u1ea3<\/li>\n<li>\u0110i\u1ec1u tr\u1ecb m\u1ee1 m\u00e1u, th\u1ea3i \u0111\u1ed9c c\u01a1 th\u1ec3<\/li>\n<li>B\u1ed5 sung ch\u1ea5t ch\u1ed1ng oxy h\u00f3a, ph\u00f2ng ch\u1ed1ng c\u00e1c t\u00e1c nh\u00e2n g\u00e2y ung th\u01b0<\/li>\n<li>Ch\u1ed1ng l\u00e3o h\u00f3a, k\u00e9o d\u00e0i s\u1ef1 t\u01b0\u01a1i tr\u1ebb cho l\u00e0n da<\/li>\n<\/ul>\n<h2><img loading=\"lazy\" decoding=\"async\" class=\"wp-image-32317 aligncenter\" src=\"https:\/\/havamall.com\/wp-content\/uploads\/2023\/08\/274856565_2495506183913183_6236827664262678740_n-240x300.jpeg\" alt=\"\" width=\"775\" height=\"969\" \/><\/h2>\n<h2><strong>H\u01af\u1edaNG D\u1eaaN S\u1eec D\u1ee4NG<\/strong><\/h2>\n<p>&gt; Ngon h\u01a1n khi d\u00f9ng l\u1ea1nh, k\u00e8m \u0111\u00e1 l\u1ea1nh.<\/p>\n<p>&gt; C\u00f3 th\u1ec3 d\u00f9ng chung v\u1edbi t\u1ea5t c\u1ea3 th\u1ee9c \u0103n.<\/p>\n<p>&gt; Th\u00edch h\u1ee3p trong c\u00e1c bu\u1ed5i g\u1eb7p m\u1eb7t, tr\u00f2 truy\u1ec7n, h\u1eb9n h\u00f2 ho\u1eb7c ti\u1ec7c t\u00f9ng v\u1edbi b\u1ea1n b\u00e8, gia \u0111\u00ecnh, c\u00f4ng ty,\u2026<\/p>\n<p><img loading=\"lazy\" decoding=\"async\" class=\"wp-image-32318 aligncenter\" src=\"https:\/\/havamall.com\/wp-content\/uploads\/2023\/08\/255957172_2415261718604297_4385524559313337650_n-300x300.jpeg\" alt=\"\" width=\"760\" height=\"760\" \/><\/p>","protected":false},"excerpt":{"rendered":"<p>&nbsp; TH\u00d4NG TIN CHUNG Th\u01b0\u01a1ng hi\u1ec7u V Green Xu\u1ea5t x\u1ee9 Vi\u1ec7t Nam Th\u00e0nh ph\u1ea7n L\u00ean men t\u1eeb n\u1ea5m th\u1ee7y s\u00e2m<\/p>","protected":false},"featured_media":32332,"comment_status":"open","ping_status":"closed","template":"","meta":[],"product_brand":[],"product_cat":[135,36],"product_tag":[],"class_list":{"0":"post-32329","1":"product","2":"type-product","3":"status-publish","4":"has-post-thumbnail","6":"product_cat-sua-do-uong","7":"product_cat-thuc-pham-tieu-dung","9":"first","10":"outofstock","11":"sale","12":"shipping-taxable","13":"purchasable","14":"product-type-simple"},"_links":{"self":[{"href":"https:\/\/havamall.com\/en\/wp-json\/wp\/v2\/product\/32329","targetHints":{"allow":["GET"]}}],"collection":[{"href":"https:\/\/havamall.com\/en\/wp-json\/wp\/v2\/product"}],"about":[{"href":"https:\/\/havamall.com\/en\/wp-json\/wp\/v2\/types\/product"}],"replies":[{"embeddable":true,"href":"https:\/\/havamall.com\/en\/wp-json\/wp\/v2\/comments?post=32329"}],"version-history":[{"count":0,"href":"https:\/\/havamall.com\/en\/wp-json\/wp\/v2\/product\/32329\/revisions"}],"wp:featuredmedia":[{"embeddable":true,"href":"https:\/\/havamall.com\/en\/wp-json\/wp\/v2\/media\/32332"}],"wp:attachment":[{"href":"https:\/\/havamall.com\/en\/wp-json\/wp\/v2\/media?parent=32329"}],"wp:term":[{"taxonomy":"product_brand","embeddable":true,"href":"https:\/\/havamall.com\/en\/wp-json\/wp\/v2\/product_brand?post=32329"},{"taxonomy":"product_cat","embeddable":true,"href":"https:\/\/havamall.com\/en\/wp-json\/wp\/v2\/product_cat?post=32329"},{"taxonomy":"product_tag","embeddable":true,"href":"https:\/\/havamall.com\/en\/wp-json\/wp\/v2\/product_tag?post=32329"}],"curies":[{"name":"wp","href":"https:\/\/api.w.org\/{rel}","templated":true}]}}