{"id":32416,"date":"2023-09-12T15:42:07","date_gmt":"2023-09-12T08:42:07","guid":{"rendered":"https:\/\/havamall.com\/?post_type=product&#038;p=32416"},"modified":"2026-03-18T12:48:09","modified_gmt":"2026-03-18T05:48:09","slug":"ca-phe-hoa-tan-gold-blend-nescafe-100g","status":"publish","type":"product","link":"https:\/\/havamall.com\/en\/shop\/ca-phe-hoa-tan-gold-blend-nescafe-100g\/","title":{"rendered":"C\u00e0 Ph\u00ea Ho\u00e0 Tan Gold Blend Nescafe 100G &#8211; Rich &amp; Smooth Pure Soluble Coffee"},"content":{"rendered":"<section class=\"product-stage v2 js-product-stage animate-block remove-top-spacing no-padding-from-left no-padding-from-right content-animation\">\n<div class=\"grid-x grid-container grid-padding-x product-stage__inner-wraper u-position-relative\">\n<div class=\"cell large-10 xlarge-9 small-24 large-offset-1 product-stage__product-detail content-animation\">\n<div class=\"description copy-xlarge show-for-large\">\n<div class=\"text-fullstr\">\n<div class=\"field-wrapper field field-node--field-dsu-product-desc field-name-field-dsu-product-desc field-type-text-with-summary field-label-hidden\">\n<div class=\"field-items\">\n<div class=\"field-item\">\n<h2><\/h2>\n<h2><strong>TH\u00d4NG TIN CHUNG<\/strong><\/h2>\n<table width=\"1130\">\n<tbody>\n<tr>\n<td>Th\u01b0\u01a1ng hi\u1ec7u<\/td>\n<td>NESCAF\u00c9<\/td>\n<\/tr>\n<tr>\n<td>Xu\u1ea5t x\u1ee9<\/td>\n<td>H\u00e0n Qu\u1ed1c<\/td>\n<\/tr>\n<tr>\n<td>Th\u00e0nh ph\u1ea7n<\/td>\n<td>100% B\u1ed9t c\u00e0 ph\u00ea s\u1ea5y l\u1ea1nh ho\u00e0 tan<\/td>\n<\/tr>\n<tr>\n<td>H\u1ea1n s\u1eed d\u1ee5ng<\/td>\n<td>36 th\u00e1ng k\u1ec3 t\u1eeb ng\u00e0y s\u1ea3n xu\u1ea5t<\/td>\n<\/tr>\n<tr>\n<td>B\u1ea3o qu\u1ea3n<\/td>\n<td>\u0110\u1ec3 n\u01a1i kh\u00f4 r\u00e1o, tho\u00e1ng m\u00e1t, tr\u00e1nh \u00e1nh n\u1eafng tr\u1ef1c ti\u1ebfp<\/td>\n<\/tr>\n<tr>\n<td>Kh\u1ed1i l\u01b0\u1ee3ng<\/td>\n<td>100g<\/td>\n<\/tr>\n<\/tbody>\n<\/table>\n<p>K\u1ebft h\u1ee3p ho\u00e0n h\u1ea3o gi\u1eefa h\u1ea1t c\u00e0 ph\u00ea Arabica v\u00e0 Robusta, NESCAF\u00c9 GOLD BLEND NGUY\u00caN CH\u1ea4T H\u00d2A TAN mang \u0111\u1ebfn cho b\u1ea1n m\u1ed9t tr\u1ea3i nghi\u1ec7m c\u00e0 ph\u00ea v\u1edbi h\u01b0\u01a1ng v\u1ecb h\u00e0i h\u00f2a gi\u1eefa v\u1ecb \u0111\u1eafng c\u1ee7a h\u1ea1t Robusta v\u00e0 n\u1ed1t chua nh\u1eb9 c\u1ee7a h\u1ea1t Arbica.<\/p>\n<p><img fetchpriority=\"high\" decoding=\"async\" class=\"wp-image-32417 aligncenter\" src=\"https:\/\/havamall.com\/wp-content\/uploads\/2023\/09\/nescafe-co-nhung-loai-ca-phe-hoa-tan-nao-ban-da-thu-chua-202112061241098597-300x188.png\" alt=\"\" width=\"715\" height=\"448\" \/><\/p>\n<p>C\u00e0 ph\u00ea Arabica l\u00e0 lo\u1ea1i c\u00e0 ph\u00ea h\u1ea1t nh\u1ecf, \u00edt \u0111\u1eafng, h\u01b0\u01a1ng th\u01a1m v\u00e0 c\u00f3 v\u1ecb chua d\u1ecbu nh\u1eb9. H\u00e0m l\u01b0\u1ee3ng caffein trong h\u1ea1t Arabica (0,8% &#8211; 1,4%) ch\u1ec9 b\u1eb1ng 50%\u00a0so v\u1edbi h\u1ea1t Robusta (1,7% &#8211; 2,5%). C\u00e0 ph\u00ea Arabica\u00a0\u0111\u01b0\u1ee3c tr\u1ed3ng ph\u1ed5 bi\u1ebfn \u1edf v\u00f9ng c\u00f3 \u0111\u1ed9 cao tr\u00ean 800m \u1edf nhi\u1ec1u qu\u1ed1c gia nh\u01b0 Colombia, Ethiopia, Indonesia, Brazil, Trung M\u1ef9&#8230; v\u00e0 chi\u1ebfm ph\u1ea7n l\u1edbn s\u1ea3n l\u01b0\u1ee3ng c\u00e0 ph\u00ea s\u1ea3n xu\u1ea5t tr\u00ean to\u00e0n th\u1ebf gi\u1edbi.<\/p>\n<p><img decoding=\"async\" class=\"wp-image-32418 aligncenter\" src=\"https:\/\/havamall.com\/wp-content\/uploads\/2023\/09\/ca-phe-hoa-tan-nescafe-gold-lo-200g-300x191.jpeg\" alt=\"\" width=\"715\" height=\"455\" \/><\/p>\n<p>T\u1ea1i Vi\u1ec7t Nam, h\u1ea1t c\u00e0 ph\u00ea Arabica c\u0169ng \u0111\u01b0\u1ee3c gieo tr\u1ed3ng v\u00e0 thu ho\u1ea1ch \u1edf m\u1ed9t s\u1ed1 v\u00f9ng tr\u1ed3ng c\u00e0 ph\u00ea l\u1edbn nh\u01b0 \u0110\u00e0 L\u1ea1t, \u0110i\u1ec7n Bi\u00ean, Qu\u1ea3ng Tr\u1ecb\u2026 Do \u0111i\u1ec1u ki\u1ec7n tr\u1ed3ng \u0111\u00f2i h\u1ecfi kh\u1eafc nghi\u1ec7t h\u01a1n so v\u1edbi h\u1ea1t Robusta v\u00e0 s\u1ea3n l\u01b0\u1ee3ng h\u1ea1n ch\u1ebf d\u1eabn \u0111\u1ebfn gi\u00e1 tr\u1ecb c\u1ee7a h\u1ea1t c\u00e0 ph\u00ea Arabica \u1edf Vi\u1ec7t Nam cao h\u01a1n kh\u00e1 nhi\u1ec1u so v\u1edbi h\u1ea1t Arabica.<\/p>\n<p>Tuy c\u00e0 ph\u00ea\u00a0c\u00f3 nhi\u1ec1u c\u00e1ch\u00a0th\u01b0\u1edfng th\u1ee9c\u00a0kh\u00e1c nhau, ch\u1eb3ng h\u1ea1n \u1edf \u00dd c\u00e0 ph\u00ea\u00a0th\u01b0\u1eddng\u00a0d\u00f9ng k\u00e8m v\u1edbi b\u1eefa s\u00e1ng, \u1edf M\u1ef9 th\u00ec\u00a0chu\u1ed9ng\u00a0c\u00e0 ph\u00ea\u00a0mang \u0111i (take-away), hay\u00a0\u1edf Ph\u00e1p nh\u1eefng t\u00e1ch\u00a0c\u00e0 ph\u00ea n\u00f3ng v\u00e0\u00a0s\u00e1nh \u0111\u1eb7c \u0111\u01b0\u1ee3c y\u00eau th\u00edch\u2026, v\u00e0 d\u00f9 th\u00f3i quen\u00a0l\u00e0 g\u00ec th\u00ec c\u00e0 ph\u00ea t\u1eeb h\u1ea1t Arabica \u0111\u1ec1u\u00a0\u0111\u01b0\u1ee3c \u01b0a\u00a0\u00e1i l\u1ef1a ch\u1ecdn.<\/p>\n<p><img decoding=\"async\" class=\"wp-image-32419 aligncenter\" src=\"https:\/\/havamall.com\/wp-content\/uploads\/2023\/09\/03e3d9185fe924534-300x262.png\" alt=\"\" width=\"716\" height=\"625\" \/><\/p>\n<\/div>\n<\/div>\n<\/div>\n<\/div>\n<\/div>\n<\/div>\n<\/div>\n<\/section>\n<div class=\"field-wrapper field field-node--field-pdp-components field-name-field-pdp-components field-type-entity-reference-revisions field-label-hidden\">\n<div class=\"field-items\">\n<div class=\"field-item\">\n<section class=\"grid-container text-and-title js-text-and-title animate-block content-animation\">\n<div class=\"grid-x grid-margin-x\">\n<div class=\"cell large-offset-3 large-10\">\n<p>NESCAF\u00c9 GOLD BLEND NGUY\u00caN CH\u1ea4T H\u00d2A TAN l\u00e0 s\u1ea3n ph\u1ea9m c\u00e0 ph\u00ea\u00a0\u0111\u01b0\u1ee3c l\u00e0m t\u1eeb\u00a0h\u1ea1t Arabica v\u00e0 Robusta h\u00f2a tan nguy\u00ean ch\u1ea5t 100% (kh\u00f4ng ch\u1ee9a \u0111\u01b0\u1eddng v\u00e0 s\u1eefa) nh\u1eadp kh\u1ea9u t\u1eeb H\u00e0n Qu\u1ed1c. Sau qu\u00e1 tr\u00ecnh\u00a0ch\u1ecdn l\u1ecdc k\u1ef9 l\u01b0\u1ee1ng, h\u1ea1t c\u00e0 ph\u00ea s\u1ebd\u00a0\u0111\u01b0\u1ee3c\u00a0s\u1ea5y l\u1ea1nh b\u1eb1ng c\u00f4ng ngh\u1ec7\u00a0hi\u1ec7n \u0111\u1ea1i nh\u1ea5t\u00a0t\u1eeb Nestl\u00e9 \u0111\u1ec3 l\u00e0m n\u1ed5i b\u1eadt s\u1ef1 k\u1ebft h\u1ee3p h\u00e0i h\u00f2a gi\u1eefa h\u01b0\u01a1ng v\u1ecb c\u00e0 ph\u00ea m\u1ea1nh m\u1ebd v\u00e0 m\u00f9i th\u01a1m d\u1ecbu nh\u1eb9, c\u00f9ng n\u1ed1t chua\u00a0thanh \u0111\u1eb7c tr\u01b0ng\u00a0c\u1ee7a h\u1ea1t Arabica trong t\u1eebng gi\u1ecdt c\u00e0 ph\u00ea b\u1ea1n th\u01b0\u1edfng th\u1ee9c.<\/p>\n<p>Caffein trong c\u00e0 ph\u00ea l\u00e0m t\u0103ng ho\u1ea1t \u0111\u1ed9ng trao \u0111\u1ed5i ch\u1ea5t v\u00e0 gi\u00fap c\u01a1 th\u1ec3 \u0111\u1ed1t ch\u00e1y nhi\u1ec1u calo h\u01a1n m\u1ee9c b\u00ecnh th\u01b0\u1eddng. \u0110\u00f3 l\u00e0 l\u00fd do NESCAF\u00c9 GOLD BLEND NGUY\u00caN CH\u1ea4T H\u00d2A TAN \u0111\u01b0\u1ee3c t\u1ea1o ra t\u1eeb 100% h\u1ea1t Arabica v\u00e0 Robusta v\u00e0 ho\u00e0n to\u00e0n kh\u00f4ng th\u00eam \u0111\u01b0\u1eddng ho\u1eb7c s\u1eefa.<\/p>\n<p>Nescafe GOLD \u00a0h\u0169 200gr \u0111\u01b0\u01a1\u0323c nh\u00e2\u0323p kh\u00e2\u0309u tr\u01b0\u0323c ti\u00ea\u0301p t\u01b0\u0300 Ha\u0300n Qu\u00f4\u0301c \u0111em \u0111\u00ea\u0301n cho ba\u0323n tra\u0309i nghi\u00ea\u0323m kho\u0301 c\u01b0\u01a1\u0303ng v\u00ea\u0300 h\u01b0\u01a1ng vi\u0323 cafe nguy\u00ean ch\u00e2\u0301t. H\u1ea1t c\u00e0 ph\u00ea Arabica v\u00e0 Robusta \u0111\u1eb3ng c\u1ea5p th\u1ebf gi\u1edbi \u0111\u01b0\u1ee3c ch\u1ecdn v\u00e0 rang v\u00e0ng \u0111\u1ec3 t\u1ea1o ra h\u01b0\u01a1ng v\u1ecb phong ph\u00fa, th\u1ecfa m\u00e3n v\u00e0 h\u01b0\u01a1ng th\u01a1m quy\u1ebfn r\u0169 c\u1ee7a lo\u1ea1i c\u00e0 ph\u00ea tinh x\u1ea3o n\u00e0y.<\/p>\n<p><img loading=\"lazy\" decoding=\"async\" class=\"wp-image-32420 aligncenter\" src=\"https:\/\/havamall.com\/wp-content\/uploads\/2023\/09\/ca-phe-hoa-tan-nescafe-gold-cappuccino-hop-124g-300x191.jpeg\" alt=\"\" width=\"719\" height=\"457\" \/><\/p>\n<h2><strong>C\u00d4NG D\u1ee4NG C\u1ee6A C\u00c0 PH\u00ca<\/strong><\/h2>\n<p>&#8211; C\u00e0 ph\u00ea c\u00f3 ch\u1ee9a m\u1ed9t l\u01b0\u1ee3ng l\u1edbn c\u00e1c ch\u1ea5t ch\u1ed1ng oxy h\u00f3a bao g\u1ed3m flavonoid, axit chlorogenic gi\u00fap b\u1ea3o v\u1ec7 c\u01a1 th\u1ec3 kh\u1ecfi nhi\u1ec1u lo\u1ea1i b\u1ec7nh t\u1eadt.<\/p>\n<p>&#8211; Ngo\u00e0i ra c\u00e0 ph\u00ea c\u00f2n ch\u1ee9a magi\u00ea, kali, niacin, choline v\u00e0 l\u00e0 ngu\u1ed3n cung c\u1ea5p vitamin B2, riboflavin phong ph\u00fa.<\/p>\n<p>&#8211; C\u00e0 ph\u00ea Nescaf\u00e9 Gold Blend\u00a0\u0111\u01b0\u1ee3c s\u1ea3n xu\u1ea5t theo quy tr\u00ecnh hi\u1ec7n \u0111\u1ea1i v\u00e0 \u0111\u01b0\u1ee3c nh\u1eadp kh\u1ea9u tr\u1ef1c ti\u1ebfp t\u1eeb H\u00e0n Qu\u1ed1c.<\/p>\n<p>&#8211; S\u1ea3n ph\u1ea9m kh\u00f4ng ch\u1ee9a h\u1ee3p ch\u1ea5t b\u1ea3o qu\u1ea3n, an to\u00e0n, v\u1ec7 sinh, ti\u1ec7n l\u1ee3i.<\/p>\n<p><img loading=\"lazy\" decoding=\"async\" class=\"wp-image-32421 aligncenter\" src=\"https:\/\/havamall.com\/wp-content\/uploads\/2023\/09\/93979258125896569064460657987288940150784n-1623732404-300x300.png\" alt=\"\" width=\"717\" height=\"717\" \/><\/p>\n<h2><strong>H\u01af\u1edaNG D\u1eaaN S\u1eec D\u1ee4NG<\/strong><\/h2>\n<p>&#8211; H\u00f2a tan 2 g s\u1ea3n ph\u1ea9m v\u1edbi 100 ml n\u01b0\u1edbc n\u00f3ng.<\/p>\n<p>&#8211; T\u00f9y theo kh\u1ea9u v\u1ecb, c\u00f3 th\u1ec3 th\u00eam s\u1eefa ho\u1eb7c \u0111\u01b0\u1eddng.<\/p>\n<p>&#8211; Kh\u00f4ng d\u00f9ng cho ng\u01b0\u1eddi d\u1ecb \u1ee9ng v\u1edbi c\u00e1c th\u00e0nh ph\u1ea7n c\u1ee7a s\u1ea3n ph\u1ea9m<\/p>\n<\/div>\n<\/div>\n<\/section>\n<\/div>\n<\/div>\n<\/div>","protected":false},"excerpt":{"rendered":"<p>TH\u00d4NG TIN CHUNG Th\u01b0\u01a1ng hi\u1ec7u NESCAF\u00c9 Xu\u1ea5t x\u1ee9 H\u00e0n Qu\u1ed1c Th\u00e0nh ph\u1ea7n 100% B\u1ed9t c\u00e0 ph\u00ea s\u1ea5y l\u1ea1nh ho\u00e0 tan<\/p>","protected":false},"featured_media":32422,"comment_status":"open","ping_status":"closed","template":"","meta":[],"product_brand":[],"product_cat":[726,135,36],"product_tag":[],"class_list":{"0":"post-32416","1":"product","2":"type-product","3":"status-publish","4":"has-post-thumbnail","6":"product_cat-nhap-khau-han-quoc","7":"product_cat-sua-do-uong","8":"product_cat-thuc-pham-tieu-dung","9":"pa_brand-la-viet","11":"first","12":"instock","13":"sale","14":"shipping-taxable","15":"purchasable","16":"product-type-variable"},"_links":{"self":[{"href":"https:\/\/havamall.com\/en\/wp-json\/wp\/v2\/product\/32416","targetHints":{"allow":["GET"]}}],"collection":[{"href":"https:\/\/havamall.com\/en\/wp-json\/wp\/v2\/product"}],"about":[{"href":"https:\/\/havamall.com\/en\/wp-json\/wp\/v2\/types\/product"}],"replies":[{"embeddable":true,"href":"https:\/\/havamall.com\/en\/wp-json\/wp\/v2\/comments?post=32416"}],"version-history":[{"count":0,"href":"https:\/\/havamall.com\/en\/wp-json\/wp\/v2\/product\/32416\/revisions"}],"wp:featuredmedia":[{"embeddable":true,"href":"https:\/\/havamall.com\/en\/wp-json\/wp\/v2\/media\/32422"}],"wp:attachment":[{"href":"https:\/\/havamall.com\/en\/wp-json\/wp\/v2\/media?parent=32416"}],"wp:term":[{"taxonomy":"product_brand","embeddable":true,"href":"https:\/\/havamall.com\/en\/wp-json\/wp\/v2\/product_brand?post=32416"},{"taxonomy":"product_cat","embeddable":true,"href":"https:\/\/havamall.com\/en\/wp-json\/wp\/v2\/product_cat?post=32416"},{"taxonomy":"product_tag","embeddable":true,"href":"https:\/\/havamall.com\/en\/wp-json\/wp\/v2\/product_tag?post=32416"}],"curies":[{"name":"wp","href":"https:\/\/api.w.org\/{rel}","templated":true}]}}