{"id":32424,"date":"2023-09-12T16:38:09","date_gmt":"2023-09-12T09:38:09","guid":{"rendered":"https:\/\/havamall.com\/?post_type=product&#038;p=32424"},"modified":"2023-10-24T16:18:33","modified_gmt":"2023-10-24T09:18:33","slug":"gung-mat-ong-golden-farm-hu-thuy-tinh-450g-honey-ginger","status":"publish","type":"product","link":"https:\/\/havamall.com\/en\/shop\/gung-mat-ong-golden-farm-hu-thuy-tinh-450g-honey-ginger\/","title":{"rendered":"G\u1eebng M\u1eadt Ong Golden Farm H\u1ee7 Thu\u1ef7 Tinh 450g &#8211; Honey Ginger"},"content":{"rendered":"<h2><\/h2>\n<h2><strong>TH\u00d4NG TIN CHUNG<\/strong><\/h2>\n<table width=\"1130\">\n<tbody>\n<tr>\n<td>Th\u01b0\u01a1ng hi\u1ec7u<\/td>\n<td>Golden Fram<\/td>\n<\/tr>\n<tr>\n<td>Xu\u1ea5t x\u1ee9<\/td>\n<td>Vi\u1ec7t Nam<\/td>\n<\/tr>\n<tr>\n<td>Th\u00e0nh ph\u1ea7n<\/td>\n<td>C\u1ee7 G\u1eebng (45%), m\u1eadt ong (30%), \u0111\u01b0\u1eddng, n\u01b0\u1edbc, ch\u1ea5t \u1ed5n \u0111\u1ecbnh: g\u00f4m xanthan (415), ch\u1ea5t b\u1ea3o qu\u1ea3n: kali sorbat (202), m\u00e0u th\u1ef1c ph\u1ea9m t\u1ed5ng h\u1ee3p: sunset yellow FCF (110).<\/td>\n<\/tr>\n<tr>\n<td>H\u1ea1n s\u1eed d\u1ee5ng<\/td>\n<td>24 th\u00e1ng k\u1ec3 t\u1eeb ng\u00e0y s\u1ea3n xu\u1ea5t,<\/td>\n<\/tr>\n<tr>\n<td>B\u1ea3o qu\u1ea3n<\/td>\n<td>\u0110\u1ec3 n\u01a1i kh\u00f4 r\u00e1o, tho\u00e1ng m\u00e1t, tr\u00e1nh \u00e1nh n\u1eafng tr\u1ef1c ti\u1ebfp. B\u1ea3o qu\u1ea3n l\u1ea1nh sau khi m\u1edf n\u1eafp.<\/td>\n<\/tr>\n<tr>\n<td>Kh\u1ed1i l\u01b0\u1ee3ng<\/td>\n<td>450g<\/td>\n<\/tr>\n<\/tbody>\n<\/table>\n<p>Tr\u00e0 G\u1eebng M\u1eadt Ong V\u1ecb \u00c1 n\u1ed5i b\u1eadt v\u1edbi h\u01b0\u01a1ng th\u01a1m d\u1ecbu, v\u1ecb \u1ea5m m\u00e1t, l\u00e0 nguy\u00ean li\u1ec7u quen thu\u1ed9c trong c\u00e1c m\u00f3n th\u1ee9c u\u1ed1ng th\u01a1m ngon, b\u1ed5 d\u01b0\u1ee1ng c\u1ee7a nhi\u1ec1u gia \u0111\u00ecnh Vi\u1ec7t. Tr\u00e0 G\u1eebng M\u1eadt Ong V\u1ecb \u00c1 l\u00e0 s\u1ef1 k\u1ebft h\u1ee3p ho\u00e0n h\u1ea3o t\u1eeb g\u1eebng t\u01b0\u01a1i v\u00e0 m\u1eadt ong t\u1ef1 nhi\u00ean.<\/p>\n<p><img fetchpriority=\"high\" decoding=\"async\" class=\"wp-image-32425 aligncenter\" src=\"https:\/\/havamall.com\/wp-content\/uploads\/2023\/09\/272256746_3038927289680959_6010179604582721290_n-300x169.jpeg\" alt=\"\" width=\"762\" height=\"429\" \/><\/p>\n<p>S\u1ea3n ph\u1ea9m \u0111\u01b0\u1ee3c s\u1ea3n xu\u1ea5t tr\u00ean d\u00e2y chuy\u1ec1n kh\u00e9p k\u00edn v\u1edbi c\u00f4ng ngh\u1ec7 hi\u1ec7n \u0111\u1ea1i t\u1eeb Ch\u00e2u \u00c2u, nh\u00e0 m\u00e1y \u0111\u1ea1t ch\u1ee9ng nh\u1eadn Qu\u1ed1c T\u1ebf ISO 22000:2018, \u0111\u1ea3m b\u1ea3o mang \u0111\u1ebfn cho ng\u01b0\u1eddi ti\u00eau d\u00f9ng s\u1ea3n ph\u1ea9m ch\u1ea5t l\u01b0\u1ee3ng t\u1ed1t.<\/p>\n<p>Sa\u0309, Chanh, G\u01b0\u0300ng, M\u00e2\u0323t Ong la\u0300 nh\u01b0\u0303ng loa\u0323i tha\u0309o d\u01b0\u01a1\u0323c qua\u0301 \u0111\u00f4\u0303i quen thu\u00f4\u0323c v\u01a1\u0301i m\u00f4\u0303i gia \u0111i\u0300nh Vi\u00ea\u0323t. T\u01b0\u0300 vi\u00ea\u0323c k\u00ea\u0301t h\u01a1\u0323p c\u00e1c nguy\u00ean li\u1ec7u \u201cc\u00e2y nh\u00e0 l\u00e1 v\u01b0\u1eddn\u201d tr\u00ean m\u00e0 \u00d4ng Ba\u0300 ta \u0111\u00e3 cho ra \u0111\u01a1\u0300i nh\u01b0\u0303ng ph\u01b0\u01a1ng thu\u1ed1c d\u00e2n gian hay trong vi\u00ea\u0323c pho\u0300ng b\u00ea\u0323nh ca\u0309m cu\u0301m, \u0111\u01b0\u1ee3c l\u01b0u truy\u1ec1n cho \u0111\u1ebfn nay.<\/p>\n<p><img decoding=\"async\" class=\"wp-image-32426 aligncenter\" src=\"https:\/\/havamall.com\/wp-content\/uploads\/2023\/09\/278412889_3095185680721786_2673578328318125746_n-300x201.jpeg\" alt=\"\" width=\"762\" height=\"511\" \/><\/p>\n<p>K\u00ea\u0301 th\u01b0\u0300a kinh nghi\u00ea\u0323m quy\u0301 ba\u0301u t\u01b0\u0300 d\u00e2n gian, Tra\u0300 M\u00e2\u0323t Ong Vi\u0323 A\u0301 v\u01a1\u0301i s\u01b0\u0323 k\u00ea\u0301t h\u01a1\u0323p tinh t\u00ea\u0301 t\u01b0\u0300 m\u00e2\u0323t ong t\u01b0\u0323 nhi\u00ean va\u0300 tinh ch\u00e2\u0301t sa\u0309, chanh va\u0300ng, g\u01b0\u0300ng t\u01b0\u01a1i la\u0300m n\u00ean ca\u0301c c\u00f4ng th\u01b0\u0301c Sa\u0309 M\u00e2\u0323t Ong, Chanh M\u00e2\u0323t Ong, G\u01b0\u0300ng M\u00e2\u0323t Ong du\u0300ng \u0111\u00ea\u0309 pha tra\u0300 va\u0300 ca\u0301c mo\u0301n n\u01b0\u01a1\u0301c h\u00e2\u0301p d\u00e2\u0303n. Kh\u00f4ng chi\u0309 th\u01a1m ngon, ki\u0301ch thi\u0301ch vi\u0323 gia\u0301c, th\u01b0\u0301c u\u00f4\u0301ng t\u01b0\u0300 Tra\u0300 M\u00e2\u0323t Ong Vi\u0323 A\u0301 co\u0300n giu\u0301p la\u0300m sa\u0323ch \u0111\u01b0\u01a1\u0300ng h\u00f4 h\u00e2\u0301p, gia\u0309i ca\u0309m, gia\u0309m ho, thanh lo\u0323c c\u01a1 th\u00ea\u0309, xua tan c\u0103ng th\u0103\u0309ng, m\u00ea\u0323t mo\u0309i\u2026 la\u0300 l\u01b0\u0323a cho\u0323n hoa\u0300n ha\u0309o \u0111\u00ea\u0309 b\u00f4\u0309 sung va\u0300o th\u01b0\u0323c \u0111\u01a1n h\u0103\u0300ng nga\u0300y cu\u0309a gia \u0111i\u0300nh ba\u0323n.<\/p>\n<p>M\u00f4\u0323t sa\u0301ng tr\u01a1\u0300i trong, nh\u00e2m nhi m\u00f4\u0323t ta\u0301ch Tra\u0300 G\u01b0\u0300ng Long Nha\u0303n Hoa H\u00f4\u0300ng, m\u00f4\u0323t khoa\u0309ng l\u0103\u0323ng bi\u0300nh y\u00ean trong t\u00e2m tri\u0301 cho nh\u01b0\u0303ng nga\u0300y gia\u0303n ca\u0301ch tr\u01a1\u0309 n\u00ean nhe\u0323 nha\u0300ng, b\u01a1\u0301t lo \u00e2u c\u0103ng th\u0103\u0309ng\u2026 ta\u0323i sao kh\u00f4ng? Long nha\u0303n ngo\u0323t thanh, h\u01b0\u01a1ng hoa h\u00f4\u0300ng di\u0323u ma\u0301t k\u00ea\u0301t h\u01a1\u0323p cu\u0300ng g\u01b0\u0300ng t\u01b0\u01a1i va\u0300 m\u00e2\u0323t ong ta\u0323o n\u00ean m\u00f3n tra\u0300 \u0111\u1ea7y my\u0303 vi\u0323, t\u00f4\u0301t cho s\u01b0\u0301c kho\u0309e.<\/p>\n<p><img decoding=\"async\" class=\"wp-image-32427 aligncenter\" src=\"https:\/\/havamall.com\/wp-content\/uploads\/2023\/09\/278495700_3095185777388443_865830316435894866_n-300x300.jpeg\" alt=\"\" width=\"778\" height=\"778\" \/><\/p>\n<h2><strong>\u0110\u1eb6C \u0110I\u1ec2M N\u1ed4I B\u1eacT C\u1ee6A S\u1ea2N PH\u1ea8M<\/strong><\/h2>\n<p>&#8211; V\u1edbi h\u00e0m l\u01b0\u1ee3ng vitamin C cao h\u01a1n nhi\u1ec1u l\u1ea7n so v\u1edbi chanh ph\u1ed5 th\u00f4ng, u\u1ed1ng m\u1eadt ong chanh gi\u00fap b\u1ed5 sung vitamin C, cung c\u1ea5p acid amin c\u00e1c ch\u1ea5t ch\u1ed1ng oxi h\u00f3a, t\u0103ng c\u01b0\u1eddng mi\u1ec5n d\u1ecbch ch\u1ed1ng ho c\u1ea3m l\u1ea1nh.<\/p>\n<p>&#8211; S\u1ef1 k\u1ebft h\u1ee3p chanh v\u00e0 m\u1eadt ong c\u00f2n gi\u00fap l\u00e0m \u0111\u1eb9p da m\u00e1t da, ngo\u00e0i ra c\u00f2n s\u1eed d\u1ee5ng b\u1ed5 sung n\u0103ng l\u01b0\u1ee3ng, gi\u1ea3m \u0111\u1eddm, ch\u1ed1ng n\u00f4n, ti\u00eau h\u00f3a t\u1ed1t.<\/p>\n<p>&#8211; T\u0103ng c\u01b0\u1eddng s\u1ee9c \u0111\u1ec1 kh\u00e1ng, t\u1ed1t cho \u0111\u01b0\u1eddng ti\u00eau h\u00f3a, c\u1ed5 h\u1ecdng\u2026 ph\u00f9 h\u1ee3p v\u1edbi m\u1ecdi l\u1ee9a tu\u1ed5i.<\/p>\n<p><img loading=\"lazy\" decoding=\"async\" class=\"wp-image-32428 aligncenter\" src=\"https:\/\/havamall.com\/wp-content\/uploads\/2023\/09\/z2628498628893_d0c0ec69d0615c92c40ca74bf745bfde-scaled-300x157.jpeg\" alt=\"\" width=\"778\" height=\"407\" \/><\/p>\n<h2><strong>H\u01af\u1edaNG D\u1eaaN S\u1eec D\u1ee4NG<\/strong><\/h2>\n<p>&#8211; Pha n\u01b0\u1edbc u\u1ed1ng: Cho 3 mu\u1ed7ng caf\u00e9 g\u1eebng m\u1eadt ong v\u00e0o n\u1eeda ly n\u01b0\u1edbc \u1ea5m, khu\u1ea5y \u0111\u1ec1u v\u00e0 th\u01b0\u1edfng th\u1ee9c.<\/p>\n<p>&#8211; Pha tr\u00e0 n\u00f3ng: Cho 3 mu\u1ed7ng caf\u00e9 g\u1eebng m\u1eadt ong v\u00e0o n\u1eeda ly n\u01b0\u1edbc tr\u00e0 \u1ea5m, khu\u1ea5y \u0111\u1ec1u v\u00e0 th\u01b0\u1edfng th\u1ee9c.<\/p>\n<p>&#8211; L\u00e0m tr\u00e0 l\u1ea1nh: Cho 4 mu\u1ed7ng caf\u00e9 g\u1eebng m\u1eadt ong, 2 mu\u1ed7ng caf\u00e9 \u0111\u01b0\u1eddng v\u00e0o n\u1eeda ly n\u01b0\u1edbc tr\u00e0 \u1ea5m, cho th\u00eam 2 mu\u1ed7ng caf\u00e9 n\u01b0\u1edbc c\u1ed1t chanh, th\u00eam \u0111\u00e1 vi\u00ean, khu\u1ea5y \u0111\u1ec1u v\u00e0 th\u01b0\u1edfng th\u1ee9c.<\/p>","protected":false},"excerpt":{"rendered":"<p>TH\u00d4NG TIN CHUNG Th\u01b0\u01a1ng hi\u1ec7u Golden Fram Xu\u1ea5t x\u1ee9 Vi\u1ec7t Nam Th\u00e0nh ph\u1ea7n C\u1ee7 G\u1eebng (45%), m\u1eadt ong (30%), \u0111\u01b0\u1eddng,<\/p>","protected":false},"featured_media":32429,"comment_status":"open","ping_status":"closed","template":"","meta":[],"product_brand":[],"product_cat":[135,36],"product_tag":[],"class_list":{"0":"post-32424","1":"product","2":"type-product","3":"status-publish","4":"has-post-thumbnail","6":"product_cat-sua-do-uong","7":"product_cat-thuc-pham-tieu-dung","8":"pa_brand-golden-farm","10":"first","11":"instock","12":"sale","13":"shipping-taxable","14":"purchasable","15":"product-type-simple"},"_links":{"self":[{"href":"https:\/\/havamall.com\/en\/wp-json\/wp\/v2\/product\/32424","targetHints":{"allow":["GET"]}}],"collection":[{"href":"https:\/\/havamall.com\/en\/wp-json\/wp\/v2\/product"}],"about":[{"href":"https:\/\/havamall.com\/en\/wp-json\/wp\/v2\/types\/product"}],"replies":[{"embeddable":true,"href":"https:\/\/havamall.com\/en\/wp-json\/wp\/v2\/comments?post=32424"}],"version-history":[{"count":0,"href":"https:\/\/havamall.com\/en\/wp-json\/wp\/v2\/product\/32424\/revisions"}],"wp:featuredmedia":[{"embeddable":true,"href":"https:\/\/havamall.com\/en\/wp-json\/wp\/v2\/media\/32429"}],"wp:attachment":[{"href":"https:\/\/havamall.com\/en\/wp-json\/wp\/v2\/media?parent=32424"}],"wp:term":[{"taxonomy":"product_brand","embeddable":true,"href":"https:\/\/havamall.com\/en\/wp-json\/wp\/v2\/product_brand?post=32424"},{"taxonomy":"product_cat","embeddable":true,"href":"https:\/\/havamall.com\/en\/wp-json\/wp\/v2\/product_cat?post=32424"},{"taxonomy":"product_tag","embeddable":true,"href":"https:\/\/havamall.com\/en\/wp-json\/wp\/v2\/product_tag?post=32424"}],"curies":[{"name":"wp","href":"https:\/\/api.w.org\/{rel}","templated":true}]}}