{"id":32463,"date":"2023-09-19T14:44:57","date_gmt":"2023-09-19T07:44:57","guid":{"rendered":"https:\/\/havamall.com\/?post_type=product&#038;p=32463"},"modified":"2025-09-29T16:33:21","modified_gmt":"2025-09-29T09:33:21","slug":"ca-phe-phin-giay-la-viet-100-arabica-hop-18-goi-drip-bag-coffee","status":"publish","type":"product","link":"https:\/\/havamall.com\/en\/shop\/ca-phe-phin-giay-la-viet-100-arabica-hop-18-goi-drip-bag-coffee\/","title":{"rendered":"C\u00e0 Ph\u00ea Phin Gi\u1ea5y L\u00c0 VI\u1ec6T 100% Arabica H\u1ed9p 18 G\u00f3i \u2013 Drip Bag Coffee"},"content":{"rendered":"<h2><\/h2>\n<h2><strong>TH\u00d4NG TIN CHUNG<\/strong><\/h2>\n<table width=\"1130\">\n<tbody>\n<tr>\n<td>Th\u01b0\u01a1ng hi\u1ec7u<\/td>\n<td>L\u00e0 Vi\u1ec7t<\/td>\n<\/tr>\n<tr>\n<td>Xu\u1ea5t x\u1ee9<\/td>\n<td>Vi\u1ec7t Nam<\/td>\n<\/tr>\n<tr>\n<td>Th\u00e0nh ph\u1ea7n<\/td>\n<td>100% b\u1ed9t c\u00e0 ph\u00ea Arabica nguy\u00ean ch\u1ea5t<\/td>\n<\/tr>\n<tr>\n<td>H\u1ea1n s\u1eed d\u1ee5ng<\/td>\n<td>12 th\u00e1ng k\u1ec3 t\u1eeb ng\u00e0y s\u1ea3n xu\u1ea5t<\/td>\n<\/tr>\n<tr>\n<td>B\u1ea3o qu\u1ea3n<\/td>\n<td>\u0110\u1ec3 n\u01a1i kh\u00f4 r\u00e1o, tho\u00e1ng m\u00e1t, tr\u00e1nh \u00e1nh n\u1eafng tr\u1ef1c ti\u1ebfp<\/td>\n<\/tr>\n<tr>\n<td>Kh\u1ed1i l\u01b0\u1ee3ng<\/td>\n<td>180g\/18 g\u00f3i<\/td>\n<\/tr>\n<\/tbody>\n<\/table>\n<p><span style=\"font-weight: 400\">C\u00e0 ph\u00ea phin gi\u1ea5y l\u1ecdc L\u00e0 Vi\u1ec7t hay c\u00f2n \u0111\u01b0\u1ee3c g\u1ecdi l\u00e0 Drip coffee l\u00e0 m\u1ed9t d\u1ea1ng c\u00e0 ph\u00ea g\u00f3i ti\u1ec7n d\u1ee5ng. Trong \u0111\u00f3, c\u00e0 ph\u00ea rang xay nguy\u00ean ch\u1ea5t s\u1ebd \u0111\u01b0\u1ee3c ch\u1ee9a trong t\u00fai gi\u1ea5y l\u1ecdc. T\u00fai l\u1ecdc gi\u1ea5y \u0111\u00f3ng vai tr\u00f2 m\u1ed9t chi\u1ebfc phin \u0111\u1ec3 pha c\u00e0 ph\u00ea v\u1edbi ph\u01b0\u01a1ng th\u1ee9c chi\u1ebft xu\u1ea5t d\u00f2ng c\u00e0 ph\u00ea t\u01b0\u01a1ng t\u1ef1 pha phin truy\u1ec1n th\u1ed1ng.<\/span><\/p>\n<p><img fetchpriority=\"high\" decoding=\"async\" class=\"wp-image-32458 aligncenter\" src=\"https:\/\/havamall.com\/wp-content\/uploads\/2023\/09\/359375084_290438113499514_3810412764653495277_n-300x300.jpeg\" alt=\"\" width=\"673\" height=\"673\" \/><\/p>\n<p><span style=\"font-weight: 400\">Ng\u00e0y nay, nh\u1eefng ly c\u00e0 ph\u00ea phin ngon v\u00e0 \u0111\u1eb3ng c\u1ea5p kh\u00f4ng ph\u1ea3i m\u1ea5t qu\u00e1 nhi\u1ec1u th\u1eddi gian n\u1eefa. Thay v\u00e0o \u0111\u00f3 l\u00e0 c\u00e0 ph\u00ea t\u00fai l\u1ecdc, c\u00e0 ph\u00ea phin gi\u1ea5y. Ch\u1ecdn c\u00e0 ph\u00ea phin gi\u1ea5y l\u00e0 ch\u1ecdn xu h\u01b0\u1edbng m\u1edbi hi\u1ec7n \u0111\u1ea1i h\u01a1n. \u0110\u1eb7c bi\u1ec7t l\u00e0 c\u00e0 ph\u00ea t\u00fai l\u1ecdc c\u1ee7a L\u00e0 Vi\u1ec7t l\u1ea1i ho\u00e0n to\u00e0n l\u00e0 c\u00e0 ph\u00ea tr\u00e1i ch\u00edn, th\u01a1m ngon chu\u1ea9n gu Vi\u1ec7t.<\/span><\/p>\n<p><span style=\"font-weight: 400\">C\u00e0 ph\u00ea phin gi\u1ea5y l\u1ecdc L\u00e0 Vi\u1ec7t l\u00e0 s\u1ef1 k\u1ebft h\u1ee3p gi\u1eefa kh\u1ea9u v\u1ecb truy\u1ec1n th\u1ed1ng v\u00e0 s\u1ef1 ti\u1ec7n l\u1ee3i khi s\u1eed d\u1ee5ng. C\u00e0 ph\u00ea c\u00f3 th\u1ec3 u\u1ed1ng thu\u1ea7n, ho\u1eb7c d\u00f9ng k\u00e8m v\u1edbi \u0111\u01b0\u1eddng, s\u1eefa t\u01b0\u01a1i, s\u1eefa \u0111\u1eb7c cho h\u01b0\u01a1ng v\u1ecb h\u00e0i h\u00f2a, th\u00e2n thu\u1ed9c.<\/span><\/p>\n<p><img decoding=\"async\" class=\"wp-image-19409 aligncenter\" src=\"https:\/\/havamall.com\/wp-content\/uploads\/2021\/01\/163531193_2814245865558878_3095490229165711854_n-300x300.jpg\" alt=\"\" width=\"673\" height=\"673\" \/><\/p>\n<p><span style=\"font-weight: 400\">H\u1ed9p \u0111\u1ef1ng b\u00ean ng<\/span><span style=\"font-weight: 400\">o\u00e0i \u0111\u01b0\u1ee3c l\u00e0m t\u1eeb nguy\u00ean li\u1ec7u gi\u1ea5y kraft, l\u00e0 lo\u1ea1i gi\u1ea5y th\u00e2n thi\u1ec7n v\u1edbi m\u00f4i tr\u01b0\u1eddng. C\u00e0 ph\u00ea L\u00e0 Vi\u1ec7t lu\u00f4n cam k\u1ebft b\u1ea3o v\u1ec7 m\u00f4i tr\u01b0\u1eddng c\u00f9ng v\u1edbi vi\u1ec7c ph\u00e1t tri\u1ec3n ch\u1ea5t l\u01b0\u1ee3ng s\u1ea3n ph\u1ea9m n\u00ean vi\u1ec7c l\u1ef1a ch\u1ecdn nguy\u00ean li\u1ec7u th\u00e2n thi\u1ec7n m\u00f4i tr\u01b0\u1eddng lu\u00f4n l\u00e0 l\u1ef1a ch\u1ecdn h\u00e0ng \u0111\u1ea7u. Gi\u1ea5y Kraft l\u00e0 lo\u1ea1i gi\u1ea5y \u0111\u01b0\u1ee3c l\u00e0m t\u1eeb b\u1ed9t gi\u1ea5y c\u1ee7a g\u1ed7 m\u1ec1m x\u1eed l\u00fd qua qu\u00e1 tr\u00ecnh kraft. V\u00ec v\u1eady \u0111\u00e2y c\u0169ng \u0111\u01b0\u1ee3c coi l\u00e0 m\u1ed9t lo\u1ea1i gi\u1ea5y t\u00e1i sinh, m\u1ed9t s\u1ea3n ph\u1ea9m c\u1ef1c th\u00e2n thi\u1ec7n v\u1edbi m\u00f4i tr\u01b0\u1eddng. S\u1eed d\u1ee5ng s\u1ea3n ph\u1ea9m c\u1ee7a L\u00e0 Vi\u1ec7t, b\u1ea1n \u0111\u00e3 g\u00f3p ph\u1ea7n c\u00f9ng ch\u00fang t\u00f4i b\u1ea3o v\u1ec7 m\u00f4i tr\u01b0\u1eddng.<\/span><\/p>\n<p><img decoding=\"async\" class=\"wp-image-32460 aligncenter\" src=\"https:\/\/havamall.com\/wp-content\/uploads\/2023\/09\/359219719_290438133499512_8623554158699203590_n-300x300.jpeg\" alt=\"\" width=\"676\" height=\"676\" \/><\/p>\n<p><span style=\"font-weight: 400\">C\u00e0 ph\u00ea phin gi\u1ea5y L\u00e0 Vi\u1ec7t \u0111\u01b0\u1ee3c l\u00e0m ho\u00e0n to\u00e0n t\u1eeb 100% c\u00e0 ph\u00ea tr\u00e1i ch\u00edn \u0111\u01b0\u1ee3c h\u00e1i t\u1eeb qu\u00ea h\u01b0\u01a1ng c\u00e0 ph\u00ea Vi\u1ec7t. C\u00e0 ph\u00ea ch\u1ee9a trong t\u00fai l\u1ecdc \u0111\u01b0\u1ee3c ph\u1ed1i tr\u1ed9n theo t\u1ef7 l\u1ec7 ho\u00e0n h\u1ea3o h\u00e0m l\u01b0\u1ee3ng caffein v\u1eeba ph\u1ea3i r\u1ea5t ph\u00f9 h\u1ee3p v\u1edbi gu c\u00e0 ph\u00ea c\u1ee7a ng\u01b0\u1eddi Vi\u1ec7t.\u00a0<\/span><\/p>\n<p><span style=\"font-weight: 400\">T\u00fai c\u00e0 ph\u00ea l\u00e0 t\u00fai l\u1ecdc ch\u1ee9a c\u00e0 ph\u00ea l\u00e0m c\u00f4ng d\u1ee5ng c\u1ee7a phin. Phin gi\u1ea5y l\u00e0 m\u00e0ng l\u1ecdc \u0111\u01b0\u1ee3c l\u00e0m t\u1eeb s\u1ee3i v\u1ea3i kh\u00f4ng d\u1ec7t si\u00eau m\u1ecbn. \u0110\u01b0\u1ee3c thi\u1ebft k\u1ebf \u0111\u1eb7c bi\u1ec7t cho vi\u1ec7c pha c\u00e0 ph\u00ea \u0111\u1ec3 chi\u1ebft xu\u1ea5t \u0111\u01b0\u1ee3c h\u01b0\u01a1ng v\u1ecb th\u1eadt c\u1ee7a c\u00e0 ph\u00ea, gi\u1eef h\u01b0\u01a1ng v\u1ecb c\u00e0 ph\u00ea \u0111\u01b0\u1ee3c th\u01a1m ngon.<\/span><\/p>\n<p><img loading=\"lazy\" decoding=\"async\" class=\"wp-image-32464 aligncenter\" src=\"https:\/\/havamall.com\/wp-content\/uploads\/2023\/09\/vn-11134207-7qukw-ljc6vffbulu422-300x300.jpeg\" alt=\"\" width=\"679\" height=\"679\" \/><\/p>\n<p><span style=\"font-weight: 400\">B\u1ea1n c\u00f3 th\u1ec3 t\u1ef1 m\u00ecnh pha m\u1ed9t ly c\u00e0 ph\u00ea nguy\u00ean ch\u1ea5t ngay c\u1ea3 khi c\u00f3 qu\u00e1 nhi\u1ec1u vi\u1ec7c v\u00e0 kh\u00f4ng c\u00f3 \u0111\u1ee7 th\u1eddi gian pha m\u1ed9t ly c\u00e0 ph\u00ea phin, ch\u1ec9 v\u1edbi 4 b\u01b0\u1edbc \u0111\u01a1n gi\u1ea3n &#8211; b\u1ea1n s\u1ebd c\u00f3 ngay m\u1ed9t l\u00fd c\u00e0 ph\u00ea nguy\u00ean ch\u1ea5t v\u00e0 tuy\u1ec7t v\u1eddi nh\u1ea5t.<\/span><\/p>\n<p><img loading=\"lazy\" decoding=\"async\" class=\"wp-image-19411 aligncenter\" src=\"https:\/\/havamall.com\/wp-content\/uploads\/2021\/01\/120101618_2668734903443309_7399877450952122313_n-300x300.jpg\" alt=\"\" width=\"678\" height=\"678\" \/><\/p>\n<h2><strong>\u0110\u1eb7c \u0111i\u1ec3m s\u1ea3n ph\u1ea9m:<\/strong><\/h2>\n<p><span style=\"font-weight: 400\">&#8211; 100% c\u00e0 ph\u00ea nguy\u00ean ch\u1ea5t<\/span><\/p>\n<p><span style=\"font-weight: 400\">&#8211; Kh\u00f4ng m\u1ea5t qu\u00e1 nhi\u1ec1u th\u1eddi gian \u0111\u1ec3 c\u00f3 m\u1ed9t ly c\u00e0 ph\u00ea phin ch\u00ednh hi\u1ec7u \u2013 c\u00e0 ph\u00ea phin gi\u1ea5y, c\u00e0 ph\u00ea t\u00fai l\u1ecdc ngon nh\u01b0 c\u00e0 ph\u00ea phin.<\/span><\/p>\n<p><span style=\"font-weight: 400\">&#8211; S\u1eed d\u1ee5ng c\u00e0 ph\u00ea t\u00fai l\u1ecdc b\u1ea1n kh\u00f4ng ph\u1ea3i mang theo qu\u00e1 nhi\u1ec1u \u0111\u1ed3 d\u00f9ng nh\u01b0 phin pha c\u00e0 ph\u00ea<\/span><\/p>\n<p><span style=\"font-weight: 400\">&#8211; C\u00e0 ph\u00ea t\u00fai l\u1ecdc c\u1ee7a L\u00e0 Vi\u1ec7t\u00a0 d\u1ec5 d\u00e0ng ti\u1ec7n l\u1ee3i v\u00e0 l\u00fac n\u00e0o b\u1ea1n c\u0169ng c\u00f3 th\u1ec3 s\u1eed d\u1ee5ng c\u00e0 ph\u00ea theo ki\u1ec3u pha truy\u1ec1n th\u1ed1ng.<\/span><\/p>\n<p><img loading=\"lazy\" decoding=\"async\" class=\"wp-image-32461 aligncenter\" src=\"https:\/\/havamall.com\/wp-content\/uploads\/2023\/09\/vn-11134207-7qukw-ljc7jwxs0q1e6d-300x300.jpeg\" alt=\"\" width=\"679\" height=\"679\" \/><\/p>\n<h2><strong>H\u01b0\u1edbng d\u1eabn s\u1eed d\u1ee5ng:<\/strong><\/h2>\n<p><span style=\"font-weight: 400\">&#8211; X\u00e9 d\u1ecdc theo \u0111\u01b0\u1eddng c\u1eaft s\u1eb5n<\/span><\/p>\n<p><span style=\"font-weight: 400\">&#8211; M\u1edf quai 2 b\u00ean th\u00e2n t\u00fai. Treo m\u00f3c \u1edf mi\u1ec7ng ly\u00a0<\/span><\/p>\n<p><span style=\"font-weight: 400\">&#8211; R\u00f3t n\u01b0\u1edbc s\u00f4i kho\u1ea3ng 90-120 ml v\u00e0o m\u1ed9t c\u00e1ch ch\u1eadm r\u00e3i<\/span><\/p>\n<p><span style=\"font-weight: 400\">&#8211; L\u1ea5y phin ra kh\u1ecfi ly v\u00e0 cho s\u1eefa, \u0111\u01b0\u1eddng ho\u1eb7c \u0111\u00e1 v\u00e0o th\u01b0\u1edfng th\u1ee9c\u00a0<\/span><\/p>\n<p>S\u1ea3n ph\u1ea9m hi\u1ec7n \u0111\u00e3 c\u00f3 m\u1eb7t t\u1ea1i Havamall.<\/p>\n<p><img loading=\"lazy\" decoding=\"async\" class=\"wp-image-32465 aligncenter\" src=\"https:\/\/havamall.com\/wp-content\/uploads\/2023\/09\/358472650_289352096941449_2850644617841399097_n-200x300.jpeg\" alt=\"\" width=\"666\" height=\"999\" \/><\/p>","protected":false},"excerpt":{"rendered":"<p>TH\u00d4NG TIN CHUNG Th\u01b0\u01a1ng hi\u1ec7u L\u00e0 Vi\u1ec7t Xu\u1ea5t x\u1ee9 Vi\u1ec7t Nam Th\u00e0nh ph\u1ea7n 100% b\u1ed9t c\u00e0 ph\u00ea Arabica nguy\u00ean ch\u1ea5t<\/p>","protected":false},"featured_media":32466,"comment_status":"open","ping_status":"closed","template":"","meta":[],"product_brand":[],"product_cat":[135,700],"product_tag":[],"class_list":{"0":"post-32463","1":"product","2":"type-product","3":"status-publish","4":"has-post-thumbnail","6":"product_cat-sua-do-uong","7":"product_cat-thuc-uong-khong-con","8":"pa_brand-la-viet","10":"first","11":"outofstock","12":"sale","13":"shipping-taxable","14":"purchasable","15":"product-type-simple"},"_links":{"self":[{"href":"https:\/\/havamall.com\/en\/wp-json\/wp\/v2\/product\/32463","targetHints":{"allow":["GET"]}}],"collection":[{"href":"https:\/\/havamall.com\/en\/wp-json\/wp\/v2\/product"}],"about":[{"href":"https:\/\/havamall.com\/en\/wp-json\/wp\/v2\/types\/product"}],"replies":[{"embeddable":true,"href":"https:\/\/havamall.com\/en\/wp-json\/wp\/v2\/comments?post=32463"}],"version-history":[{"count":0,"href":"https:\/\/havamall.com\/en\/wp-json\/wp\/v2\/product\/32463\/revisions"}],"wp:featuredmedia":[{"embeddable":true,"href":"https:\/\/havamall.com\/en\/wp-json\/wp\/v2\/media\/32466"}],"wp:attachment":[{"href":"https:\/\/havamall.com\/en\/wp-json\/wp\/v2\/media?parent=32463"}],"wp:term":[{"taxonomy":"product_brand","embeddable":true,"href":"https:\/\/havamall.com\/en\/wp-json\/wp\/v2\/product_brand?post=32463"},{"taxonomy":"product_cat","embeddable":true,"href":"https:\/\/havamall.com\/en\/wp-json\/wp\/v2\/product_cat?post=32463"},{"taxonomy":"product_tag","embeddable":true,"href":"https:\/\/havamall.com\/en\/wp-json\/wp\/v2\/product_tag?post=32463"}],"curies":[{"name":"wp","href":"https:\/\/api.w.org\/{rel}","templated":true}]}}