{"id":32480,"date":"2023-09-25T17:22:08","date_gmt":"2023-09-25T10:22:08","guid":{"rendered":"https:\/\/havamall.com\/?post_type=product&#038;p=32480"},"modified":"2024-11-09T09:58:05","modified_gmt":"2024-11-09T02:58:05","slug":"pho-mai-ricotta-lat-papouis-250g-ricotta-cheese","status":"publish","type":"product","link":"https:\/\/havamall.com\/en\/shop\/pho-mai-ricotta-lat-papouis-250g-ricotta-cheese\/","title":{"rendered":"Ph\u00f4 Mai Ricotta L\u1ea1t Papouis 250g &#8211;  Ricotta Cheese"},"content":{"rendered":"<p>&nbsp;<\/p>\n<h2><strong>TH\u00d4NG TIN CHUNG<\/strong><\/h2>\n<table width=\"1130\">\n<tbody>\n<tr>\n<td>Th\u01b0\u01a1ng hi\u1ec7u<\/td>\n<td>Papouis<\/td>\n<\/tr>\n<tr>\n<td>Xu\u1ea5t x\u1ee9<\/td>\n<td>C\u1ed9ng Ho\u00e0 S\u00edp<\/td>\n<\/tr>\n<tr>\n<td>Th\u00e0nh ph\u1ea7n<\/td>\n<td>V\u00e1ng s\u1eefa (s\u1eefa b\u00f2, s\u1eefa c\u1eebu, s\u1eefa d\u00ea), mu\u1ed1i, ch\u1ea5t \u0111i\u1ec1u ch\u1ec9nh \u0111\u1ed9 axit<\/td>\n<\/tr>\n<tr>\n<td>H\u1ea1n s\u1eed d\u1ee5ng<\/td>\n<td>12 th\u00e1ng k\u1ec3 t\u1eeb ng\u00e0y s\u1ea3n xu\u1ea5t<\/td>\n<\/tr>\n<tr>\n<td>B\u1ea3o qu\u1ea3n<\/td>\n<td>B\u1ea3o qu\u1ea3n l\u1ea1nh d\u01b0\u1edbi 6 \u0111\u1ed9 C<\/td>\n<\/tr>\n<tr>\n<td>Kh\u1ed1i l\u01b0\u1ee3ng<\/td>\n<td>250g<\/td>\n<\/tr>\n<\/tbody>\n<\/table>\n<p>Ricotta l\u00e0 m\u1ed9t lo\u1ea1i ph\u00f4 mai c\u00f3 ngu\u1ed3n g\u1ed1c t\u1eeb \u00dd, \u0111\u01b0\u1ee3c l\u00e0m t\u1eeb s\u1eefa c\u1ee7a c\u1eebu, b\u00f2 ho\u1eb7c d\u00ea. \u0110\u1eb7c \u0111i\u1ec3m c\u1ee7a ph\u00f4 mai Ricotta l\u00e0 c\u00f3 m\u00e0u tr\u1eafng, d\u1ea1ng kem t\u01b0\u01a1i, c\u00f3 v\u1ecb ng\u1ecdt nh\u1eb9 v\u00e0 \u00edt b\u00e9o h\u01a1n so v\u1edbi nh\u1eefng lo\u1ea1i ph\u00f4 mai th\u00f4ng th\u01b0\u1eddng kh\u00e1c.<\/p>\n<p>Ph\u00f4 mai l\u00e0 m\u1ed9t trong nh\u1eefng th\u1ef1c ph\u1ea9m r\u1ea5t gi\u00e0u ch\u1ea5t dinh d\u01b0\u1ee1ng, v\u00e0 \u0111\u01b0\u1ee3c nhi\u1ec1u ng\u01b0\u1eddi Vi\u1ec7t \u01b0a chu\u1ed9ng, trong \u0111\u00f3 c\u00f3 ph\u00f4 mai Ricotta gi\u00e0u ch\u1ea5t dinh d\u01b0\u1ee1ng, canxi, kho\u00e1ng ch\u1ea5t v\u00e0 ch\u1ea5t b\u00e9o r\u1ea5t t\u1ed1t cho s\u1ee9c kh\u1ecfe c\u1ee7a ch\u00fang ta, \u0111\u1eb7c bi\u1ec7t l\u00e0 c\u1ea7n thi\u1ebft cho s\u1ef1 ph\u00e1t tri\u1ec3n c\u1ee7a c\u00e1c b\u00e9. C\u00f9ng Enjoy t\u00ecm hi\u1ec3u lo\u1ea1i ph\u00f4 mai Ricotta v\u00e0 n\u01a1i b\u00e1n Ricotta ch\u00ednh h\u00e3ng, cao c\u1ea5p nh\u00e9.<\/p>\n<p><img fetchpriority=\"high\" decoding=\"async\" class=\"wp-image-32482 aligncenter\" src=\"https:\/\/havamall.com\/wp-content\/uploads\/2023\/09\/Screen-Shot-2023-09-25-at-5.08.37-PM-300x300.png\" alt=\"\" width=\"870\" height=\"870\" \/><\/p>\n<div id=\"toctoc\">\n<div id=\"toctoc-head\"><\/div>\n<\/div>\n<p>Ph\u00f4 mai Ricotta c\u00f2n c\u00f3 t\u00ean g\u1ecdi kh\u00e1c l\u00e0 Ricotta Cheese hay Cheese \u0111\u00e2y l\u00e0 lo\u1ea1i th\u1ef1c ph\u1ea9m c\u00f3 ch\u1ee9a nhi\u1ec1u protein v\u00e0 ch\u1ea5t b\u00e9o t\u1eeb s\u1eefa, th\u00f4ng th\u01b0\u1eddng \u0111\u01b0\u1ee3c l\u00e0m t\u1eeb s\u1eefa b\u00f2, s\u1eefa d\u00ea hay s\u1eefa c\u1eebu. N\u00f3 c\u00f3 m\u00e0u tr\u1eafng, gi\u1ed1ng kem, ch\u1ec9 ch\u1ee9a 13% ch\u1ea5t b\u00e9o.<\/p>\n<p>Ricotta Cheese l\u00e0 lo\u1ea1i pho m\u00e1t c\u00f3 ngu\u1ed3n g\u1ed1c v\u00e0 s\u1ea3n xu\u1ea5t ch\u00ednh h\u00e3ng t\u1eeb n\u01b0\u1edbc Italia, Ricotta c\u00f3 d\u1ea1ng t\u01b0\u01a1i, kh\u00f4ng b\u1ecb ng\u1eady hay qu\u00e1 b\u00e9o gi\u1ed1ng nh\u01b0 nhi\u1ec1u lo\u1ea1i ph\u00f4 mai kh\u00e1c, m\u00e0 ch\u00fang r\u1ea5t th\u01a1m, l\u1ea1i b\u00e9o v\u1eeba ph\u1ea3i, b\u1ea1n ho\u00e0n to\u00e0n c\u00f3 th\u1ec3 d\u00f9ng Ricotta nh\u01b0 m\u1ed9t lo\u1ea1i m\u00f3n \u0103n k\u00e8m v\u1edbi tr\u00e1i c\u00e2y, b\u00e1nh quy v\u00e0 \u0111\u1eb7c bi\u1ec7t h\u01a1n l\u00e0 l\u00e0m gia v\u1ecb \u0111\u1ec3 l\u00e0m m\u00f3n m\u00ec \u00dd quen thu\u1ed9c.<\/p>\n<p><img decoding=\"async\" class=\"wp-image-32481 aligncenter\" src=\"https:\/\/havamall.com\/wp-content\/uploads\/2023\/09\/ss4-300x200.jpeg\" alt=\"\" width=\"874\" height=\"582\" \/><\/p>\n<h2 id=\"toctoc-2\"><strong>Ph\u00f4 mai Ricotta \u0111\u01b0\u1ee3c l\u00e0m t\u1eeb nh\u1eefng nguy\u00ean li\u1ec7u g\u00ec?<\/strong><\/h2>\n<p>Ph\u00f4 mai Ricotta c\u00f3 ngu\u1ed3n g\u1ed1c t\u1eeb \u00dd, \u0111\u01b0\u1ee3c l\u00e0m t\u1eeb n\u01b0\u1edbc t\u00e1ch t\u1eeb s\u1eefa b\u00f2, s\u1eefa c\u1eebu ho\u1eb7c d\u00ea, m\u1ec1m, c\u00f3 m\u00e0u tr\u1eafng, v\u1ecb h\u01a1i ng\u1ecdt v\u00e0 r\u1ea5t \u00edt b\u00e9o, do l\u00e0m t\u1eeb s\u1eefa t\u00e1ch n\u01b0\u1edbc n\u00ean c\u1ea7n c\u00f3 ch\u1ebf \u0111\u1ed9 b\u1ea3o qu\u1ea3n t\u1ed1t,\u00a0Ricotta \u0111\u01b0\u1ee3c \u01b0a chu\u1ed9ng \u0111\u1ec3 l\u00e0m c\u00e1c m\u00f3n dessert c\u1ee7a \u00dd hay \u0103n k\u00e8m v\u1edbi m\u00f3n tr\u00e1ng mi\u1ec7ng kh\u00e1c.<\/p>\n<p>Ngo\u00e0i ra, Ricotta c\u0169ng \u0111\u01b0\u1ee3c d\u00f9ng \u0111\u1ec3 l\u00e0m c\u00e1c lo\u1ea1i\u00a0cheese cake, cookies, pasta, pizza, kh\u00f4ng ch\u1ec9 g\u00e2y h\u1ea5p d\u1eabn ri\u00eang b\u1edfi v\u1ecb ngon m\u00e0 \u0111\u00e2y c\u00f2n l\u00e0 lo\u1ea1i ph\u00f4 mai kh\u00f4ng th\u1ec3 thi\u1ebfu trong ch\u1ebf \u0111\u1ed9 \u0103n c\u1ee7a ph\u1ee5 n\u1eef ph\u01b0\u01a1ng T\u00e2y b\u1edfi ch\u00fang gi\u00e0u c\u00e1c lo\u1ea1i Vitamin A, B12, Canxi hay Protein v\u00e0 quan tr\u1ecdng nh\u1ea5t l\u00e0 ch\u00fang \u00edt ch\u1ea5t b\u00e9o.<\/p>\n<p><img decoding=\"async\" class=\"wp-image-32483 aligncenter\" src=\"https:\/\/havamall.com\/wp-content\/uploads\/2023\/09\/med1--300x200.jpeg\" alt=\"\" width=\"859\" height=\"572\" \/><\/p>\n<h2 id=\"toctoc-3\"><strong>Ph\u00f4 mai Ricotta \u0111\u01b0\u1ee3c s\u1eed d\u1ee5ng nh\u01b0 th\u1ebf n\u00e0o?<\/strong><\/h2>\n<h5 id=\"toctoc-4\"><em><strong>C\u00e1ch s\u1eed d\u1ee5ng ph\u00f4\u00a0mai cho tr\u1ebb em<\/strong><\/em><\/h5>\n<ul>\n<li><strong>D\u00f9ng ph\u00f4 mai n\u1ea5u chung v\u1edbi b\u1ed9t, ch\u00e1o:<\/strong>\u00a0B\u1ea1n n\u1ea5u ch\u00e1o, b\u1ed9t t\u1edbi khi ch\u00edn, sau \u0111\u00f3 t\u1eaft b\u1ebfp, cho n\u1ed3i xu\u1ed1ng \u0111\u1ec3 ngu\u1ed9i kho\u1ea3ng 80 \u0111\u1ed9 C th\u00ec cho ph\u00f4 mai Ricotta v\u1eeba ph\u1ea3i v\u1edbi b\u00e9 v\u00e0o d\u1ea7m t\u1edbi khi tan. \u0110\u00e2y ch\u00ednh l\u00e0 c\u00e1ch t\u1ed1t nh\u1ea5t \u0111\u1ec3 gi\u1eef cho ph\u00f4 mai t\u01b0\u01a1i kh\u00f4ng b\u1ecb bi\u1ebfn ch\u1ea5t ho\u1eb7c m\u1ea5t ch\u1ea5t.<\/li>\n<li><strong>Tr\u1ed9n Ricotta v\u1edbi s\u1eefa chua:<\/strong>\u00a0\u0110\u1ec3 c\u00e1c b\u00e9 c\u00f3 tr\u1ea3i nghi\u1ec7m th\u00edch th\u00fa h\u01a1n v\u1edbi m\u00f3n n\u00e0y, m\u1eb9 c\u00f3 th\u1ec3 tr\u1ed9n ph\u00f4 mai t\u01b0\u01a1i Ricotta v\u1edbi s\u1eefa chua gi\u00fap t\u0103ng h\u01b0\u01a1ng v\u1ecb b\u00e9o ng\u1eady. Ho\u1eb7c c\u0169ng c\u00f3 th\u1ec3 xay ph\u00f4 mai ra chung v\u1edbi c\u00e1c lo\u1ea1i tr\u00e1i c\u00e2y nh\u01b0 chu\u1ed1i, b\u01a1, xo\u00e0i \u0111\u1ec3 cho b\u00e9 \u0103n c\u00f9ng.<\/li>\n<li><strong>V\u1edbi nh\u1eefng b\u00e9 l\u1edbn:<\/strong>\u00a0M\u1eb9 c\u00f3 ph\u1ebft ph\u00f4 mai k\u00e8m m\u1ee9t, b\u01a1 cho m\u00f3n b\u00e1nh m\u00ec \u0111\u1ec3 b\u00e9 \u0103n s\u00e1ng, s\u1eed d\u1ee5ng c\u00e1ch n\u00e0y s\u1ebd cung c\u1ea5p th\u00eam nhi\u1ec1u ch\u1ea5t dinh d\u01b0\u1ee1ng cho b\u00e9 trong m\u1ed9t ng\u00e0y.<\/li>\n<\/ul>\n<h5 id=\"toctoc-5\"><em><strong>C\u00e1ch s\u1eed d\u1ee5ng Ph\u00f4 mai Ricotta cho ng\u01b0\u1eddi l\u1edbn<\/strong><\/em><\/h5>\n<ul>\n<li>Ph\u00f4 mai Ricotta c\u00f3 h\u01b0\u01a1ng v\u1ecb s\u1eefa t\u01b0\u01a1i \u0103n k\u00e8m v\u1edbi salad hay m\u00ec \u1ed1ng c\u0169ng r\u1ea5t th\u00fa v\u1ecb.<\/li>\n<li>B\u1ea1n c\u0169ng c\u00f3 th\u1ec3 l\u00e0m b\u00e1nh Ricotta theo c\u00f4ng th\u1ee9c sau: \u0110\u00e1nh l\u00f2ng \u0111\u1ecf tr\u1ee9ng, s\u1eefa, ph\u00f4 mai Ricotta v\u00e0o t\u00f4, sau \u0111\u00f3 th\u00eam b\u1ed9t b\u00e1nh, b\u1ed9t n\u1edf. Khu\u1ea5y nh\u1eb9 v\u00e0 cho th\u00eam b\u00e1nh tr\u1ee9ng \u0111\u01b0\u1eddng, ti\u1ebfp \u0111\u00f3 b\u1ea1n c\u1ea7n \u0111un n\u00f3ng ch\u1ea3o \u1edf l\u1eeda v\u1eeba v\u00e0 tr\u00e1ng \u0111\u1ec1u b\u1ec1 m\u1eb7t ch\u1ea3o v\u1edbi b\u01a1 th\u1ef1c v\u1eadt. Cho h\u1ed7n h\u1ee3p b\u00e1nh v\u00e0o ch\u1ea3o n\u1ea5u t\u1eeb 3-4 ph\u00fat sau \u0111\u00f3 l\u1eadt, b\u1ea1n n\u1ea5u cho t\u1edbi khi c\u1ea3 hai m\u1eb7t \u0111\u1ec1u c\u00f3 m\u00e0u n\u00e2u v\u00e0ng l\u00e0 \u0111\u00e3 th\u01b0\u1edfng th\u1ee9c \u0111\u01b0\u1ee3c r\u1ed3i.<\/li>\n<li>Ngo\u00e0i ra, ph\u00f4 mai Ricotta c\u00f2n l\u00e0 nguy\u00ean li\u1ec7u d\u00f9ng k\u00e8m v\u1edbi c\u00e1c m\u00f3n tr\u00e1ng mi\u1ec7ng, thay th\u1ebf cho mayonnaise trong c\u00e1c m\u00f3n salad, d\u00f9ng cho v\u00e0o m\u00ec \u00dd hay Pizza\u2026<\/li>\n<\/ul>\n<h2><img loading=\"lazy\" decoding=\"async\" class=\"wp-image-32484 aligncenter\" src=\"https:\/\/havamall.com\/wp-content\/uploads\/2023\/09\/cookingclassy-200x300.jpeg\" alt=\"\" width=\"822\" height=\"1234\" \/><\/h2>\n<h2 id=\"toctoc-6\"><strong>L\u1ee3i \u00edch khi s\u1eed d\u1ee5ng ph\u00f4 mai Ricotta<\/strong><\/h2>\n<p>Theo m\u1ed9t s\u1ed1 li\u1ec7u nghi\u00ean c\u1ee9u d\u1ef1a tr\u00ean gi\u00e1 tr\u1ecb dinh d\u01b0\u1ee1ng trung b\u00ecnh c\u1ee7a Ricotta c\u1ee7a FoodData Central \u0111\u01b0a ra: \u0102n 100g ph\u00f4 mai Ricotta c\u00f3 th\u1ec3 cung c\u1ea5p \u00bc l\u01b0\u1ee3ng protein c\u1ea7n thi\u1ebft trong 1 ng\u00e0y cho c\u01a1 th\u1ec3. Ngo\u00e0i ra, ch\u00fang c\u00f2n c\u00f3 l\u1ee3i \u00edch cho s\u1ee9c kh\u1ecfe nh\u01b0:<\/p>\n<p id=\"toctoc-7\">&#8211; T\u0103ng c\u01b0\u1eddng s\u1ef1 ch\u1eafc kh\u1ecfe cho x\u01b0\u01a1ng<\/p>\n<p id=\"toctoc-8\">&#8211; T\u1ed1t cho s\u1ee9c kh\u1ecfe r\u0103ng mi\u1ec7ng<\/p>\n<p id=\"toctoc-9\">&#8211; Gi\u00e0u Vitamin<\/p>\n<p id=\"toctoc-10\">&#8211; T\u1ed1t cho tuy\u1ebfn gi\u00e1p<\/p>","protected":false},"excerpt":{"rendered":"<p>&nbsp; TH\u00d4NG TIN CHUNG Th\u01b0\u01a1ng hi\u1ec7u Papouis Xu\u1ea5t x\u1ee9 C\u1ed9ng Ho\u00e0 S\u00edp Th\u00e0nh ph\u1ea7n V\u00e1ng s\u1eefa (s\u1eefa b\u00f2, s\u1eefa c\u1eebu,<\/p>","protected":false},"featured_media":32494,"comment_status":"open","ping_status":"closed","template":"","meta":[],"product_brand":[],"product_cat":[36,275],"product_tag":[],"class_list":{"0":"post-32480","1":"product","2":"type-product","3":"status-publish","4":"has-post-thumbnail","6":"product_cat-thuc-pham-tieu-dung","7":"product_cat-thuc-pham-dong-lanh","9":"first","10":"outofstock","11":"sale","12":"shipping-taxable","13":"purchasable","14":"product-type-simple"},"_links":{"self":[{"href":"https:\/\/havamall.com\/en\/wp-json\/wp\/v2\/product\/32480","targetHints":{"allow":["GET"]}}],"collection":[{"href":"https:\/\/havamall.com\/en\/wp-json\/wp\/v2\/product"}],"about":[{"href":"https:\/\/havamall.com\/en\/wp-json\/wp\/v2\/types\/product"}],"replies":[{"embeddable":true,"href":"https:\/\/havamall.com\/en\/wp-json\/wp\/v2\/comments?post=32480"}],"version-history":[{"count":0,"href":"https:\/\/havamall.com\/en\/wp-json\/wp\/v2\/product\/32480\/revisions"}],"wp:featuredmedia":[{"embeddable":true,"href":"https:\/\/havamall.com\/en\/wp-json\/wp\/v2\/media\/32494"}],"wp:attachment":[{"href":"https:\/\/havamall.com\/en\/wp-json\/wp\/v2\/media?parent=32480"}],"wp:term":[{"taxonomy":"product_brand","embeddable":true,"href":"https:\/\/havamall.com\/en\/wp-json\/wp\/v2\/product_brand?post=32480"},{"taxonomy":"product_cat","embeddable":true,"href":"https:\/\/havamall.com\/en\/wp-json\/wp\/v2\/product_cat?post=32480"},{"taxonomy":"product_tag","embeddable":true,"href":"https:\/\/havamall.com\/en\/wp-json\/wp\/v2\/product_tag?post=32480"}],"curies":[{"name":"wp","href":"https:\/\/api.w.org\/{rel}","templated":true}]}}