{"id":32542,"date":"2023-10-09T14:26:05","date_gmt":"2023-10-09T07:26:05","guid":{"rendered":"https:\/\/havamall.com\/?post_type=product&#038;p=32542"},"modified":"2026-03-06T10:55:10","modified_gmt":"2026-03-06T03:55:10","slug":"hat-me-den-say-kho-havafoodies-goi-500g-black-sesame","status":"publish","type":"product","link":"https:\/\/havamall.com\/en\/shop\/hat-me-den-say-kho-havafoodies-goi-500g-black-sesame\/","title":{"rendered":"H\u1ea1t M\u00e8 \u0110en S\u1ea5y Kh\u00f4 Havafoodies G\u00f3i 500g &#8211; Black Sesame"},"content":{"rendered":"<h2><\/h2>\n<h2><strong>TH\u00d4NG TIN CHUNG<\/strong><\/h2>\n<table width=\"1130\">\n<tbody>\n<tr>\n<td>Th\u01b0\u01a1ng hi\u1ec7u<\/td>\n<td>Havafoodies<\/td>\n<\/tr>\n<tr>\n<td>Xu\u1ea5t x\u1ee9<\/td>\n<td>Vi\u1ec7t Nam<\/td>\n<\/tr>\n<tr>\n<td>Th\u00e0nh ph\u1ea7n<\/td>\n<td>100% h\u1ea1t m\u00e8 \u0111en<\/td>\n<\/tr>\n<tr>\n<td>H\u1ea1n s\u1eed d\u1ee5ng<\/td>\n<td>24 th\u00e1ng k\u1ec3 t\u1eeb ng\u00e0y s\u1ea3n xu\u1ea5t<\/td>\n<\/tr>\n<tr>\n<td>B\u1ea3o qu\u1ea3n<\/td>\n<td>B\u1ea3o qu\u1ea3n n\u01a1i kh\u00f4 r\u00e1o, tho\u00e1ng m\u00e1t<\/td>\n<\/tr>\n<tr>\n<td>Kh\u1ed1i l\u01b0\u1ee3ng<\/td>\n<td>500g<\/td>\n<\/tr>\n<\/tbody>\n<\/table>\n<p class=\"detail-sapo\">H\u1ea1t m\u00e8 (c\u00f3 n\u01a1i g\u1ecdi l\u00e0 h\u1ea1t v\u1eebng), m\u1ed9t lo\u1ea1i\u00a0th\u1ef1c ph\u1ea9m r\u1ea5t quen thu\u1ed9c v\u00e0 g\u1ea7n g\u0169i v\u1edbi gia \u0111\u00ecnh ng\u01b0\u1eddi Vi\u1ec7t, v\u1eeba l\u00e0 m\u00f3n ngon v\u1eeba l\u00e0 d\u01b0\u1ee3c ph\u1ea9m h\u1eefu hi\u1ec7u ch\u1eefa \u0111\u01b0\u1ee3c nhi\u1ec1u b\u1ec7nh m\u00e0 kh\u00f4ng t\u1ed1n nhi\u1ec1u c\u00f4ng s\u1ee9c.<\/p>\n<p>Ngo\u00e0i nh\u1eefng vitamin th\u00ec trong h\u1ea1t m\u00e8 c\u00f2n ch\u1ee9a l\u01b0\u1ee3ng l\u1edbn c\u00e1c kho\u00e1ng ch\u1ea5t t\u1ef1 nhi\u00ean v\u00e0 c\u00e1c h\u1ee3p ch\u1ea5t h\u1eefu c\u01a1 bao g\u1ed3m canxi, s\u1eaft, magi\u00ea, ph\u1ed1t pho, mangan, \u0111\u1ed3ng, k\u1ebdm, ch\u1ea5t x\u01a1, thiamin, vitamin B6, axit folic, protein, v\u00e0 tryptophan. Do v\u1eady m\u00e0 nh\u1eefng l\u1ee3i \u00edch m\u00e0 h\u1ea1t v\u1eebng mang l\u1ea1i cho s\u1ee9c kh\u1ecfe c\u0169ng v\u00f4 c\u00f9ng l\u1edbn.<\/p>\n<p><img fetchpriority=\"high\" decoding=\"async\" class=\"wp-image-32543 aligncenter\" src=\"https:\/\/havamall.com\/wp-content\/uploads\/2023\/10\/black-sesame-seeds-falling-in-wooden-bowl-isolated-2F605FP-300x298.jpg\" alt=\"\" width=\"795\" height=\"790\" \/><\/p>\n<p>H\u1ea1t m\u00e8 ch\u1ee9a kho\u1ea3ng 40 &#8211; 60% d\u1ea7u, 22% ch\u1ea5t \u0111\u1ea1m, ngo\u00e0i ra c\u00f2n c\u00f3 \u0111\u1ed3ng, can xi oxalat. D\u1ea7u m\u00e8 ch\u1ee9a nhi\u1ec1u calo, a x\u00edt b\u00e9o omega 3 v\u00e0 omega 6&#8230; c\u00f3 l\u1ee3i cho tim m\u1ea1ch, t\u0103ng tu\u1ed5i th\u1ecd.\u00a0M\u00e8 \u0111en\u00a0v\u00e0 m\u00e8 tr\u1eafng \u0111\u1ec1u t\u1ed1t cho s\u1ee9c kh\u1ecfe, nh\u01b0ng \u0111\u00f4ng y khuy\u1ebfn c\u00e1o n\u00ean d\u00f9ng m\u00e8 \u0111en v\u00ec \u0111\u00e2y \u0111\u01b0\u1ee3c xem nh\u01b0 m\u1ed9t v\u1ecb thu\u1ed1c.<\/p>\n<p>M\u00e8 \u0111en c\u00f3 t\u00e1c d\u1ee5ng h\u1eefu hi\u1ec7u \u0111\u1ed1i v\u1edbi c\u00e1c v\u1ea5n \u0111\u1ec1 v\u1ec1 ti\u00eau h\u00f3a nh\u01b0 nhu\u1eadn tr\u00e0ng, tr\u1ecb t\u00e1o b\u00f3n, kh\u00f3 ti\u00eau. Ch\u1ecdn m\u00e8 t\u01b0\u01a1i ngon t\u1ea1i n\u01a1i b\u00e1n \u0111\u00e1ng tin c\u1eady, v\u1ec1 nh\u1eb7t s\u1ea1ch r\u1ed3i \u0111\u00e3i qua v\u1edbi n\u01b0\u1edbc. \u0110\u1ec3 r\u00e1o r\u1ed3i cho v\u00e0o ch\u1ea3o rang ch\u00edn. Khi h\u1ea1t m\u00e8 ph\u1ed3ng l\u00ean v\u00e0 n\u1ed5 l\u00e1ch t\u00e1ch ngh\u0129a l\u00e0 \u0111\u00e3 ch\u00edn, l\u01b0u \u00fd kh\u00f4ng \u0111\u1ec3 l\u1eeda l\u1edbn \u0111\u1ec3 tr\u00e1nh m\u00e8 b\u1ecb ch\u00e1y. \u0110em xay nhuy\u1ec5n r\u1ed3i tr\u1eef trong h\u0169 s\u1ea1ch \u0111\u1ec3 ch\u1ebf bi\u1ebfn th\u00e0nh nhi\u1ec1u m\u00f3n ngon.<\/p>\n<p><img decoding=\"async\" class=\"wp-image-32544 aligncenter\" src=\"https:\/\/havamall.com\/wp-content\/uploads\/2023\/10\/homemade-black-sesame-oat-milk3-200x300.jpeg\" alt=\"\" width=\"815\" height=\"1223\" \/><\/p>\n<p>C\u00e1ch th\u00f4ng d\u1ee5ng nh\u1ea5t l\u00e0 n\u1ea5u ch\u00e8 m\u00e8 \u0111en (c\u00f2n g\u1ecdi l\u00e0 ch\u00ed m\u00e0 ph\u00f9). M\u00e8 \u0111\u00e3 ch\u00edn v\u00e0 xay nhuy\u1ec5n h\u00f2a v\u1edbi m\u1ed9t \u00edt n\u01b0\u1edbc l\u1ecdc c\u00f9ng v\u1edbi b\u1ed9t s\u1eafn d\u00e2y ho\u1eb7c b\u1ed9t n\u1ebfp, cho l\u00ean b\u1ebfp \u0111un s\u00f4i, th\u00eam m\u1ed9t \u00edt \u0111\u01b0\u1eddng r\u1ed3i nh\u1ea5c xu\u1ed1ng. M\u00f3n n\u00e0y tr\u1ecb t\u00e1o b\u00f3n hi\u1ec7u qu\u1ea3, c\u00f3 th\u1ec3 \u0103n m\u1ed9t ch\u00e9n tr\u01b0\u1edbc khi \u0111i ng\u1ee7 m\u1ed7i ng\u00e0y. Ng\u01b0\u1eddi Nam b\u1ed9 th\u01b0\u1eddng cho th\u00eam n\u01b0\u1edbc d\u1eeba ho\u1eb7c s\u1eefa v\u00e0o c\u0169ng r\u1ea5t ngon.<\/p>\n<p>\u0110\u1ed1i v\u1edbi ng\u01b0\u1eddi l\u1edbn tu\u1ed5i th\u00ec cho b\u1ed9t m\u00e8 \u0111\u00e3 xay n\u1ea5u c\u00f9ng v\u1edbi khoai m\u1ee1 ho\u1eb7c v\u1edbi g\u1ea1o t\u1ebb th\u00e0nh m\u00f3n ch\u00e1o d\u00f9ng m\u1ed7i ng\u00e0y \u0111\u1ec1u r\u1ea5t t\u1ed1t. Nh\u1eefng ng\u01b0\u1eddi tr\u1ebb n\u1ebfu kh\u00f4ng c\u00f3 th\u1eddi gian th\u00ec c\u00f3 th\u1ec3 tr\u1ed9n h\u1ea1t m\u00e8 \u0111en \u0111\u00e3 rang v\u1edbi \u0111\u1eadu ph\u1ed9ng gi\u00e3 nhuy\u1ec5n c\u00f9ng m\u1ed9t \u00edt mu\u1ed1i, ti\u00eau, th\u00e0nh lo\u1ea1i gia v\u1ecb \u0103n c\u00f9ng c\u01a1m ho\u1eb7c x\u00f4i m\u1ed7i ng\u00e0y.<\/p>\n<p><img decoding=\"async\" class=\"wp-image-32545 aligncenter\" src=\"https:\/\/havamall.com\/wp-content\/uploads\/2023\/10\/Screen-Shot-2023-10-09-at-2.11.22-PM-300x290.png\" alt=\"\" width=\"819\" height=\"792\" \/><\/p>\n<div id=\"zone-l2srqb41\">\n<div id=\"share-l2srqbkq\">\n<div id=\"placement-kspipz1y\">\n<div id=\"banner-l2srqb41-kspiq11b\"><\/div>\n<\/div>\n<\/div>\n<\/div>\n<p>\u0110\u00f4ng y d\u00f9ng m\u00e8 \u0111en nh\u01b0 m\u1ed9t v\u1ecb thu\u1ed1c gi\u00fap \u0111en t\u00f3c b\u00ean c\u1ea1nh h\u00e0 th\u1ee7 \u00f4. M\u00e8 \u0111en c\u00f2n gi\u00fap tr\u1ecb m\u1ee5n nh\u1ecdt, l\u00e0n da m\u1ec1m m\u1ea1i. Do \u0111\u00f3, b\u00ean c\u1ea1nh vi\u1ec7c d\u00f9ng tr\u1ef1c ti\u1ebfp m\u00e8 \u0111en c\u00f2n c\u00f3 th\u1ec3 d\u00f9ng d\u1ea7u m\u00e8 \u0111\u1ec3 thay th\u1ebf c\u00e1c lo\u1ea1i d\u1ea7u \u0103n kh\u00e1c trong ch\u1ebf bi\u1ebfn. D\u1ea7u m\u00e8 c\u0169ng r\u1ea5t th\u00e2n thi\u1ec7n v\u1edbi tr\u1ebb em do ch\u1ee9a nhi\u1ec1u vitamin E, B v\u00e0 can-xi.<\/p>\n<h2><strong>Gi\u00e1 tr\u1ecb dinh d\u01b0\u1ee1ng c\u1ee7a m\u00e8 \u0111en<\/strong><\/h2>\n<p>C\u00e1c ch\u1ea5t dinh d\u01b0\u1ee1ng c\u00f3 trong h\u1ea1t m\u00e8 \u0111en theo\u00a0<strong>C\u01a1 s\u1edf d\u1eef li\u1ec7u v\u1ec1 th\u00e0nh ph\u1ea7n th\u1ef1c ph\u1ea9m c\u1ee7a USDA<\/strong>\u00a0nh\u01b0 sau (th\u00e0nh ph\u1ea7n dinh d\u01b0\u1ee1ng t\u00ednh trong 2 mu\u1ed7ng canh h\u1ea1t m\u00e8 \u0111en):<\/p>\n<ul>\n<li>Protein: 3.2g<\/li>\n<li>Ch\u1ea5t b\u00e9o: 9g<\/li>\n<li>Carbohydrate: 4g<\/li>\n<li>Ch\u1ea5t x\u01a1: 2g<\/li>\n<\/ul>\n<p><img loading=\"lazy\" decoding=\"async\" class=\"wp-image-32546 aligncenter\" src=\"https:\/\/havamall.com\/wp-content\/uploads\/2023\/10\/Frame-5662-300x169.png\" alt=\"\" width=\"826\" height=\"466\" \/><\/p>\n<p>V\u00e0 h\u00e0m l\u01b0\u1ee3ng vitamin c\u00f9ng kho\u00e1ng ch\u1ea5t m\u00e0 m\u00e8 \u0111en cung c\u1ea5p cho c\u01a1 th\u1ec3 c\u0169ng r\u1ea5t d\u1ed3i d\u00e0o (t\u00ednh tr\u00ean t\u1ed5ng l\u01b0\u1ee3ng calo c\u01a1 th\u1ec3 ng\u01b0\u1eddi tr\u01b0\u1edfng th\u00e0nh c\u1ea7n m\u1ed7i ng\u00e0y):<\/p>\n<ul>\n<li>Vitamin E: 2%<\/li>\n<li>Vitamin B1: 12%<\/li>\n<li>Vitamin B2: 3%<\/li>\n<li>Vitamin B3: 4%<\/li>\n<li>Vitamin B9: 4%<\/li>\n<li>Canxi: 14%<\/li>\n<li>K\u1ebdm: 13%<\/li>\n<li>Ph\u1ed1t pho: 9%<\/li>\n<li>S\u1eaft: 15%<\/li>\n<li>Mangan: 19%<\/li>\n<li>Magie: 15%<\/li>\n<li>\u0110\u1ed3ng: 82%<\/li>\n<\/ul>\n<p>\u0110\u1eb7c bi\u1ec7t, m\u00e8 \u0111en ch\u1ee9a l\u01b0\u1ee3ng ch\u1ea5t b\u00e9o trung t\u00ednh cao n\u00ean r\u1ea5t t\u1ed1t cho h\u1ec7 tim m\u1ea1ch c\u1ee7a ch\u00fang ta, c\u1ee5 th\u1ec3:<\/p>\n<ul>\n<li>Ch\u1ea5t b\u00e9o b\u00e3o h\u00f2a: 15%<\/li>\n<li>Ch\u1ea5t b\u00e9o kh\u00f4ng b\u00e3o h\u00f2a: 41%<\/li>\n<li>Ch\u1ea5t b\u00e9o kh\u00f4ng b\u00e3o h\u00f2a \u0111\u01a1n: 39%<\/li>\n<\/ul>\n<h2><img loading=\"lazy\" decoding=\"async\" class=\"wp-image-32553 aligncenter\" src=\"https:\/\/havamall.com\/wp-content\/uploads\/2023\/10\/Screen-Shot-2023-10-09-at-2.36.04-PM-300x294.png\" alt=\"\" width=\"821\" height=\"805\" \/><\/h2>\n<h2><strong>C\u00f4ng d\u1ee5ng tuy\u1ec7t v\u1eddi c\u1ee7a h\u1ea1t m\u00e8<\/strong><\/h2>\n<ul>\n<li>H\u1ea1t m\u00e8 c\u00f3 t\u00ednh d\u01b0\u01a1ng, n\u1ebfu rang mu\u1ed1i v\u00e0 \u0103n k\u1ebft h\u1ee3p v\u1edbi g\u1ea1o l\u1ee9t tr\u1edf th\u00e0nh m\u1ed9t b\u1ed9 \u0111\u00f4i b\u1eadc s\u1ed1 7 trong 10 c\u00e1ch \u0103n c\u1ee7a TS. Ohsawa , l\u00e0 c\u00e1ch \u0103n c\u00e2n b\u1eb1ng \u00e2m d\u01b0\u01a1ng, \u0111\u01b0a c\u01a1 th\u1ec3 con ng\u01b0\u1eddi tr\u1edf v\u1ec1 b\u1ea3n th\u1ec3 g\u1ed1c, thay to\u00e0n b\u1ed9 m\u00e1u huy\u1ebft t\u1ed1t n\u00ean c\u01a1 th\u1ec3 kh\u1ecfe m\u1ea1nh, b\u1ec7nh t\u1eadt kh\u00f4ng c\u00f2n, t\u00e2m t\u00ednh an h\u00f2a, tr\u00ed nh\u1edb h\u1ed3i ph\u1ee5c, tr\u00ed ph\u00e1n \u0111o\u00e1n t\u0103ng l\u00ean \u2026<\/li>\n<li>Gi\u1ea3m cholesterol, ph\u00f2ng ch\u1ed1ng x\u01a1 v\u1eefa \u0111\u1ed9ng m\u1ea1ch, b\u1ea3o v\u1ec7 tim m\u1ea1ch. H\u1ed7 tr\u1ee3 x\u01b0\u01a1ng, ch\u1eefa tho\u00e1i h\u00f3a kh\u1edbp v\u00e0 t\u0103ng c\u01b0\u1eddng s\u1ee9c kh\u1ecfe x\u01b0\u01a1ng.<\/li>\n<li>C\u1ea3i thi\u1ec7n ti\u00eau h\u00f3a, ng\u0103n ng\u1eeba nh\u01b0 t\u00e1o b\u00f3n, ti\u00eau ch\u1ea3y, \u0111\u1ed3ng th\u1eddi b\u1ea3o v\u1ec7 s\u1ee9c kh\u1ecfe c\u1ee7a ru\u1ed9t gi\u00e0 v\u00e0 gi\u1ea3m nguy c\u01a1 m\u1eafc b\u1ec7nh \u0111\u01b0\u1eddng ti\u00eau h\u00f3a v\u00e0 ung th\u01b0.<\/li>\n<li>Gi\u00fap gi\u1ea3m \u0111au v\u00e0 tr\u1ecb v\u1ebft b\u1ecfng.<\/li>\n<li>Cung c\u1ea5p c\u00e1c h\u1ee3p ch\u1ea5t h\u1eefu c\u01a1 c\u1ea7n thi\u1ebft cho thai nhi, m\u1eb9 mang thai: canxi, s\u1eaft, axit folic.<\/li>\n<li>B\u1ea3o v\u1ec7 s\u1ee9c kh\u1ecfe r\u0103ng mi\u1ec7ng, d\u01b0\u1ee1ng da, gi\u1ea3m c\u00e2n.<\/li>\n<\/ul>\n<h2><img loading=\"lazy\" decoding=\"async\" class=\"wp-image-32548 aligncenter\" src=\"https:\/\/havamall.com\/wp-content\/uploads\/2023\/10\/Screen-Shot-2023-10-09-at-2.11.41-PM-300x297.png\" alt=\"\" width=\"827\" height=\"819\" \/><\/h2>\n<h2><strong>H\u01b0\u1edbng d\u1eabn s\u1eed d\u1ee5ng<\/strong><\/h2>\n<p dir=\"ltr\">&#8211; \u0110\u1ed1i v\u1edbi c\u00f4ng d\u1ee5ng c\u1ea3i thi\u1ec7n v\u00f3c d\u00e1ng v\u00e0 l\u00e0n da: n\u00ean d\u00f9ng n\u01b0\u1edbc m\u00e8 rang u\u1ed1ng bu\u1ed5i t\u1ed1i tr\u01b0\u1edbc khi ng\u1ee7 v\u00e0 bu\u1ed5i s\u00e1ng khi th\u1ee9c d\u1eady.<\/p>\n<p dir=\"ltr\">&#8211; \u0110\u1ed1i v\u1edbi c\u00f4ng d\u1ee5ng gi\u1ea3m c\u00e2n: n\u00ean u\u1ed1ng ri\u00eang n\u01b0\u1edbc m\u00e8 \u0111en ho\u1eb7c pha n\u01b0\u1edbc m\u00e8 \u0111en c\u00f9ng s\u1eefa t\u01b0\u01a1i kh\u00f4ng \u0111\u01b0\u1eddng.<\/p>\n<p dir=\"ltr\">&#8211; H\u00e0m l\u01b0\u1ee3ng s\u1eed d\u1ee5ng m\u00e8 \u0111en h\u00e0ng ng\u00e0y t\u1ed1t nh\u1ea5t ch\u1ec9 c\u1ea7n duy tr\u00ec kho\u1ea3ng 15 &#8211; 20g l\u00e0 \u0111\u01b0\u1ee3c.<\/p>\n<p dir=\"ltr\">&#8211; N\u00ean rang m\u00e8 ch\u00edn r\u1ed3i m\u1edbi d\u00f9ng \u0111\u1ec3 c\u00f3 m\u00f9i th\u01a1m, v\u1ecb b\u00f9i h\u01a1n v\u00e0 d\u1ec5 ti\u00eau ho\u00e1.<\/p>\n<p dir=\"ltr\"><img loading=\"lazy\" decoding=\"async\" class=\"wp-image-32549 aligncenter\" src=\"https:\/\/havamall.com\/wp-content\/uploads\/2023\/10\/l-intro-1680184969-300x169.jpeg\" alt=\"\" width=\"823\" height=\"463\" \/><\/p>","protected":false},"excerpt":{"rendered":"<p>TH\u00d4NG TIN CHUNG Th\u01b0\u01a1ng hi\u1ec7u Havafoodies Xu\u1ea5t x\u1ee9 Vi\u1ec7t Nam Th\u00e0nh ph\u1ea7n 100% h\u1ea1t m\u00e8 \u0111en H\u1ea1n s\u1eed d\u1ee5ng 24<\/p>","protected":false},"featured_media":44968,"comment_status":"open","ping_status":"closed","template":"","meta":[],"product_brand":[],"product_cat":[594,36,134],"product_tag":[],"class_list":{"0":"post-32542","1":"product","2":"type-product","3":"status-publish","4":"has-post-thumbnail","6":"product_cat-dau-cu-qua-kho","7":"product_cat-thuc-pham-tieu-dung","8":"product_cat-thucpham-saykho","9":"pa_brand-skx","11":"first","12":"instock","13":"sale","14":"shipping-taxable","15":"purchasable","16":"product-type-simple"},"_links":{"self":[{"href":"https:\/\/havamall.com\/en\/wp-json\/wp\/v2\/product\/32542","targetHints":{"allow":["GET"]}}],"collection":[{"href":"https:\/\/havamall.com\/en\/wp-json\/wp\/v2\/product"}],"about":[{"href":"https:\/\/havamall.com\/en\/wp-json\/wp\/v2\/types\/product"}],"replies":[{"embeddable":true,"href":"https:\/\/havamall.com\/en\/wp-json\/wp\/v2\/comments?post=32542"}],"version-history":[{"count":0,"href":"https:\/\/havamall.com\/en\/wp-json\/wp\/v2\/product\/32542\/revisions"}],"wp:featuredmedia":[{"embeddable":true,"href":"https:\/\/havamall.com\/en\/wp-json\/wp\/v2\/media\/44968"}],"wp:attachment":[{"href":"https:\/\/havamall.com\/en\/wp-json\/wp\/v2\/media?parent=32542"}],"wp:term":[{"taxonomy":"product_brand","embeddable":true,"href":"https:\/\/havamall.com\/en\/wp-json\/wp\/v2\/product_brand?post=32542"},{"taxonomy":"product_cat","embeddable":true,"href":"https:\/\/havamall.com\/en\/wp-json\/wp\/v2\/product_cat?post=32542"},{"taxonomy":"product_tag","embeddable":true,"href":"https:\/\/havamall.com\/en\/wp-json\/wp\/v2\/product_tag?post=32542"}],"curies":[{"name":"wp","href":"https:\/\/api.w.org\/{rel}","templated":true}]}}