{"id":32587,"date":"2023-10-12T16:21:53","date_gmt":"2023-10-12T09:21:53","guid":{"rendered":"https:\/\/havamall.com\/?post_type=product&#038;p=32587"},"modified":"2025-04-24T10:48:23","modified_gmt":"2025-04-24T03:48:23","slug":"kem-long-nau-an-dong-lon-able-farm-390g-evaporated-creamer","status":"publish","type":"product","link":"https:\/\/havamall.com\/en\/shop\/kem-long-nau-an-dong-lon-able-farm-390g-evaporated-creamer\/","title":{"rendered":"Kem L\u1ecfng N\u1ea5u \u0102n \u0110\u00f3ng Lon Able Farm 390g &#8211; Evaporated Creamer"},"content":{"rendered":"<div class=\"title-bl\">\n<h2><\/h2>\n<h2><strong>TH\u00d4NG TIN CHUNG<\/strong><\/h2>\n<table width=\"1130\">\n<tbody>\n<tr>\n<td>Th\u01b0\u01a1ng hi\u1ec7u<\/td>\n<td>Able Farm<\/td>\n<\/tr>\n<tr>\n<td>Xu\u1ea5t x\u1ee9<\/td>\n<td>Malaysia<\/td>\n<\/tr>\n<tr>\n<td>Th\u00e0nh ph\u1ea7n<\/td>\n<td>N\u01b0\u1edbc, s\u1eefa b\u1ed9t, \u0111\u01b0\u1eddng,&#8230;<\/td>\n<\/tr>\n<tr>\n<td>H\u1ea1n s\u1eed d\u1ee5ng<\/td>\n<td>12 th\u00e1ng k\u1ec3 t\u1eeb ng\u00e0y s\u1ea3n xu\u1ea5t<\/td>\n<\/tr>\n<tr>\n<td>B\u1ea3o qu\u1ea3n<\/td>\n<td>\u0110\u1ec3 n\u01a1i kh\u00f4 r\u00e1o, tho\u00e1ng m\u00e1t, tr\u00e1nh \u00e1nh n\u1eafng tr\u1ef1c ti\u1ebfp<\/td>\n<\/tr>\n<tr>\n<td>Kh\u1ed1i l\u01b0\u1ee3ng<\/td>\n<td>390g<\/td>\n<\/tr>\n<\/tbody>\n<\/table>\n<p><img fetchpriority=\"high\" decoding=\"async\" class=\"wp-image-32589 aligncenter\" src=\"https:\/\/havamall.com\/wp-content\/uploads\/2023\/10\/361901962_317464353965390_1342635839393497633_n-300x279.jpeg\" alt=\"\" width=\"901\" height=\"838\" \/>Kem l\u1ecfng n\u1ea5u \u0103n Able Farm c\u00f3\u00a0 nhi\u1ec1u c\u00f4ng d\u1ee5ng trong n\u1ea5u \u0103n v\u00e0 l\u00e0m b\u00e1nh nh\u01b0: Ch\u1ea5t l\u00e0m kem,Nguy\u00ean li\u1ec7u n\u1ea5u \u0103n,L\u00e0m b\u00e1nh,Pha ch\u1ebf \u0111\u1ed3 u\u1ed1ng&#8230;Kem l\u1ecfng n\u1ea5u \u0103n \u0111\u01b0\u1ee3c d\u00f9ng trong ch\u1ebf bi\u1ebfn c\u00e1c m\u00f3n soup \u00c2u, cari Th\u00e1i, Tom yum&#8230;Ngo\u00e0i ra, c\u00f2n \u0111\u01b0\u1ee3c s\u1eed d\u1ee5ng trong ch\u1ebf bi\u1ebfn m\u00f3n tr\u00e1ng mi\u1ec7ng, t\u1ea1o \u0111\u1ed9 b\u00e9o th\u01a1m, t\u1ea1o d\u1ebbo cho tr\u00e0 s\u1eefa,, b\u00e1nh flan&#8230;<\/p>\n<p>Kem l\u1ecfng n\u1ea5u \u0103n gi\u00fap c\u1ea3i thi\u1ec7n h\u01b0\u01a1ng v\u1ecb, k\u1ebft c\u1ea5u v\u00e0 \u0111\u1ed9 m\u1ecbn c\u1ee7a c\u00e1c m\u00f3n \u0103n v\u00e0 \u0111\u1ed3 u\u1ed1ng, t\u1ea1o ra nh\u1eefng m\u00f3n tr\u00e1ng mi\u1ec7ng h\u1ea5p d\u1eabn v\u00e0 th\u00eam phong c\u00e1ch chuy\u00ean nghi\u1ec7p cho c\u00e1c m\u00f3n n\u1ea5u \u0103n gia \u0111\u00ecnh.<\/p>\n<p><img decoding=\"async\" class=\"wp-image-32593 aligncenter\" src=\"https:\/\/havamall.com\/wp-content\/uploads\/2023\/10\/196655524_990023521536038_428649524876953461_n-300x300.png\" alt=\"\" width=\"894\" height=\"894\" \/><\/p>\n<h2><strong>\u01afu \u0111i\u1ec3m c\u1ee7a s\u1ea3n ph\u1ea9m<\/strong><\/h2>\n<p>\u2013 Kem L\u1ecfng N\u1ea5u \u0102n Able Farm ch\u1ee9a nhi\u1ec1u vitamin: A, B1, B2, D3 cung c\u1ea5p dinh d\u01b0\u1ee1ng nhi\u1ec1u h\u01a1n cho c\u01a1 th\u1ec3. S\u1ea3n ph\u1ea9m thu\u1ed9c th\u01b0\u01a1ng hi\u1ec7u n\u1ed5i ti\u1ebfng v\u00e0 uy t\u00edn\u00a0Nestle.<\/p>\n<p>\u2013 B\u1ed5 sung ch\u1ea5t \u0111\u1ea1m gi\u00fap c\u01a1 th\u1ec3 ph\u00e1t tri\u1ec3n kh\u1ecfe m\u1ea1nh, canxi gi\u00fap x\u01b0\u01a1ng v\u00e0 r\u0103ng ch\u1eafc kh\u1ecfe, ph\u00e1t tri\u1ec3n chi\u1ec1u cao v\u00e0 ng\u0103n ng\u1eeba lo\u00e3ng x\u01b0\u01a1ng, cung c\u1ea5p Vitamin B2 gi\u00fap c\u01a1 th\u1ec3 h\u1ea5p thu v\u00e0 h\u1ed7 tr\u1ee3 chuy\u1ec3n h\u00f3a t\u1ed1t h\u01a1n ch\u1ea5t dinh d\u01b0\u1ee1ng th\u00e0nh n\u0103ng l\u01b0\u1ee3ng.<\/p>\n<p>\u2013 \u0110\u01b0\u1ee3c s\u1ea3n xu\u1ea5t tr\u00ean d\u00e2y chuy\u1ec1n c\u00f4ng ngh\u1ec7 hi\u1ec7n \u0111\u1ea1i c\u1ee7a Malaysia, s\u1ea3n ph\u1ea9m \u0111\u1ea3m b\u1ea3o an to\u00e0n v\u00e0 ch\u1ea5t l\u01b0\u1ee3ng cho ng\u01b0\u1eddi ti\u00eau d\u00f9ng.<\/p>\n<p>\u2013 \u0110\u00f3ng lon nh\u1ecf, g\u1ecdn, ti\u1ec7n l\u1ee3i<\/p>\n<p>\u2013 C\u00f3 v\u1ecb s\u1eefa th\u01a1m b\u00e9o, kh\u00f4ng ch\u1ee9a \u0111\u01b0\u1eddng gi\u00fap b\u1ea1n d\u1ec5 d\u00e0ng \u0111i\u1ec1u ch\u1ec9nh h\u01b0\u01a1ng v\u1ecb m\u00f3n \u0103n<\/p>\n<h2><img decoding=\"async\" class=\"wp-image-32590 aligncenter\" src=\"https:\/\/havamall.com\/wp-content\/uploads\/2023\/10\/54976f911531774399f5e89910908dd3-300x200.png\" alt=\"\" width=\"923\" height=\"615\" \/><\/h2>\n<h2><strong>H\u01b0\u1edbng d\u1eabn s\u1eed d\u1ee5ng<\/strong><\/h2>\n<p>\u2013 \u0110\u01b0\u1ee3c c\u00e1c \u0111\u1ea7u b\u1ebfp chuy\u00ean d\u00f9ng trong ch\u1ebf bi\u1ebfn c\u00e1c m\u00f3n soup \u00c2u, cari Th\u00e1i, Tom yum,\u2026.<\/p>\n<p>\u2013 Ngo\u00e0i ra, c\u00f2n \u0111\u01b0\u1ee3c s\u1eed d\u1ee5ng \u0111a d\u1ea1ng \u0111\u1ec3 ch\u1ebf bi\u1ebfn m\u00f3n tr\u00e1ng mi\u1ec7ng, t\u1ea1o \u0111\u1ed9 b\u00e9o th\u01a1m, t\u1ea1o d\u1ebbo cho tr\u00e0 s\u1eefa, yogurt,b\u00e1nh flan, pudding,\u2026<\/p>\n<\/div>\n<div class=\"description-content\">\n<div class=\"description-productdetail\">\n<p>&#8211; T\u1ea1o v\u1ecb ng\u1ecdt th\u01a1m quy\u1ebfn r\u0169 cho c\u00e0 ph\u00ea, sinh t\u1ed1 v\u00e0 c\u1ea3 tr\u00e0 s\u1eefa chu\u1ea9n nh\u00e0 l\u00e0m.<\/p>\n<p>&#8211; T\u0103ng \u0111\u1ed9 s\u00e1nh m\u1ecbn v\u00e0 ng\u1eady b\u00e9o t\u1ef1 nhi\u00ean cho n\u01b0\u1edbc s\u1ed1t, b\u00e1nh flan, b\u00e1nh pudding, s\u1eefa chua&#8230;<\/p>\n<p>&#8211; B\u1ea3o qu\u1ea3n n\u01a1i kh\u00f4 r\u00e1o, tho\u00e1ng m\u00e1t, tr\u00e1nh \u00e1nh n\u1eafng tr\u1ef1c ti\u1ebfp.<\/p>\n<p>&#8211; Sau khi m\u1edf h\u1ed9p n\u00ean \u0111\u1eady k\u00edn, b\u1ea3o qu\u1ea3n trong t\u1ee7 l\u1ea1nh v\u00e0 s\u1eed d\u1ee5ng h\u1ebft trong v\u00f2ng 5 ng\u00e0y.<\/p>\n<p><img loading=\"lazy\" decoding=\"async\" class=\"wp-image-32591 aligncenter\" src=\"https:\/\/havamall.com\/wp-content\/uploads\/2023\/10\/360095318_313350451043447_6089305944313604026_n-300x280.jpeg\" alt=\"\" width=\"912\" height=\"852\" \/><\/p>\n<\/div>\n<\/div>","protected":false},"excerpt":{"rendered":"<p>TH\u00d4NG TIN CHUNG Th\u01b0\u01a1ng hi\u1ec7u Able Farm Xu\u1ea5t x\u1ee9 Malaysia Th\u00e0nh ph\u1ea7n N\u01b0\u1edbc, s\u1eefa b\u1ed9t, \u0111\u01b0\u1eddng,&#8230; H\u1ea1n s\u1eed d\u1ee5ng 12<\/p>","protected":false},"featured_media":32594,"comment_status":"open","ping_status":"closed","template":"","meta":[],"product_brand":[],"product_cat":[730,36,143],"product_tag":[],"class_list":{"0":"post-32587","1":"product","2":"type-product","3":"status-publish","4":"has-post-thumbnail","6":"product_cat-cac-nuoc-khac","7":"product_cat-thuc-pham-tieu-dung","8":"product_cat-thuc-pham-dong-hop","10":"first","11":"outofstock","12":"sale","13":"shipping-taxable","14":"purchasable","15":"product-type-simple"},"_links":{"self":[{"href":"https:\/\/havamall.com\/en\/wp-json\/wp\/v2\/product\/32587","targetHints":{"allow":["GET"]}}],"collection":[{"href":"https:\/\/havamall.com\/en\/wp-json\/wp\/v2\/product"}],"about":[{"href":"https:\/\/havamall.com\/en\/wp-json\/wp\/v2\/types\/product"}],"replies":[{"embeddable":true,"href":"https:\/\/havamall.com\/en\/wp-json\/wp\/v2\/comments?post=32587"}],"version-history":[{"count":0,"href":"https:\/\/havamall.com\/en\/wp-json\/wp\/v2\/product\/32587\/revisions"}],"wp:featuredmedia":[{"embeddable":true,"href":"https:\/\/havamall.com\/en\/wp-json\/wp\/v2\/media\/32594"}],"wp:attachment":[{"href":"https:\/\/havamall.com\/en\/wp-json\/wp\/v2\/media?parent=32587"}],"wp:term":[{"taxonomy":"product_brand","embeddable":true,"href":"https:\/\/havamall.com\/en\/wp-json\/wp\/v2\/product_brand?post=32587"},{"taxonomy":"product_cat","embeddable":true,"href":"https:\/\/havamall.com\/en\/wp-json\/wp\/v2\/product_cat?post=32587"},{"taxonomy":"product_tag","embeddable":true,"href":"https:\/\/havamall.com\/en\/wp-json\/wp\/v2\/product_tag?post=32587"}],"curies":[{"name":"wp","href":"https:\/\/api.w.org\/{rel}","templated":true}]}}