{"id":32628,"date":"2023-10-16T16:57:39","date_gmt":"2023-10-16T09:57:39","guid":{"rendered":"https:\/\/havamall.com\/?post_type=product&#038;p=32628"},"modified":"2025-03-17T11:25:01","modified_gmt":"2025-03-17T04:25:01","slug":"giam-den-hengshun-500ml-%e6%81%92%e9%a1%ba%e6%96%b0b%e9%a6%99%e9%95%87%e6%b1%9f%e9%a6%99%e9%86%8b500ml","status":"publish","type":"product","link":"https:\/\/havamall.com\/en\/shop\/giam-den-hengshun-500ml-%e6%81%92%e9%a1%ba%e6%96%b0b%e9%a6%99%e9%95%87%e6%b1%9f%e9%a6%99%e9%86%8b500ml\/","title":{"rendered":"Gi\u1ea5m \u0110en Hengshun 500ml &#8211; \u6052\u987a\u65b0B\u9999\u9547\u6c5f\u9999\u918b500ml"},"content":{"rendered":"<p>&nbsp;<\/p>\n<h2><strong>TH\u00d4NG TIN CHUNG<\/strong><\/h2>\n<table>\n<tbody>\n<tr>\n<td>Th\u01b0\u01a1ng hi\u1ec7u<\/td>\n<td>Hengshun<\/td>\n<\/tr>\n<tr>\n<td>Xu\u1ea5t x\u1ee9<\/td>\n<td>Trung Qu\u1ed1c<\/td>\n<\/tr>\n<tr>\n<td>Th\u00e0nh ph\u1ea7n<\/td>\n<td>N\u01b0\u1edbc, r\u01b0\u1ee3u, g\u1ea1o, mu\u1ed1i,&#8230;<\/td>\n<\/tr>\n<tr>\n<td>H\u1ea1n s\u1eed d\u1ee5ng<\/td>\n<td>18 th\u00e1ng k\u1ec3 t\u1eeb ng\u00e0y s\u1ea3n xu\u1ea5t.<\/td>\n<\/tr>\n<tr>\n<td>B\u1ea3o qu\u1ea3n<\/td>\n<td>\u0110\u1ec3 n\u01a1i kh\u00f4 r\u00e1o, tho\u00e1ng m\u00e1t, tr\u00e1nh \u00e1nh n\u1eafng tr\u1ef1c ti\u1ebfp<\/td>\n<\/tr>\n<tr>\n<td>Th\u1ec3 t\u00edch<\/td>\n<td>500ML<\/td>\n<\/tr>\n<\/tbody>\n<\/table>\n<p>Gi\u1ea5m \u0111en l\u00e0 1 lo\u1ea1i gi\u1ea5m c\u1ef1c k\u00ec n\u1ed5i ti\u1ebfng c\u1ee7a ng\u01b0\u1eddi Trung Qu\u1ed1c. N\u1ebfu nh\u01b0 m\u1ecdi ng\u01b0\u1eddi hay \u0111i \u0103n dimsum th\u00ec s\u1ebd bi\u1ebft t\u1edbi lo\u1ea1i gi\u1ea5m \u0111en n\u00e0y. \u1ede Vi\u1ec7t Nam, gi\u1ea5m \u0111en kh\u00f4ng \u0111\u01b0\u1ee3c nhi\u1ec1u ng\u01b0\u1eddi bi\u1ebft \u0111\u1ebfn nh\u01b0ng lo\u1ea1i gia v\u1ecb \u0111\u01b0\u1ee3c ch\u1ebf bi\u1ebfn t\u1eeb g\u1ea1o n\u1ebfp than n\u00e0y l\u1ea1i r\u1ea5t \u0111\u01b0\u1ee3c ng\u01b0\u1eddi Trung y\u00eau th\u00edch, Lo\u1ea1i gi\u1ea5m n\u00e0y c\u00f3 h\u00e0m l\u01b0\u1ee3ng dinh d\u01b0\u1ee1ng cao h\u01a1n so v\u1edbi nh\u1eefng lo\u1ea1i gi\u1ea5m th\u01b0\u1eddng, v\u1ecb chua nh\u1eb9 v\u00e0 thanh, ng\u1ecdt nh\u1eb9.<\/p>\n<p><img fetchpriority=\"high\" decoding=\"async\" class=\"wp-image-32629 aligncenter\" src=\"https:\/\/havamall.com\/wp-content\/uploads\/2023\/10\/1b8ebb299e1f90a7ad0746e3229fbb30-300x300.jpeg\" alt=\"\" width=\"814\" height=\"814\" \/><\/p>\n<p>Gi\u1ea5m \u0111en c\u0169ng l\u00e0 m\u1ed9t gia v\u1ecb Trung Hoa t\u1ed1t cho s\u1ee9c kh\u1ecfe v\u00ec c\u00f3 kh\u1ea3 n\u0103ng ki\u1ec3m so\u00e1t l\u01b0\u1ee3ng m\u1ee1 kh\u00e1 t\u1ed1t trong c\u01a1 th\u1ec3. Nh\u00ecn b\u1ec1 ngo\u00e0i th\u00ec gi\u1ea5m \u0111en \u1edf Trung Qu\u1ed1c c\u00f3 m\u00e0u gi\u1ed1ng v\u1edbi x\u00ec d\u1ea7u v\u00e0 t\u1ed1t h\u01a1n nhi\u1ec1u so v\u1edbi gi\u1ea5m tr\u1eafng. Gi\u1ea5m \u0111en n\u00e0y m\u1ecdi ng\u01b0\u1eddi c\u00f3 th\u1ec3 d\u00f9ng nh\u01b0 gi\u1ea5m tr\u1eafng nh\u01b0 ng\u00e2m t\u1ecfi \u1edbt, pha n\u01b0\u1edbc ch\u1ea5m, tr\u1ed9n salad, \u0103n c\u00f9ng c\u00e1c m\u00f3n b\u00fan ph\u1edf m\u00ec mi\u1ebfn.<\/p>\n<p><img decoding=\"async\" class=\"wp-image-32630 aligncenter\" src=\"https:\/\/havamall.com\/wp-content\/uploads\/2023\/10\/m-300x247.jpeg\" alt=\"\" width=\"808\" height=\"665\" \/><\/p>\n<p>D\u1ea5m \u0111en \u0111ang thu h\u00fat s\u1ef1 ch\u00fa \u00fd kh\u00f4ng ch\u1ec9 b\u1edfi h\u01b0\u01a1ng v\u1ecb v\u00e0 h\u01b0\u01a1ng v\u1ecb \u0111\u1eadm \u0111\u00e0 \u0111\u1ed9c \u0111\u00e1o m\u00e0 c\u00f2n v\u00ec l\u1ee3i \u00edch s\u1ee9c kh\u1ecfe v\u00e0 s\u1eafc \u0111\u1eb9p c\u1ee7a n\u00f3.\u00a0N\u00f3 kh\u00f4ng ch\u1ec9 c\u00f3 th\u1ec3 d\u00f9ng l\u00e0m gia v\u1ecb m\u00e0 c\u00f2n c\u00f3 th\u1ec3 l\u00e0m th\u1ee9c u\u1ed1ng b\u1eb1ng c\u00e1ch pha v\u1edbi n\u01b0\u1edbc c\u00f3 ga ho\u1eb7c s\u1eefa n\u00ean \u0111\u01b0\u1ee3c nhi\u1ec1u ng\u01b0\u1eddi t\u1ef1 ch\u1ebf bi\u1ebfn t\u1ea1i nh\u00e0.\u00a0H\u1ea7u h\u1ebft gi\u1ea5m \u0111en c\u00f3 th\u1ec3 \u0111\u01b0\u1ee3c s\u1eed d\u1ee5ng \u0111\u1ec3 n\u1ea5u \u0103n v\u00e0 u\u1ed1ng, v\u00ec v\u1eady ch\u00fang \u0111\u01b0\u1ee3c \u01b0a chu\u1ed9ng v\u00ec ch\u00fang r\u1ea5t \u0111\u00e1ng \u0111\u1ed3ng ti\u1ec1n v\u00e0 d\u1ec5 d\u00e0ng k\u1ebft h\u1ee3p v\u00e0o ch\u1ebf \u0111\u1ed9 \u0103n u\u1ed1ng h\u00e0ng ng\u00e0y c\u1ee7a b\u1ea1n. N\u1ebfu b\u1ea1n mu\u1ed1n c\u00f3 \u00fd th\u1ee9c gi\u1eef g\u00ecn s\u1ee9c kh\u1ecfe v\u00e0 s\u1eafc \u0111\u1eb9p, h\u00e3y tham kh\u1ea3o n\u00f3.<\/p>\n<p>D\u00e2\u0301m \u0111en kha\u0301c v\u01a1\u0301i d\u00e2\u0301m ti\u00ea\u0300u (d\u00e2\u0301m \u0111o\u0309) la\u0300 d\u00e2\u0301m \u0111en chuy\u00ean du\u0300ng \u0111\u00ea\u0309 n\u00e2\u0301u \u0103n ch\u01b0\u0301 kh\u00f4ng pha\u0309i du\u0300ng \u0103n s\u00f4\u0301ng hay la\u0300m n\u01b0\u01a1\u0301c ch\u00e2\u0301m v\u01a1\u0301i h\u00f4\u0303n h\u01a1\u0323p t\u01b0\u01a1ng va\u0300 d\u00e2\u0301m \u0111o\u0309 . V\u1ecb gi\u1ea5m \u0111en thanh, ng\u1ecdt nh\u1eb9, th\u01a1m v\u00e0 r\u1ea5t ngon.<\/p>\n<p><img decoding=\"async\" class=\"wp-image-32631 aligncenter\" src=\"https:\/\/havamall.com\/wp-content\/uploads\/2023\/10\/Se9dab82958c54d35a2c8ed6fe74f5df34-300x300.jpeg\" alt=\"\" width=\"823\" height=\"823\" \/><\/p>\n<h2><strong>H\u01af\u1edaNG D\u1eaaN S\u1eec D\u1ee4NG<\/strong><\/h2>\n<p>&#8211; B\u1ea1n c\u00f3 th\u1ec3 s\u1eed d\u1ee5ng gi\u1ea5m \u0111en th\u00f4ng th\u01b0\u1eddng \u0111\u1ec3 n\u1ea5u \u0103n theo c\u00e1ch t\u01b0\u01a1ng t\u1ef1 nh\u01b0 gi\u1ea5m, nh\u01b0ng n\u1ebfu b\u1ea1n th\u00eam m\u1ed9t l\u01b0\u1ee3ng nh\u1ecf v\u00e0o th\u1ee9c \u0103n chi\u00ean r\u00e1n, b\u1ea1n c\u00f3 th\u1ec3 \u0103n m\u1ed9t c\u00e1ch s\u1ea3ng kho\u00e1i v\u00e0 t\u1ed1t cho s\u1ee9c kh\u1ecfe.<\/p>\n<p>&#8211; \u0110\u1eb7c bi\u1ec7t n\u00ean d\u00f9ng cho c\u00e1c m\u00f3n th\u1ecbt.\u00a0Ngo\u00e0i ra, n\u00ean pha gi\u1ea5m \u0111en h\u01b0\u01a1ng tr\u00e1i c\u00e2y v\u1edbi n\u01b0\u1edbc l\u1ecdc, n\u01b0\u1edbc c\u00f3 ga ho\u1eb7c s\u1eefa.\u00a0Theo h\u01b0\u1edbng d\u1eabn, n\u00f3 l\u00e0 kho\u1ea3ng 15 \u0111\u1ebfn 30 cc m\u1ed7i ng\u00e0y.<\/p>\n<p>&#8211; N\u00f3 c\u0169ng ph\u1ed5 bi\u1ebfn \u0111\u1ec3 s\u1eed d\u1ee5ng n\u00f3 nh\u01b0 m\u1ed9t th\u1ee9c u\u1ed1ng ph\u1ee5c h\u1ed3i m\u1ec7t m\u1ecfi b\u1eb1ng c\u00e1ch th\u00eam m\u1ed9t ch\u00fat ng\u1ecdt v\u1edbi m\u1eadt ong.<\/p>\n<p><img loading=\"lazy\" decoding=\"async\" class=\"wp-image-32632 aligncenter\" src=\"https:\/\/havamall.com\/wp-content\/uploads\/2023\/10\/567f82548aeb78a6913d6633231da0ba-300x300.jpeg\" alt=\"\" width=\"827\" height=\"827\" \/><\/p>","protected":false},"excerpt":{"rendered":"<p>&nbsp; TH\u00d4NG TIN CHUNG Th\u01b0\u01a1ng hi\u1ec7u Hengshun Xu\u1ea5t x\u1ee9 Trung Qu\u1ed1c Th\u00e0nh ph\u1ea7n N\u01b0\u1edbc, r\u01b0\u1ee3u, g\u1ea1o, mu\u1ed1i,&#8230; H\u1ea1n s\u1eed d\u1ee5ng<\/p>","protected":false},"featured_media":32633,"comment_status":"open","ping_status":"closed","template":"","meta":[],"product_brand":[],"product_cat":[725,36],"product_tag":[],"class_list":{"0":"post-32628","1":"product","2":"type-product","3":"status-publish","4":"has-post-thumbnail","6":"product_cat-nhap-khau-trung-quoc","7":"product_cat-thuc-pham-tieu-dung","9":"first","10":"instock","11":"sale","12":"shipping-taxable","13":"purchasable","14":"product-type-simple"},"_links":{"self":[{"href":"https:\/\/havamall.com\/en\/wp-json\/wp\/v2\/product\/32628","targetHints":{"allow":["GET"]}}],"collection":[{"href":"https:\/\/havamall.com\/en\/wp-json\/wp\/v2\/product"}],"about":[{"href":"https:\/\/havamall.com\/en\/wp-json\/wp\/v2\/types\/product"}],"replies":[{"embeddable":true,"href":"https:\/\/havamall.com\/en\/wp-json\/wp\/v2\/comments?post=32628"}],"version-history":[{"count":0,"href":"https:\/\/havamall.com\/en\/wp-json\/wp\/v2\/product\/32628\/revisions"}],"wp:featuredmedia":[{"embeddable":true,"href":"https:\/\/havamall.com\/en\/wp-json\/wp\/v2\/media\/32633"}],"wp:attachment":[{"href":"https:\/\/havamall.com\/en\/wp-json\/wp\/v2\/media?parent=32628"}],"wp:term":[{"taxonomy":"product_brand","embeddable":true,"href":"https:\/\/havamall.com\/en\/wp-json\/wp\/v2\/product_brand?post=32628"},{"taxonomy":"product_cat","embeddable":true,"href":"https:\/\/havamall.com\/en\/wp-json\/wp\/v2\/product_cat?post=32628"},{"taxonomy":"product_tag","embeddable":true,"href":"https:\/\/havamall.com\/en\/wp-json\/wp\/v2\/product_tag?post=32628"}],"curies":[{"name":"wp","href":"https:\/\/api.w.org\/{rel}","templated":true}]}}