{"id":32675,"date":"2023-10-26T11:34:42","date_gmt":"2023-10-26T04:34:42","guid":{"rendered":"https:\/\/havamall.com\/?post_type=product&#038;p=32675"},"modified":"2025-09-29T16:25:22","modified_gmt":"2025-09-29T09:25:22","slug":"keo-icee-huong-luu-do-icee-candy-pomegranate-23g","status":"publish","type":"product","link":"https:\/\/havamall.com\/en\/shop\/keo-icee-huong-luu-do-icee-candy-pomegranate-23g\/","title":{"rendered":"K\u1eb9o Icee H\u01b0\u01a1ng L\u1ef1u \u0110\u1ecf \u2013 Icee Candy Pomegranate 23g"},"content":{"rendered":"<p>&nbsp;<\/p>\n<h2><strong>TH\u00d4NG TIN CHUNG<\/strong><\/h2>\n<table>\n<tbody>\n<tr>\n<td>Th\u01b0\u01a1ng hi\u1ec7u<\/td>\n<td>Icee<\/td>\n<\/tr>\n<tr>\n<td>Xu\u1ea5t x\u1ee9<\/td>\n<td>Trung Qu\u1ed1c<\/td>\n<\/tr>\n<tr>\n<td>Th\u00e0nh ph\u1ea7n<\/td>\n<td>Ch\u1ea5t t\u1ea1o ng\u1ecdt, vitamin C,&#8230;<\/td>\n<\/tr>\n<tr>\n<td>H\u1ea1n s\u1eed d\u1ee5ng<\/td>\n<td>24 th\u00e1ng k\u1ec3 t\u1eeb ng\u00e0y s\u1ea3n xu\u1ea5t.<\/td>\n<\/tr>\n<tr>\n<td>B\u1ea3o qu\u1ea3n<\/td>\n<td>\u0110\u1ec3 n\u01a1i kh\u00f4 r\u00e1o, tho\u00e1ng m\u00e1t, tr\u00e1nh \u00e1nh n\u1eafng tr\u1ef1c ti\u1ebfp<\/td>\n<\/tr>\n<tr>\n<td>Kh\u1ed1i l\u01b0\u1ee3ng t\u1ecbnh<\/td>\n<td>23g<\/td>\n<\/tr>\n<\/tbody>\n<\/table>\n<p>K\u1eb9o Icee l\u00e0 lo\u1ea1i k\u1eb9o ng\u1eadm th\u01a1m mi\u1ec7ng c\u1ea3 tr\u1ebb con v\u00e0 ng\u01b0\u1eddi l\u1edbn \u0111\u1ec1u th\u00edch. T\u1eebng vi\u00ean k\u1eb9o xinh x\u1eafn m\u00e1t l\u1ea1nh h\u00f2a quy\u1ec7n v\u1ecb l\u00fd chua \u0111en, b\u1ea1c h\u00e0 m\u00e1t l\u1ea1nh th\u1ed5i b\u00f9ng c\u1ea3m gi\u00e1c s\u1ea3ng kho\u00e1i. Mang l\u1ea1i h\u01a1i th\u1edf th\u01a1m tho ph\u00f9 h\u1ee3p v\u1edbi m\u1ecdi l\u1ee9a tu\u1ed5i \u0111\u01b0\u1ee3c s\u1ea3n xu\u1ea5t t\u1eeb nguy\u00ean li\u1ec7u ch\u1ecdn l\u1ecdc, \u0111\u1ea3m b\u1ea3o an to\u00e0n v\u1ec7 sinh tuy\u1ec7t \u0111\u1ed1i.<\/p>\n<p><img fetchpriority=\"high\" decoding=\"async\" class=\"wp-image-32676 aligncenter\" src=\"https:\/\/havamall.com\/wp-content\/uploads\/2023\/10\/80900553348817_3662992367087812221_n-224x300.png\" alt=\"\" width=\"823\" height=\"1102\" \/><\/p>\n<p>K\u1eb9o Icee l\u1ef1u c\u00f2n b\u1ed5 sung vitamin C gi\u00fap t\u0103ng c\u01b0\u1eddng \u0111\u1ec1 kh\u00e1ng cho c\u01a1 th\u1ec3 lu\u00f4n kh\u1ecfe kho\u1eafn m\u1ed7i ng\u00e0y. C\u1ea3m gi\u00e1c h\u1ed3i h\u1ed9p khi \u0111\u01b0a vi\u00ean k\u1eb9o v\u00f4 mi\u1ec7ng, vi\u00ean k\u1eb9o m\u00e1t l\u1ea1nh. nh\u1eefng h\u00ecnh kh\u1ed1i s\u01b0\u01a1ng m\u00f9 c\u1ee7a vi\u00ean k\u1eb9o th\u1ec3 t\u1ea1o ra m\u1ed9t c\u1ea3m gi\u00e1c l\u1ea1nh nhanh ch\u00f3ng v\u00e0 s\u1ea3ng kho\u00e1i.<\/p>\n<p><img decoding=\"async\" class=\"wp-image-32677 aligncenter\" src=\"https:\/\/havamall.com\/wp-content\/uploads\/2023\/10\/119470532_276233241_1185208478567597223_n-768x768-copy-300x300.png\" alt=\"\" width=\"824\" height=\"824\" \/><\/p>\n<p>K\u1eb9o Icee v\u1ecb l\u1ef1u c\u00f3 t\u00e1c d\u1ee5ng l\u00e0m th\u01a1m mi\u1ec7ng v\u00e0 h\u01a1i th\u1edf c\u00f3 th\u1ec3 s\u1eed d\u1ee5ng sau khi \u0103n u\u1ed1ng, h\u00fat thu\u1ed1c,\u2026 \u0111\u1ec3 kh\u1eed m\u00f9i h\u00f4i. V\u1ecb the m\u00e1t gi\u00fap th\u00f4ng c\u1ed5 v\u00e0 t\u1ea1o c\u1ea3m gi\u00e1c s\u1ea3ng kho\u00e1i, t\u1ef1 tin, t\u1ec9nh t\u00e1o ngay t\u1ee9c th\u1eddi. K\u1eb9o 2 l\u1edbp m\u00e0u si\u00eau xinh k\u1ebft h\u1ee3p cho c\u1ea3m gi\u00e1c t\u01b0\u01a1i m\u1edbi kh\u00f4ng bao gi\u1edd qu\u00ean \u0111\u01b0\u1ee3c, \u0111\u00e2y l\u00e0 h\u01b0\u01a1ng v\u1ecb y\u00eau th\u00edch nh\u1ea5t hi\u1ec7n nay.<\/p>\n<p><img decoding=\"async\" class=\"wp-image-32678 aligncenter\" src=\"https:\/\/havamall.com\/wp-content\/uploads\/2023\/10\/374580215_3548644588704533_8052152660925178489_n-300x273.jpeg\" alt=\"\" width=\"814\" height=\"741\" \/><\/p>\n<p>S\u1ea3n ph\u1ea9m nh\u1eadp kh\u1ea9u t\u1eeb n\u01b0\u1edbc ngo\u00e0i, \u0111\u01b0\u1ee3c s\u1ea3n xu\u1ea5t theo c\u00f4ng ngh\u1ec7 ti\u00ean ti\u1ebfn v\u1edbi c\u00f4ng th\u1ee9c \u0111\u1ed9c quy\u1ec1n v\u00e0 \u0111\u00e1ng tinh c\u1eady t\u1eeb nh\u00e0 s\u1ea3n xu\u1ea5t. Thi\u1ebft k\u1ebf d\u1ea1ng l\u1ecd nh\u1ecf ti\u1ec7n d\u1ee5ng khi mang theo b\u00ean ng\u01b0\u1eddi.<\/p>\n<p><span style=\"font-weight: 400\">\u2192<\/span>K\u1eb9o Th\u01a1m Mi\u1ec7ng icee&#8221; \u0111\u00e3 \u0111\u01b0\u1ee3c c\u01a1 quan c\u00f3 th\u1ea9m quy\u1ec1n c\u1ee7a Nh\u00e0 n\u01b0\u1edbc Vi\u1ec7t Nam c\u1ea5p &#8220;Gi\u1ea5y ch\u1ee9ng nh\u1eadn xu\u1ea5t x\u1ee9 s\u1ea3n ph\u1ea9m&#8221; \u0111\u1ea3m b\u1ea3o s\u1ea3n ph\u1ea9m c\u00f3 ngu\u1ed3n g\u1ed1c xu\u1ea5t x\u1ee9 h\u1ee3p ph\u00e1p r\u00f5 r\u00e0ng.<br \/>\n<span style=\"font-weight: 400\">\u2192<\/span>K\u1eb9o Th\u01a1m Mi\u1ec7ng Icee&#8221; \u0111\u00e3 \u0111\u01b0\u1ee3c B\u1ed9 Y t\u1ebf &#8211; Vi\u1ec7n Ki\u1ec3m nghi\u1ec7m An to\u00e0n V\u1ec7 sinh Th\u1ef1c ph\u1ea9m Qu\u1ed1c gia c\u1ea5p \u201cGi\u1ea5y ch\u1ee9ng nh\u1eadn \u0111\u1ea1t ti\u00eau chu\u1ea9n th\u1ef1c ph\u1ea9m nh\u1eadp kh\u1ea9u\u201d.<br \/>\n<span style=\"font-weight: 400\">\u2192<\/span>K\u1eb9o Th\u01a1m Mi\u1ec7ng Icee&#8221; \u0111\u01b0\u1ee3c c\u1ea5p \u201cGi\u1ea5y ki\u1ec3m \u0111\u1ecbnh ch\u1ea5t l\u01b0\u1ee3ng an to\u00e0n th\u1ef1c ph\u1ea9m\u201d c\u00f4ng nh\u1eadn nh\u1eefng th\u00e0nh ph\u1ea7n trong s\u1ea3n ph\u1ea9m \u0111\u1ea1t c\u00e1c ti\u00eau chu\u1ea9n v\u1ec1 an to\u00e0n th\u1ef1c ph\u1ea9m c\u1ee7a Vi\u1ec7t Nam.<\/p>\n<p><img loading=\"lazy\" decoding=\"async\" class=\"wp-image-32679 aligncenter\" src=\"https:\/\/havamall.com\/wp-content\/uploads\/2023\/10\/156594-ice_pomegranate-ice_cream-ice-ice_cube-pomegranate-2560x1600-300x296.png\" alt=\"\" width=\"871\" height=\"859\" \/><\/p>\n<p>Hi\u1ec7n t\u1ea1i Havamall c\u00f3 nhi\u1ec1u m\u00f9i v\u1ecb kh\u00e1c nhau kh\u00e1ch h\u00e0ng c\u00f3 th\u1ec3 d\u1ec5 d\u00e0ng ch\u1ecdn l\u1ef1a:<\/p>\n<p>-K\u1eb9o The Icee Black Currant (v\u1ecb l\u00fd chua \u0111en)<\/p>\n<p>-K\u1eb9o The Icee Passion Fruit (v\u1ecb Chanh D\u00e2y)<\/p>\n<p>-K\u1eb9o The Icee Blueberyy (v\u1ecb Vi\u1ec7t Qu\u1ea5t)<\/p>\n<p>-K\u1eb9o The Icee Mint (v\u1ecb B\u1ea1c H\u00e0)<\/p>\n<p>-K\u1eb9o The Icee Apple (v\u1ecb T\u00e1o)<\/p>\n<p>-K\u1eb9o The Icee Watermelon (v\u1ecb D\u01b0a H\u1ea5u)<\/p>\n<p>-K\u1eb9o The Icee Orange (v\u1ecb Cam)<\/p>\n<p>-K\u1eb9o The Icee Peach (v\u1ecb \u0110\u00e0o)<\/p>\n<p>S\u1ea3n ph\u1ea9m hi\u1ec7n \u0111\u00e3 c\u00f3 m\u0103t t\u1ea1i Havamall.<\/p>","protected":false},"excerpt":{"rendered":"<p>&nbsp; TH\u00d4NG TIN CHUNG Th\u01b0\u01a1ng hi\u1ec7u Icee Xu\u1ea5t x\u1ee9 Trung Qu\u1ed1c Th\u00e0nh ph\u1ea7n Ch\u1ea5t t\u1ea1o ng\u1ecdt, vitamin C,&#8230; H\u1ea1n s\u1eed<\/p>","protected":false},"featured_media":32680,"comment_status":"open","ping_status":"closed","template":"","meta":[],"product_brand":[],"product_cat":[133,36],"product_tag":[],"class_list":{"0":"post-32675","1":"product","2":"type-product","3":"status-publish","4":"has-post-thumbnail","6":"product_cat-banh-keo-chocolate","7":"product_cat-thuc-pham-tieu-dung","8":"pa_brand-icee","10":"first","11":"outofstock","12":"sale","13":"shipping-taxable","14":"purchasable","15":"product-type-simple"},"_links":{"self":[{"href":"https:\/\/havamall.com\/en\/wp-json\/wp\/v2\/product\/32675","targetHints":{"allow":["GET"]}}],"collection":[{"href":"https:\/\/havamall.com\/en\/wp-json\/wp\/v2\/product"}],"about":[{"href":"https:\/\/havamall.com\/en\/wp-json\/wp\/v2\/types\/product"}],"replies":[{"embeddable":true,"href":"https:\/\/havamall.com\/en\/wp-json\/wp\/v2\/comments?post=32675"}],"version-history":[{"count":0,"href":"https:\/\/havamall.com\/en\/wp-json\/wp\/v2\/product\/32675\/revisions"}],"wp:featuredmedia":[{"embeddable":true,"href":"https:\/\/havamall.com\/en\/wp-json\/wp\/v2\/media\/32680"}],"wp:attachment":[{"href":"https:\/\/havamall.com\/en\/wp-json\/wp\/v2\/media?parent=32675"}],"wp:term":[{"taxonomy":"product_brand","embeddable":true,"href":"https:\/\/havamall.com\/en\/wp-json\/wp\/v2\/product_brand?post=32675"},{"taxonomy":"product_cat","embeddable":true,"href":"https:\/\/havamall.com\/en\/wp-json\/wp\/v2\/product_cat?post=32675"},{"taxonomy":"product_tag","embeddable":true,"href":"https:\/\/havamall.com\/en\/wp-json\/wp\/v2\/product_tag?post=32675"}],"curies":[{"name":"wp","href":"https:\/\/api.w.org\/{rel}","templated":true}]}}