{"id":32690,"date":"2023-10-26T14:37:48","date_gmt":"2023-10-26T07:37:48","guid":{"rendered":"https:\/\/havamall.com\/?post_type=product&#038;p=32690"},"modified":"2023-10-31T17:03:42","modified_gmt":"2023-10-31T10:03:42","slug":"hop-thuc-pham-tron-hokkaido-500ml","status":"publish","type":"product","link":"https:\/\/havamall.com\/en\/shop\/hop-thuc-pham-tron-hokkaido-500ml\/","title":{"rendered":"H\u1ed9p Th\u1ef1c Ph\u1ea9m Tr\u00f2n Hokkaido 500ml"},"content":{"rendered":"<p>Inochi l\u00e0 th\u01b0\u01a1ng hi\u1ec7u gia d\u1ee5ng cao c\u1ea5p Vi\u1ec7t Nam, \u0111\u01b0\u1ee3c thi\u1ebft k\u1ebf v\u00e0 s\u1ea3n xu\u1ea5t theo phong c\u00e1ch v\u00e0 ti\u00eau chu\u1ea9n Nh\u1eadt B\u1ea3n. 100% s\u1ea3n ph\u1ea9m c\u1ee7a Inochi \u0111\u01b0\u1ee3c l\u00e0m t\u1eeb ch\u1ea5t li\u1ec7u nh\u1ef1a nguy\u00ean sinh cao c\u1ea5p theo quy tr\u00ecnh chu\u1ea9n ISO 9001, kh\u00f4ng ch\u1ee9a BPA, \u0111\u1ea1t ch\u1ee9ng nh\u1eadn an to\u00e0n c\u1ee7a b\u1ed9 y t\u1ebf, \u0111\u1ea3m b\u1ea3o \u0111i\u1ec1u ki\u1ec7n xu\u1ea5t kh\u1ea9u sang nh\u1eefng th\u1ecb tr\u01b0\u1eddng kh\u00f3 t\u00ednh nh\u1ea5t nh\u01b0 M\u1ef9, EU, Nh\u1eadt B\u1ea3n\u2026<\/p>\n<p>C\u00e1c s\u1ea3n ph\u1ea9m c\u1ee7a Inochi r\u1ea5t \u0111a d\u1ea1ng, ph\u1ee5c v\u1ee5 t\u1ed1i \u0111a m\u1ecdi nhu c\u1ea7u trong cu\u1ed9c s\u1ed1ng h\u00e0ng ng\u00e0y nh\u01b0: k\u1ec7 nh\u1ef1a \u2013 gi\u1ecf nh\u1ef1a, th\u00f9ng r\u00e1c, c\u00e1c lo\u1ea1i thau r\u1ed5 \u2013 \u0111\u1ed3 ti\u1ec7n \u00edch, h\u1ed9p \u0111\u1ef1ng th\u1ef1c ph\u1ea9m, m\u00f3c \u00e1o, m\u00e0ng \u2013 t\u00fai, c\u00e1c s\u1ea3n ph\u1ea9m cho m\u1eb9 v\u00e0 b\u00e9, d\u1ee5ng c\u1ee5 v\u1ec7 sinh v\u00e0 c\u00e1c lo\u1ea1i h\u1ed9p c\u01a1m, c\u1ed1c gi\u1eef nhi\u1ec7t nh\u1eadp kh\u1ea9u tr\u1ef1c ti\u1ebfp t\u1eeb th\u01b0\u01a1ng hi\u1ec7u Asvel \u2013 Nh\u1eadt B\u1ea3n.<\/p>\n<p><img fetchpriority=\"high\" decoding=\"async\" class=\"wp-image-27299 aligncenter\" src=\"https:\/\/havamall.com\/wp-content\/uploads\/2022\/06\/278505147-300x300.png\" alt=\"\" width=\"607\" height=\"607\" \/><\/p>\n<p>Ch\u1ea5t li\u1ec7u nh\u1ef1a nguy\u00ean sinh cao c\u1ea5p an to\u00e0n cho s\u1ee9c kh\u1ecfe Ra m\u1eaft n\u0103m 2018, c\u00e1c m\u1eb7t h\u00e0ng gia d\u1ee5ng cao c\u1ea5p c\u1ee7a Inochi \u0111\u00e3 s\u1edbm g\u00e2y \u0111\u01b0\u1ee3c \u1ea5n t\u01b0\u1ee3ng kh\u00e1ch h\u00e0ng, b\u1edfi s\u1ea3n ph\u1ea9m s\u1eed d\u1ee5ng 100% nguy\u00ean li\u1ec7u nh\u1ef1a nguy\u00ean sinh an to\u00e0n, c\u00f3 ch\u1ea5t l\u01b0\u1ee3ng cao.<\/p>\n<p>Inochi l\u00e0 th\u01b0\u01a1ng hi\u1ec7u nh\u1ef1a gia d\u1ee5ng cao c\u1ea5p Vi\u1ec7t Nam \u0111\u01b0\u1ee3c thi\u1ebft k\u1ebf v\u00e0 s\u1ea3n xu\u1ea5t theo phong c\u00e1ch v\u00e0 ti\u00eau chu\u1ea9n Nh\u1eadt B\u1ea3n. C\u00e1c s\u1ea3n ph\u1ea9m c\u1ee7a Inochi \u0111\u01b0\u1ee3c ph\u00e1t tri\u1ec3n v\u00e0 s\u1ea3n xu\u1ea5t b\u1edfi C\u00f4ng ty CP Nh\u1ef1a T\u00e2n Ph\u00fa, \u0111\u01a1n v\u1ecb c\u00f3 h\u01a1n 40 n\u0103m kinh nghi\u1ec7m trong ng\u00e0nh nh\u1ef1a v\u1edbi 3 nh\u00e0 m\u00e1y hi\u1ec7n \u0111\u1ea1i t\u1ea1i Vi\u1ec7t Nam, quy tr\u00ecnh \u0111\u1ea1t chu\u1ea9n ISO 9001 v\u00e0 quan h\u1ec7 h\u1ee3p t\u00e1c chi\u1ebfn l\u01b0\u1ee3c v\u1edbi c\u00e1c th\u01b0\u01a1ng hi\u1ec7u nh\u1ef1a h\u00e0ng \u0111\u1ea7u Nh\u1eadt B\u1ea3n.<\/p>\n<p><img decoding=\"async\" class=\"wp-image-32691 aligncenter\" src=\"https:\/\/havamall.com\/wp-content\/uploads\/2023\/10\/0ab28abc9a01b04756c258e6cb3cc452-300x200.jpeg\" alt=\"\" width=\"598\" height=\"398\" \/><\/p>\n<p>S\u1ea3n ph\u1ea9m \u0111\u01b0\u1ee3c t\u00edch h\u1ee3p c\u00e1c t\u00ednh n\u0103ng v\u01b0\u1ee3t tr\u1ed9i, kh\u00e1ng khu\u1ea9n, kh\u1eed m\u00f9i v\u00e0 thi\u1ebft k\u1ebf \u0111\u1eb9p m\u1eaft, ti\u1ec7n l\u1ee3i, ph\u1ee5c v\u1ee5 t\u1ed1i \u0111a c\u00e1c nhu c\u1ea7u thi\u1ebft y\u1ebfu c\u00f9ng ti\u1ec7n \u00edch c\u1ee7a m\u1ecdi gia \u0111\u00ecnh.<\/p>\n<p>H\u1ed9p th\u1ef1c ph\u1ea9m ch\u1ecbu \u0111\u01b0\u1ee3c nhi\u1ec7t \u0111\u1ed9 t\u1eeb -20 \u0111\u1ebfn 120 \u0111\u1ed9 C n\u00ean \u0111\u1ed9 b\u1ec1n cao khi s\u1eed d\u1ee5ng v\u00ec s\u1ea3n ph\u1ea9m kh\u00f4ng b\u1ecb bi\u1ebfn d\u1ea1ng v\u00e0 kh\u00f4ng t\u01b0\u01a1ng t\u00e1c h\u00f3a h\u1ecdc v\u1edbi th\u1ef1c ph\u1ea9m ngay c\u1ea3 khi s\u1eed d\u1ee5ng trong t\u1ee7 l\u1ea1nh hay m\u00e1y r\u1eeda ch\u00e9n.<\/p>\n<p><img decoding=\"async\" class=\"wp-image-32692 aligncenter\" src=\"https:\/\/havamall.com\/wp-content\/uploads\/2023\/10\/Artboard-4-copy-3-2-300x300.png\" alt=\"\" width=\"599\" height=\"599\" \/><\/p>\n<p>H\u1ed9p th\u1ef1c ph\u1ea9m inochi \u0111\u01b0\u1ee3c l\u00e0m t\u1eeb 100% nh\u1ef1a PP, \u0111\u00e3 th\u00f4ng qua ki\u1ec3m \u0111\u1ecbnh theo ti\u00eau chu\u1ea9n v\u1ec1 an to\u00e0n v\u1ec7 sinh th\u1ef1c ph\u1ea9m, kh\u00f4ng ch\u1ee9a BPA, kh\u00f4ng m\u00e0u, kh\u00f4ng m\u00f9i, kh\u00f4ng ti\u1ebft ra c\u00e1c ch\u1ea5t c\u00f3 h\u1ea1i trong qu\u00e1 tr\u00ecnh s\u1eed d\u1ee5ng, \u0111\u1ea3m b\u1ea3o an to\u00e0n cho s\u1ee9c kh\u1ecfe ng\u01b0\u1eddi d\u00f9ng v\u00ec c\u00f3 t\u00ednh kh\u00e1ng khu\u1ea9n kh\u1eed m\u00f9i<\/p>\n<p>H\u1ed9p th\u1ef1c ph\u1ea9m inochi d\u00f9ng \u0111\u1ec3 l\u01b0u tr\u1eef, b\u1ea3o qu\u1ea3n th\u1ef1c ph\u1ea9m kh\u00f4, th\u1ef1c ph\u1ea9m t\u01b0\u01a1i s\u1ed1ng hay th\u1ef1c ph\u1ea9m ch\u00edn. V\u1edbi tr\u1ecdng l\u01b0\u1ee3ng g\u1ecdn nh\u1eb9, d\u1ec5 di chuy\u1ec3n, b\u1ea1n c\u0169ng c\u00f3 th\u1ec3 mang \u0111\u1ed3 \u0103n cho c\u00e1c chuy\u1ebfn d\u00e3 ngo\u1ea1i, picnic c\u00f9ng ng\u01b0\u1eddi th\u00e2n.<\/p>\n<p><img loading=\"lazy\" decoding=\"async\" class=\"wp-image-32693 aligncenter\" src=\"https:\/\/havamall.com\/wp-content\/uploads\/2023\/10\/da535d33e96a9953d1ecb87486d4f916-300x200.jpeg\" alt=\"\" width=\"601\" height=\"401\" \/><\/p>\n<h2><strong>\u0110\u1eb7c \u0111i\u1ec3m n\u1ed5i b\u1eadt<\/strong><\/h2>\n<p>&#8211; Nguy\u00ean li\u1ec7u nh\u1ef1a nguy\u00ean sinh cao c\u1ea5p, an to\u00e0n cho s\u1ee9c kho\u1ebb.<\/p>\n<p>&#8211; N\u1eafp \u0111\u1eady k\u00edn kh\u00ed gi\u1eef th\u1ef1c ph\u1ea9m lu\u00f4n t\u01b0\u01a1i ngon<\/p>\n<p>&#8211; Ch\u1ecbu nhi\u1ec7t t\u1eeb -20\u00b0C \uff5e 120\u00b0C- Th\u00e2n h\u1ed9p trong d\u1ec5 nh\u1eadn di\u1ec7n v\u00e0 qu\u1ea3n l\u00fd th\u1ee9c \u0103n<\/p>\n<p>&#8211; Ch\u1ea5t l\u01b0\u1ee3ng cao, t\u00edch h\u1ee3p c\u00e1c t\u00ednh n\u0103ng v\u01b0\u1ee3t tr\u1ed9i, kh\u00e1ng khu\u1ea9n, kh\u1eed m\u00f9i\u2026<\/p>\n<p><img loading=\"lazy\" decoding=\"async\" class=\"wp-image-32694 aligncenter\" src=\"https:\/\/havamall.com\/wp-content\/uploads\/2023\/10\/hopdungthucpham_inochi_MG_1166_P1-300x200.jpeg\" alt=\"\" width=\"638\" height=\"425\" \/><\/p>\n<h2><strong>L\u01b0u \u00fd khi s\u1eed d\u1ee5ng <\/strong><\/h2>\n<p>&#8211; M\u1edf n\u1eafp s\u1ea3n ph\u1ea9m khi s\u1eed d\u1ee5ng trong l\u00f2 vi s\u00f3ng.<\/p>\n<p>&#8211; Kh\u00f4ng n\u00ean h\u00e2m trong l\u00f2 vi s\u00f3ng qu\u00e1 2 ph\u00fat.<\/p>\n<p>&#8211; Tr\u00e1nh b\u1ea3o qu\u1ea3n th\u1ef1c ph\u1ea9m c\u00f3 nhi\u1ec1u d\u1ea7u m\u1ee1 v\u00e0 ph\u1ea9m m\u00e0u.<\/p>\n<p>&#8211; Kh\u00f4ng \u0111\u1ec3 g\u1ea7n l\u1eeda, kh\u00f4ng \u0111\u1ec3 trong l\u00f2 n\u01b0\u1edbng.<\/p>\n<p>&#8211; R\u1eeda s\u1ea1ch v\u00e0 \u0111\u1ec3 kh\u00f4 ngay sau khi s\u1eed d\u1ee5ng.<\/p>\n<p>&#8211; Kh\u00f4ng r\u1eeda s\u1ea3n ph\u1ea9m b\u1eb1ng ch\u1ea5t t\u1ea9y r\u1eeda m\u1ea1nh.<\/p>","protected":false},"excerpt":{"rendered":"<p>Inochi l\u00e0 th\u01b0\u01a1ng hi\u1ec7u gia d\u1ee5ng cao c\u1ea5p Vi\u1ec7t Nam, \u0111\u01b0\u1ee3c thi\u1ebft k\u1ebf v\u00e0 s\u1ea3n xu\u1ea5t theo phong c\u00e1ch v\u00e0<\/p>","protected":false},"featured_media":32695,"comment_status":"open","ping_status":"closed","template":"","meta":[],"product_brand":[],"product_cat":[393,35],"product_tag":[],"class_list":{"0":"post-32690","1":"product","2":"type-product","3":"status-publish","4":"has-post-thumbnail","6":"product_cat-bep-phong-an","7":"product_cat-nha-cua-doi-song","8":"pa_brand-inochi","10":"first","11":"instock","12":"sale","13":"shipping-taxable","14":"purchasable","15":"product-type-simple"},"_links":{"self":[{"href":"https:\/\/havamall.com\/en\/wp-json\/wp\/v2\/product\/32690","targetHints":{"allow":["GET"]}}],"collection":[{"href":"https:\/\/havamall.com\/en\/wp-json\/wp\/v2\/product"}],"about":[{"href":"https:\/\/havamall.com\/en\/wp-json\/wp\/v2\/types\/product"}],"replies":[{"embeddable":true,"href":"https:\/\/havamall.com\/en\/wp-json\/wp\/v2\/comments?post=32690"}],"version-history":[{"count":0,"href":"https:\/\/havamall.com\/en\/wp-json\/wp\/v2\/product\/32690\/revisions"}],"wp:featuredmedia":[{"embeddable":true,"href":"https:\/\/havamall.com\/en\/wp-json\/wp\/v2\/media\/32695"}],"wp:attachment":[{"href":"https:\/\/havamall.com\/en\/wp-json\/wp\/v2\/media?parent=32690"}],"wp:term":[{"taxonomy":"product_brand","embeddable":true,"href":"https:\/\/havamall.com\/en\/wp-json\/wp\/v2\/product_brand?post=32690"},{"taxonomy":"product_cat","embeddable":true,"href":"https:\/\/havamall.com\/en\/wp-json\/wp\/v2\/product_cat?post=32690"},{"taxonomy":"product_tag","embeddable":true,"href":"https:\/\/havamall.com\/en\/wp-json\/wp\/v2\/product_tag?post=32690"}],"curies":[{"name":"wp","href":"https:\/\/api.w.org\/{rel}","templated":true}]}}