{"id":32737,"date":"2023-10-31T14:42:09","date_gmt":"2023-10-31T07:42:09","guid":{"rendered":"https:\/\/havamall.com\/?post_type=product&#038;p=32737"},"modified":"2023-10-31T15:02:56","modified_gmt":"2023-10-31T08:02:56","slug":"mau-dung-trong-thuc-pham-havafoodies-lo-thuy-tinh-co-ong-bop-mau-xanh-la","status":"publish","type":"product","link":"https:\/\/havamall.com\/en\/shop\/mau-dung-trong-thuc-pham-havafoodies-lo-thuy-tinh-co-ong-bop-mau-xanh-la\/","title":{"rendered":"M\u00e0u D\u00f9ng Trong Th\u1ef1c Ph\u1ea9m Havafoodies L\u1ecd Thu\u1ef7 Tinh C\u00f3 \u1ed0ng B\u00f3p 30ml \u2013 M\u00e0u Xanh L\u00e1"},"content":{"rendered":"<h2><\/h2>\n<h2><strong>TH\u00d4NG TIN CHUNG<\/strong><\/h2>\n<table width=\"1130\">\n<tbody>\n<tr>\n<td>Th\u01b0\u01a1ng hi\u1ec7u<\/td>\n<td>Havafoodies<\/td>\n<\/tr>\n<tr>\n<td>Xu\u1ea5t x\u1ee9<\/td>\n<td>Vi\u1ec7t Nam<\/td>\n<\/tr>\n<tr>\n<td>Th\u00e0nh ph\u1ea7n<\/td>\n<td>N\u01b0\u1edbc, tartrazine, citric acid,\u2026<\/td>\n<\/tr>\n<tr>\n<td>H\u1ea1n s\u1eed d\u1ee5ng<\/td>\n<td>24 th\u00e1ng k\u1ec3 t\u1eeb ng\u00e0y s\u1ea3n xu\u1ea5t<\/td>\n<\/tr>\n<tr>\n<td>B\u1ea3o qu\u1ea3n<\/td>\n<td>B\u1ea3o qu\u1ea3n n\u01a1i kh\u00f4 r\u00e1o, tho\u00e1ng m\u00e1t<\/td>\n<\/tr>\n<tr>\n<td>Th\u1ec3 t\u00edch<\/td>\n<td>30ml<\/td>\n<\/tr>\n<\/tbody>\n<\/table>\n<p>Ch\u1ea5t l\u01b0\u1ee3ng c\u1ee7a m\u1ed9t m\u00f3n \u0103n \u0111\u01b0\u1ee3c \u0111\u00e1nh gi\u00e1 b\u1edfi gi\u00e1 tr\u1ecb dinh d\u01b0\u1ee1ng v\u00e0 gi\u00e1 tr\u1ecb c\u1ea3m quan. Trong \u0111\u00f3 m\u00e0u s\u1eafc l\u00e0 ch\u1ec9 s\u1ed1 quan tr\u1ecdng c\u1ee7a gi\u00e1 tr\u1ecb th\u1ee9 2 \u1ea5y. M\u00e0u s\u1eafc gi\u00fap t\u0103ng s\u1ef1 h\u1ea5p d\u1eabn, ho\u00e0n thi\u1ec7n trong kh\u00e2u trang tr\u00ed v\u00e0 k\u00edch th\u00edch c\u1ea3m gi\u00e1c th\u00e8m \u0103n. V\u1edbi m\u00e0u th\u1ef1c ph\u1ea9m d\u1ea1ng n\u01b0\u1edbc, c\u00f3 th\u1ec3 tho\u1ea3i m\u00e1i s\u00e1ng t\u1ea1o, \u0111i\u1ec1u ch\u1ec9nh m\u00e0u s\u1eafc t\u00f9y theo \u00fd th\u00edch, nhu c\u1ea7u hay t\u1eebng lo\u1ea1i s\u1ea3n ph\u1ea9m. N\u1ebfu c\u1ea3m th\u1ea5y m\u00e0u s\u1eafc ch\u01b0a h\u1ee3p \u00fd, ch\u1ec9 c\u1ea7n th\u00eam m\u00e0u ho\u1eb7c pha lo\u00e3ng m\u00e0u m\u00e0 kh\u00f4ng lo \u0111\u00e3 th\u00eam m\u00e0u qu\u00e1 tay. B\u00ean c\u1ea1nh \u0111\u00f3, m\u00e0u kh\u00e1 th\u00f4ng d\u1ee5ng v\u00e0 ph\u1ed5 bi\u1ebfn n\u00ean c\u00f3 th\u1ec3 t\u00ecm mua \u1edf b\u1ea5t c\u1ee9 \u0111\u00e2u.<\/p>\n<p><img fetchpriority=\"high\" decoding=\"async\" class=\"wp-image-32728 aligncenter\" src=\"https:\/\/havamall.com\/wp-content\/uploads\/2023\/10\/colorful-beverages-300x183.jpeg\" alt=\"\" width=\"859\" height=\"524\" \/><\/p>\n<p>\u0110\u1ec3 t\u1ea1o n\u00ean s\u1ef1 \u0111a d\u1ea1ng h\u01a1n v\u1ec1 m\u00e0u s\u1eafc v\u00e0 t\u0103ng t\u00ednh hi\u1ec7u qu\u1ea3 trong ng\u00e0nh th\u1ef1c ph\u1ea9m m\u00e0u th\u1ef1c ph\u1ea9m, c\u00e1c nh\u00e0 s\u1ea3n xu\u1ea5t \u0111\u00e3 s\u00e1ng t\u1ea1o ra m\u00e0u th\u1ef1c ph\u1ea9m v\u1edbi nhi\u1ec1u th\u00e0nh ph\u1ea7n t\u1ed5ng h\u1ee3p. M\u00e0u t\u1ed5ng h\u1ee3p th\u01b0\u1eddng \u0111\u1eb9p, b\u1ec1n, c\u00f3 th\u1ec3 d\u00f9ng h\u1ed7n h\u1ee3p nhi\u1ec1u lo\u1ea1i pha l\u1eabn v\u1edbi nhau \u0111\u1ec3 t\u1ea1o th\u00e0nh m\u1ed9t m\u00e0u m\u1edbi t\u00f9y theo nhu c\u1ea7u v\u00e0 t\u1eebng lo\u1ea1i s\u1ea3n ph\u1ea9m.<\/p>\n<p>Trong l\u00e0m b\u00e1nh, m\u00e0u th\u1ef1c ph\u1ea9m l\u00e0 nguy\u00ean li\u1ec7u l\u00e0m b\u00e1nh d\u00f9ng trong t\u1ea1o m\u00e0u kh\u00f4ng th\u1ec3 thi\u1ebfu.\u00a0M\u00e0u th\u1ef1c ph\u1ea9m d\u1ea1ng n\u01b0\u1edbc Havafoodies th\u01b0\u1eddng \u0111\u01b0\u1ee3c s\u1eed d\u1ee5ng nhi\u1ec1u cho c\u00e1c c\u00f4ng th\u1ee9c b\u00e1nh. C\u00f3 th\u1ec3 d\u00f9ng \u0111\u1ec3 pha v\u00e0o v\u1ecf b\u00e1nh, phun tr\u1ef1c ti\u1ebfp l\u00ean b\u00e1nh, ho\u1eb7c pha v\u1edbi kem \u0111\u1ec3 l\u00e0m b\u00e1nh,\u2026 r\u1ea5t d\u1ec5 d\u00e0ng.<\/p>\n<p><img decoding=\"async\" class=\"wp-image-32729 aligncenter\" src=\"https:\/\/havamall.com\/wp-content\/uploads\/2023\/10\/cfa9e2f80200bbb7611705c12f6d4a21-300x200.jpeg\" alt=\"\" width=\"866\" height=\"578\" \/><\/p>\n<p>S\u1ea3n ph\u1ea9m m\u00e0u th\u1ef1c ph\u1ea9m Havafoodies \u0111\u01b0\u1ee3c s\u1ea3n xu\u1ea5t theo d\u00e2y chuy\u1ec1n c\u00f4ng ngh\u1ec7 hi\u1ec7n \u0111\u1ea1i n\u00ean th\u00e0nh ph\u1ea7n r\u1ea5t an to\u00e0n cho s\u1ee9c kh\u1ecfe, \u00edt b\u1ecb bi\u1ebfn \u0111\u1ed5i n\u1ebfu ch\u1ebf bi\u1ebfn qua nhi\u1ec7t \u0111\u1ed9 cao. Kh\u00e1c v\u1edbi nh\u1eefng d\u00f2ng m\u00e0u th\u1ef1c ph\u1ea9m t\u1ea1i th\u1ecb tr\u01b0\u1eddng m\u00e0u th\u1ef1c ph\u1ea9m Kalor\u00a0c\u00f3 d\u1ea1ng n\u01b0\u1edbc, n\u00ean b\u1ea1n ch\u1ec9 c\u1ea7n d\u00f9ng 1 \u2013 2 gi\u1ecdt l\u00e0 c\u00f3 th\u1ec3 t\u1ea1o n\u00ean m\u00e0u xanh d\u01b0\u01a1ng t\u01b0\u01a1i m\u00e1t, s\u1eafc n\u00e9t hay nh\u1ea1t pastel \u0111\u1ec1u \u0111\u01b0\u1ee3c. Ngo\u00e0i ra s\u1ea3n ph\u1ea9m c\u00f2n gi\u00fap b\u1ea1n t\u1ea1o m\u00e0u cho b\u00e1nh m\u00ec, cookie, b\u00e1nh gato\/b\u00e1nh ng\u1ecdt, t\u1ea1o m\u00e0u kem trang tr\u00ed b\u00e1nh, fondant, t\u1ea1o m\u00e0u cho socola tr\u1eafng \u0111un ch\u1ea3y,\u2026<\/p>\n<p><img decoding=\"async\" class=\"wp-image-32738 aligncenter\" src=\"https:\/\/havamall.com\/wp-content\/uploads\/2023\/10\/Lime-Macarons-imperial-300x200.jpeg\" alt=\"\" width=\"873\" height=\"582\" \/><\/p>\n<h2><strong>\u01afU \u0110I\u1ec2M C\u1ee6A S\u1ea2N PH\u1ea8M<\/strong><\/h2>\n<p>\u2013 V\u00ec l\u00e0 d\u1ea1ng n\u01b0\u1edbc l\u1ecfng n\u00ean tr\u1ed9n v\u00e0o b\u1ed9t d\u1ec5 l\u00ean m\u00e0u h\u01a1n c\u00e1c lo\u1ea1i kh\u00e1c, vi\u1ec7c pha nhi\u1ec1u m\u00e0u \u0111\u1ec3 s\u00e1ng t\u1ea1o ra c\u00e1c gam m\u00e0u m\u1edbi c\u0169ng d\u1ec5 d\u00e0ng h\u01a1n.<\/p>\n<p>\u2013 D\u1ec5 \u0111i\u1ec1u ch\u1ec9nh, n\u1ebfu m\u00e0u ch\u01b0a \u01b0ng \u00fd, b\u1ea1n c\u00f3 th\u1ec3 nh\u1ecf t\u1eebng gi\u1ecdt v\u00e0o cho t\u1edbi khi \u0111\u1ea1t th\u00ec th\u00f4i, kh\u00f4ng lo cho m\u00e0u qu\u00e1 tay.<\/p>\n<p>\u2013 Cho gam m\u00e0u nh\u1ea1t c\u1ef1c \u0111\u1eb9p.<\/p>\n<p>\u2013 Ph\u00f9 h\u1ee3p h\u01a1n d\u1ea1ng gel, b\u1ed9t n\u1ebfu b\u1ea1n \u0111\u1ecbnh pha m\u00e0u b\u1eb1ng c\u00e1ch phun m\u00e0u tr\u1ef1c ti\u1ebfp l\u00ean c\u00e1c lo\u1ea1i kem b\u00e1nh trang tr\u00ed.<\/p>\n<p>\u2013 \u00cdt l\u00e0m v\u00f3n c\u1ee5c b\u1ed9t ho\u1eb7c kem.<\/p>\n<p>\u2013 Ch\u1ec9 c\u1ea7n 1-2 gi\u1ecdt m\u00e0u l\u00e0 \u0111\u00e3 l\u00e0m b\u00e1nh ho\u1eb7c kem l\u00ean m\u00e0u.<\/p>\n<p><img loading=\"lazy\" decoding=\"async\" class=\"wp-image-32739 aligncenter\" src=\"https:\/\/havamall.com\/wp-content\/uploads\/2023\/10\/st-patricks-day-cupcakes-horizontal-1676484916-300x300.jpeg\" alt=\"\" width=\"896\" height=\"896\" \/><\/p>\n<h2><strong>H\u01af\u1edaNG D\u1eaaN S\u1eec D\u1ee4NG<\/strong><\/h2>\n<p>&gt; Cho m\u1ed9t \u00edt m\u00e0u n\u01b0\u1edbc th\u1ef1c ph\u1ea9m ra b\u00e1t.<\/p>\n<p>&gt; H\u00f2a tan m\u00e0u th\u1ef1c ph\u1ea9m v\u00e0o n\u01b0\u1edbc, v\u00e0o b\u1ed9t b\u00e1nh, v\u00e0o kem trang tr\u00ed b\u00e1nh,\u2026T\u00f9y theo m\u1ee5c \u0111\u00edch b\u1ea1n s\u1eed d\u1ee5ng.<\/p>\n<p>&gt; Tr\u1ed9n \u0111\u1ec1u v\u1edbi h\u1ed7n h\u1ee3p l\u00e0\u00a0 \u0111\u00e3 \u0111\u01b0\u1ee3c m\u00e0u nh\u01b0 \u00fd mu\u1ed1n.<\/p>\n<p>&gt; B\u1ea3o qu\u1ea3n: N\u01a1i kh\u00f4 tho\u00e1ng, tr\u00e1nh \u00e1nh n\u1eafng tr\u1ef1c ti\u1ebfp.<\/p>","protected":false},"excerpt":{"rendered":"<p>TH\u00d4NG TIN CHUNG Th\u01b0\u01a1ng hi\u1ec7u Havafoodies Xu\u1ea5t x\u1ee9 Vi\u1ec7t Nam Th\u00e0nh ph\u1ea7n N\u01b0\u1edbc, tartrazine, citric acid,\u2026 H\u1ea1n s\u1eed d\u1ee5ng 24<\/p>","protected":false},"featured_media":32740,"comment_status":"open","ping_status":"closed","template":"","meta":[],"product_brand":[],"product_cat":[36],"product_tag":[],"class_list":{"0":"post-32737","1":"product","2":"type-product","3":"status-publish","4":"has-post-thumbnail","6":"product_cat-thuc-pham-tieu-dung","7":"pa_brand-skx","9":"first","10":"instock","11":"sale","12":"shipping-taxable","13":"purchasable","14":"product-type-simple"},"_links":{"self":[{"href":"https:\/\/havamall.com\/en\/wp-json\/wp\/v2\/product\/32737","targetHints":{"allow":["GET"]}}],"collection":[{"href":"https:\/\/havamall.com\/en\/wp-json\/wp\/v2\/product"}],"about":[{"href":"https:\/\/havamall.com\/en\/wp-json\/wp\/v2\/types\/product"}],"replies":[{"embeddable":true,"href":"https:\/\/havamall.com\/en\/wp-json\/wp\/v2\/comments?post=32737"}],"version-history":[{"count":0,"href":"https:\/\/havamall.com\/en\/wp-json\/wp\/v2\/product\/32737\/revisions"}],"wp:featuredmedia":[{"embeddable":true,"href":"https:\/\/havamall.com\/en\/wp-json\/wp\/v2\/media\/32740"}],"wp:attachment":[{"href":"https:\/\/havamall.com\/en\/wp-json\/wp\/v2\/media?parent=32737"}],"wp:term":[{"taxonomy":"product_brand","embeddable":true,"href":"https:\/\/havamall.com\/en\/wp-json\/wp\/v2\/product_brand?post=32737"},{"taxonomy":"product_cat","embeddable":true,"href":"https:\/\/havamall.com\/en\/wp-json\/wp\/v2\/product_cat?post=32737"},{"taxonomy":"product_tag","embeddable":true,"href":"https:\/\/havamall.com\/en\/wp-json\/wp\/v2\/product_tag?post=32737"}],"curies":[{"name":"wp","href":"https:\/\/api.w.org\/{rel}","templated":true}]}}