{"id":32773,"date":"2023-11-01T11:49:18","date_gmt":"2023-11-01T04:49:18","guid":{"rendered":"https:\/\/havamall.com\/?post_type=product&#038;p=32773"},"modified":"2023-11-01T14:43:26","modified_gmt":"2023-11-01T07:43:26","slug":"nuoc-xit-thom-vai-ole-fabric-perfume-spray-320ml-huong-lavender","status":"publish","type":"product","link":"https:\/\/havamall.com\/en\/shop\/nuoc-xit-thom-vai-ole-fabric-perfume-spray-320ml-huong-lavender\/","title":{"rendered":"N\u01b0\u1edbc X\u1ecbt Th\u01a1m V\u1ea3i Ol\u00e9 &#8211; Fabric Perfume Spray 320ml &#8211; H\u01b0\u01a1ng Lavender"},"content":{"rendered":"<p>H\u01b0\u01a1ng th\u01a1m d\u1ecbu nh\u1eb9 c\u1ee7a X\u1ecbt th\u01a1m v\u1ea3i Ol\u00e9 ch\u1eafc ch\u1eafn s\u1ebd l\u00e0 s\u1ef1 l\u1ef1a ch\u1ecdn ph\u00f9 h\u1ee3p cho b\u1ea1n. T\u00e1c d\u1ee5ng th\u1ea5m s\u00e2u v\u00e0o v\u1ea3i v\u00f3c v\u1edbi c\u00e1c tinh th\u1ec3 h\u01b0\u01a1ng n\u01b0\u1edbc hoa len l\u1ecfi v\u00e0o t\u1eebng s\u1ee3i v\u1ea3i gi\u00fap kh\u1eed m\u00f9i v\u00e0 t\u1ea1o ra h\u01b0\u01a1ng th\u01a1m d\u1ec5 ch\u1ecbu cho \u00e1o qu\u1ea7n, ch\u0103n r\u00e8m, gh\u1ebf sofa, th\u1ea3m tr\u1ea3i s\u00e0n,\u2026 cho ng\u00f4i nh\u00e0 b\u1ea1n.<\/p>\n<p><img fetchpriority=\"high\" decoding=\"async\" class=\"wp-image-32768 aligncenter\" src=\"https:\/\/havamall.com\/wp-content\/uploads\/2023\/11\/20221103_Y86yzZaFX2bbaUPm78pVAY9G-300x300.png\" alt=\"\" width=\"829\" height=\"829\" \/><\/p>\n<p><span id=\"input_part_0\" class=\"\">X\u1ecbt th\u01a1m v\u1ea3i Ol\u00e9 v\u1edbi h\u01b0\u01a1ng hoa th\u01a1m ng\u00e1t tr\u1ef1c ti\u1ebfp, \u0111\u01b0\u1ee3c s\u1ea3n xu\u1ea5t t\u1ea1i Vi\u1ec7t Nam. S\u1ea3n ph\u1ea9m gi\u00fap nhanh ch\u00f3ng l\u00e0m \u00e1t \u0111i m\u00f9i kh\u00f3 ch\u1ecbu tr\u00ean qu\u1ea7n \u00e1o. Ch\u1ec9 v\u1edbi 1 chai x\u1ecbt x\u1ea3 v\u1ea3i kh\u00f4 l\u00e0 c\u1ee9u c\u00e1nh khi m\u1ed3 h\u00f4i ra nhi\u1ec1u, ho\u1eb7c khi b\u1ea1n \u0103n l\u1ea9u, \u0111\u1ed3 n\u01b0\u1edbng\u2026.<\/span><span id=\"input_part_0\" class=\"\">S\u1ea3n ph\u1ea9m c\u00f2n c\u00f3 t\u00e1c d\u1ee5ng kh\u1eed m\u00f9i t\u1ea1i ph\u00f2ng ho\u1eb7c t\u1ea1i xe h\u01a1i c\u00f3 m\u00f9i kh\u00f3 ch\u1ecbu.<\/span><\/p>\n<p><span id=\"input_part_0\" class=\"\">X\u1ecbt th\u01a1m v\u1ea3i Ol\u00e9<\/span> l\u00e0 m\u1ed9t s\u1ea3n ph\u1ea9m x\u1ecbt th\u01a1m qu\u1ea7n \u00e1o hi\u1ec7n \u0111\u1ea1i. S\u1ea3n ph\u1ea9m gi\u00fap l\u00e0m cho s\u1ee3i v\u1ea3i lu\u00f4n m\u1ec1m m\u1ecbn v\u00e0 th\u01a1m m\u00e1t. Kh\u1ea3 n\u0103ng l\u01b0u h\u01b0\u01a1ng \u0111\u1ed9c \u0111\u00e1o t\u1ecfa ra m\u00f9i h\u01b0\u01a1ng th\u01a1m ng\u00e0o ng\u1ea1t d\u1ec5 ch\u1ecbu. \u0110\u1ed3ng th\u1eddi gi\u1eef cho s\u1ee3i v\u1ea3i lu\u00f4n th\u01a1m tho s\u1ea1ch s\u1ebd.<\/p>\n<p><img decoding=\"async\" class=\"wp-image-32769 aligncenter\" src=\"https:\/\/havamall.com\/wp-content\/uploads\/2023\/11\/nh-1-bai-1-0-copy-300x186.png\" alt=\"\" width=\"832\" height=\"516\" \/><\/p>\n<h2><strong>\u01afU \u0110I\u1ec2M C\u1ee6A S\u1ea2N PH\u1ea8M<\/strong><\/h2>\n<p dir=\"auto\">\u00a0&gt; Kh\u00f4ng d\u00f9ng ch\u1ea5t ph\u1ee5 gia ho\u1eb7c l\u00e0m m\u1ec1m v\u1ea3i<\/p>\n<p dir=\"auto\">\u00a0&gt; Kh\u00f4ng h\u00f3a ch\u1ea5t \u0111\u1ed9c h\u1ea1i<\/p>\n<p dir=\"auto\">\u00a0&gt; Kh\u00f4ng k\u00edch \u1ee9ng l\u00e0n da nh\u1ea1y c\u1ea3m<\/p>\n<p dir=\"auto\">\u00a0&gt; An to\u00e0n cho m\u00f4i tr\u01b0\u1eddng v\u00e0 s\u1ee9c kho\u1ebb thay cho c\u00e1c s\u1ea3n ph\u1ea9m ph\u1ea9m \u0111\u1ed9c h\u1ea1i kh\u00e1c<\/p>\n<p dir=\"auto\">\u00a0&gt; X\u1ecbt th\u01a1m v\u1ea3i gi\u00fap ti\u1ebft ki\u1ec7m th\u1eddi gian v\u00e0 chi ph\u00ed, m\u00f9i th\u01a1m \u0111\u01b0\u1ee3c gi\u1eef l\u00e2u h\u01a1n su\u1ed1t c\u1ea3 ng\u00e0y d\u00e0i.<\/p>\n<h2><img decoding=\"async\" class=\"wp-image-32770 aligncenter\" src=\"https:\/\/havamall.com\/wp-content\/uploads\/2023\/11\/vai-khang-khuan-99-9-cao-cap-han-quoc-denovo-set-30ml-3-chai-2-300x225.png\" alt=\"\" width=\"846\" height=\"634\" \/><\/h2>\n<h2><strong>\u0110\u1eb6C \u0110I\u1ec2M N\u1ed4I B\u1eacT C\u1ea2 S\u1ea2N PH\u1ea8M<\/strong><\/h2>\n<p>&#8211; L\u00e0m th\u01a1m v\u1ea3i v\u00f3c b\u1eb1ng h\u01b0\u01a1ng n\u01b0\u1edbc hoa cao c\u1ea5p<\/p>\n<p>&#8211; Gi\u1eef m\u00f9i h\u01b0\u01a1ng l\u00e2u<\/p>\n<p>&#8211; B\u1ea3o v\u1ec7 s\u1ee3i v\u1ea3i, kh\u1eed m\u00f9i \u1ea9m m\u1ed1c, t\u1ea1o h\u01b0\u01a1ng th\u01a1m d\u1ecbu nh\u1eb9 \u00a0tr\u00ean t\u1eebng s\u1edb v\u1ea3i.<\/p>\n<p>&#8211; Kh\u00f4ng d\u00f9ng ch\u1ea5t ph\u1ee5 gia ho\u1eb7c l\u00e0m m\u1ec1m v\u1ea3i<\/p>\n<p>&#8211; Kh\u00f4ng ho\u00e1 ch\u1ea5t \u0111\u1ed9c h\u1ea1i, an to\u00e0n cho m\u00f4i tr\u01b0\u1eddng v\u00e0 s\u1ee9c kho\u1ebb.<\/p>\n<p>&#8211; Kh\u00f4ng k\u00edch \u1ee9ng l\u00e0n da nh\u1ea1y c\u1ea3m.<\/p>\n<p>&#8211; Ti\u1ebft ki\u1ec7m th\u1eddi gian v\u00e0 chi ph\u00ed, d\u00f9ng \u0111\u01b0\u1ee3c tr\u00ean m\u1ecdi lo\u1ea1i v\u1ea3i.<\/p>\n<p>&#8211; Th\u01a1m tho cho c\u1ea3 qu\u1ea7n \u00e1o ph\u01a1i trong nh\u00e0 kh\u00f4ng c\u00f3 \u00e1nh n\u1eafng.<\/p>\n<p><img loading=\"lazy\" decoding=\"async\" class=\"wp-image-32771 aligncenter\" src=\"https:\/\/havamall.com\/wp-content\/uploads\/2023\/11\/43b2bac7ec0c15833a0dfa37c5e6d7f1-300x300.png\" alt=\"\" width=\"851\" height=\"851\" \/><\/p>\n<h2><strong>C\u00d4NG D\u1ee4NG C\u1ee6A S\u1ea2N PH\u1ea8M<\/strong><\/h2>\n<p>&#8211; Ti\u1ec7t tr\u00f9ng kh\u1eed m\u00f9i h\u00f4i \u1ea9m m\u1ed1c cho qu\u1ea7n \u00e1o.<\/p>\n<p>&#8211; T\u1ea1o h\u01b0\u01a1ng th\u01a1m d\u1ecbu nh\u1eb9 cho qu\u1ea7n \u00e1o, c\u00f3 th\u1ec3 thay th\u1ebf n\u01b0\u1edbc hoa v\u00e0 n\u01b0\u1edbc x\u1ea3 v\u1ea3i h\u00e0ng ng\u00e0y.<\/p>\n<p>&#8211; Gi\u00fap lo\u1ea1i b\u1ecf m\u00f9i ho\u00e0n to\u00e0n v\u00e0 l\u00e0m th\u01a1m v\u1edbi t\u1ea5t c\u1ea3 b\u1ec1 m\u1eb7t v\u1ea3i nh\u01b0 ch\u0103n ga, g\u00f3i n\u1ec7m, gi\u00e0y d\u00e9p, t\u1ee7 \u0111\u1ed3\u2026<\/p>\n<p>&#8211; Kh\u00f4ng k\u00edch \u1ee9ng da \u2013 N\u00e2ng niu nh\u1eefng l\u00e0n da nh\u1ea1y c\u1ea3m<\/p>","protected":false},"excerpt":{"rendered":"<p>H\u01b0\u01a1ng th\u01a1m d\u1ecbu nh\u1eb9 c\u1ee7a X\u1ecbt th\u01a1m v\u1ea3i Ol\u00e9 ch\u1eafc ch\u1eafn s\u1ebd l\u00e0 s\u1ef1 l\u1ef1a ch\u1ecdn ph\u00f9 h\u1ee3p cho b\u1ea1n.<\/p>","protected":false},"featured_media":32774,"comment_status":"open","ping_status":"closed","template":"","meta":[],"product_brand":[],"product_cat":[393,35],"product_tag":[],"class_list":{"0":"post-32773","1":"product","2":"type-product","3":"status-publish","4":"has-post-thumbnail","6":"product_cat-bep-phong-an","7":"product_cat-nha-cua-doi-song","9":"first","10":"instock","11":"sale","12":"shipping-taxable","13":"purchasable","14":"product-type-simple"},"_links":{"self":[{"href":"https:\/\/havamall.com\/en\/wp-json\/wp\/v2\/product\/32773","targetHints":{"allow":["GET"]}}],"collection":[{"href":"https:\/\/havamall.com\/en\/wp-json\/wp\/v2\/product"}],"about":[{"href":"https:\/\/havamall.com\/en\/wp-json\/wp\/v2\/types\/product"}],"replies":[{"embeddable":true,"href":"https:\/\/havamall.com\/en\/wp-json\/wp\/v2\/comments?post=32773"}],"version-history":[{"count":0,"href":"https:\/\/havamall.com\/en\/wp-json\/wp\/v2\/product\/32773\/revisions"}],"wp:featuredmedia":[{"embeddable":true,"href":"https:\/\/havamall.com\/en\/wp-json\/wp\/v2\/media\/32774"}],"wp:attachment":[{"href":"https:\/\/havamall.com\/en\/wp-json\/wp\/v2\/media?parent=32773"}],"wp:term":[{"taxonomy":"product_brand","embeddable":true,"href":"https:\/\/havamall.com\/en\/wp-json\/wp\/v2\/product_brand?post=32773"},{"taxonomy":"product_cat","embeddable":true,"href":"https:\/\/havamall.com\/en\/wp-json\/wp\/v2\/product_cat?post=32773"},{"taxonomy":"product_tag","embeddable":true,"href":"https:\/\/havamall.com\/en\/wp-json\/wp\/v2\/product_tag?post=32773"}],"curies":[{"name":"wp","href":"https:\/\/api.w.org\/{rel}","templated":true}]}}