{"id":32777,"date":"2023-11-01T15:08:09","date_gmt":"2023-11-01T08:08:09","guid":{"rendered":"https:\/\/havamall.com\/?post_type=product&#038;p=32777"},"modified":"2025-12-03T04:10:33","modified_gmt":"2025-12-02T21:10:33","slug":"dung-cu-tach-hat-cherry-tao-do-tien-dung-plastic-stainless-steel-cherry-pitter","status":"publish","type":"product","link":"https:\/\/havamall.com\/en\/shop\/dung-cu-tach-hat-cherry-tao-do-tien-dung-plastic-stainless-steel-cherry-pitter\/","title":{"rendered":"D\u1ee5ng C\u1ee5 T\u00e1ch H\u1ea1t Cherry\/T\u00e1o \u0110\u1ecf Ti\u1ec7n D\u1ee5ng &#8211; Plastic Stainless Steel Cherry Pitter"},"content":{"rendered":"<p>B\u1ea1n c\u1ea7n l\u1ea5y h\u1ed9t t\u00e1o t\u00e0u, h\u1ed9t m\u01a1, m\u1eadn \u0111\u1ec3 l\u00e0m m\u1ee9t, t\u00e1ch h\u1ed9t theo ph\u01b0\u01a1ng ph\u00e1p th\u00f4ng th\u01b0\u1eddng r\u1ea5t m\u1ea5t th\u1eddi gian v\u00e0 \u0111\u00f4i khi c\u00f3 th\u1ec3 \u0111\u1ee9t tay, d\u1ee5ng c\u1ee5 t\u00e1ch h\u1ed9t gi\u00fap hoa qu\u1ea3 tr\u00f4ng \u0111\u1eb9p m\u1eaft m\u00e0 c\u0169ng d\u1ec5 \u0103n. D\u1ee5ng c\u1ee5 t\u00e1ch h\u1ea1t s\u1ebd l\u00e0 tr\u1ee3 th\u1ee7 \u0111\u1eaft l\u1ef1c cho b\u1ea1n, b\u1ec1n theo th\u1eddi gian v\u00e0 d\u1ec5 s\u1eed d\u1ee5ng.<\/p>\n<p><img fetchpriority=\"high\" decoding=\"async\" class=\"wp-image-32778 aligncenter\" src=\"https:\/\/havamall.com\/wp-content\/uploads\/2023\/11\/1b124499721b1c0460b6ee043c35bddc-300x300.jpeg\" alt=\"\" width=\"747\" height=\"747\" \/><\/p>\n<p>D\u1ee5ng c\u1ee5 t\u00e1ch hat qu\u1ea3 anh \u0111\u00e0o v\u1edbi thi\u1ebft k\u1ebf \u0111\u1ea9y c\u1ea7m tay. Ch\u1ec9 v\u00e0i gi\u00e2y \u0111\u1ec3 \u0111\u01b0a qu\u1ea3 anh \u0111\u00e0o qua d\u1ee5ng c\u1ee5 l\u1ea5y qu\u1ea3 anh \u0111\u00e0o. S\u1ea3n ph\u1ea9m t\u00e1ch h\u1ea1t anh \u0111\u00e0o r\u1ea5t \u0111\u01a1n gi\u1ea3n \u0111\u1ec3 s\u1eed d\u1ee5ng v\u00e0 kh\u00f4ng t\u1ed1n nhi\u1ec1u l\u1ef1c.\u00a0D\u1ec5 d\u00e0ng v\u1ec7 sinh th\u00e1o r\u1eddi \u0111\u1ec3 l\u00e0m s\u1ea1ch v\u00e0 kh\u00f3a ch\u1eb7t \u0111\u1ec3 l\u01b0u tr\u1eef. S\u1ea3n ph\u1ea9m c\u00f3 th\u1ec3 \u0111\u01b0\u1ee3c r\u1eeda d\u01b0\u1edbi v\u00f2i v\u00e0 c\u00f3 th\u1ec3 \u0111\u01b0\u1ee3c l\u00e0m s\u1ea1ch trong m\u00e1y r\u1eeda ch\u00e9n.<\/p>\n<p><img decoding=\"async\" class=\"wp-image-32779 aligncenter\" src=\"https:\/\/havamall.com\/wp-content\/uploads\/2023\/11\/61mrNh2r6L._AC_UF8941000_QL80_-300x300.jpg\" alt=\"\" width=\"741\" height=\"741\" \/><\/p>\n<p>D\u1ee5ng c\u1ee5 r\u1ed7 Cherry \u0111\u01b0\u1ee3c l\u00e0m b\u1eb1ng th\u00e9p kh\u00f4ng g\u1ec9 v\u00e0 ABS th\u1ef1c ph\u1ea9m \u0111\u1ec3 \u0111\u1ea3m b\u1ea3o an to\u00e0n v\u00e0 \u0111\u1ed9 b\u1ec1n. D\u1ee5ng c\u1ee5 t\u00e1ch h\u1ea1t qu\u1ea3 anh \u0111\u00e0o c\u00f3 thi\u1ebft k\u1ebf ho\u00e0n h\u1ea3o cho qu\u1ea3 anh \u0111\u00e0o, ch\u00e0 l\u00e0 Trung Qu\u1ed1c, t\u00e1o gai, v. v. Sau khi lo\u1ea1i b\u1ecf h\u1ea1t , tr\u00e1i c\u00e2y s\u1ebd an to\u00e0n h\u01a1n cho con b\u1ea1n \u0103n. \u0110\u01b0\u1ee3c s\u1eed d\u1ee5ng r\u1ed9ng r\u00e3i \u0111\u1ec3 l\u00e0m c\u00e1c m\u00f3n \u0103n anh \u0111\u00e0o t\u01b0\u01a1i, b\u00e1nh anh \u0111\u00e0o, m\u1ee9t Cocktail anh \u0111\u00e0o.<\/p>\n<p><img decoding=\"async\" class=\"wp-image-32780 aligncenter\" src=\"https:\/\/havamall.com\/wp-content\/uploads\/2023\/11\/80fc07d0cd3f663f3983ef8bb65cda50-300x300.jpeg\" alt=\"\" width=\"745\" height=\"745\" \/><\/p>\n<h2><strong>\u01afU \u0110I\u1ec2M C\u1ee6A S\u1ea2N PH\u1ea8M<\/strong><\/h2>\n<p>&#8211; D\u1ee5ng c\u1ee5 d\u1ea1ng \u1ed1ng ti\u00eam lo\u1ea1i b\u1ecf h\u1ea1t, m\u1ed9t gi\u00e2y l\u00e0 lo\u1ea1i b\u1ecf \u0111\u01b0\u1ee3c, ngon m\u00e0 kh\u00f4ng c\u1ea7n ch\u1edd \u0111\u1ee3i.<\/p>\n<p>&#8211; Ti\u1ebft ki\u1ec7m \u00e1p su\u1ea5t, l\u00f2 xo ph\u1ee5c h\u1ed3i, v\u1eadt li\u1ec7u PP.<\/p>\n<p>&#8211; Thi\u1ebft k\u1ebf \u0111\u1ea9y h\u1ea1t ki\u1ec3u \u1ed1ng ti\u00eam, ch\u1ec9 m\u1ed9t gi\u00e2y, b\u1ea1n c\u00f3 th\u1ec3 t\u1eadn h\u01b0\u1edfng tr\u00e1i c\u00e2y m\u00e0 kh\u00f4ng c\u00f2n h\u1ea1t.<\/p>\n<p>&#8211; \u0110\u01b0\u1ee3c l\u00e0m b\u1eb1ng ch\u1ea5t li\u1ec7u nh\u1ef1a PP, s\u1eed d\u1ee5ng t\u1ed1t v\u00e0 kh\u00f4ng d\u1ec5 g\u00e3y, ph\u00f9 h\u1ee3p v\u1edbi m\u1ecdi k\u00edch th\u01b0\u1edbc c\u1ee7a t\u00e1o xanh v\u00e0 cherry tr\u00ean th\u1ecb tr\u01b0\u1eddng, v\u1eeba \u0111\u00fang ki\u1ec3u d\u00e1ng, d\u1ec5 d\u00e0ng t\u00e1ch h\u1ea1t.<\/p>\n<p>&#8211; Thi\u1ebft k\u1ebf l\u00f2 xo ph\u1ee5c h\u1ed3i t\u1ef1 \u0111\u1ed9ng c\u00f3 \u0111\u1ed9 b\u1ec1n cao, d\u1ec5 s\u1eed d\u1ee5ng, d\u1ec5 ph\u1ee5c h\u1ed3i, kh\u00f4ng t\u1ed1n c\u00f4ng s\u1ee9c t\u00e1ch h\u1ea1t.<\/p>\n<p><img loading=\"lazy\" decoding=\"async\" class=\"wp-image-32781 aligncenter\" src=\"https:\/\/havamall.com\/wp-content\/uploads\/2023\/11\/9fa919bacef41f7ad612142eccb3f4cb-300x300.jpeg\" alt=\"\" width=\"755\" height=\"755\" \/><\/p>","protected":false},"excerpt":{"rendered":"<p>B\u1ea1n c\u1ea7n l\u1ea5y h\u1ed9t t\u00e1o t\u00e0u, h\u1ed9t m\u01a1, m\u1eadn \u0111\u1ec3 l\u00e0m m\u1ee9t, t\u00e1ch h\u1ed9t theo ph\u01b0\u01a1ng ph\u00e1p th\u00f4ng th\u01b0\u1eddng r\u1ea5t<\/p>","protected":false},"featured_media":32782,"comment_status":"open","ping_status":"closed","template":"","meta":[],"product_brand":[],"product_cat":[393,35],"product_tag":[],"class_list":{"0":"post-32777","1":"product","2":"type-product","3":"status-publish","4":"has-post-thumbnail","6":"product_cat-bep-phong-an","7":"product_cat-nha-cua-doi-song","9":"first","10":"outofstock","11":"sale","12":"shipping-taxable","13":"purchasable","14":"product-type-simple"},"_links":{"self":[{"href":"https:\/\/havamall.com\/en\/wp-json\/wp\/v2\/product\/32777","targetHints":{"allow":["GET"]}}],"collection":[{"href":"https:\/\/havamall.com\/en\/wp-json\/wp\/v2\/product"}],"about":[{"href":"https:\/\/havamall.com\/en\/wp-json\/wp\/v2\/types\/product"}],"replies":[{"embeddable":true,"href":"https:\/\/havamall.com\/en\/wp-json\/wp\/v2\/comments?post=32777"}],"version-history":[{"count":0,"href":"https:\/\/havamall.com\/en\/wp-json\/wp\/v2\/product\/32777\/revisions"}],"wp:featuredmedia":[{"embeddable":true,"href":"https:\/\/havamall.com\/en\/wp-json\/wp\/v2\/media\/32782"}],"wp:attachment":[{"href":"https:\/\/havamall.com\/en\/wp-json\/wp\/v2\/media?parent=32777"}],"wp:term":[{"taxonomy":"product_brand","embeddable":true,"href":"https:\/\/havamall.com\/en\/wp-json\/wp\/v2\/product_brand?post=32777"},{"taxonomy":"product_cat","embeddable":true,"href":"https:\/\/havamall.com\/en\/wp-json\/wp\/v2\/product_cat?post=32777"},{"taxonomy":"product_tag","embeddable":true,"href":"https:\/\/havamall.com\/en\/wp-json\/wp\/v2\/product_tag?post=32777"}],"curies":[{"name":"wp","href":"https:\/\/api.w.org\/{rel}","templated":true}]}}