{"id":32792,"date":"2023-11-02T15:04:14","date_gmt":"2023-11-02T08:04:14","guid":{"rendered":"https:\/\/havamall.com\/?post_type=product&#038;p=32792"},"modified":"2025-12-03T04:10:32","modified_gmt":"2025-12-02T21:10:32","slug":"ly-thuy-tinh-dong-dinh-luong-4-don-vi-vach-chia-espresso-30ml","status":"publish","type":"product","link":"https:\/\/havamall.com\/en\/shop\/ly-thuy-tinh-dong-dinh-luong-4-don-vi-vach-chia-espresso-30ml\/","title":{"rendered":"Ly Th\u1ee7y Tinh \u0110ong \u0110\u1ecbnh L\u01b0\u1ee3ng 4 \u0110\u01a1n V\u1ecb V\u1ea1ch Chia Espresso 30ml"},"content":{"rendered":"<div class=\"wpb_text_column\">\n<div class=\"wpb_wrapper\">\n<p>B\u1ea1n m\u1ec7t m\u1ecfi v\u00ec ph\u1ea3i \u01b0\u1edbc ch\u1eebng m\u1ed7i khi pha ch\u1ebf? Chi\u1ebfc ly \u0111ong 1 shot n\u00e0y s\u1ebd gi\u00fap b\u1ea1n h\u1ea1n ch\u1ebf t\u1ed1i \u0111a nh\u1eefng sai l\u1ec7ch v\u00e0 ti\u1ebft ki\u1ec7m th\u1eddi gian \u0111\u00e1ng k\u1ec3.\u00a0Cho d\u00f9 b\u1ea1n l\u00e0 m\u1ed9t bartender, barista chuy\u00ean nghi\u1ec7p hay ch\u1ec9 l\u00e0 ng\u01b0\u1eddi th\u00edch pha ch\u1ebf c\u00e1c th\u1ee9c u\u1ed1ng \u0111\u1ec3 t\u1ef1 th\u01b0\u1edfng th\u1ee9c t\u1ea1i nh\u00e0, chi\u1ebfc ly \u0111ong n\u00e0y s\u1ebd r\u1ea5t h\u01b0u \u00edch cho b\u1ea1n.<\/p>\n<p dir=\"ltr\">Ly \u0111ong th\u1ee7y tinh l\u00e0 d\u1ee5ng c\u1ee5 ti\u1ec7n l\u1ee3i \u0111\u1ec3 \u0111ong ml chu\u1ea9n ph\u00f9 h\u1ee3p s\u1eed d\u1ee5ng cho qu\u1ea7y pha ch\u1ebf c\u00e0 ph\u00ea, qu\u1ea7y bar chuy\u00ean nghi\u1ec7p. S\u1ea3n ph\u1ea9m ti\u1ec7n l\u1ee3i, h\u1eefu \u00edch cho m\u1ed9t bartender, barista chuy\u00ean nghi\u1ec7p hay ch\u1ec9 l\u00e0 ng\u01b0\u1eddi th\u00edch pha ch\u1ebf c\u00e1c th\u1ee9c u\u1ed1ng \u0111\u1ec3 t\u1ef1 th\u01b0\u1edfng th\u1ee9c t\u1ea1i nh\u00e0.<\/p>\n<p dir=\"ltr\"><img fetchpriority=\"high\" decoding=\"async\" class=\"wp-image-32793 aligncenter\" src=\"https:\/\/havamall.com\/wp-content\/uploads\/2023\/11\/f09fdfb2bbaf617ed758497823e0a5ff-300x300.jpeg\" alt=\"\" width=\"782\" height=\"782\" \/><\/p>\n<p dir=\"ltr\">S\u1ea3n ph\u1ea9m \u0111\u01b0\u1ee3c l\u00e0m t\u1eeb ch\u1ea5t li\u1ec7u th\u1ee7y tinh, ch\u1ecbu l\u1ef1c t\u1ed1t, d\u00e0y d\u1eb7n, ch\u1ecbu \u0111\u01b0\u1ee3c nhi\u1ec7t \u0111\u1ed9 cao, an to\u00e0n cho ng\u01b0\u1eddi s\u1eed d\u1ee5ng. Ly \u0111ong th\u1ee7y tinh b\u1ec1n \u0111\u1eb9p, ch\u1eafc ch\u1eafn nh\u01b0ng d\u1ec5 b\u1ecb v\u1ee1 hay r\u1ea1n n\u1ee9t khi c\u00f3 va ch\u1ea1m m\u1ea1nh t\u1eeb tr\u00ean cao r\u1edbt xu\u1ed1ng.\u00a0\u0110\u1ebf th\u00e0nh ly d\u00e0y d\u1eb7n, ch\u1eafc ch\u1eafn ch\u1ecbu \u0111\u01b0\u1ee3c nhi\u1ec7t \u0111\u1ed9 cao. Ly \u0111ong c\u00f3 d\u1ea1ng thu\u00f4n d\u00e0i, v\u00e0nh mi\u1ec7ng tr\u00f2n dung t\u00edch 30ml ho\u1eb7c 60ml, s\u1ea3n ph\u1ea9m l\u00e0 m\u00e0u trong su\u1ed1t.<\/p>\n<p dir=\"ltr\"><img decoding=\"async\" class=\"wp-image-32795 aligncenter\" src=\"https:\/\/havamall.com\/wp-content\/uploads\/2023\/11\/787918808_max-300x300.jpeg\" alt=\"\" width=\"787\" height=\"787\" \/><\/p>\n<p dir=\"ltr\">\u0110\u1eb7c bi\u1ec7t, ly \u0111\u01b0\u1ee3c thi\u1ebft k\u1ebf c\u00f3 v\u1ea1ch chia n\u00e9t \u0111en \u0111\u1eadm r\u00f5 r\u00e0ng gi\u00fap b\u1ea1n d\u1ec5 d\u00e0ng \u0111\u1ecbnh l\u01b0\u1ee3ng, gi\u1ea3m hao h\u1ee5t v\u00e0 \u0111\u1ea3m b\u1ea3o ch\u1ea5t l\u01b0\u1ee3ng th\u1ee9c u\u1ed1ng. V\u1edbi chi\u1ebfc ly \u0111ong n\u00e0y s\u1ebd gi\u00fap b\u1ea1n h\u1ea1n ch\u1ebf t\u1ed1i \u0111a nh\u1eefng sai l\u1ec7ch v\u00e0 ti\u1ebft ki\u1ec7m th\u1eddi gian \u0111\u00e1ng k\u1ec3. \u0110\u1ed3ng th\u1eddi c\u0169ng l\u00e0 d\u1ee5ng c\u1ee5 \u0111ong ml, kh\u00f4ng th\u1ec3 kh\u00f4ng c\u00f3 trong b\u1ed9 s\u01b0u t\u1eadp \u0111\u1ed3 d\u00f9ng pha ch\u1ebf, \u0111\u01b0\u1ee3c s\u1eed d\u1ee5ng th\u00edch h\u1ee3p t\u1ea1i nh\u00e0, c\u00e0 ph\u00ea, qu\u00e1n n\u01b0\u1edbc, tr\u00e0 s\u1eefa, qu\u1ea7y bar,\u2026<\/p>\n<p>V\u1edbi ch\u1ea5t li\u1ec7u th\u1ee7y tinh trong su\u1ed1t\u00a0v\u00e0 nh\u1eefng m\u1ee9c v\u1ea1ch \u0111o l\u01b0\u1eddng \u0111\u1eadm, d\u00f9 \u201cc\u1eadn th\u1ecb\u201d th\u00ec b\u1ea1n c\u0169ng kh\u00f4ng c\u1ea7n lo l\u1eafng. Ph\u00f9 h\u1ee3p s\u1eed d\u1ee5ng cho qu\u1ea7y pha ch\u1ebf c\u00e0 ph\u00ea, qu\u1ea7y bar chuy\u00ean nghi\u1ec7p l\u1ea7n \u1edf nh\u00e0,\u00a0ly espresso th\u1ee7y tinh 1 shot\u00a0n\u00e0y l\u00e0 m\u1ed9t d\u1ee5ng c\u1ee5 kh\u00f4ng th\u1ec3 kh\u00f4ng c\u00f3 trong b\u1ed9 s\u01b0u t\u1eadp \u0111\u1ed3 d\u00f9ng pha ch\u1ebf c\u1ee7a b\u1ea1n.<\/p>\n<p><img decoding=\"async\" class=\"wp-image-32796 aligncenter\" src=\"https:\/\/havamall.com\/wp-content\/uploads\/2023\/11\/Screen-Shot-2023-11-02-at-2.55.33-PM-300x284.png\" alt=\"\" width=\"778\" height=\"736\" \/><\/p>\n<h3>TH\u00d4NG TIN CHI TI\u1ebeT<\/h3>\n<ul>\n<li>Lo\u1ea1i s\u1ea3n ph\u1ea9m: Ly espresso, ly \u0111ong espresso, ly \u0111ong 1 shot, ly \u0111ong pha ch\u1ebf<\/li>\n<\/ul>\n<ul>\n<li>Ch\u1ea5t li\u1ec7u: Th\u1ee7y tinh trong su\u1ed1t<\/li>\n<\/ul>\n<ul>\n<li>K\u00edch th\u01b0\u1edbc : Cao 6cm x \u0110\u01b0\u1eddng k\u00ednh \u0111\u00e1y 3.2cm<\/li>\n<\/ul>\n<ul>\n<li>C\u00e1c m\u1ee9c \u0111o l\u01b0\u1eddng (oz): 0.5\/ 1.0\/ 1.5<\/li>\n<\/ul>\n<ul>\n<li>\u0110o l\u01b0\u1eddng ho\u00e0n h\u1ea3o 1 shot espresso \u00a0ho\u1eb7c syrup, r\u01b0\u1ee3u v\u00e0 m\u1ecdi nguy\u00ean li\u1ec7u th\u1ee9c u\u1ed1ng<\/li>\n<\/ul>\n<\/div>\n<\/div>\n<section class=\"l-section wpb_row height_medium\">\n<div class=\"l-section-h i-cf\">\n<div class=\"g-cols vc_row via_flex valign_top type_default stacking_default\">\n<div class=\"vc_col-sm-12 wpb_column vc_column_container\">\n<div class=\"vc_column-inner\">\n<div class=\"wpb_wrapper\">\n<div class=\"onp-sl onp-sl-webkit onp-sl-flat onp-sl-social-locker onp-sl-social-buttons-frist onp-sl-contains-single-group onp-sl-social-buttons-enabled onp-sl-no-touch\">\n<div class=\"onp-sl-outer-wrap\">\n<div class=\"onp-sl-inner-wrap\">\n<div class=\"onp-sl-screen onp-sl-screen-default\">\n<div class=\"onp-sl-group onp-sl-social-buttons onp-sl-first-group onp-sl-single-group onp-sl-group-index-1 onp-sl-has-counters onp-sl-horizontal onp-sl-lang-vi_VN onp-sl-default-buttons onp-sl-has-covers onp-sl-display-covers\">\n<div class=\"onp-sl-group-inner-wrap\">\n<div class=\"onp-sl-text\"><img loading=\"lazy\" decoding=\"async\" class=\"wp-image-32797 aligncenter\" src=\"https:\/\/havamall.com\/wp-content\/uploads\/2023\/11\/Screen-Shot-2023-11-02-at-2.55.18-PM-300x276.png\" alt=\"\" width=\"769\" height=\"708\" \/><\/div>\n<\/div>\n<\/div>\n<\/div>\n<\/div>\n<\/div>\n<\/div>\n<\/div>\n<\/div>\n<\/div>\n<\/div>\n<\/div>\n<\/section>","protected":false},"excerpt":{"rendered":"<p>B\u1ea1n m\u1ec7t m\u1ecfi v\u00ec ph\u1ea3i \u01b0\u1edbc ch\u1eebng m\u1ed7i khi pha ch\u1ebf? Chi\u1ebfc ly \u0111ong 1 shot n\u00e0y s\u1ebd gi\u00fap b\u1ea1n<\/p>","protected":false},"featured_media":32798,"comment_status":"open","ping_status":"closed","template":"","meta":[],"product_brand":[],"product_cat":[393,35],"product_tag":[],"class_list":{"0":"post-32792","1":"product","2":"type-product","3":"status-publish","4":"has-post-thumbnail","6":"product_cat-bep-phong-an","7":"product_cat-nha-cua-doi-song","9":"first","10":"instock","11":"sale","12":"shipping-taxable","13":"purchasable","14":"product-type-variable"},"_links":{"self":[{"href":"https:\/\/havamall.com\/en\/wp-json\/wp\/v2\/product\/32792","targetHints":{"allow":["GET"]}}],"collection":[{"href":"https:\/\/havamall.com\/en\/wp-json\/wp\/v2\/product"}],"about":[{"href":"https:\/\/havamall.com\/en\/wp-json\/wp\/v2\/types\/product"}],"replies":[{"embeddable":true,"href":"https:\/\/havamall.com\/en\/wp-json\/wp\/v2\/comments?post=32792"}],"version-history":[{"count":0,"href":"https:\/\/havamall.com\/en\/wp-json\/wp\/v2\/product\/32792\/revisions"}],"wp:featuredmedia":[{"embeddable":true,"href":"https:\/\/havamall.com\/en\/wp-json\/wp\/v2\/media\/32798"}],"wp:attachment":[{"href":"https:\/\/havamall.com\/en\/wp-json\/wp\/v2\/media?parent=32792"}],"wp:term":[{"taxonomy":"product_brand","embeddable":true,"href":"https:\/\/havamall.com\/en\/wp-json\/wp\/v2\/product_brand?post=32792"},{"taxonomy":"product_cat","embeddable":true,"href":"https:\/\/havamall.com\/en\/wp-json\/wp\/v2\/product_cat?post=32792"},{"taxonomy":"product_tag","embeddable":true,"href":"https:\/\/havamall.com\/en\/wp-json\/wp\/v2\/product_tag?post=32792"}],"curies":[{"name":"wp","href":"https:\/\/api.w.org\/{rel}","templated":true}]}}