{"id":32800,"date":"2023-11-02T16:51:09","date_gmt":"2023-11-02T09:51:09","guid":{"rendered":"https:\/\/havamall.com\/?post_type=product&#038;p=32800"},"modified":"2025-05-09T13:46:29","modified_gmt":"2025-05-09T06:46:29","slug":"ga-tay-nguyen-con-nhap-khau-dong-lanh-jennie-o-frozen-turkey-5-8kg-con","status":"publish","type":"product","link":"https:\/\/havamall.com\/en\/shop\/ga-tay-nguyen-con-nhap-khau-dong-lanh-jennie-o-frozen-turkey-5-8kg-con\/","title":{"rendered":"G\u00e0 T\u00e2y Nguy\u00ean Con Nh\u1eadp Kh\u1ea9u \u0110\u00f4ng L\u1ea1nh Jennie-O &#8211; Frozen Turkey (5-8KG\/Con)"},"content":{"rendered":"<h2><\/h2>\n<h2><strong>TH\u00d4NG TN CHUNG<\/strong><\/h2>\n<table>\n<tbody>\n<tr>\n<td>Th\u01b0\u01a1ng hi\u1ec7u<\/td>\n<td>\n<p class=\"x1heor9g x1qlqyl8 x1pd3egz x1a2a7pz\">Jennie-O<\/p>\n<\/td>\n<\/tr>\n<tr>\n<td>Xu\u1ea5t x\u1ee9<\/td>\n<td>M\u1ef9<\/td>\n<\/tr>\n<tr>\n<td>Th\u00e0nh ph\u1ea7n<\/td>\n<td>G\u00e0 t\u00e2y nguy\u00ean con \u0111\u00f4ng l\u1ea1nh<\/td>\n<\/tr>\n<tr>\n<td>Gi\u00e1 b\u00e1n<\/td>\n<td>312.000\u0111\/kg<\/td>\n<\/tr>\n<tr>\n<td>B\u1ea3o qu\u1ea3n<\/td>\n<td>B\u1ea3o qu\u1ea3n \u1edf ng\u0103n \u0111\u00f4ng t\u1ee7 l\u1ea1nh<\/td>\n<\/tr>\n<tr>\n<td>Kh\u1ed1i l\u01b0\u1ee3ng<\/td>\n<td>5-8kg<\/td>\n<\/tr>\n<\/tbody>\n<\/table>\n<h2><strong>Ngu\u1ed3n g\u1ed1c g\u00e0 T\u00e2y<\/strong><\/h2>\n<p>L\u00e0 \u00a0lo\u1ea1i \u0111\u1ed9ng v\u1eadt c\u00f3 ngu\u1ed3n g\u1ed1c t\u1eeb B\u1eafc M\u1ef9. Thu\u1ed9c h\u1ecd Phasianidae l\u00e0 m\u1ed9t h\u1ecd chim c\u00f3 tr\u1ecdng l\u01b0\u1ee3ng l\u1edbn s\u1ed1ng tr\u00ean m\u1eb7t \u0111\u1ea5t nh\u01b0 g\u00e0 L\u00f4i, g\u00e0 r\u1eebng, chim C\u00f4ng..v\u00e0 h\u1ea7u h\u1ebft c\u00e1c lo\u1ea1i chim \u0103n th\u1ecb ph\u1ed5 bi\u1ebfn,\u00a0 th\u01b0\u1eddng \u0111\u01b0\u1ee3c g\u1ecdi l\u00e0 Turkey trong ti\u1ebfng n\u01b0\u1edbc ngo\u00e0i v\u00ec ph\u1ea7n l\u1edbn ch\u00fang \u0111\u01b0\u1ee3c v\u1eadn chuy\u1ec3n \u0111\u1ebfn ch\u00e2u \u00c2u v\u00e0 c\u00e1c n\u01b0\u1edbc kh\u00e1c b\u1edfi c\u00e1c th\u01b0\u01a1ng nh\u00e2n \u0111\u1ebfn t\u1eeb \u0111\u1ea5t n\u01b0\u1edbc Th\u1ed5 Nh\u0129 K\u1ef3 (Turkey)<\/p>\n<p>Ch\u00fang \u00a0c\u00f3 h\u00ecnh d\u1ea1ng gi\u1ed1ng nh\u01b0 c\u00e1c gi\u1ed1ng g\u00e0 kh\u00e1c thu\u1ed9c gia c\u1ea7m, nh\u01b0ng k\u00edch th\u01b0\u1edbc l\u1edbn h\u01a1n, m\u1ed9t con g\u00e0 khi tr\u01b0\u1edfng th\u00e0nh c\u00f3 th\u1ec3 \u0111\u1ea1t tr\u1ecdng l\u01b0\u1ee3ng 5kg \u0111\u1ebfn 9kg.<\/p>\n<p><img fetchpriority=\"high\" decoding=\"async\" class=\"wp-image-32822 aligncenter\" src=\"https:\/\/havamall.com\/wp-content\/uploads\/2023\/11\/thanksgiving-turkey-recipes-2-300x200.jpeg\" alt=\"\" width=\"898\" height=\"598\" \/><\/p>\n<p>V\u1ec1 h\u01b0\u01a1ng v\u1ecb th\u00ec th\u1ecbt c\u1ee7a G\u00e0 t\u00e2y so v\u1edbi th\u1ecbt g\u00e0 th\u00f4ng th\u01b0\u1eddng th\u00ec t\u01b0\u01a1ng t\u1ef1 nhau, nh\u01b0ng h\u01b0\u01a1ng v\u1ecb c\u1ee7a g\u00e0 T\u00e2y c\u00f3 v\u1ecb g\u00e0 \u0111\u1eadm \u0111\u00e0 h\u01a1n, \u0111\u1ed9 b\u00e9o c\u0169ng nh\u01b0 \u0111\u1ed9 m\u1eb7n cao h\u01a1n so v\u1edbi th\u1ecbt g\u00e0 th\u00f4ng th\u01b0\u1eddng, \u0111i\u1ec1u n\u00e0y khi\u1ebfn cho h\u01b0\u01a1ng v\u1ecb c\u1ee7a ch\u00fang tr\u1edf n\u00ean \u0111\u1eb7c bi\u1ec7t h\u01a1n.<\/p>\n<p>\u0110\u1ed1i v\u1edbi c\u00e1c qu\u1ed1c gia ph\u01b0\u01a1ng T\u00e2y, ch\u00fang \u0111\u01b0\u1ee3c s\u1eed d\u1ee5ng ph\u1ed5 bi\u1ebfn trong c\u00e1c d\u1ecbp l\u1ec5 nh\u01b0 gi\u00e1ng sinh, l\u1ec5 t\u1ea1 \u01a1n, m\u00f3n G\u00e0 T\u00e2y \u0111\u00fat l\u00e0 l\u00e0 m\u00f3n \u0103n truy\u1ec1n th\u1ed1ng trong n\u1ec1n v\u0103n h\u00f3a v\u00e0o c\u00e1c d\u1ecbp n\u00e0y.<br \/>\nNg\u01b0\u1eddi ph\u01b0\u01a1ng t\u00e2y quan ni\u1ec7m, g\u00e0 t\u00e2y l\u00e0 bi\u1ec3u tr\u01b0ng c\u1ee7a s\u1ef1 xum h\u1ecdp gia \u0111\u00ecnh , s\u1ef1 \u1ea5m c\u00fang trong c\u00e1c d\u1ecbp l\u1ec5.C\u00e1c m\u00f3n \u0103n nh\u01b0 G\u00e0 t\u00e2y \u0111\u00fat l\u00f2 nguy\u00ean con c\u00f9ng rau c\u1ee7, g\u00e0 t\u00e2y n\u01b0\u1edbng, ho\u1eb7c \u0111\u00f9i g\u00e0 t\u00e2y n\u01b0\u1edbng l\u00e0 c\u00e1c m\u00f3n \u0103n ph\u1ed5 bi\u1ebfn kh\u00f4ng th\u1ec3 thi\u1ebfu trong c\u00e1c d\u1ecbp quan tr\u1ecdng nh\u01b0 v\u1eady.<\/p>\n<p><img decoding=\"async\" class=\"wp-image-32815 aligncenter\" src=\"https:\/\/havamall.com\/wp-content\/uploads\/2023\/11\/c9742aac-5fce-4288-9c5b-ddddf71fdbd2-1-300x300.jpeg\" alt=\"\" width=\"897\" height=\"897\" \/><\/p>\n<p>G\u00e0 T\u00e2y Nguy\u00ean Con\u00a0l\u00e0 m\u1ed9t nguy\u00ean li\u1ec7u kh\u00f4ng th\u1ec3 thi\u1ebfu trong c\u00e1c m\u00f3n \u0103n \u0111\u00eam gi\u00e1ng sinh. B\u1eaft ngu\u1ed3n t\u1eeb La M\u00e3, v\u00e0 La M\u00e3 t\u1ed5 ch\u1ee9c L\u1ec5 h\u1ed9i m\u00f9a \u0110\u00f4ng (Winter Solstice) r\u1ea5t l\u1edbn. L\u00fac La M\u00e3 \u0111\u1ed5i d\u1ea7n t\u1eeb \u0111\u1ea1o Pagan sang \u0111\u1ea1o Thi\u00ean Ch\u00faa, v\u00e0 ng\u00e0y Gi\u00e1ng Sinh c\u0169ng tr\u00f9ng v\u1edbi ng\u00e0y h\u1ed9i Solstice n\u00ean c\u00f3 l\u1ebd ng\u01b0\u1eddi ta gi\u1eef lu\u00f4n th\u00f3i quen \u0103n u\u1ed1ng c\u0169, v\u00e0 m\u00f3n G\u00e0 T\u00e2y tr\u1edf th\u00e0nh m\u00f3n c\u1ee7a Gi\u00e1ng Sinh t\u1eeb \u0111\u00f3.<\/p>\n<p>M\u1eb7c d\u00f9, g\u00e0 t\u00e2y kh\u00f4ng ph\u1ed5 bi\u1ebfn t\u1ea1i Vi\u1ec7t Nam nh\u01b0ng n\u00f3 l\u00e0 m\u1ed9t th\u1ef1c ph\u1ea9m truy\u1ec1n th\u1ed1ng c\u1ee7a c\u00e1c n\u01b0\u1edbc ph\u01b0\u01a1ng T\u00e2y. C\u00e1c m\u00f3n ch\u1ebf bi\u1ebfn t\u1eeb th\u1ecbt g\u00e0 t\u00e2y \u0111\u1ec1u mang l\u1ea1i h\u01b0\u01a1ng v\u1ecb h\u1ea5p d\u1eabn, ngon mi\u1ec7ng v\u00e0 dinh d\u01b0\u1ee1ng.<\/p>\n<p><img decoding=\"async\" class=\"wp-image-32816 aligncenter\" src=\"https:\/\/havamall.com\/wp-content\/uploads\/2023\/11\/0001-1-300x225.jpeg\" alt=\"\" width=\"906\" height=\"679\" \/><\/p>\n<p>Th\u1ecbt g\u00e0 t\u00e2y l\u00e0 m\u1ed9t trong nh\u1eefng m\u00f3n \u0103n ngon mi\u1ec7ng v\u00e0 t\u1ed1t nh\u1ea5t cho m\u1eaft. Lo\u1ea1i th\u1ecbt n\u00e0y ch\u1ee9a nhi\u1ec1u c\u00e1c lo\u1ea1i d\u01b0\u1ee1ng ch\u1ea5t c\u1ea7n thi\u1ebft cho m\u1eaft nh\u01b0 axit nicotinich, vitamin E, vitamin B, k\u1ebdm\u2026 Trong \u0111\u00f3, k\u1ebdm l\u00e0 m\u1ed9t kho\u00e1ng ch\u1ea5t quan tr\u1ecdng \u0111\u01b0\u1ee3c t\u00ecm th\u1ea5y trong v\u00f5ng m\u1ea1c, gi\u00fap k\u00edch th\u00edch s\u1ea3n xu\u1ea5t ra enzyme g\u1eafn li\u1ec1n v\u1edbi m\u1ed9t \u0111\u00f4i m\u1eaft kh\u1ecfe m\u1ea1nh.<\/p>\n<p>G\u00e0 t\u00e2y Jennie-O nh\u1eadp kh\u1ea9u \u0111\u1ea3m b\u1ea3o an to\u00e0n v\u1ec7 sinh th\u1ef1c ph\u1ea9m. G\u00e0 t\u00e2y \u0111\u01b0\u1ee3c nu\u00f4i \u1edf c\u00e1c khu v\u1ef1c \u0111\u1ed3i n\u00fai c\u1ee7a n\u01b0\u1edbc M\u1ef9 n\u00ean cam k\u1ebft th\u1ecbt ngon, th\u01a1m \u0111\u1ea3m b\u1ea3o m\u1ed9t l\u1ea7n \u0103n s\u1ebd nh\u1edb m\u00e3i h\u01b0\u01a1ng v\u1ecb c\u1ee7a n\u00f3. Gi\u00e1 b\u00e1n g\u00e0 t\u00e2y nguy\u00ean con t\u1ea1i <a href=\"https:\/\/havamall.com\/\">Havamall<\/a> c\u0169ng kh\u00f4ng cao, h\u1ee3p t\u00fai ti\u1ec1n c\u1ee7a ng\u01b0\u1eddi d\u00f9ng.<\/p>\n<p>T\u1eeb nguy\u00ean li\u1ec7u\u00a0g\u00e0 t\u00e2y nguy\u00ean con\u00a0Jennie-O b\u1ea1n mua v\u1ec1 c\u00f3 th\u1ec3 ch\u1ebf bi\u1ebfn \u0111\u01b0\u1ee3c nhi\u1ec1u m\u00f3n \u0103n t\u1eeb c\u00e1c ph\u1ea7n th\u1ecbt c\u1ee7a con g\u00e0. Nh\u01b0ng m\u00f3n \u0103n ngon nh\u1ea5t v\u00e0 ph\u1ed5 bi\u1ebfn nh\u1ea5t trong c\u00e1c d\u1ecbp l\u1ec5 gi\u00e1ng sinh \u0111\u00f3 l\u00e0 g\u00e0 t\u00e2y n\u01b0\u1edbng hay g\u00e0 t\u00e2y quay. \u0110\u00e2y \u0111\u01b0\u1ee3c xem l\u00e0 m\u00f3n \u0103n truy\u1ec1n th\u1ed1ng c\u1ee7a ph\u01b0\u01a1ng T\u00e2y, kh\u00e1ch h\u00e0ng n\u00ean mua v\u1ec1 ch\u1ebf bi\u1ebfn theo c\u00f4ng th\u1ee9c \u0111\u1ec3 c\u00f3 \u0111\u01b0\u1ee3c m\u00f3n \u0103n ngon chu\u1ea9n b\u1ecb.<\/p>\n<p><img loading=\"lazy\" decoding=\"async\" class=\"wp-image-32820 aligncenter\" src=\"https:\/\/havamall.com\/wp-content\/uploads\/2023\/11\/314016105_5523286171099111_920024640896892035_n-2-300x168.jpeg\" alt=\"\" width=\"902\" height=\"505\" \/><\/p>\n<h2><strong>M\u1ed9t con g\u00e0 t\u00e2y d\u00e0nh cho bao nhi\u00eau ng\u01b0\u1eddi \u0103n?<\/strong><\/h2>\n<p>G\u00e0 t\u00e2y c\u00f3 tr\u1ecdng l\u01b0\u1ee3ng kh\u00e1 l\u1edbn n\u00ean nhi\u1ec1u ng\u01b0\u1eddi s\u1ebd th\u1eafc m\u1eafc r\u1eb1ng 1 con g\u00e0 t\u00e2y d\u00e0nh cho bao nhi\u00eau ng\u01b0\u1eddi \u0103n? Havamall s\u1ebd gi\u00fap b\u1ea1n tr\u1ea3 l\u1eddi c\u00e2u h\u1ecfi \u0111\u00f3!<\/p>\n<p>B\u00ecnh th\u01b0\u1eddng, theo c\u00e1ch t\u00ednh c\u1ee7a ng\u01b0\u1eddi Ch\u00e2u \u00c2u l\u00e0 nh\u01b0 sau:<\/p>\n<ul>\n<li>G\u00e0 t\u00e2y n\u1eb7ng 5 \u2013 7 kg cho 10-12 ng\u01b0\u1eddi<\/li>\n<li>G\u00e0 t\u00e2y n\u1eb7ng 7 \u2013 8 kg cho 14-16 ng\u01b0\u1eddi<\/li>\n<li>G\u00e0 t\u00e2y n\u1eb7ng 8 \u2013 10 kg cho 20-22 ng\u01b0\u1eddi<\/li>\n<\/ul>\n<blockquote><p><em>S\u1ee9c \u0103n c\u1ee7a ng\u01b0\u1eddi Vi\u1ec7t \u00edt h\u01a1n v\u00e0 b\u1edfi tr\u00ean b\u00e0n ti\u1ec7c c\u00f2n nhi\u1ec1u m\u00f3n kh\u00e1c n\u00ean b\u1ea1n h\u00e3y t\u1ef1 c\u00e2n nh\u1eafc gia gi\u1ea3m cho ph\u00f9 h\u1ee3p.<\/em><\/p><\/blockquote>\n<h2><img loading=\"lazy\" decoding=\"async\" class=\"wp-image-32817 aligncenter\" src=\"https:\/\/havamall.com\/wp-content\/uploads\/2023\/11\/1400x919-Clementine-thyme-honey-glazed-turkey-recipe-9c7386d4-bc12-4064-95e5-4f99c613796b-0-1400x919-1-300x197.jpeg\" alt=\"\" width=\"896\" height=\"588\" \/><\/h2>\n<h2><strong>M\u1ed9t s\u1ed1 m\u00f3n ngon t\u1eeb g\u00e0 T\u00e2y<\/strong><\/h2>\n<h5><em><strong>1. G\u00e0 t\u00e2y n\u01b0\u1edbng rau c\u1ee7 \u2013 g\u00e0 t\u00e2y \u0111\u00fat l\u00f2<\/strong><\/em><\/h5>\n<p>G\u00e0 t\u00e2y \u0111\u00fat l\u00f2 x\u01b0a nay v\u1ed1n n\u1ed5i ti\u1ebfng l\u00e0 m\u1ed9t m\u00f3n \u00c2u kh\u00f4ng nh\u1eefng ngon, \u0111\u1eb9p m\u00e0 c\u00f2n c\u00f3 ph\u1ea7n \u201csang ch\u1ea3nh\u201d. G\u00e0 nguy\u00ean con \u0111\u01b0\u1ee3c qu\u00e9t l\u00ean m\u1ed9t l\u1edbp x\u1ed1t pha t\u1eeb c\u00e1c nguy\u00ean li\u1ec7u \u0111\u1eb7c bi\u1ec7t \u0111\u1ec3 \u0111\u1ebfn khi n\u01b0\u1edbng l\u00ean s\u1ebd t\u1ea1o n\u00ean m\u1ed9t l\u1edbp da b\u00f3ng v\u00e0ng, b\u1eaft m\u1eaft. Th\u1ecbt g\u00e0 th\u01a1m, da m\u1ec1m v\u00e0 gi\u00f2n, th\u1ecbt s\u0103n v\u00e0 ng\u1ecdt ngon kh\u00f3 c\u01b0\u1ee1ng.<\/p>\n<p>\u0110i\u1ec3m nh\u1ea5n \u0111\u1eb7c bi\u1ec7t c\u1ee7a g\u00e0 t\u00e2y \u0111\u00fat l\u00f2 l\u00e0 ph\u1ea7n nh\u00e2n nh\u1ed3i g\u00e0 \u0111\u01b0\u1ee3c ch\u1ebf bi\u1ebfn c\u1ea7u k\u1ef3 t\u1eeb r\u1ea5t nhi\u1ec1u rau, c\u1ee7 qu\u1ea3 v\u00e0 th\u1ecbt. Rau c\u1ee7 nh\u1ed3i s\u1ebd l\u00e0 c\u00e1ch \u0111\u1ec3 c\u00e2n b\u1eb1ng gi\u00fap m\u00f3n \u0103n ngon, b\u1ed5 d\u01b0\u1ee1ng h\u01a1n m\u00e0 l\u1ea1i kh\u00f4ng g\u00e2y ng\u1ea5y ch\u00fat n\u00e0o.<\/p>\n<h5><em><strong>2. G\u00e0 t\u00e2y s\u1ed1t x\u00ec d\u1ea7u<\/strong><\/em><\/h5>\n<p>G\u00e0 t\u00e2y s\u1ed1t x\u00ec d\u1ea7u c\u00f3 v\u1ebb kh\u00f4ng ph\u1ea3i l\u00e0 m\u00f3n \u0103n qu\u00e1 ph\u1ed5 bi\u1ebfn v\u1edbi nhi\u1ec1u ng\u01b0\u1eddi. Nh\u01b0ng th\u1ef1c t\u1ebf n\u00f3 l\u1ea1i m\u00f3n \u0103n r\u1ea5t d\u1ec5 l\u00e0m m\u00e0 l\u1ea1i c\u00f3 h\u01b0\u01a1ng v\u1ecb tuy\u1ec7t v\u1eddi. V\u1ecb th\u01a1m ngon c\u1ee7a th\u1ecbt g\u00e0 k\u00e8m v\u1edbi h\u01b0\u01a1ng v\u1ecb c\u1ee7a x\u00ec d\u1ea7u s\u1ebd mang l\u1ea1i c\u1ea3m gi\u00e1c r\u1ea5t tuy\u1ec7t.<\/p>\n<p><img loading=\"lazy\" decoding=\"async\" class=\"wp-image-32818 aligncenter\" src=\"https:\/\/havamall.com\/wp-content\/uploads\/2023\/11\/mary-berry-turkey-crown-1640104076-1-300x254.jpeg\" alt=\"\" width=\"887\" height=\"751\" \/><\/p>\n<h5><em><strong>3. G\u00e0 t\u00e2y s\u1ed1t chanh leo<\/strong><\/em><\/h5>\n<p>Havamall s\u1ebd b\u1eadt m\u00ed cho b\u1ea1n bi\u1ebft m\u1ed9t trong c\u00e1c m\u00f3n ch\u1ebf bi\u1ebfn t\u1eeb g\u00e0 t\u00e2y si\u00eau ngon si\u00eau l\u1ea1 \u0111\u00f3 l\u00e0 g\u00e0 t\u00e2y s\u1ed1t chanh leo. Nghe th\u00ec c\u00f3 v\u1ebb l\u1ea1, tuy nhi\u00ean h\u00e3y th\u1eed th\u01b0\u1edfng th\u1ee9c 1 l\u1ea7n v\u00e0 b\u1ea1n s\u1ebd kh\u00f4ng bao gi\u1edd h\u1ed1i h\u1eadn \u0111\u00e2u.<\/p>\n<p>H\u01b0\u01a1ng v\u1ecb th\u01a1m m\u00e1t t\u1ef1 nhi\u00ean, chua chua ng\u1ecdt ng\u1ecdt thanh thanh c\u1ee7a chanh d\u00e2y s\u1ebd l\u00e0m cho m\u00f3n g\u00e0 t\u00e2y c\u00f3 m\u00f9i v\u1ecb v\u00f4 c\u00f9ng \u0111\u1eb7c bi\u1ec7t. H\u00e3y th\u00eam v\u00e0o s\u1ed5 tay \u0111\u1ec3 h\u1ecdc c\u00e1ch l\u00e0m ngay nh\u00e9!<\/p>\n<h5><em><strong>4. G\u00e0 t\u00e2y h\u1ea7m rau c\u1ee7 qu\u1ea3<\/strong><\/em><\/h5>\n<p>G\u00e0 t\u00e2y nh\u01b0ng l\u1ea1i \u0111\u01b0\u1ee3c ch\u1ebf bi\u1ebfn theo phong c\u00e1ch H\u00e0n Qu\u1ed1c \u0111\u00f3 ch\u00ednh l\u00e0 m\u00f3n g\u00e0 t\u00e2y h\u1ea7m rau c\u1ee7 ki\u1ec3u c\u1ef1c h\u1ea5p n\u00e0y. Th\u1ecbt g\u00e0 m\u1ec1m, rau c\u1ee7 th\u01a1m ngon c\u00f9ng v\u1edbi n\u01b0\u1edbc h\u1ea7m ng\u1ecdt l\u1ecbm. M\u00f3n g\u00e0 h\u1ea7m rau c\u1ee7 n\u00e0y ki\u1ec3u H\u00e0n n\u00e0y r\u1ea5t th\u00edch h\u1ee3p cho b\u1eefa \u0103n t\u1ed1i \u1ea5m c\u00fang v\u00e0 \u0111\u00f4ng ng\u01b0\u1eddi c\u1ee7a gia \u0111\u00ecnh b\u1ea1n \u0111\u1ea5y.<\/p>\n<p><img loading=\"lazy\" decoding=\"async\" class=\"wp-image-32819 aligncenter\" src=\"https:\/\/havamall.com\/wp-content\/uploads\/2023\/11\/258759547_4490920181002387_3252413030864383590_n-2-300x300.jpeg\" alt=\"\" width=\"896\" height=\"896\" \/><\/p>","protected":false},"excerpt":{"rendered":"<p>TH\u00d4NG TN CHUNG Th\u01b0\u01a1ng hi\u1ec7u Jennie-O Xu\u1ea5t x\u1ee9 M\u1ef9 Th\u00e0nh ph\u1ea7n G\u00e0 t\u00e2y nguy\u00ean con \u0111\u00f4ng l\u1ea1nh Gi\u00e1 b\u00e1n 312.000\u0111\/kg<\/p>","protected":false},"featured_media":32801,"comment_status":"open","ping_status":"closed","template":"","meta":[],"product_brand":[],"product_cat":[703,36,275],"product_tag":[],"class_list":{"0":"post-32800","1":"product","2":"type-product","3":"status-publish","4":"has-post-thumbnail","6":"product_cat-thit-xuc-xich","7":"product_cat-thuc-pham-tieu-dung","8":"product_cat-thuc-pham-dong-lanh","10":"first","11":"outofstock","12":"sale","13":"shipping-taxable","14":"purchasable","15":"product-type-variable"},"_links":{"self":[{"href":"https:\/\/havamall.com\/en\/wp-json\/wp\/v2\/product\/32800","targetHints":{"allow":["GET"]}}],"collection":[{"href":"https:\/\/havamall.com\/en\/wp-json\/wp\/v2\/product"}],"about":[{"href":"https:\/\/havamall.com\/en\/wp-json\/wp\/v2\/types\/product"}],"replies":[{"embeddable":true,"href":"https:\/\/havamall.com\/en\/wp-json\/wp\/v2\/comments?post=32800"}],"version-history":[{"count":0,"href":"https:\/\/havamall.com\/en\/wp-json\/wp\/v2\/product\/32800\/revisions"}],"wp:featuredmedia":[{"embeddable":true,"href":"https:\/\/havamall.com\/en\/wp-json\/wp\/v2\/media\/32801"}],"wp:attachment":[{"href":"https:\/\/havamall.com\/en\/wp-json\/wp\/v2\/media?parent=32800"}],"wp:term":[{"taxonomy":"product_brand","embeddable":true,"href":"https:\/\/havamall.com\/en\/wp-json\/wp\/v2\/product_brand?post=32800"},{"taxonomy":"product_cat","embeddable":true,"href":"https:\/\/havamall.com\/en\/wp-json\/wp\/v2\/product_cat?post=32800"},{"taxonomy":"product_tag","embeddable":true,"href":"https:\/\/havamall.com\/en\/wp-json\/wp\/v2\/product_tag?post=32800"}],"curies":[{"name":"wp","href":"https:\/\/api.w.org\/{rel}","templated":true}]}}