{"id":32844,"date":"2023-11-07T14:46:34","date_gmt":"2023-11-07T07:46:34","guid":{"rendered":"https:\/\/havamall.com\/?post_type=product&#038;p=32844"},"modified":"2025-05-16T16:54:25","modified_gmt":"2025-05-16T09:54:25","slug":"sua-chua-say-gion-havafoodies-hu-70g-freeze-dried-yogurt-vi-viet-quat","status":"publish","type":"product","link":"https:\/\/havamall.com\/en\/shop\/sua-chua-say-gion-havafoodies-hu-70g-freeze-dried-yogurt-vi-viet-quat\/","title":{"rendered":"S\u1eefa Chua S\u1ea5y Gi\u00f2n Havafoodies H\u1ee7 70g &#8211; Freeze Dried Yogurt &#8211; V\u1ecb Vi\u1ec7t Qu\u1ea5t"},"content":{"rendered":"<p>&nbsp;<\/p>\n<h2><strong>TH\u00d4NG TIN S\u1ea2N PH\u1ea8M<\/strong><\/h2>\n<table>\n<tbody>\n<tr>\n<td>Th\u01b0\u01a1ng hi\u1ec7u<\/td>\n<td>Havamall<\/td>\n<\/tr>\n<tr>\n<td>Xu\u1ea5t x\u1ee9<\/td>\n<td>Vi\u1ec7t Nam<\/td>\n<\/tr>\n<tr>\n<td>Th\u00e0nh ph\u1ea7n<\/td>\n<td>S\u1eefa chua l\u00ean men t\u1eeb s\u1eefa t\u01b0\u01a1i, b\u1ed9t kem kh\u00f4ng s\u1eefa, ph\u1ea9m m\u00e0u t\u1ef1 nhi\u00ean,&#8230;<\/td>\n<\/tr>\n<tr>\n<td>H\u1ea1n s\u1eed d\u1ee5ng<\/td>\n<td>12 th\u00e1ng k\u1ec3 t\u1eeb ng\u00e0y s\u1ea3n xu\u1ea5t<\/td>\n<\/tr>\n<tr>\n<td>B\u1ea3o qu\u1ea3n<\/td>\n<td>B\u1ea3o qu\u1ea3n n\u01a1i tho\u00e1ng m\u00e1t, tr\u00e1nh \u00e1nh n\u1eafng tr\u1ef1c ti\u1ebfp<\/td>\n<\/tr>\n<tr>\n<td>Kh\u1ed1i l\u01b0\u1ee3ng<\/td>\n<td>70g<\/td>\n<\/tr>\n<\/tbody>\n<\/table>\n<p>S\u1eefa chua s\u1ea5y\u00a0la\u0300 m\u00f4\u0323t da\u0323ng yogurt kh\u00f4, tuy ch\u1ec9 v\u1eeba xu\u1ea5t hi\u1ec7n g\u1ea7n \u0111\u00e2y nh\u01b0ng \u0111\u00e3 nh\u1eadn \u0111\u01b0\u1ee3c s\u1ef1 y\u00eau th\u00edch t\u1eeb ng\u01b0\u1eddi ti\u00eau d\u00f9ng. S\u1eefa chua s\u1ea5y \u0103n v\u00e0o\u00a0co\u0301 vi\u0323 h\u01a1i chua cu\u0309a s\u1eefa chua va\u0300 tra\u0301i c\u00e2y,\u00a0sau \u0111\u00f3 l\u00e0 vi\u0323 be\u0301o ngo\u0323t cu\u0309a s\u01b0\u0303a \u0111\u1ecdng l\u1ea1i n\u01a1i \u0111\u1ea7u l\u01b0\u1ee1i.<\/p>\n<p>N\u00f3i m\u1ed9t c\u00e1ch \u0111\u01a1n gi\u1ea3n h\u01a1n, s\u1eefa chua s\u1ea5y c\u00f3 h\u01b0\u01a1ng v\u1ecb y h\u1ec7t nh\u01b0 s\u1eefa chua th\u00f4ng th\u01b0\u1eddng. \u0110i\u1ec3m kh\u00e1c bi\u1ec7t ch\u00ednh l\u00e0\u00a0s\u1eefa chua s\u1ea5y s\u1ebd \u0111\u01b0\u1ee3c gi\u1eef \u1edf nhi\u1ec7t \u0111\u1ed9 b\u00ecnh th\u01b0\u1eddng v\u00e0 kh\u00f4ng l\u1ea1nh\u00a0nh\u01b0 c\u00e1c lo\u1ea1i s\u1eefa chua h\u1ed9p b\u1ea1n v\u1eabn th\u01b0\u1eddng \u0103n.<\/p>\n<p><img fetchpriority=\"high\" decoding=\"async\" class=\"wp-image-32836 aligncenter\" src=\"https:\/\/havamall.com\/wp-content\/uploads\/2023\/11\/88df4cfd7f19cf4f9581cf7aca0ca9d3-300x300.jpeg\" alt=\"\" width=\"813\" height=\"813\" \/><\/p>\n<p>S\u1eefa chua s\u1ea5y Havafoodies c\u00f3 h\u01b0\u01a1ng v\u1ecb s\u1eefa chua nguy\u00ean ch\u1ea5t h\u00f2a quy\u1ec7n c\u00f9ng tr\u00e1i c\u00e2y t\u01b0\u01a1i, cung c\u1ea5p nhi\u1ec1u vitamin v\u00e0 l\u1ee3i khu\u1ea9n c\u00f9ng c\u00e1c ch\u1ea5t dinh d\u01b0\u1ee1ng t\u1ed1t cho s\u1ee9c kho\u1ebb. S\u1ea3n ph\u1ea9m b\u1ea3o qu\u1ea3n \u0111\u01b0\u1ee3c \u1edf nh\u1eefng \u0111i\u1ec1u ki\u1ec7n kh\u1eafc nghi\u1ec7t, kh\u00f4ng c\u1ea7n tr\u1eef l\u1ea1nh, tr\u1eef \u0111\u00f4ng<\/p>\n<p>S\u1ea3n ph\u1ea9m \u0111\u00f3ng g\u00f3i nh\u1ecf g\u1ecdn, d\u1ea1ng h\u1ed9p c\u00f3 n\u1eafp \u0111\u1eady thu\u1eadn ti\u1ec7n mang theo \u0111i du l\u1ecbch, \u0111i ch\u01a1i, \u0111i h\u1ecdc, \u0111i l\u00e0m v\u00f4 c\u00f9ng\u00a0ti\u1ec7n l\u1ee3i, v\u1ec7 sinh. C\u00f3 th\u1ec3 d\u00f9ng k\u00e8m v\u1edbi c\u00e1c lo\u1ea1i tr\u00e1i c\u00e2y, ng\u0169 c\u1ed1c,&#8230;<\/p>\n<p><img decoding=\"async\" class=\"wp-image-32837 aligncenter\" src=\"https:\/\/havamall.com\/wp-content\/uploads\/2023\/11\/Fd-Freeze-Dried-Yoghurt-with-Fruits-Healthy-Snack-274x300.jpeg\" alt=\"\" width=\"816\" height=\"893\" \/><\/p>\n<p>S\u1eefa chua s\u1ea5y c\u00f3 d\u1ea1ng vi\u00ean nh\u1ecf th\u00edch h\u1ee3p gi\u00fap\u00a0b\u00e9 l\u00e0m quen v\u1edbi vi\u1ec7c c\u1ea7m n\u1eafm th\u1ee9c \u0103n trong qu\u00e1 tr\u00ecnh \u0103n d\u1eb7m. B\u00e9 c\u00f3 th\u1ec3 t\u1ef1 m\u00ecnh th\u01b0\u1edfng th\u1ee9c vi\u00ean s\u1eefa chua s\u1ea5y b\u1eb1ng c\u00e1c gi\u00e1c quan, vi\u00ean s\u1eefa chua s\u1ebd t\u1ef1 tan trong mi\u1ec7ng, k\u00edch th\u00edch v\u1ecb gi\u00e1c, l\u00e0m cho b\u00e9 \u0103n ngon h\u01a1n v\u00e0 th\u00edch th\u00fa h\u01a1n. \u0110i\u1ec1u n\u00e0y gi\u00fap b\u1ed1 m\u1eb9 ti\u1ebft ki\u1ec7m th\u1eddi gian v\u00e0 c\u00f4ng s\u1ee9c, xua tan n\u1ed7i lo lau d\u1ecdn cho tr\u1ebb so v\u1edbi c\u00e1c lo\u1ea1i s\u1eefa chua n\u01b0\u1edbc kh\u00e1c.<\/p>\n<p>S\u1eefa chua c\u00f3 v\u1ecb chua nh\u1eb9 quy\u1ec7n v\u1edbi v\u1ecb ng\u1ecdt b\u00e9o c\u1ee7a s\u1eefa v\u00e0 h\u01b0\u01a1ng v\u1ecb th\u01a1m ngon c\u1ee7a tr\u00e1i c\u00e2y, k\u00edch th\u00edch v\u1ecb gi\u00e1c, gi\u00fap tr\u1ebb \u0103n ngon mi\u1ec7ng. S\u1ea3n ph\u1ea9m c\u00f3 d\u1ea1ng vi\u00ean n\u00ean tr\u1ebb c\u00f3 th\u1ec3 t\u1ef1 \u0103n v\u00e0 l\u00e0m quen v\u1edbi vi\u1ec7c c\u1ea7m n\u1eafm, gi\u00fap b\u1ed1 m\u1eb9 ti\u1ebft ki\u1ec7m th\u1eddi gian v\u00e0 c\u00f4ng s\u1ee9c.<\/p>\n<p><img decoding=\"async\" class=\"wp-image-32838 aligncenter\" src=\"https:\/\/havamall.com\/wp-content\/uploads\/2023\/11\/379092809_609436768049677_5770370250934043808_n-300x271.jpeg\" alt=\"\" width=\"810\" height=\"732\" \/><\/p>\n<h2>\u00a0<strong>C\u00d4NG D\u1ee4NG C\u1ee6A S\u1eeeA CHUA S\u1ea4Y<\/strong><\/h2>\n<ul>\n<li><strong>Cung c\u1ea5p dinh d\u01b0\u1ee1ng:<\/strong>\u00a0S\u1eefa chua s\u1ea5y th\u0103ng hoa l\u00e0 m\u1ed9t ngu\u1ed3n cung c\u1ea5p dinh d\u01b0\u1ee1ng t\u1ed1t cho c\u01a1 th\u1ec3, bao g\u1ed3m probiotics, protein, canxi, vitamin v\u00e0 kho\u00e1ng ch\u1ea5t.<\/li>\n<li><strong>T\u0103ng c\u01b0\u1eddng s\u1ee9c kh\u1ecfe:<\/strong>\u00a0S\u1eefa chua s\u1ea5y th\u0103ng hoa c\u00f3 th\u1ec3 gi\u00fap c\u1ea3i thi\u1ec7n h\u1ec7 ti\u00eau h\u00f3a, ng\u0103n ng\u1eeba c\u00e1c b\u1ec7nh v\u1ec1 \u0111\u01b0\u1eddng ru\u1ed9t, h\u1ed7 tr\u1ee3 h\u1ec7 mi\u1ec5n d\u1ecbch v\u00e0 gi\u1ea3m cholesterol trong c\u01a1 th\u1ec3.<\/li>\n<li><strong>Gi\u1ea3m c\u00e2n:\u00a0<\/strong>S\u1eefa chua s\u1ea5y c\u00f3 th\u1ec3 gi\u00fap gi\u1ea3m c\u00e2n hi\u1ec7u qu\u1ea3 khi \u0111\u01b0\u1ee3c s\u1eed d\u1ee5ng \u0111\u00fang c\u00e1ch v\u00e0 k\u1ebft h\u1ee3p v\u1edbi ch\u1ebf \u0111\u1ed9 \u0103n u\u1ed1ng h\u1ee3p l\u00fd.<\/li>\n<\/ul>\n<h2><img loading=\"lazy\" decoding=\"async\" class=\"wp-image-32839 aligncenter\" src=\"https:\/\/havamall.com\/wp-content\/uploads\/2023\/11\/9cd8324e6e78894177acdb5dc848e129-1-300x300.jpeg\" alt=\"\" width=\"810\" height=\"810\" \/><\/h2>\n<h2><strong>\u0110\u1eb6C \u0110I\u1ec2M N\u1ed4I B\u1eacT C\u1ee6A S\u1ea2N PH\u1ea8M:<\/strong><\/h2>\n<p>&#8211; S\u1eefa chua s\u1ea5y l\u00e0 s\u1ef1 k\u1ebft h\u1ee3p h\u00e0i h\u00f2a gi\u1eefa s\u1eefa chua \u0111\u01b0\u1ee3c l\u00ean men t\u1ef1 nhi\u00ean v\u00e0 c\u00e1c lo\u1ea1i tr\u00e1i c\u00e2y gi\u00e0u ch\u1ea5t dinh d\u01b0\u1ee1ng.<\/p>\n<p>&#8211; S\u1eefa chua \u0111\u01b0\u1ee3c s\u1ea3n xu\u1ea5t theo c\u00f4ng ngh\u1ec7 s\u1ea5y th\u0103ng hoa (s\u1ea5y \u0111\u00f4ng kh\u00f4) gi\u00fap lo\u1ea1i b\u1ecf c\u00e1c ph\u00e2n t\u1eed n\u01b0\u1edbc nh\u01b0ng v\u1eabn gi\u1eef \u0111\u01b0\u1ee3c nguy\u00ean h\u00ecnh d\u1ea1ng, m\u00e0u s\u1eafc, m\u00f9i v\u1ecb, dinh d\u01b0\u1ee1ng. S\u1ea3n ph\u1ea9m \u0111\u01b0\u1ee3c s\u1ea3n xu\u1ea5t theo quy tr\u00ecnh hi\u1ec7n \u0111\u1ea1i kh\u00e9p k\u00edn n\u00ean \u0111\u1ea3m b\u1ea3o ch\u1ea5t l\u01b0\u1ee3ng v\u00e0 v\u1ec7 sinh an to\u00e0n th\u1ef1c ph\u1ea9m.<\/p>\n<p>&#8211; S\u1eefa chua s\u1ea5y g\u1ed3m 5 h\u01b0\u01a1ng v\u1ecb v\u1edbi m\u00e0u s\u1eafc kh\u00e1c nhau nh\u01b0: m\u00e0u t\u00edm c\u1ee7a vi\u1ec7t qu\u1ea5t, v\u00e0ng t\u01b0\u01a1i c\u1ee7a xo\u00e0i, \u0111\u1ecf h\u1ed3ng c\u1ee7a d\u00e2u, t\u00edm \u0111\u1eadm c\u1ee7a d\u00e2u t\u1eb1m v\u00e0 m\u00e0u tr\u1eafng c\u1ee7a s\u1eefa chua truy\u1ec1n th\u1ed1ng, nh\u01b0ng kh\u00f4ng b\u1ecb b\u00e1m m\u00f9i gi\u1eefa c\u00e1c h\u01b0\u01a1ng v\u1ecb trong c\u00f9ng m\u1ed9t bao b\u00ec.<\/p>\n<p>&#8211; S\u1ea3n ph\u1ea9m th\u00edch h\u1ee3p cho c\u00e1c t\u00edn \u0111\u1ed3 s\u1eefa chua nh\u01b0ng l\u1ea1i mu\u1ed1n th\u01b0\u1edfng th\u1ee9c theo m\u1ed9t phong c\u00e1ch m\u1edbi: gi\u00f2n x\u1ed1p, tan ngay tr\u00ean \u0111\u1ea7u l\u01b0\u1ee1i, nhi\u1ec1u h\u01b0\u01a1ng v\u1ecb trong c\u00f9ng m\u1ed9t bao b\u00ec.<\/p>\n<p>&#8211; S\u1eefa chua s\u1ea5y nh\u01b0 m\u1ed9t lo\u1ea1i snack, \u0111\u1eb7c bi\u1ec7t ph\u00f9 h\u1ee3p khi th\u1eddi ti\u1ebft se l\u1ea1nh ho\u1eb7c khi b\u00e9 b\u1ecb vi\u00eam h\u1ecdng ph\u1ea3i ki\u00eang \u0111\u1ed3 l\u1ea1nh nh\u01b0ng v\u1eabn mu\u1ed1n \u0103n s\u1eefa chua.<br \/>\n<img loading=\"lazy\" decoding=\"async\" class=\"wp-image-32840 aligncenter\" src=\"https:\/\/havamall.com\/wp-content\/uploads\/2023\/11\/2a21e4df0eabd170ad5a1c2e589af331-300x300.jpeg\" alt=\"\" width=\"816\" height=\"816\" \/><\/p>","protected":false},"excerpt":{"rendered":"<p>&nbsp; TH\u00d4NG TIN S\u1ea2N PH\u1ea8M Th\u01b0\u01a1ng hi\u1ec7u Havamall Xu\u1ea5t x\u1ee9 Vi\u1ec7t Nam Th\u00e0nh ph\u1ea7n S\u1eefa chua l\u00ean men t\u1eeb s\u1eefa<\/p>","protected":false},"featured_media":32845,"comment_status":"open","ping_status":"closed","template":"","meta":[],"product_brand":[],"product_cat":[133,36],"product_tag":[],"class_list":{"0":"post-32844","1":"product","2":"type-product","3":"status-publish","4":"has-post-thumbnail","6":"product_cat-banh-keo-chocolate","7":"product_cat-thuc-pham-tieu-dung","8":"pa_brand-skx","10":"first","11":"outofstock","12":"sale","13":"shipping-taxable","14":"purchasable","15":"product-type-simple"},"_links":{"self":[{"href":"https:\/\/havamall.com\/en\/wp-json\/wp\/v2\/product\/32844","targetHints":{"allow":["GET"]}}],"collection":[{"href":"https:\/\/havamall.com\/en\/wp-json\/wp\/v2\/product"}],"about":[{"href":"https:\/\/havamall.com\/en\/wp-json\/wp\/v2\/types\/product"}],"replies":[{"embeddable":true,"href":"https:\/\/havamall.com\/en\/wp-json\/wp\/v2\/comments?post=32844"}],"version-history":[{"count":0,"href":"https:\/\/havamall.com\/en\/wp-json\/wp\/v2\/product\/32844\/revisions"}],"wp:featuredmedia":[{"embeddable":true,"href":"https:\/\/havamall.com\/en\/wp-json\/wp\/v2\/media\/32845"}],"wp:attachment":[{"href":"https:\/\/havamall.com\/en\/wp-json\/wp\/v2\/media?parent=32844"}],"wp:term":[{"taxonomy":"product_brand","embeddable":true,"href":"https:\/\/havamall.com\/en\/wp-json\/wp\/v2\/product_brand?post=32844"},{"taxonomy":"product_cat","embeddable":true,"href":"https:\/\/havamall.com\/en\/wp-json\/wp\/v2\/product_cat?post=32844"},{"taxonomy":"product_tag","embeddable":true,"href":"https:\/\/havamall.com\/en\/wp-json\/wp\/v2\/product_tag?post=32844"}],"curies":[{"name":"wp","href":"https:\/\/api.w.org\/{rel}","templated":true}]}}