{"id":32873,"date":"2023-11-08T11:08:36","date_gmt":"2023-11-08T04:08:36","guid":{"rendered":"https:\/\/havamall.com\/?post_type=product&#038;p=32873"},"modified":"2025-08-28T10:17:46","modified_gmt":"2025-08-28T03:17:46","slug":"bot-gia-vi-an-do-magic-masala-maggi-goi-6g-masala-ae-magic","status":"publish","type":"product","link":"https:\/\/havamall.com\/en\/shop\/bot-gia-vi-an-do-magic-masala-maggi-goi-6g-masala-ae-magic\/","title":{"rendered":"B\u1ed9t Gia V\u1ecb \u1ea4n \u0110\u1ed9 Magic Masala Maggi G\u00f3i 6g &#8211; Masala-ae-Magic"},"content":{"rendered":"<h3><strong>TH\u00d4NG TIN S\u1ea2N PH\u1ea8M<\/strong><\/h3>\n<table>\n<tbody>\n<tr>\n<td>Th\u01b0\u01a1ng hi\u1ec7u<\/td>\n<td>Maggi<\/td>\n<\/tr>\n<tr>\n<td>Xu\u1ea5t x\u1ee9<\/td>\n<td>\u1ea4n \u0110\u1ed9<\/td>\n<\/tr>\n<tr>\n<td>Th\u00e0nh ph\u1ea7n<\/td>\n<td>Th\u00ec l\u00e0, h\u1ea1t ng\u00f2, t\u1ecfi, g\u1eebng, h\u00e0nh t\u00e2y, b\u1ed9t \u1edbt cajenne,&#8230;.<\/td>\n<\/tr>\n<tr>\n<td>H\u1ea1n s\u1eed d\u1ee5ng<\/td>\n<td>9 th\u00e1ng k\u1ec3 t\u1eeb ng\u00e0y s\u1ea3n xu\u1ea5t.<\/td>\n<\/tr>\n<tr>\n<td>B\u1ea3o qu\u1ea3n<\/td>\n<td>B\u1ea3o qu\u1ea3n \u1edf n\u01a1i kh\u00f4 r\u00e1o, tho\u00e1ng m\u00e1t<\/td>\n<\/tr>\n<tr>\n<td>Kh\u1ed1i l\u01b0\u1ee3ng<\/td>\n<td>6g<\/td>\n<\/tr>\n<\/tbody>\n<\/table>\n<p>B\u1ed9t\u00a0Magic Masala\u00a0l\u00e0 lo\u1ea1i gia v\u1ecb kh\u00e1 n\u1ed5i ti\u1ebfng v\u00e0 ph\u1ed5 bi\u1ebfn \u0111\u01b0\u1ee3c s\u1eed d\u1ee5ng r\u1ea5t nhi\u1ec1u trong gi\u1edbi \u1ea9m th\u1ef1c, g\u1ed3m h\u1ed7n h\u1ee3p nhi\u1ec1u lo\u1ea1i gia v\u1ecb kh\u00e1c nhau \u0111\u01b0\u1ee3c s\u1eed d\u1ee5ng ph\u1ed5 bi\u1ebfn trong gi\u1edbi \u1ea9m th\u1ef1c \u1edf \u1ea4n \u0110\u1ed9 v\u00e0 Pakistan. . Nh\u00ecn chung, b\u1ed9t\u00a0Magic Masala\u00a0l\u00e0 lo\u1ea1i gia v\u1ecb \u0111\u01b0\u1ee3c k\u1ebft h\u1ee3p gi\u1eefa nhi\u1ec1u lo\u1ea1i h\u1ed7n h\u1ee3p t\u00e1n b\u1ed9t gia v\u1ecb kh\u00e1c, c\u00e1c nguy\u00ean li\u1ec7u ch\u1ee7 y\u1ebfu ch\u00ednh l\u00e0 g\u1eebng, h\u00e0nh t\u00e2y, t\u1ecfi c\u00f9ng v\u1ecb n\u1ed3ng c\u1ee7a \u1edbt v\u00e0 m\u1ed9t s\u1ed1 c\u00e1c lo\u1ea1i ph\u1ee5 gia, tuy nhi\u00ean h\u1ea7u h\u1ebft \u0111\u1ec1u l\u00e0 ngu\u1ed3n g\u1ed1c t\u1eeb thi\u00ean nhi\u00ean.<\/p>\n<p><img fetchpriority=\"high\" decoding=\"async\" class=\"wp-image-32874 aligncenter\" src=\"https:\/\/havamall.com\/wp-content\/uploads\/2023\/11\/810BX-6CYxL-300x300.jpeg\" alt=\"\" width=\"848\" height=\"848\" \/><\/p>\n<p>Magic Masala l\u00e0 m\u1ed9t lo\u1ea1i h\u1ed7n h\u1ee3p gia v\u1ecb ch\u1ee7 y\u1ebfu trong qu\u00e1 tr\u00ecnh ch\u1ebf bi\u1ebfn m\u00f3n \u0103n \u1edf v\u00f9ng Punjab, mi\u1ec1n B\u1eafc \u1ea4n \u0110\u1ed9.\u00a0Magic Masala c\u00f3 th\u1ec3 \u0111\u01b0\u1ee3c s\u1eed d\u1ee5ng ri\u00eang ho\u1eb7c tr\u1ed9n l\u1eabn c\u00f9ng c\u00e1c gia v\u1ecb kh\u00e1c khi ch\u1ebf bi\u1ebfn.<\/p>\n<p>Tr\u00ean th\u1ef1c t\u1ebf, kh\u00f4ng c\u00f3 m\u1ed9t c\u00f4ng th\u1ee9c Magic Masala chu\u1ea9n n\u00e0o m\u00e0 c\u00e1c \u0111\u1ea7u b\u1ebfp s\u1ebd t\u1ea1o ra n\u00f3 t\u00f9y thu\u1ed9c v\u00e0o s\u1edf th\u00edch c\u00e1 nh\u00e2n c\u0169ng nh\u01b0 kh\u1ea9u v\u1ecb v\u00f9ng mi\u1ec1n. Nh\u01b0ng ph\u1ea7n l\u1edbn, Magic Masala s\u1ebd b\u00e0o g\u1ed3m rau m\u00f9i, c\u00e2y th\u00ec l\u00e0, c\u00e2y b\u1ea1ch \u0111\u1eadu kh\u1ea5u, c\u00e2y \u0111inh h\u01b0\u01a1ng, ti\u00eau \u0111en, qu\u1ebf v\u00e0 h\u1ea1t nh\u1ee5c \u0111\u1eadu kh\u1ea5u.<\/p>\n<p><img decoding=\"async\" class=\"wp-image-32875 aligncenter\" src=\"https:\/\/havamall.com\/wp-content\/uploads\/2023\/11\/gOW8QZMXzr_5000x-300x300.jpeg\" alt=\"\" width=\"840\" height=\"840\" \/><\/p>\n<p>Magic Masala \u0111\u01b0\u1ee3c th\u00eam v\u00e0o c\u00e1c m\u00f3n \u0103n r\u1ea5t l\u00e2u tr\u01b0\u1edbc khi ph\u1ee5c v\u1ee5 \u0111\u1ec3 t\u0103ng c\u01b0\u1eddng gia v\u1ecb.\u00a0Magic Masala\u00a0c\u0169ng l\u00e0 gia v\u1ecb t\u1ea9m \u01b0\u1edbp tuy\u1ec7t v\u1eddi cho th\u1ecbt g\u00e0 ho\u1eb7c th\u1ecbt b\u00f2. \u0110\u00e2y c\u0169ng l\u00e0 h\u1ed7n h\u1ee3p gia v\u1ecb \u0111\u01b0\u1ee3c ch\u1ebf bi\u1ebfn s\u1eb5n \u0111\u1ec3 cho v\u00e0o n\u1ed3i c\u00e0 ri, kh\u00f4ng c\u1ea7n qu\u00e1 c\u1ea7u k\u1ef3 m\u00e0 v\u1eabn t\u1ea1o ra h\u01b0\u01a1ng v\u1ecb \u0111\u1eb7c tr\u01b0ng c\u1ee7a c\u00e0 ri \u1ea4n, t\u1ea1o \u1ea5n t\u01b0\u1ee3ng cho ng\u01b0\u1eddi \u0103n v\u1ec1 m\u1ed9t m\u00f3n \u0103n n\u1ed3ng n\u00e0n ngay khi ch\u1ea1m v\u00e0o \u0111\u1ea7u l\u01b0\u1ee1i c\u00f9ng h\u1eadu v\u1ecb m\u00e3i kh\u00f4ng phai.<\/p>\n<p><img decoding=\"async\" class=\"wp-image-32876 aligncenter\" src=\"https:\/\/havamall.com\/wp-content\/uploads\/2023\/11\/photo-300x158.jpeg\" alt=\"\" width=\"844\" height=\"444\" \/><\/p>\n<h2><strong>C\u00f4ng d\u1ee5ng c\u1ee7a s\u1ea3n ph\u1ea9m<\/strong><\/h2>\n<p>&#8211; Th\u00eam h\u01b0\u01a1ng v\u1ecb cho c\u00e1c m\u00f3n \u0103n h\u00e0ng ng\u00e0y c\u1ee7a b\u1ea1n<\/p>\n<p>&#8211; Maggi Masala-ae-Magic l\u00e0 ch\u1ea5t gia t\u0103ng h\u01b0\u01a1ng v\u1ecb \u0111\u1ea7u ti\u00ean gi\u00fap m\u00f3n rau kh\u00f4 h\u00e0ng ng\u00e0y c\u1ee7a b\u1ea1n ngon h\u01a1n<\/p>\n<p>&#8211; N\u00f3 l\u00e0 m\u1ed9t s\u1ef1 pha tr\u1ed9n \u0111\u1ed9c \u0111\u00e1o c\u1ee7a c\u00e1c lo\u1ea1i gia v\u1ecb rang th\u01a1m, \u0111\u01b0\u1ee3c t\u0103ng c\u01b0\u1eddng v\u1edbi S\u1eaft, Vitamin A v\u00e0 I-\u1ed1t<\/p>\n<p>&#8211; MAGGI Masala-ae-Magic l\u00e0 s\u1ef1 pha tr\u1ed9n ho\u00e0n h\u1ea3o c\u1ee7a 10 lo\u1ea1i gia v\u1ecb th\u01a1m v\u00e0 ngon nh\u1ea5t.<\/p>\n<p>&#8211; S\u1eed d\u1ee5ng trong nhi\u1ec1u m\u00f3n \u0103n nh\u01b0 Sabzi, Dal, Paneer, Pasta, v.v.<\/p>\n<p><img loading=\"lazy\" decoding=\"async\" class=\"wp-image-32877 aligncenter\" src=\"https:\/\/havamall.com\/wp-content\/uploads\/2023\/11\/Screen-Shot-2023-11-08-at-11.04.52-AM-300x212.png\" alt=\"\" width=\"858\" height=\"606\" \/><\/p>","protected":false},"excerpt":{"rendered":"<p>TH\u00d4NG TIN S\u1ea2N PH\u1ea8M Th\u01b0\u01a1ng hi\u1ec7u Maggi Xu\u1ea5t x\u1ee9 \u1ea4n \u0110\u1ed9 Th\u00e0nh ph\u1ea7n Th\u00ec l\u00e0, h\u1ea1t ng\u00f2, t\u1ecfi, g\u1eebng, h\u00e0nh<\/p>","protected":false},"featured_media":32878,"comment_status":"open","ping_status":"closed","template":"","meta":[],"product_brand":[],"product_cat":[595,731,36,134],"product_tag":[],"class_list":{"0":"post-32873","1":"product","2":"type-product","3":"status-publish","4":"has-post-thumbnail","6":"product_cat-gia-vi-va-che-bien","7":"product_cat-nhap-khau-an-do","8":"product_cat-thuc-pham-tieu-dung","9":"product_cat-thucpham-saykho","11":"first","12":"instock","13":"sale","14":"shipping-taxable","15":"purchasable","16":"product-type-simple"},"_links":{"self":[{"href":"https:\/\/havamall.com\/en\/wp-json\/wp\/v2\/product\/32873","targetHints":{"allow":["GET"]}}],"collection":[{"href":"https:\/\/havamall.com\/en\/wp-json\/wp\/v2\/product"}],"about":[{"href":"https:\/\/havamall.com\/en\/wp-json\/wp\/v2\/types\/product"}],"replies":[{"embeddable":true,"href":"https:\/\/havamall.com\/en\/wp-json\/wp\/v2\/comments?post=32873"}],"version-history":[{"count":0,"href":"https:\/\/havamall.com\/en\/wp-json\/wp\/v2\/product\/32873\/revisions"}],"wp:featuredmedia":[{"embeddable":true,"href":"https:\/\/havamall.com\/en\/wp-json\/wp\/v2\/media\/32878"}],"wp:attachment":[{"href":"https:\/\/havamall.com\/en\/wp-json\/wp\/v2\/media?parent=32873"}],"wp:term":[{"taxonomy":"product_brand","embeddable":true,"href":"https:\/\/havamall.com\/en\/wp-json\/wp\/v2\/product_brand?post=32873"},{"taxonomy":"product_cat","embeddable":true,"href":"https:\/\/havamall.com\/en\/wp-json\/wp\/v2\/product_cat?post=32873"},{"taxonomy":"product_tag","embeddable":true,"href":"https:\/\/havamall.com\/en\/wp-json\/wp\/v2\/product_tag?post=32873"}],"curies":[{"name":"wp","href":"https:\/\/api.w.org\/{rel}","templated":true}]}}