{"id":32879,"date":"2023-11-08T11:35:08","date_gmt":"2023-11-08T04:35:08","guid":{"rendered":"https:\/\/havamall.com\/?post_type=product&#038;p=32879"},"modified":"2025-03-21T10:37:40","modified_gmt":"2025-03-21T03:37:40","slug":"hat-dac-havafoodies-dong-lanh-tui-1kg-frozen-arenga-pinnata","status":"publish","type":"product","link":"https:\/\/havamall.com\/en\/shop\/hat-dac-havafoodies-dong-lanh-tui-1kg-frozen-arenga-pinnata\/","title":{"rendered":"H\u1ea1t \u0110\u00e1c Havafoodies \u0110\u00f4ng L\u1ea1nh T\u00fai 1kg- Frozen Arenga Pinnata"},"content":{"rendered":"<h2><\/h2>\n<h2><strong>TH\u00d4NG TIN CHUNG<\/strong><\/h2>\n<table>\n<tbody>\n<tr>\n<td>Th\u01b0\u01a1ng hi\u1ec7u<\/td>\n<td>Havafoodies<\/td>\n<\/tr>\n<tr>\n<td>Xu\u1ea5t x\u1ee9<\/td>\n<td>Vi\u1ec7t Nam<\/td>\n<\/tr>\n<tr>\n<td>Th\u00e0nh ph\u1ea7n<\/td>\n<td>H\u1ea1t \u0111\u00e1c<\/td>\n<\/tr>\n<tr>\n<td>H\u1ea1n s\u1eed d\u1ee5ng<\/td>\n<td>12 th\u00e1ng k\u1ec3 t\u1eeb ng\u00e0y s\u1ea3n xu\u1ea5t.<\/td>\n<\/tr>\n<tr>\n<td>B\u1ea3o qu\u1ea3n<\/td>\n<td>B\u1ea3o qu\u1ea3n \u0111\u00f4ng l\u1ea1nh<\/td>\n<\/tr>\n<tr>\n<td>\u00a0Kh\u1ed1i l\u01b0\u1ee3ng<\/td>\n<td>1kg<\/td>\n<\/tr>\n<\/tbody>\n<\/table>\n<p>H\u1ea1t \u0111\u00e1c l\u00e0 nguy\u00ean li\u1ec7u kh\u00f4ng th\u1ec3 thi\u1ebfu trong nhi\u1ec1u m\u00f3n \u0103n mang h\u01b0\u01a1ng v\u1ecb \u0111\u1ed9c \u0111\u00e1o, v\u1ecb dai gi\u00f2n v\u00f4 c\u00f9ng \u0111\u00e3 mi\u1ec7ng. B\u00ean c\u1ea1nh \u0111\u00f3 c\u00f2n ch\u1ee9a nhi\u1ec1u lo\u1ea1i vitamin, d\u01b0\u1ee1ng ch\u1ea5t c\u00f3 \u00edch cho c\u01a1 th\u1ec3, ph\u00f9 h\u1ee3p v\u1edbi m\u1ecdi l\u1ee9a tu\u1ed5i, lu\u00f4n \u0111\u01b0\u1ee3c \u01b0u ti\u00ean s\u1eed d\u1ee5ng trong \u1ea9m th\u1ef1c Vi\u1ec7t.<\/p>\n<p>H\u1ea1t \u0111\u00e1c l\u00e0 lo\u1ea1i h\u1ea1t ch\u1ee9a nhi\u1ec1u th\u00e0nh ph\u1ea7n c\u00f3 l\u1ee3i cho s\u1ee9c kho\u1ebb nh\u01b0 carbohydrates, canxi, ch\u1ea5t x\u01a1\u2026n\u00ean h\u1ed7 tr\u1ee3 c\u01a1 th\u1ec3 t\u0103ng c\u01b0\u1eddng trao \u0111\u1ed5i ch\u1ea5t, ng\u0103n ng\u1eeba lo\u00e3ng x\u01b0\u01a1ng, h\u1ed7 tr\u1ee3 gi\u1ea3m \u0111au v\u00e0 c\u1ea3i thi\u1ec7n h\u1ec7 ti\u00eau ho\u00e1, s\u1ee9c \u0111\u1ec1 kh\u00e1ng.<\/p>\n<p><img fetchpriority=\"high\" decoding=\"async\" class=\"wp-image-32880 aligncenter\" src=\"https:\/\/havamall.com\/wp-content\/uploads\/2023\/11\/360_F_543760715_tN0pjA5mW06SxUb2oSPZVyOj0usZLx4Y-300x200.jpeg\" alt=\"\" width=\"720\" height=\"480\" \/><\/p>\n<p>Ch\u00ednh v\u00ec th\u1ebf n\u00f3 th\u01b0\u1eddng ph\u00f9 h\u1ee3p v\u1edbi m\u1ecdi l\u1ee9a tu\u1ed5i t\u1eeb ng\u01b0\u1eddi gi\u00e0 \u0111\u1ebfn tr\u1ebb nh\u1ecf, c\u00f3 th\u1ec3 ch\u1ebf bi\u1ebfn th\u00e0nh m\u00f3n \u0103n m\u1eb7n ho\u1eb7c m\u00f3n \u0103n v\u1eb7t \u0111\u1ec1u ph\u00f9 h\u1ee3p.<\/p>\n<p>H\u1ea1t \u0111\u00e1c c\u00f3 t\u00e1c d\u1ee5ng h\u1ed7 tr\u1ee3 ti\u00eau h\u00f3a, b\u1ed5 sung vitamin v\u00e0 kho\u00e1ng ch\u1ea5t, cung c\u1ea5p ngu\u1ed3n n\u0103ng l\u01b0\u1ee3ng nhanh, t\u1ed1t cho s\u1ee9c kh\u1ecfe.<\/p>\n<p><img decoding=\"async\" class=\"wp-image-32881 aligncenter\" src=\"https:\/\/havamall.com\/wp-content\/uploads\/2023\/11\/che-hat-dac-mang-cau-254x300.jpeg\" alt=\"\" width=\"770\" height=\"910\" \/><\/p>\n<p>H\u1ea1t \u0111\u00e1c \u1edf Nh\u1eadt c\u00f3 h\u01b0\u01a1ng th\u01a1m \u0111\u1eb7c tr\u01b0ng, khi \u0103n c\u1ea3m nh\u1eadn r\u00f5 s\u1ef1 gi\u00f2n dai v\u00f4 c\u00f9ng \u0111\u00e3 mi\u1ec7ng, \u0111\u1eb7c bi\u1ec7t n\u1ebfu bi\u1ebft ch\u1ebf bi\u1ebfn s\u1ebd tr\u1edf th\u00e0nh m\u00f3n \u0103n v\u1eb7t kh\u00f4ng th\u1ec3 thi\u1ebfu trong m\u1ed7i gia \u0111\u00ecnh. H\u1ea1t \u0111\u00e1c th\u01b0\u1eddng \u0111\u01b0\u1ee3c s\u1eed d\u1ee5ng trong c\u00e1c m\u00f3n nh\u01b0 h\u1ea1t \u0111\u00e1c rim d\u1ee9a, d\u00e2u t\u1eb1m, tr\u00e0 xanh, rim \u0111\u01b0\u1eddng, ch\u00e8, s\u1eefa chua, \u2026..chinh ph\u1ee5c c\u1ea3 nh\u1eefng ng\u01b0\u1eddi c\u00f3 kh\u1ea9u v\u1ecb kh\u00f3 t\u00ednh nh\u1ea5t.<\/p>\n<p><img decoding=\"async\" class=\"wp-image-32882 aligncenter\" src=\"https:\/\/havamall.com\/wp-content\/uploads\/2023\/11\/Screen-Shot-2023-11-08-at-11.29.01-AM-251x300.png\" alt=\"\" width=\"768\" height=\"918\" \/><\/p>\n<h2><strong>H\u01af\u1edaNG D\u1eaaN S\u1eec D\u1ee4NG<\/strong><\/h2>\n<p>\u2013 C\u00f3 th\u1ec3 \u0103n li\u1ec1n (th\u00eam \u0111\u00e1, \u0111\u01b0\u1eddng).<\/p>\n<p>\u2013 Ch\u1ebf Bi\u1ebfn c\u00e1c m\u00f3n n\u01b0\u1edbc gi\u1ea3i kh\u00e1t: Tr\u00e0 H\u1ea1t \u0110\u00e1c,\u00a0 Topping c\u00e1c m\u00f3n n\u01b0\u1edbc gi\u1ea3i kh\u00e1t, tr\u00e0 s\u1eefa, s\u1eefa t\u01b0\u01a1i, kem\u2026<\/p>\n<p>\u2013 D\u00f9ng ch\u1ebf bi\u1ebfn th\u1ef1c ph\u1ea9m:\u00a0 B\u00e1nh t\u01b0\u01a1i, n\u01b0\u1edbng\u2026<\/p>\n<p>\u2013 D\u00f9ng l\u00e0m m\u1ee9t, nh\u00e2n b\u00e1nh ng\u1ecdt\u2026<br \/>\n<img loading=\"lazy\" decoding=\"async\" class=\"wp-image-32883 aligncenter\" src=\"https:\/\/havamall.com\/wp-content\/uploads\/2023\/11\/vn-11134207-7r98o-lmhh1ef3bs2n76-300x244.jpeg\" alt=\"\" width=\"788\" height=\"641\" \/><\/p>","protected":false},"excerpt":{"rendered":"<p>TH\u00d4NG TIN CHUNG Th\u01b0\u01a1ng hi\u1ec7u Havafoodies Xu\u1ea5t x\u1ee9 Vi\u1ec7t Nam Th\u00e0nh ph\u1ea7n H\u1ea1t \u0111\u00e1c H\u1ea1n s\u1eed d\u1ee5ng 12 th\u00e1ng k\u1ec3<\/p>","protected":false},"featured_media":32884,"comment_status":"open","ping_status":"closed","template":"","meta":[],"product_brand":[],"product_cat":[730,36,275,684],"product_tag":[],"class_list":{"0":"post-32879","1":"product","2":"type-product","3":"status-publish","4":"has-post-thumbnail","6":"product_cat-cac-nuoc-khac","7":"product_cat-thuc-pham-tieu-dung","8":"product_cat-thuc-pham-dong-lanh","9":"product_cat-trai-cay-dong-lanh","10":"pa_brand-skx","12":"first","13":"instock","14":"sale","15":"shipping-taxable","16":"purchasable","17":"product-type-simple"},"_links":{"self":[{"href":"https:\/\/havamall.com\/en\/wp-json\/wp\/v2\/product\/32879","targetHints":{"allow":["GET"]}}],"collection":[{"href":"https:\/\/havamall.com\/en\/wp-json\/wp\/v2\/product"}],"about":[{"href":"https:\/\/havamall.com\/en\/wp-json\/wp\/v2\/types\/product"}],"replies":[{"embeddable":true,"href":"https:\/\/havamall.com\/en\/wp-json\/wp\/v2\/comments?post=32879"}],"version-history":[{"count":0,"href":"https:\/\/havamall.com\/en\/wp-json\/wp\/v2\/product\/32879\/revisions"}],"wp:featuredmedia":[{"embeddable":true,"href":"https:\/\/havamall.com\/en\/wp-json\/wp\/v2\/media\/32884"}],"wp:attachment":[{"href":"https:\/\/havamall.com\/en\/wp-json\/wp\/v2\/media?parent=32879"}],"wp:term":[{"taxonomy":"product_brand","embeddable":true,"href":"https:\/\/havamall.com\/en\/wp-json\/wp\/v2\/product_brand?post=32879"},{"taxonomy":"product_cat","embeddable":true,"href":"https:\/\/havamall.com\/en\/wp-json\/wp\/v2\/product_cat?post=32879"},{"taxonomy":"product_tag","embeddable":true,"href":"https:\/\/havamall.com\/en\/wp-json\/wp\/v2\/product_tag?post=32879"}],"curies":[{"name":"wp","href":"https:\/\/api.w.org\/{rel}","templated":true}]}}