{"id":33008,"date":"2023-11-23T15:01:07","date_gmt":"2023-11-23T08:01:07","guid":{"rendered":"https:\/\/havamall.com\/?post_type=product&#038;p=33008"},"modified":"2025-09-19T15:39:14","modified_gmt":"2025-09-19T08:39:14","slug":"bot-gia-vi-cari-an-do-everest-meat-masala-100g","status":"publish","type":"product","link":"https:\/\/havamall.com\/en\/shop\/bot-gia-vi-cari-an-do-everest-meat-masala-100g\/","title":{"rendered":"B\u1ed9t Gia V\u1ecb Cari \u1ea4n \u0110\u1ed9 Everest Meat Masala 100g"},"content":{"rendered":"<h2><\/h2>\n<h2><strong>TH\u00d4NG TIN CHUNG<\/strong><\/h2>\n<table>\n<tbody>\n<tr>\n<td>Th\u01b0\u01a1ng hi\u1ec7u<\/td>\n<td>Everest<\/td>\n<\/tr>\n<tr>\n<td>Xu\u1ea5t x\u1ee9<\/td>\n<td>\u1ea4n \u0110\u1ed9<\/td>\n<\/tr>\n<tr>\n<td>Th\u00e0nh ph\u1ea7n<\/td>\n<td>\u1edat, ng\u00f2, th\u00ec l\u00e0, l\u00e1 qu\u1ebf, ti\u00eau \u0111en, qu\u1ebf, \u0111inh h\u01b0\u01a1ng, b\u1ea1ch \u0111\u1eadu kh\u1ea5u, t\u1ecfi, ti\u1ec3u h\u1ed3i, \u0111\u1ea1i h\u1ed3i,&#8230;<\/td>\n<\/tr>\n<tr>\n<td>H\u1ea1n s\u1eed d\u1ee5ng<\/td>\n<td>15 th\u00e1ng k\u1ec3 t\u1eeb ng\u00e0y s\u1ea3n xu\u1ea5t.<\/td>\n<\/tr>\n<tr>\n<td>B\u1ea3o qu\u1ea3n<\/td>\n<td>B\u1ea3o qu\u1ea3n n\u01a1i kh\u00f4 r\u00e1o tho\u00e1ng m\u00e1t, tr\u00e1nh \u00e1nh n\u1eafng tr\u1ef1c ti\u1ebfp<\/td>\n<\/tr>\n<tr>\n<td>\u00a0Kh\u1ed1i l\u01b0\u1ee3ng<\/td>\n<td>100g<\/td>\n<\/tr>\n<\/tbody>\n<\/table>\n<p>Everest meat masala l\u00e0 m\u1ed9t h\u1ed7n h\u1ee3p h\u1ea1t ti\u00eau-rau m\u00f9i-\u1edbt. Mang m\u1ed9t m\u00e0u n\u00e2u \u0111\u1eadm v\u00e0 h\u01b0\u01a1ng v\u1ecb cay n\u00f3ng cho c\u00e1c m\u00f3n \u0103n kh\u00f4ng thu\u1ea7n chay, \u0111\u1eb7c bi\u1ec7t l\u00e0 th\u1ecbt. Everest meat masala l\u00e0 gia v\u1ecb t\u1ea9m \u01b0\u1edbp tuy\u1ec7t v\u1eddi cho th\u1ecbt g\u00e0 ho\u1eb7c th\u1ecbt b\u00f2. \u0110\u00e2y c\u0169ng l\u00e0 h\u1ed7n h\u1ee3p gia v\u1ecb \u0111\u01b0\u1ee3c ch\u1ebf bi\u1ebfn s\u1eb5n \u0111\u1ec3 cho v\u00e0o n\u1ed3i c\u00e0 ri, kh\u00f4ng c\u1ea7n qu\u00e1 c\u1ea7u k\u1ef3 m\u00e0 v\u1eabn t\u1ea1o ra h\u01b0\u01a1ng v\u1ecb \u0111\u1eb7c tr\u01b0ng c\u1ee7a c\u00e0 ri \u1ea4n, t\u1ea1o \u1ea5n t\u01b0\u1ee3ng cho ng\u01b0\u1eddi \u0103n v\u1ec1 m\u1ed9t m\u00f3n \u0103n n\u1ed3ng n\u00e0n ngay khi ch\u1ea1m v\u00e0o \u0111\u1ea7u l\u01b0\u1ee1i c\u00f9ng h\u1eadu v\u1ecb m\u00e3i kh\u00f4ng phai.<\/p>\n<p><img fetchpriority=\"high\" decoding=\"async\" class=\"wp-image-33009 aligncenter\" src=\"https:\/\/havamall.com\/wp-content\/uploads\/2023\/11\/4bdf7e9f-eaf1-48cb-b6d7-1faa8d0ef8af.__CR00970300_PT0_SX970_V1___-1-300x93.png\" alt=\"\" width=\"910\" height=\"282\" \/><\/p>\n<p>B\u1ed9t gia v\u1ecb cari meat masala \u1ea4n \u0110\u1ed9 t\u1edbi t\u1eeb th\u01b0\u01a1ng hi\u1ec7u everest gi\u00fap t\u0103ng h\u01b0\u01a1ng v\u1ecb truy\u1ec1n th\u1ed1ng cho c\u00e1c m\u00f3n cari rau c\u1ee7, s\u1eed d\u1ee5ng r\u1ed9ng r\u00e3i v\u1edbi nhi\u1ec1u lo\u1ea1i ch\u1ebf bi\u1ebfn kh\u00e1c nhau, c\u00f3 ch\u1ee9a c\u00e1c th\u00e0nh ph\u1ea7n th\u1ea3o m\u1ed9c gi\u00fap t\u0103ng c\u01b0\u1eddng s\u1ee9c \u0111\u1ec1 kh\u00e1ng v\u00e0 b\u1ea3o v\u1ec7 s\u1ee9c kh\u1ecfe.<\/p>\n<p><img decoding=\"async\" class=\"wp-image-33010 aligncenter\" src=\"https:\/\/havamall.com\/wp-content\/uploads\/2023\/11\/Mutton-Sabji-min-1920x1280-300x200.jpeg\" alt=\"\" width=\"903\" height=\"602\" \/><\/p>\n<h2 class=\"lead\">H\u01b0\u1edbng d\u1eabn l\u00e0m m\u00f3n cari b\u00f2 v\u1edbi b\u1ed9t\u00a0Everest meat masala<\/h2>\n<p>N\u1ebfu b\u1ea1n y\u00eau c\u00e0 ri. N\u1ebfu b\u1ea1n th\u00edch n\u1ea5u \u0103n. H\u00e3y l\u00e0m m\u00f3n c\u00e0 ri th\u1ecbt b\u00f2 masala v\u00f4 c\u00f9ng th\u01a1m ngon n\u00e0y v\u00e0 chi\u00eau \u0111\u00e3i ng\u01b0\u1eddi th\u00e2n , b\u1ea1n b\u00e8 nh\u00e9.<\/p>\n<h5><em><strong>Th\u00e0nh ph\u1ea7n<\/strong><\/em><\/h5>\n<ul>\n<li>2 kg b\u00f2 h\u1ea7m, c\u1eaft th\u00e0nh kh\u1ed1i 5 cm<\/li>\n<li>1 c\u1ee7 h\u00e0nh l\u1edbn, b\u0103m nh\u1ecf<\/li>\n<li>3 t\u00e9p t\u1ecfi, b\u0103m nh\u1ecf<\/li>\n<li>1\/2 ch\u00e9n c\u00e0 chua nghi\u1ec1n<\/li>\n<li>1\/4 ch\u00e9n ng\u00f2 t\u01b0\u01a1i, x\u1eaft nh\u1ecf<\/li>\n<li>1 mu\u1ed7ng c\u00e0 ph\u00ea mu\u1ed1i<\/li>\n<li>1 mu\u1ed7ng c\u00e0 ph\u00ea ti\u00eau \u0111en xay<\/li>\n<li>1 mu\u1ed7ng c\u00e0 ph\u00ea ngh\u1ec7<\/li>\n<li>1 mu\u1ed7ng canh meat masala everest<\/li>\n<li>1\/2 mu\u1ed7ng c\u00e0 ph\u00ea th\u00ec l\u00e0<\/li>\n<li>1\/2 mu\u1ed7ng c\u00e0 ph\u00ea ng\u00f2<\/li>\n<li>1\/2 mu\u1ed7ng c\u00e0 ph\u00ea \u1edbt h\u1ea1t ti\u00eau cayenne<\/li>\n<li>1\/2 mu\u1ed7ng c\u00e0 ph\u00ea \u1edbt paprika<\/li>\n<li>1\/2 th\u00eca v\u1ecf chanh<\/li>\n<li>1 mu\u1ed7ng c\u00e0 ph\u00ea \u0111\u01b0\u1eddng n\u00e2u<\/li>\n<li>1 mu\u1ed7ng canh d\u1ea7u<\/li>\n<li>1 ch\u00e9n th\u1ecbt b\u00f2<\/li>\n<\/ul>\n<h5><img decoding=\"async\" class=\"wp-image-33011 aligncenter\" src=\"https:\/\/havamall.com\/wp-content\/uploads\/2023\/11\/1560928762Meat-Masala-yummefy-300x169.jpeg\" alt=\"\" width=\"925\" height=\"521\" \/><\/h5>\n<h5><em><strong>H\u01b0\u1edbng d\u1eabn c\u00e1ch l\u00e0m<\/strong><\/em><\/h5>\n<p>&gt; B\u1eadt n\u1ed3i \u00e1p su\u1ea5t v\u00e0o ch\u1ebf \u0111\u1ed9 x\u00e0o, th\u00eam d\u1ea7u, h\u00e0nh t\u00e2y x\u1eaft nh\u1ecf, t\u1ecfi, gia v\u1ecb, mu\u1ed1i v\u00e0 h\u1ea1t ti\u00eau. N\u1ea5u cho \u0111\u1ebfn khi h\u00e0nh t\u00e2y tr\u1edf n\u00ean m\u1ec1m, trong kho\u1ea3ng 3 ph\u00fat. Sau \u0111\u00f3 khu\u1ea5y \u0111\u1ec1u c\u00e0 chua nghi\u1ec1n, \u0111\u01b0\u1eddng n\u00e2u v\u00e0 \u0111un s\u00f4i. \u0110\u1ed5 h\u1ed7n h\u1ee3p v\u00e0o m\u00e1y xau v\u00e0 tr\u1ed9n \u0111\u1ec1u th\u00e0nh b\u1ed9t nh\u00e3o. \u0110i\u1ec1u th\u00fa v\u1ecb nh\u1ea5t l\u00e0 b\u1ea1n c\u00f3 th\u1ec3 l\u00e0m h\u1ed7n h\u1ee3p s\u1ed1t n\u00e0y v\u00e0o \u0111\u1ea7u tu\u1ea7n, s\u1eed d\u1ee5ng m\u1ed9t ch\u00fat v\u00e0 l\u00e0m l\u1ea1nh ph\u1ea7n c\u00f2n l\u1ea1i.<\/p>\n<p>&gt; Sau \u0111\u00f3, x\u00e0o th\u1ecbt \u0111\u1ec1u c\u00e1c m\u1eb7t, \u0111\u1ed5 h\u1ed7n h\u1ee3p gia v\u1ecb v\u1eeba chu\u1ea9n b\u1ecb, th\u00eam m\u1ed9t ch\u00fat v\u1ecf chanh. \u0110\u1eady n\u1eafp v\u00e0 n\u1ea5u trong 30 ph\u00fat v\u1edbi \u00e1p su\u1ea5t cao.<\/p>\n<p>&gt; Cu\u1ed1i c\u00f9ng h\u00e3y th\u01b0\u1edfng th\u1ee9c m\u00f3n c\u00e0 ri masala c\u1ef1c k\u1ef3 m\u1ec1m v\u00e0 h\u01b0\u01a1ng v\u1ecb th\u01a1m ngon n\u00e0y v\u1edbi c\u01a1m h\u1ea5p v\u00e0 ng\u00f2 th\u00e1i nh\u1ecf nh\u00e9.<\/p>\n<p><img loading=\"lazy\" decoding=\"async\" class=\"wp-image-33012 aligncenter\" src=\"https:\/\/havamall.com\/wp-content\/uploads\/2023\/11\/05b-300x200.jpeg\" alt=\"\" width=\"920\" height=\"614\" \/><\/p>","protected":false},"excerpt":{"rendered":"<p>TH\u00d4NG TIN CHUNG Th\u01b0\u01a1ng hi\u1ec7u Everest Xu\u1ea5t x\u1ee9 \u1ea4n \u0110\u1ed9 Th\u00e0nh ph\u1ea7n \u1edat, ng\u00f2, th\u00ec l\u00e0, l\u00e1 qu\u1ebf, ti\u00eau \u0111en,<\/p>","protected":false},"featured_media":33013,"comment_status":"open","ping_status":"closed","template":"","meta":[],"product_brand":[],"product_cat":[595,731,36,134],"product_tag":[],"class_list":{"0":"post-33008","1":"product","2":"type-product","3":"status-publish","4":"has-post-thumbnail","6":"product_cat-gia-vi-va-che-bien","7":"product_cat-nhap-khau-an-do","8":"product_cat-thuc-pham-tieu-dung","9":"product_cat-thucpham-saykho","11":"first","12":"instock","13":"shipping-taxable","14":"purchasable","15":"product-type-simple"},"_links":{"self":[{"href":"https:\/\/havamall.com\/en\/wp-json\/wp\/v2\/product\/33008","targetHints":{"allow":["GET"]}}],"collection":[{"href":"https:\/\/havamall.com\/en\/wp-json\/wp\/v2\/product"}],"about":[{"href":"https:\/\/havamall.com\/en\/wp-json\/wp\/v2\/types\/product"}],"replies":[{"embeddable":true,"href":"https:\/\/havamall.com\/en\/wp-json\/wp\/v2\/comments?post=33008"}],"version-history":[{"count":0,"href":"https:\/\/havamall.com\/en\/wp-json\/wp\/v2\/product\/33008\/revisions"}],"wp:featuredmedia":[{"embeddable":true,"href":"https:\/\/havamall.com\/en\/wp-json\/wp\/v2\/media\/33013"}],"wp:attachment":[{"href":"https:\/\/havamall.com\/en\/wp-json\/wp\/v2\/media?parent=33008"}],"wp:term":[{"taxonomy":"product_brand","embeddable":true,"href":"https:\/\/havamall.com\/en\/wp-json\/wp\/v2\/product_brand?post=33008"},{"taxonomy":"product_cat","embeddable":true,"href":"https:\/\/havamall.com\/en\/wp-json\/wp\/v2\/product_cat?post=33008"},{"taxonomy":"product_tag","embeddable":true,"href":"https:\/\/havamall.com\/en\/wp-json\/wp\/v2\/product_tag?post=33008"}],"curies":[{"name":"wp","href":"https:\/\/api.w.org\/{rel}","templated":true}]}}