{"id":33094,"date":"2023-11-29T16:55:20","date_gmt":"2023-11-29T09:55:20","guid":{"rendered":"https:\/\/havamall.com\/?post_type=product&#038;p=33094"},"modified":"2026-01-16T08:54:44","modified_gmt":"2026-01-16T01:54:44","slug":"bot-ot-do-deggi-mirch-mdh-hop-100g","status":"publish","type":"product","link":"https:\/\/havamall.com\/en\/shop\/bot-ot-do-deggi-mirch-mdh-hop-100g\/","title":{"rendered":"B\u1ed9t \u1edat \u0110\u1ecf Deggi Mirch MDH H\u1ed9p 100g"},"content":{"rendered":"<h2><\/h2>\n<h2><strong>TH\u00d4NG TIN CHUNG<\/strong><\/h2>\n<table>\n<tbody>\n<tr>\n<td>Th\u01b0\u01a1ng hi\u1ec7u<\/td>\n<td>MDH<\/td>\n<\/tr>\n<tr>\n<td>Xu\u1ea5t x\u1ee9<\/td>\n<td>\u1ea2 R\u1eadp Th\u1ed1ng Nh\u1ea5t<\/td>\n<\/tr>\n<tr>\n<td>Th\u00e0nh ph\u1ea7n<\/td>\n<td>100% \u1edbt \u0111\u1ecf<\/td>\n<\/tr>\n<tr>\n<td>H\u1ea1n s\u1eed d\u1ee5ng<\/td>\n<td>36 th\u00e1ng k\u1ec3 t\u1eeb ng\u00e0y s\u1ea3n xu\u1ea5t.<\/td>\n<\/tr>\n<tr>\n<td>B\u1ea3o qu\u1ea3n<\/td>\n<td>B\u1ea3o qu\u1ea3n n\u01a1i kh\u00f4 r\u00e1o tho\u00e1ng m\u00e1t, tr\u00e1nh \u00e1nh n\u1eafng tr\u1ef1c ti\u1ebfp<\/td>\n<\/tr>\n<tr>\n<td>\u00a0Kh\u1ed1i l\u01b0\u1ee3ng<\/td>\n<td>100g<\/td>\n<\/tr>\n<\/tbody>\n<\/table>\n<p>Deggi mirch, m\u1ed9t lo\u1ea1i gia v\u1ecb \u0111\u1eb7c tr\u01b0ng c\u1ee7a \u1ea4n \u0110\u1ed9 \u0111\u01b0\u1ee3c l\u00e0m t\u1eeb s\u1ef1 pha tr\u1ed9n c\u1ee7a \u1edbt \u0111\u1ecf \u0111\u1ea7y m\u00e0u s\u1eafc v\u00e0 \u1edbt \u0111\u1ecf Kashmiri, t\u1ea1o th\u00eam nhi\u1ec7t nh\u1eb9 v\u00e0 m\u00e0u \u0111\u1ecf cam \u0111\u1eadm cho s\u00fap, g\u00e0 tandoori v\u00e0 c\u00e1c m\u00f3n \u0103n truy\u1ec1n th\u1ed1ng kh\u00e1c. \u1ede ph\u00eda b\u1eafc \u1ea4n \u0110\u1ed9, n\u00f3 \u0111\u01b0\u1ee3c th\u00eam t\u1ef1 do v\u00e0o c\u00e1c m\u00f3n c\u00e0 ri v\u00e0 th\u1ecbt g\u00e0, rau c\u1ee7 c\u0169ng nh\u01b0 b\u00e1nh m\u00ec naan v\u00e0 paratha.<\/p>\n<p>Trong khi \u1edf c\u00e1c bang mi\u1ec1n Nam, n\u00f3 th\u01b0\u1eddng \u0111\u01b0\u1ee3c s\u1eed d\u1ee5ng trong th\u1ecbt n\u01b0\u1edbng, th\u00eam m\u00e0u s\u1eafc v\u00e0 h\u01b0\u01a1ng v\u1ecb cho c\u01a1m, c\u00e1c m\u00f3n \u0103n &#8211; \u0111\u1eb7c bi\u1ec7t l\u00e0 sambhars &#8211; s\u00fap v\u00e0 m\u00f3n h\u1ea7m. N\u00f3 th\u01b0\u1eddng \u0111\u01b0\u1ee3c k\u1ebft h\u1ee3p v\u1edbi garam masala \u0111\u1ec3 t\u1ea1o h\u01b0\u01a1ng v\u1ecb cho s\u00fap \u0111\u1eb7c v\u00e0 biryanis.<\/p>\n<p><img fetchpriority=\"high\" decoding=\"async\" class=\"wp-image-33095 aligncenter\" src=\"https:\/\/havamall.com\/wp-content\/uploads\/2023\/11\/Screen-Shot-2023-11-29-at-4.30.52-PM-298x300.png\" alt=\"\" width=\"780\" height=\"785\" \/><\/p>\n<p>MDH Deggi Mirch h\u1ee3p v\u1ec7 sinh, c\u00f3 h\u01b0\u01a1ng v\u1ecb th\u01a1m ngon. \u0110\u00f3 l\u00e0 m\u1ed9t s\u1ef1 pha tr\u1ed9n \u0111\u1ed9c \u0111\u00e1o, l\u00e2u \u0111\u1eddi, \u0111\u01b0\u1ee3c ch\u1ebf bi\u1ebfn t\u1eeb c\u00e1c lo\u1ea1i \u1edbt \u0111\u1ecf \u1ea4n \u0110\u1ed9 \u0111\u1ea7y m\u00e0u s\u1eafc \u0111\u1eb7c bi\u1ec7t. B\u1ed9t \u1edbt cay Deggi Mirch l\u00e0 gia v\u1ecb tuy\u1ec7t v\u1eddi d\u00f9ng \u0111\u1ec3 ch\u1ebf bi\u1ebfn m\u00f3n c\u00e0 ri. V\u1ecb n\u00f3ng nh\u1eb9 v\u00e0 truy\u1ec1n m\u00e0u \u0111\u1ecf t\u1ef1 nhi\u00ean r\u1ef1c r\u1ee1 cho c\u00e1c m\u00f3n c\u00e0 ri khi\u1ebfn ch\u00fang tr\u1edf n\u00ean h\u1ea5p d\u1eabn v\u00e0 ngon mi\u1ec7ng h\u01a1n. \u0110\u01a1n gi\u1ea3n ch\u1ec9 c\u1ea7n l\u00e0m theo c\u00e1c h\u01b0\u1edbng d\u1eabn n\u1ea5u \u0103n \u0111\u01b0\u1ee3c cung c\u1ea5p \u0111\u1ec3 c\u00f3 m\u1ed9t b\u1eefa \u0103n ngon m\u00e0 m\u1ecdi ng\u01b0\u1eddi s\u1ebd th\u00edch.<\/p>\n<p><img decoding=\"async\" class=\"wp-image-33096 aligncenter\" src=\"https:\/\/havamall.com\/wp-content\/uploads\/2023\/11\/0902f03d9c99e04dddc8c1cb1309fec4-300x200.jpeg\" alt=\"\" width=\"795\" height=\"530\" \/><\/p>\n<p id=\"tw-target-text\" class=\"tw-data-text tw-text-large tw-ta\" dir=\"ltr\"><span class=\"Y2IQFc\" lang=\"vi\">B\u1ed9t MDH Kashmiri Mirch \u0111\u1ec3 t\u1ea1o m\u00e0u \u0111\u1ecf \u0111\u1eadm d\u1ec5 ch\u1ecbu cho m\u00f3n c\u00e0 ri v\u00e0 c\u00e1c m\u00f3n ngon kh\u00e1c. V\u1edbi \u0111\u1ed9 cay kh\u00f4ng ho\u1eb7c r\u1ea5t nh\u1eb9, n\u00f3 \u0111\u01b0\u1ee3c s\u1eed d\u1ee5ng r\u1ed9ng r\u00e3i \u0111\u1ec3 th\u00eam m\u00e0u s\u1eafc cho c\u00e1c m\u00f3n ngon, \u0111\u1ec3 tr\u00ecnh b\u00e0y \u0111\u1eb9p m\u1eaft. N\u00f3 \u0111\u01b0\u1ee3c l\u00e0m b\u1eb1ng \u1edbt kh\u00f4 kashmiri ch\u1ecdn l\u1ecdc \u0111\u01b0\u1ee3c tr\u1ed3ng \u0111\u1eb7c bi\u1ec7t \u0111\u1ec3 c\u00f3 m\u00e0u \u0111\u1ecf.<\/span><\/p>\n<p dir=\"ltr\"><img decoding=\"async\" class=\"wp-image-33097 aligncenter\" src=\"https:\/\/havamall.com\/wp-content\/uploads\/2023\/11\/Screen-Shot-2023-11-29-at-4.36.11-PM-300x300.png\" alt=\"\" width=\"800\" height=\"800\" \/><\/p>\n<h2><strong>H\u01b0\u1edbng d\u1eabn s\u1eed d\u1ee5ng:<\/strong><\/h2>\n<p>\u2013 L\u00e0m gia v\u1ecb cho c\u00e1c m\u00f3n \u0103n, t\u1ea1o m\u00e0u m\u00f3n \u0103n<strong>,\u00a0<\/strong>\u01b0\u1edbp nguy\u00ean li\u1ec7u tr\u01b0\u1edbc khi ch\u1ebf bi\u1ebfn\u2026<\/p>\n<p>\u2013 D\u00f9ng trong t\u1ea9m \u01b0\u1edbp v\u00e0 ch\u1ebf bi\u1ebfn c\u00e1c m\u00f3n n\u01b0\u1edbng, l\u1ea9u, chi\u00ean, x\u1ea3o, \u2026\u00a0 l\u00e0 gia v\u1ecb kh\u00f4ng th\u1ec3 thi\u1ebfu trong m\u00f3n kim chi, c\u00e0 ri \u1ea4n \u0110\u1ed9, Tom Yum.<\/p>","protected":false},"excerpt":{"rendered":"<p>TH\u00d4NG TIN CHUNG Th\u01b0\u01a1ng hi\u1ec7u MDH Xu\u1ea5t x\u1ee9 \u1ea2 R\u1eadp Th\u1ed1ng Nh\u1ea5t Th\u00e0nh ph\u1ea7n 100% \u1edbt \u0111\u1ecf H\u1ea1n s\u1eed d\u1ee5ng<\/p>","protected":false},"featured_media":33098,"comment_status":"open","ping_status":"closed","template":"","meta":[],"product_brand":[],"product_cat":[595,36],"product_tag":[],"class_list":{"0":"post-33094","1":"product","2":"type-product","3":"status-publish","4":"has-post-thumbnail","6":"product_cat-gia-vi-va-che-bien","7":"product_cat-thuc-pham-tieu-dung","9":"first","10":"instock","11":"shipping-taxable","12":"purchasable","13":"product-type-simple"},"_links":{"self":[{"href":"https:\/\/havamall.com\/en\/wp-json\/wp\/v2\/product\/33094","targetHints":{"allow":["GET"]}}],"collection":[{"href":"https:\/\/havamall.com\/en\/wp-json\/wp\/v2\/product"}],"about":[{"href":"https:\/\/havamall.com\/en\/wp-json\/wp\/v2\/types\/product"}],"replies":[{"embeddable":true,"href":"https:\/\/havamall.com\/en\/wp-json\/wp\/v2\/comments?post=33094"}],"version-history":[{"count":0,"href":"https:\/\/havamall.com\/en\/wp-json\/wp\/v2\/product\/33094\/revisions"}],"wp:featuredmedia":[{"embeddable":true,"href":"https:\/\/havamall.com\/en\/wp-json\/wp\/v2\/media\/33098"}],"wp:attachment":[{"href":"https:\/\/havamall.com\/en\/wp-json\/wp\/v2\/media?parent=33094"}],"wp:term":[{"taxonomy":"product_brand","embeddable":true,"href":"https:\/\/havamall.com\/en\/wp-json\/wp\/v2\/product_brand?post=33094"},{"taxonomy":"product_cat","embeddable":true,"href":"https:\/\/havamall.com\/en\/wp-json\/wp\/v2\/product_cat?post=33094"},{"taxonomy":"product_tag","embeddable":true,"href":"https:\/\/havamall.com\/en\/wp-json\/wp\/v2\/product_tag?post=33094"}],"curies":[{"name":"wp","href":"https:\/\/api.w.org\/{rel}","templated":true}]}}